{"id":295,"date":"2023-04-17T13:46:47","date_gmt":"2023-04-17T13:46:47","guid":{"rendered":"http:\/\/bbdekorandmore.at\/?page_id=295"},"modified":"2023-06-01T15:11:31","modified_gmt":"2023-06-01T15:11:31","slug":"einzigartige-dekorationen","status":"publish","type":"page","link":"https:\/\/bbdekorandmore.at\/hu\/einzigartige-dekorationen\/","title":{"rendered":"Einzigartige Dekorationen"},"content":{"rendered":"\t\t<div data-elementor-type=\"wp-page\" data-elementor-id=\"295\" class=\"elementor elementor-295\" data-elementor-post-type=\"page\">\n\t\t\t\t\t\t<section class=\"elementor-section elementor-top-section elementor-element elementor-element-5c72154 elementor-section-boxed elementor-section-height-default elementor-section-height-default\" data-id=\"5c72154\" data-element_type=\"section\" data-e-type=\"section\" data-settings=\"{&quot;background_background&quot;:&quot;classic&quot;}\">\n\t\t\t\t\t\t\t<div class=\"elementor-background-overlay\"><\/div>\n\t\t\t\t\t\t\t<div class=\"elementor-container elementor-column-gap-default\">\n\t\t\t\t\t<div class=\"elementor-column elementor-col-100 elementor-top-column elementor-element elementor-element-ce0ce3b\" data-id=\"ce0ce3b\" data-element_type=\"column\" data-e-type=\"column\">\n\t\t\t<div class=\"elementor-widget-wrap elementor-element-populated\">\n\t\t\t\t\t\t<div class=\"elementor-element elementor-element-53d35cc elementor-widget elementor-widget-heading\" data-id=\"53d35cc\" data-element_type=\"widget\" data-e-type=\"widget\" data-widget_type=\"heading.default\">\n\t\t\t\t<div class=\"elementor-widget-container\">\n\t\t\t\t\t<h2 class=\"elementor-heading-title elementor-size-default\">Personalisierte Produkte <br>\nFragebogen<\/h2>\t\t\t\t<\/div>\n\t\t\t\t<\/div>\n\t\t\t\t<div class=\"elementor-element elementor-element-ced0272 elementor-widget elementor-widget-text-editor\" data-id=\"ced0272\" data-element_type=\"widget\" data-e-type=\"widget\" data-widget_type=\"text-editor.default\">\n\t\t\t\t<div class=\"elementor-widget-container\">\n\t\t\t\t\t\t\t\t\t<p><strong>Vielen Dank<\/strong> f\u00fcr Ihr Interesse an unseren personalisierten Produkten!<\/p><p>Um sicherzustellen, dass wir Ihre <strong>W\u00fcnsche und Anforderungen erf\u00fcllen<\/strong> k\u00f6nnen, m\u00f6chten wir Sie bitten, diesen kurzen Fragebogen auszuf\u00fcllen. Ihre Antworten helfen uns dabei, die perfekten personalisierten Produkte f\u00fcr Sie zu erstellen.<\/p><p>Bitte nehmen Sie sich einen Moment Zeit, um die folgenden Fragen zu beantworten!<\/p>\t\t\t\t\t\t\t\t<\/div>\n\t\t\t\t<\/div>\n\t\t\t\t<div class=\"elementor-element elementor-element-aca8c62 elementor-button-align-stretch elementor-widget elementor-widget-form\" data-id=\"aca8c62\" data-element_type=\"widget\" data-e-type=\"widget\" data-settings=\"{&quot;step_next_label&quot;:&quot;Next&quot;,&quot;step_previous_label&quot;:&quot;Previous&quot;,&quot;button_width&quot;:&quot;100&quot;,&quot;step_type&quot;:&quot;number_text&quot;,&quot;step_icon_shape&quot;:&quot;circle&quot;}\" data-widget_type=\"form.default\">\n\t\t\t\t<div class=\"elementor-widget-container\">\n\t\t\t\t\t\t\t<form class=\"elementor-form\" method=\"post\" name=\"New Form\" aria-label=\"New Form\">\n\t\t\t<input type=\"hidden\" name=\"post_id\" value=\"295\"\/>\n\t\t\t<input type=\"hidden\" name=\"form_id\" value=\"aca8c62\"\/>\n\t\t\t<input type=\"hidden\" name=\"referer_title\" value=\"Einzigartige Dekorationen - B.B.Dekor&amp;More - Handgefertigte Dekoration\" \/>\n\n\t\t\t\t\t\t\t<input type=\"hidden\" name=\"queried_id\" value=\"295\"\/>\n\t\t\t\n\t\t\t<div class=\"elementor-form-fields-wrapper elementor-labels-above\">\n\t\t\t\t\t\t\t\t<div class=\"elementor-field-type-text elementor-field-group elementor-column elementor-field-group-name elementor-col-100 elementor-field-required elementor-mark-required\">\n\t\t\t\t\t\t\t\t\t\t\t\t\t<input size=\"1\" type=\"text\" name=\"form_fields[name]\" id=\"form-field-name\" class=\"elementor-field elementor-size-md  elementor-field-textual\" placeholder=\"Name\" required=\"required\">\n\t\t\t\t\t\t\t\t\t\t\t<\/div>\n\t\t\t\t\t\t\t\t<div class=\"elementor-field-type-email elementor-field-group elementor-column elementor-field-group-email elementor-col-100 elementor-field-required elementor-mark-required\">\n\t\t\t\t\t\t\t\t\t\t\t\t\t<input size=\"1\" type=\"email\" name=\"form_fields[email]\" id=\"form-field-email\" class=\"elementor-field elementor-size-md  elementor-field-textual\" placeholder=\"Email\" required=\"required\">\n\t\t\t\t\t\t\t\t\t\t\t<\/div>\n\t\t\t\t\t\t\t\t<div class=\"elementor-field-type-select elementor-field-group elementor-column elementor-field-group-field_7c42d04 elementor-col-100 elementor-field-required elementor-mark-required\">\n\t\t\t\t\t\t\t\t\t\t\t\t<label for=\"form-field-field_7c42d04\" class=\"elementor-field-label\">\n\t\t\t\t\t\t\t\tWelches Produkt?\t\t\t\t\t\t\t<\/label>\n\t\t\t\t\t\t\t\t<div class=\"elementor-field elementor-select-wrapper remove-before \">\n\t\t\t<div class=\"select-caret-down-wrapper\">\n\t\t\t\t<i aria-hidden=\"true\" class=\"eicon-caret-down\"><\/i>\t\t\t<\/div>\n\t\t\t<select name=\"form_fields[field_7c42d04]\" id=\"form-field-field_7c42d04\" class=\"elementor-field-textual elementor-size-md\" required=\"required\">\n\t\t\t\t\t\t\t\t\t<option value=\"T\u00fcrdekoration\">T\u00fcrdekoration<\/option>\n\t\t\t\t\t\t\t\t\t<option value=\"Kranz\">Kranz<\/option>\n\t\t\t\t\t\t\t\t\t<option value=\"Metallring\">Metallring<\/option>\n\t\t\t\t\t\t\t\t\t<option value=\"Tischdeko\">Tischdeko<\/option>\n\t\t\t\t\t\t\t\t\t<option value=\"Schmuckk\u00e4stchen\">Schmuckk\u00e4stchen<\/option>\n\t\t\t\t\t\t\t\t\t<option value=\"Geschenkbox\">Geschenkbox<\/option>\n\t\t\t\t\t\t\t\t\t<option value=\"Herz Tafel\">Herz Tafel<\/option>\n\t\t\t\t\t\t\t\t\t<option value=\"Rosenb\u00e4r\">Rosenb\u00e4r<\/option>\n\t\t\t\t\t\t\t\t\t<option value=\"Seifenrosen Box\">Seifenrosen Box<\/option>\n\t\t\t\t\t\t\t\t\t<option value=\"\"><\/option>\n\t\t\t\t\t\t\t<\/select>\n\t\t<\/div>\n\t\t\t\t\t\t<\/div>\n\t\t\t\t\t\t\t\t<div class=\"elementor-field-type-text elementor-field-group elementor-column elementor-field-group-field_0735c6c elementor-col-100\">\n\t\t\t\t\t\t\t\t\t\t\t\t\t<input size=\"1\" type=\"text\" name=\"form_fields[field_0735c6c]\" id=\"form-field-field_0735c6c\" class=\"elementor-field elementor-size-md  elementor-field-textual\" placeholder=\"Bei welcher Gelegenheit?\">\n\t\t\t\t\t\t\t\t\t\t\t<\/div>\n\t\t\t\t\t\t\t\t<div class=\"elementor-field-type-text elementor-field-group elementor-column elementor-field-group-field_7a50f1d elementor-col-100\">\n\t\t\t\t\t\t\t\t\t\t\t\t\t<input size=\"1\" type=\"text\" name=\"form_fields[field_7a50f1d]\" id=\"form-field-field_7a50f1d\" class=\"elementor-field elementor-size-md  elementor-field-textual\" placeholder=\"Welche Farben sollten verwendet werden?\">\n\t\t\t\t\t\t\t\t\t\t\t<\/div>\n\t\t\t\t\t\t\t\t<div class=\"elementor-field-type-text elementor-field-group elementor-column elementor-field-group-field_1972113 elementor-col-100\">\n\t\t\t\t\t\t\t\t\t\t\t\t\t<input size=\"1\" type=\"text\" name=\"form_fields[field_1972113]\" id=\"form-field-field_1972113\" class=\"elementor-field elementor-size-md  elementor-field-textual\" placeholder=\"Welche Gr\u00f6\u00dfe sollte es haben?\">\n\t\t\t\t\t\t\t\t\t\t\t<\/div>\n\t\t\t\t\t\t\t\t<div class=\"elementor-field-type-text elementor-field-group elementor-column elementor-field-group-field_017a294 elementor-col-100\">\n\t\t\t\t\t\t\t\t\t\t\t\t\t<input size=\"1\" type=\"text\" name=\"form_fields[field_017a294]\" id=\"form-field-field_017a294\" class=\"elementor-field elementor-size-md  elementor-field-textual\" placeholder=\"Wie viel w\u00fcrden Sie ausgeben?\">\n\t\t\t\t\t\t\t\t\t\t\t<\/div>\n\t\t\t\t\t\t\t\t<div class=\"elementor-field-type-date elementor-field-group elementor-column elementor-field-group-field_057525f elementor-col-100 elementor-field-required elementor-mark-required\">\n\t\t\t\t\t\n\t\t<input type=\"date\" name=\"form_fields[field_057525f]\" id=\"form-field-field_057525f\" class=\"elementor-field elementor-size-md  elementor-field-textual elementor-date-field\" placeholder=\"Wann muss es fertig sein?\" required=\"required\" pattern=\"[0-9]{4}-[0-9]{2}-[0-9]{2}\">\n\t\t\t\t\t\t<\/div>\n\t\t\t\t\t\t\t\t<div class=\"elementor-field-type-upload elementor-field-group elementor-column elementor-field-group-field_f8806c1 elementor-col-100\">\n\t\t\t\t\t\t\t\t\t\t\t\t<label for=\"form-field-field_f8806c1\" class=\"elementor-field-label\">\n\t\t\t\t\t\t\t\tInspiration\t\t\t\t\t\t\t<\/label>\n\t\t\t\t\t\t\t\t<input type=\"file\" name=\"form_fields[field_f8806c1][]\" id=\"form-field-field_f8806c1\" class=\"elementor-field elementor-size-md  elementor-upload-field\" multiple=\"multiple\">\n\n\t\t\t\t\t\t<\/div>\n\t\t\t\t\t\t\t\t<div class=\"elementor-field-group elementor-column elementor-field-type-submit elementor-col-100 e-form__buttons\">\n\t\t\t\t\t<button class=\"elementor-button elementor-size-sm\" type=\"submit\">\n\t\t\t\t\t\t<span class=\"elementor-button-content-wrapper\">\n\t\t\t\t\t\t\t\t\t\t\t\t\t\t\t\t\t\t\t\t\t\t<span class=\"elementor-button-text\">Ansenden<\/span>\n\t\t\t\t\t\t\t\t\t\t\t\t\t<\/span>\n\t\t\t\t\t<\/button>\n\t\t\t\t<\/div>\n\t\t\t<\/div>\n\t\t<\/form>\n\t\t\t\t\t\t<\/div>\n\t\t\t\t<\/div>\n\t\t\t\t\t<\/div>\n\t\t<\/div>\n\t\t\t\t\t<\/div>\n\t\t<\/section>\n\t\t\t\t<\/div>\n\t\t","protected":false},"excerpt":{"rendered":"<p>Personalisierte Produkte Fragebogen Vielen Dank f\u00fcr Ihr Interesse an unseren personalisierten Produkten! Um sicherzustellen, dass wir Ihre W\u00fcnsche und Anforderungen erf\u00fcllen k\u00f6nnen, m\u00f6chten wir Sie bitten, diesen kurzen Fragebogen auszuf\u00fcllen. Ihre Antworten helfen uns dabei, die perfekten personalisierten Produkte f\u00fcr Sie zu erstellen. Bitte nehmen Sie sich einen Moment Zeit, um die folgenden Fragen zu&hellip; <a class=\"continue\" href=\"https:\/\/bbdekorandmore.at\/hu\/einzigartige-dekorationen\/\">Continue Reading<span> Einzigartige Dekorationen<\/span><\/a><\/p>","protected":false},"author":1,"featured_media":0,"parent":0,"menu_order":0,"comment_status":"closed","ping_status":"closed","template":"","meta":{"site-sidebar-layout":"no-sidebar","site-content-layout":"page-builder","ast-site-content-layout":"default","site-content-style":"default","site-sidebar-style":"default","ast-global-header-display":"","ast-banner-title-visibility":"","ast-main-header-display":"","ast-hfb-above-header-display":"","ast-hfb-below-header-display":"","ast-hfb-mobile-header-display":"","site-post-title":"disabled","ast-breadcrumbs-content":"","ast-featured-img":"disabled","footer-sml-layout":"","ast-disable-related-posts":"","theme-transparent-header-meta":"","adv-header-id-meta":"","stick-header-meta":"","header-above-stick-meta":"","header-main-stick-meta":"","header-below-stick-meta":"","astra-migrate-meta-layouts":"default","ast-page-background-enabled":"default","ast-page-background-meta":{"desktop":{"background-color":"var(--ast-global-color-4)","background-image":"","background-repeat":"repeat","background-position":"center center","background-size":"auto","background-attachment":"scroll","background-type":"","background-media":"","overlay-type":"","overlay-color":"","overlay-opacity":"","overlay-gradient":""},"tablet":{"background-color":"","background-image":"","background-repeat":"repeat","background-position":"center center","background-size":"auto","background-attachment":"scroll","background-type":"","background-media":"","overlay-type":"","overlay-color":"","overlay-opacity":"","overlay-gradient":""},"mobile":{"background-color":"","background-image":"","background-repeat":"repeat","background-position":"center center","background-size":"auto","background-attachment":"scroll","background-type":"","background-media":"","overlay-type":"","overlay-color":"","overlay-opacity":"","overlay-gradient":""}},"ast-content-background-meta":{"desktop":{"background-color":"var(--ast-global-color-5)","background-image":"","background-repeat":"repeat","background-position":"center center","background-size":"auto","background-attachment":"scroll","background-type":"","background-media":"","overlay-type":"","overlay-color":"","overlay-opacity":"","overlay-gradient":""},"tablet":{"background-color":"var(--ast-global-color-5)","background-image":"","background-repeat":"repeat","background-position":"center center","background-size":"auto","background-attachment":"scroll","background-type":"","background-media":"","overlay-type":"","overlay-color":"","overlay-opacity":"","overlay-gradient":""},"mobile":{"background-color":"var(--ast-global-color-5)","background-image":"","background-repeat":"repeat","background-position":"center center","background-size":"auto","background-attachment":"scroll","background-type":"","background-media":"","overlay-type":"","overlay-color":"","overlay-opacity":"","overlay-gradient":""}},"footnotes":""},"class_list":["post-295","page","type-page","status-publish","hentry"],"_links":{"self":[{"href":"https:\/\/bbdekorandmore.at\/hu\/wp-json\/wp\/v2\/pages\/295","targetHints":{"allow":["GET"]}}],"collection":[{"href":"https:\/\/bbdekorandmore.at\/hu\/wp-json\/wp\/v2\/pages"}],"about":[{"href":"https:\/\/bbdekorandmore.at\/hu\/wp-json\/wp\/v2\/types\/page"}],"author":[{"embeddable":true,"href":"https:\/\/bbdekorandmore.at\/hu\/wp-json\/wp\/v2\/users\/1"}],"replies":[{"embeddable":true,"href":"https:\/\/bbdekorandmore.at\/hu\/wp-json\/wp\/v2\/comments?post=295"}],"version-history":[{"count":0,"href":"https:\/\/bbdekorandmore.at\/hu\/wp-json\/wp\/v2\/pages\/295\/revisions"}],"wp:attachment":[{"href":"https:\/\/bbdekorandmore.at\/hu\/wp-json\/wp\/v2\/media?parent=295"}],"curies":[{"name":"wp","href":"https:\/\/api.w.org\/{rel}","templated":true}]}}