{"id":1008,"date":"2023-05-30T21:20:18","date_gmt":"2023-05-30T21:20:18","guid":{"rendered":"http:\/\/bbdekorandmore.at\/?post_type=product&#038;p=1008"},"modified":"2025-12-11T14:50:46","modified_gmt":"2025-12-11T14:50:46","slug":"seifenrosen-box-rosa-herz","status":"publish","type":"product","link":"https:\/\/bbdekorandmore.at\/hu\/produkt\/seifenrosen-box-rosa-herz\/","title":{"rendered":"Szappan r\u00f3zsadoboz r\u00f3zsasz\u00edn sz\u00edv"},"content":{"rendered":"","protected":false},"excerpt":{"rendered":"<p>Szappan r\u00f3zsadoboz r\u00f3zsasz\u00edn sz\u00edv<\/p>\n<p>Top aj\u00e1nd\u00e9k minden alkalomra. Az illatos szappanr\u00f3zs\u00e1k nincsenek r\u00f6gz\u00edtve a dobozban. Haszn\u00e1lhat\u00f3k dekor\u00e1ci\u00f3k\u00e9nt vagy f\u00fcrd\u0151szappank\u00e9nt.<\/p>\n<p><strong>Kicsi: <\/strong>15x15x7 cm \/ szappanr\u00f3zsa: 18 db<\/p>\n<p><strong>Nagy: <\/strong>17x17x8cm \/ szappanr\u00f3zsa: 24 db <a class=\"continue\" href=\"https:\/\/bbdekorandmore.at\/hu\/produkt\/seifenrosen-box-rosa-herz\/\">Continue Reading<span> Szappan r\u00f3zsadoboz r\u00f3zsasz\u00edn sz\u00edv<\/span><\/a><\/p>","protected":false},"featured_media":1015,"comment_status":"open","ping_status":"closed","template":"","meta":{"site-sidebar-layout":"default","site-content-layout":"default","ast-site-content-layout":"default","site-content-style":"default","site-sidebar-style":"default","ast-global-header-display":"","ast-banner-title-visibility":"","ast-main-header-display":"","ast-hfb-above-header-display":"","ast-hfb-below-header-display":"","ast-hfb-mobile-header-display":"","site-post-title":"","ast-breadcrumbs-content":"","ast-featured-img":"","footer-sml-layout":"","ast-disable-related-posts":"","theme-transparent-header-meta":"default","adv-header-id-meta":"","stick-header-meta":"","header-above-stick-meta":"","header-main-stick-meta":"","header-below-stick-meta":"","astra-migrate-meta-layouts":"default","ast-page-background-enabled":"default","ast-page-background-meta":{"desktop":{"background-color":"var(--ast-global-color-4)","background-image":"","background-repeat":"repeat","background-position":"center center","background-size":"auto","background-attachment":"scroll","background-type":"","background-media":"","overlay-type":"","overlay-color":"","overlay-opacity":"","overlay-gradient":""},"tablet":{"background-color":"","background-image":"","background-repeat":"repeat","background-position":"center center","background-size":"auto","background-attachment":"scroll","background-type":"","background-media":"","overlay-type":"","overlay-color":"","overlay-opacity":"","overlay-gradient":""},"mobile":{"background-color":"","background-image":"","background-repeat":"repeat","background-position":"center center","background-size":"auto","background-attachment":"scroll","background-type":"","background-media":"","overlay-type":"","overlay-color":"","overlay-opacity":"","overlay-gradient":""}},"ast-content-background-meta":{"desktop":{"background-color":"var(--ast-global-color-5)","background-image":"","background-repeat":"repeat","background-position":"center center","background-size":"auto","background-attachment":"scroll","background-type":"","background-media":"","overlay-type":"","overlay-color":"","overlay-opacity":"","overlay-gradient":""},"tablet":{"background-color":"var(--ast-global-color-5)","background-image":"","background-repeat":"repeat","background-position":"center center","background-size":"auto","background-attachment":"scroll","background-type":"","background-media":"","overlay-type":"","overlay-color":"","overlay-opacity":"","overlay-gradient":""},"mobile":{"background-color":"var(--ast-global-color-5)","background-image":"","background-repeat":"repeat","background-position":"center center","background-size":"auto","background-attachment":"scroll","background-type":"","background-media":"","overlay-type":"","overlay-color":"","overlay-opacity":"","overlay-gradient":""}}},"product_brand":[],"product_cat":[29,493],"product_tag":[203,195,141,206,212,202,222,223],"class_list":{"0":"post-1008","1":"product","2":"type-product","3":"status-publish","4":"has-post-thumbnail","6":"product_cat-geschenkideen","7":"product_cat-seifenrosen-boxen","8":"product_tag-abschiedsgeschenk","9":"product_tag-deko-geschenkideen","10":"product_tag-dekoartikel","11":"product_tag-einzigartige-abschiedsgeschenk","12":"product_tag-einzigartige-geschenkideen","13":"product_tag-einzigartige-muttertagsgeschenk","14":"product_tag-seifenrosen-box","15":"product_tag-seifenrosenbox-mit-seidenblumen","16":"tm-no-options","17":"desktop-align-left","18":"tablet-align-left","19":"mobile-align-left","21":"first","22":"instock","23":"shipping-taxable","24":"purchasable","25":"product-type-variable"},"_links":{"self":[{"href":"https:\/\/bbdekorandmore.at\/hu\/wp-json\/wp\/v2\/product\/1008","targetHints":{"allow":["GET"]}}],"collection":[{"href":"https:\/\/bbdekorandmore.at\/hu\/wp-json\/wp\/v2\/product"}],"about":[{"href":"https:\/\/bbdekorandmore.at\/hu\/wp-json\/wp\/v2\/types\/product"}],"replies":[{"embeddable":true,"href":"https:\/\/bbdekorandmore.at\/hu\/wp-json\/wp\/v2\/comments?post=1008"}],"wp:featuredmedia":[{"embeddable":true,"href":"https:\/\/bbdekorandmore.at\/hu\/wp-json\/wp\/v2\/media\/1015"}],"wp:attachment":[{"href":"https:\/\/bbdekorandmore.at\/hu\/wp-json\/wp\/v2\/media?parent=1008"}],"wp:term":[{"taxonomy":"product_brand","embeddable":true,"href":"https:\/\/bbdekorandmore.at\/hu\/wp-json\/wp\/v2\/product_brand?post=1008"},{"taxonomy":"product_cat","embeddable":true,"href":"https:\/\/bbdekorandmore.at\/hu\/wp-json\/wp\/v2\/product_cat?post=1008"},{"taxonomy":"product_tag","embeddable":true,"href":"https:\/\/bbdekorandmore.at\/hu\/wp-json\/wp\/v2\/product_tag?post=1008"}],"curies":[{"name":"wp","href":"https:\/\/api.w.org\/{rel}","templated":true}]}}