{"id":1154,"date":"2023-05-31T22:09:48","date_gmt":"2023-05-31T22:09:48","guid":{"rendered":"http:\/\/bbdekorandmore.at\/?post_type=product&#038;p=1154"},"modified":"2024-12-13T04:12:16","modified_gmt":"2024-12-13T04:12:16","slug":"rosenbaer-aus-polyfoam-rosen","status":"publish","type":"product","link":"https:\/\/bbdekorandmore.at\/hu\/produkt\/rosenbaer-aus-polyfoam-rosen\/","title":{"rendered":"R\u00f3zsa mack\u00f3 polifoam r\u00f3zs\u00e1kb\u00f3l"},"content":{"rendered":"<p>Mer\u00fclj\u00f6n el a k\u00e9zzel k\u00e9sz\u00edtett elegancia vil\u00e1g\u00e1ban a polifoam r\u00f3zs\u00e1kb\u00f3l k\u00e9sz\u00fclt r\u00f3zsamack\u00f3inkkal. Minden mack\u00f3, legyen az nagy, k\u00f6zepes vagy kicsi, t\u00f6bb mint 500, 200 vagy 200 gondosan k\u00e9zzel ragasztott polifoam r\u00f3zsa mesteri kompoz\u00edci\u00f3ja.<\/p>\n<p>A nagym\u00e9ret\u0171 medv\u00e9k sz\u00fcrke-piros \u00e9s piros-feh\u00e9r sz\u00ednekben, a k\u00f6zepes m\u00e9ret\u0171 medv\u00e9k vil\u00e1gos r\u00f3zsasz\u00edn-feh\u00e9r, s\u00f6t\u00e9t r\u00f3zsasz\u00edn-feh\u00e9r \u00e9s \u00f6reg r\u00f3zsasz\u00edn-feh\u00e9r \u00e1rnyalatokban, m\u00edg a kis medv\u00e9k \u00e9l\u00e9nkpiros sz\u00ednben pomp\u00e1znak.<\/p>\n<p>Ezek a m\u0171v\u00e9szi alkot\u00e1sok t\u00f6k\u00e9letesen illeszkednek b\u00e1rmilyen k\u00f6rnyezetbe, \u00e9s romantikus \u00e9s eleg\u00e1ns hangulatot k\u00f6lcs\u00f6n\u00f6znek b\u00e1rmely helyis\u00e9gnek. K\u00e9nyeztesse mag\u00e1t ezeknek az egyedi r\u00f3zsamaciknak a sz\u00e9ps\u00e9g\u00e9vel \u00e9s b\u00e1j\u00e1val.<\/p>","protected":false},"excerpt":{"rendered":"<p>Fedezze fel a polifoam r\u00f3zs\u00e1kb\u00f3l k\u00e9sz\u00fclt, k\u00e9zzel k\u00e9sz\u00edtett r\u00f3zsamack\u00f3ink var\u00e1zslatos vil\u00e1g\u00e1t. Ezek az egyedi m\u0171alkot\u00e1sok h\u00e1rom k\u00fcl\u00f6nb\u00f6z\u0151 m\u00e9retben - nagy (35 cm), k\u00f6zepes (25 cm) \u00e9s kicsi (16 cm) - kaphat\u00f3k, \u00e9s t\u00f6bb mint 500, 200, illetve 200 k\u00e9zzel ragasztott polifoam r\u00f3zs\u00e1b\u00f3l \u00e1ll\u00f3 m\u0171v\u00e9szi elrendez\u00e9s\u00fckkel ny\u0171g\u00f6znek le. Minden mack\u00f3 egy-egy szeretettel megtervezett remekm\u0171, amely a sz\u00fcrke-piros, piros-feh\u00e9r, vil\u00e1gos r\u00f3zsasz\u00edn-feh\u00e9r, s\u00f6t\u00e9t r\u00f3zsasz\u00edn-feh\u00e9r, \u00f6reg r\u00f3zsasz\u00edn-feh\u00e9r \u00e9s piros sz\u00ednkombin\u00e1ci\u00f3kban kaphat\u00f3, \u00e9s romantikus \u00e9s st\u00edlusos dekor\u00e1ci\u00f3v\u00e1 teszi otthon\u00e1t. <a class=\"continue\" href=\"https:\/\/bbdekorandmore.at\/hu\/produkt\/rosenbaer-aus-polyfoam-rosen\/\">Continue Reading<span> R\u00f3zsa mack\u00f3 polifoam r\u00f3zs\u00e1kb\u00f3l<\/span><\/a><\/p>","protected":false},"featured_media":3251,"comment_status":"open","ping_status":"closed","template":"","meta":{"site-sidebar-layout":"default","site-content-layout":"default","ast-site-content-layout":"default","site-content-style":"default","site-sidebar-style":"default","ast-global-header-display":"","ast-banner-title-visibility":"","ast-main-header-display":"","ast-hfb-above-header-display":"","ast-hfb-below-header-display":"","ast-hfb-mobile-header-display":"","site-post-title":"","ast-breadcrumbs-content":"","ast-featured-img":"","footer-sml-layout":"","ast-disable-related-posts":"","theme-transparent-header-meta":"default","adv-header-id-meta":"","stick-header-meta":"","header-above-stick-meta":"","header-main-stick-meta":"","header-below-stick-meta":"","astra-migrate-meta-layouts":"set","ast-page-background-enabled":"default","ast-page-background-meta":{"desktop":{"background-color":"var(--ast-global-color-4)","background-image":"","background-repeat":"repeat","background-position":"center center","background-size":"auto","background-attachment":"scroll","background-type":"","background-media":"","overlay-type":"","overlay-color":"","overlay-opacity":"","overlay-gradient":""},"tablet":{"background-color":"","background-image":"","background-repeat":"repeat","background-position":"center center","background-size":"auto","background-attachment":"scroll","background-type":"","background-media":"","overlay-type":"","overlay-color":"","overlay-opacity":"","overlay-gradient":""},"mobile":{"background-color":"","background-image":"","background-repeat":"repeat","background-position":"center center","background-size":"auto","background-attachment":"scroll","background-type":"","background-media":"","overlay-type":"","overlay-color":"","overlay-opacity":"","overlay-gradient":""}},"ast-content-background-meta":{"desktop":{"background-color":"var(--ast-global-color-5)","background-image":"","background-repeat":"repeat","background-position":"center center","background-size":"auto","background-attachment":"scroll","background-type":"","background-media":"","overlay-type":"","overlay-color":"","overlay-opacity":"","overlay-gradient":""},"tablet":{"background-color":"var(--ast-global-color-5)","background-image":"","background-repeat":"repeat","background-position":"center center","background-size":"auto","background-attachment":"scroll","background-type":"","background-media":"","overlay-type":"","overlay-color":"","overlay-opacity":"","overlay-gradient":""},"mobile":{"background-color":"var(--ast-global-color-5)","background-image":"","background-repeat":"repeat","background-position":"center center","background-size":"auto","background-attachment":"scroll","background-type":"","background-media":"","overlay-type":"","overlay-color":"","overlay-opacity":"","overlay-gradient":""}}},"product_brand":[],"product_cat":[29,494],"product_tag":[119,195,148,142,206,212,202,249,250],"class_list":{"0":"post-1154","1":"product","2":"type-product","3":"status-publish","4":"has-post-thumbnail","6":"product_cat-geschenkideen","7":"product_cat-rosenbaren","8":"product_tag-deko","9":"product_tag-deko-geschenkideen","10":"product_tag-dekofiguren","11":"product_tag-dekoprodukte","12":"product_tag-einzigartige-abschiedsgeschenk","13":"product_tag-einzigartige-geschenkideen","14":"product_tag-einzigartige-muttertagsgeschenk","15":"product_tag-rosenbaer","16":"product_tag-rosenbaer-aus-kuenstlichen-rosen","17":"tm-no-options","18":"desktop-align-left","19":"tablet-align-left","20":"mobile-align-left","22":"first","23":"instock","24":"shipping-taxable","25":"purchasable","26":"product-type-variable"},"_links":{"self":[{"href":"https:\/\/bbdekorandmore.at\/hu\/wp-json\/wp\/v2\/product\/1154","targetHints":{"allow":["GET"]}}],"collection":[{"href":"https:\/\/bbdekorandmore.at\/hu\/wp-json\/wp\/v2\/product"}],"about":[{"href":"https:\/\/bbdekorandmore.at\/hu\/wp-json\/wp\/v2\/types\/product"}],"replies":[{"embeddable":true,"href":"https:\/\/bbdekorandmore.at\/hu\/wp-json\/wp\/v2\/comments?post=1154"}],"wp:featuredmedia":[{"embeddable":true,"href":"https:\/\/bbdekorandmore.at\/hu\/wp-json\/wp\/v2\/media\/3251"}],"wp:attachment":[{"href":"https:\/\/bbdekorandmore.at\/hu\/wp-json\/wp\/v2\/media?parent=1154"}],"wp:term":[{"taxonomy":"product_brand","embeddable":true,"href":"https:\/\/bbdekorandmore.at\/hu\/wp-json\/wp\/v2\/product_brand?post=1154"},{"taxonomy":"product_cat","embeddable":true,"href":"https:\/\/bbdekorandmore.at\/hu\/wp-json\/wp\/v2\/product_cat?post=1154"},{"taxonomy":"product_tag","embeddable":true,"href":"https:\/\/bbdekorandmore.at\/hu\/wp-json\/wp\/v2\/product_tag?post=1154"}],"curies":[{"name":"wp","href":"https:\/\/api.w.org\/{rel}","templated":true}]}}