{"id":1842,"date":"2023-08-23T14:11:59","date_gmt":"2023-08-23T14:11:59","guid":{"rendered":"http:\/\/bbdekorandmore.at\/?post_type=product&#038;p=1842"},"modified":"2024-05-16T19:34:58","modified_gmt":"2024-05-16T19:34:58","slug":"heisluftballon","status":"publish","type":"product","link":"https:\/\/bbdekorandmore.at\/hu\/produkt\/heisluftballon\/","title":{"rendered":"H\u0151l\u00e9gballon"},"content":{"rendered":"<p>Var\u00e1zsolja el a gyerekszob\u00e1t vagy a fal\u00e1t ezzel a var\u00e1zslatos h\u0151l\u00e9gballonnal!<\/p>\n<p>Ha a legjobb dekor\u00e1ci\u00f3t keresed a babaszob\u00e1ba, babal\u00e1togat\u00e1sra, sz\u00fclet\u00e9snapra vagy els\u0151\u00e1ldoz\u00e1sra, ezek a szem\u00e9lyre szabott h\u0151l\u00e9gballonok a legjobb megold\u00e1s, saj\u00e1t k\u00e9sz\u00edt\u00e9s\u0171ek \u00e9s saj\u00e1t fest\u00e9s\u0171ek.<\/p>\n<p data-sourcepos=\"35:1-35:24\">Term\u00e9kle\u00edr\u00e1s:<\/p>\n<p data-sourcepos=\"37:1-37:114\">Var\u00e1zsold el otthonodat ezzel az egyedi h\u0151l\u00e9gballonnal \u00e9s im\u00e1dnival\u00f3 amigurumi bar\u00e1taival!<\/p>\n<ul>\n<li data-sourcepos=\"39:1-43:143\">7 sz\u00ednes vari\u00e1ci\u00f3: V\u00e1lassza ki a 7 k\u00fcl\u00f6nb\u00f6z\u0151 sz\u00ednb\u0151l a lakberendez\u00e9si st\u00edlus\u00e1hoz ill\u0151 t\u00f6k\u00e9letes l\u00e9gg\u00f6mb\u00f6t.<\/li>\n<li data-sourcepos=\"39:1-43:143\">4 im\u00e1dnival\u00f3 amigurumi figura: egy b\u00faj\u00f3s nyuszi, egy k\u00edv\u00e1ncsi mos\u00f3medve, egy szerethet\u0151 medve vagy egy dekor\u00e1ci\u00f3s nyuszi - mindegyik figur\u00e1nak megvan a maga b\u00e1ja. (A figura megv\u00e1s\u00e1rl\u00e1sa nem k\u00f6telez\u0151)<\/li>\n<li data-sourcepos=\"39:1-43:143\">Szeretettel, k\u00e9zzel k\u00e9sz\u00edtett: Az amigurumi figur\u00e1k szeretettel horgoltak kiv\u00e1l\u00f3 min\u0151s\u00e9g\u0171 gyapj\u00fab\u00f3l, meghitt hangulatot teremtenek.<\/li>\n<li data-sourcepos=\"39:1-43:143\">Ide\u00e1lis m\u00e9ret: A l\u00e9gg\u00f6mb kb. 51-53 cm magas \u00e9s 31 cm sz\u00e9les, \u00edgy minden helyis\u00e9gben szemet gy\u00f6ny\u00f6rk\u00f6dtet\u0151 lesz.<\/li>\n<li data-sourcepos=\"39:1-43:143\">\u00a0T\u00f6k\u00e9letes aj\u00e1nd\u00e9k: Lepje meg a gyerekeket vagy feln\u0151tteket ezzel az egyedi aj\u00e1nd\u00e9kkal, \u00e9s csaljon mosolyt az arcukra.<\/li>\n<\/ul>\n<p data-sourcepos=\"39:1-43:143\"><span style=\"font-size: 16px; font-style: normal; font-weight: 400;\">Tov\u00e1bbi inform\u00e1ci\u00f3k:<\/span><\/p>\n<ul data-sourcepos=\"47:1-49:0\">\n<li data-sourcepos=\"47:1-47:147\">Szem\u00e9lyre szabott figur\u00e1k: A h\u0151l\u00e9gballont az \u00d6n \u00e1ltal v\u00e1lasztott figur\u00e1val is megrendelheti (nem kell k\u00fcl\u00f6n megv\u00e1s\u00e1rolni).<\/li>\n<li data-sourcepos=\"48:1-49:0\">Kezel\u00e9si utas\u00edt\u00e1sok: Az Amigurumi figur\u00e1k legfeljebb 40\u00b0C-on moshat\u00f3k. Legjobb egy mos\u00f3zs\u00e1kban vagy p\u00e1rnahuzatban mosni. Gyermekbar\u00e1t gyapj\u00fab\u00f3l k\u00e9sz\u00fclt.<\/li>\n<\/ul>\n<p data-sourcepos=\"50:1-50:117\">Rendeld meg most a h\u0151l\u00e9gballonodat Amigurumi figur\u00e1val, \u00e9s kezd\u0151djenek a kalandok a felh\u0151k k\u00f6z\u00f6tt!<\/p>","protected":false},"excerpt":{"rendered":"<p>Ha a legjobb dekor\u00e1ci\u00f3t keresed a babaszob\u00e1ba, babal\u00e1togat\u00e1sra, sz\u00fclet\u00e9snapra vagy els\u0151\u00e1ldoz\u00e1sra, ezek a szem\u00e9lyre szabott h\u0151l\u00e9gballonok a legjobb megold\u00e1s, saj\u00e1t k\u00e9sz\u00edt\u00e9s\u0171ek \u00e9s saj\u00e1t fest\u00e9s\u0171ek.<\/p>\n<p data-sourcepos=\"25:1-25:26\"><strong>Tov\u00e1bbi inform\u00e1ci\u00f3k:<\/strong><\/p>\n<ul data-sourcepos=\"27:1-32:0\">\n<li data-sourcepos=\"27:1-27:40\"><strong>Vari\u00e1ci\u00f3k:<\/strong> 7 k\u00fcl\u00f6nb\u00f6z\u0151 sz\u00ednben<\/li>\n<li data-sourcepos=\"28:1-28:94\"><strong>Figur\u00e1k (opcion\u00e1lis)<\/strong> 4 k\u00fcl\u00f6nb\u00f6z\u0151 amigurumi figura (opcion\u00e1lis) - ny\u00fal, mos\u00f3medve, medve, dekor\u00e1ci\u00f3s nyuszi<\/li>\n<li data-sourcepos=\"29:1-29:45\"><strong>M\u00e9retek:<\/strong> Kb. 51-53 cm magas \u00e9s 31 cm sz\u00e9les.<\/li>\n<li data-sourcepos=\"31:1-32:0\"><strong>Kezel\u00e9si utas\u00edt\u00e1sok:<\/strong> A figur\u00e1k max. 40\u00b0C-on moshat\u00f3ak.<\/li>\n<\/ul>\n<p> <a class=\"continue\" href=\"https:\/\/bbdekorandmore.at\/hu\/produkt\/heisluftballon\/\">Continue Reading<span> H\u0151l\u00e9gballon<\/span><\/a><\/p>","protected":false},"featured_media":1857,"comment_status":"open","ping_status":"closed","template":"","meta":{"site-sidebar-layout":"default","site-content-layout":"default","ast-site-content-layout":"default","site-content-style":"default","site-sidebar-style":"default","ast-global-header-display":"","ast-banner-title-visibility":"","ast-main-header-display":"","ast-hfb-above-header-display":"","ast-hfb-below-header-display":"","ast-hfb-mobile-header-display":"","site-post-title":"","ast-breadcrumbs-content":"","ast-featured-img":"","footer-sml-layout":"","ast-disable-related-posts":"","theme-transparent-header-meta":"default","adv-header-id-meta":"","stick-header-meta":"","header-above-stick-meta":"","header-main-stick-meta":"","header-below-stick-meta":"","astra-migrate-meta-layouts":"set","ast-page-background-enabled":"default","ast-page-background-meta":{"desktop":{"background-color":"var(--ast-global-color-4)","background-image":"","background-repeat":"repeat","background-position":"center center","background-size":"auto","background-attachment":"scroll","background-type":"","background-media":"","overlay-type":"","overlay-color":"","overlay-opacity":"","overlay-gradient":""},"tablet":{"background-color":"","background-image":"","background-repeat":"repeat","background-position":"center center","background-size":"auto","background-attachment":"scroll","background-type":"","background-media":"","overlay-type":"","overlay-color":"","overlay-opacity":"","overlay-gradient":""},"mobile":{"background-color":"","background-image":"","background-repeat":"repeat","background-position":"center center","background-size":"auto","background-attachment":"scroll","background-type":"","background-media":"","overlay-type":"","overlay-color":"","overlay-opacity":"","overlay-gradient":""}},"ast-content-background-meta":{"desktop":{"background-color":"var(--ast-global-color-5)","background-image":"","background-repeat":"repeat","background-position":"center center","background-size":"auto","background-attachment":"scroll","background-type":"","background-media":"","overlay-type":"","overlay-color":"","overlay-opacity":"","overlay-gradient":""},"tablet":{"background-color":"var(--ast-global-color-5)","background-image":"","background-repeat":"repeat","background-position":"center center","background-size":"auto","background-attachment":"scroll","background-type":"","background-media":"","overlay-type":"","overlay-color":"","overlay-opacity":"","overlay-gradient":""},"mobile":{"background-color":"var(--ast-global-color-5)","background-image":"","background-repeat":"repeat","background-position":"center center","background-size":"auto","background-attachment":"scroll","background-type":"","background-media":"","overlay-type":"","overlay-color":"","overlay-opacity":"","overlay-gradient":""}}},"product_brand":[],"product_cat":[21,496,29],"product_tag":[119,195,142,212],"class_list":{"0":"post-1842","1":"product","2":"type-product","3":"status-publish","4":"has-post-thumbnail","6":"product_cat-fruehling","7":"product_cat-geburt","8":"product_cat-geschenkideen","9":"product_tag-deko","10":"product_tag-deko-geschenkideen","11":"product_tag-dekoprodukte","12":"product_tag-einzigartige-geschenkideen","13":"tm-has-options","14":"desktop-align-left","15":"tablet-align-left","16":"mobile-align-left","18":"first","19":"instock","20":"shipping-taxable","21":"purchasable","22":"product-type-variable"},"_links":{"self":[{"href":"https:\/\/bbdekorandmore.at\/hu\/wp-json\/wp\/v2\/product\/1842","targetHints":{"allow":["GET"]}}],"collection":[{"href":"https:\/\/bbdekorandmore.at\/hu\/wp-json\/wp\/v2\/product"}],"about":[{"href":"https:\/\/bbdekorandmore.at\/hu\/wp-json\/wp\/v2\/types\/product"}],"replies":[{"embeddable":true,"href":"https:\/\/bbdekorandmore.at\/hu\/wp-json\/wp\/v2\/comments?post=1842"}],"wp:featuredmedia":[{"embeddable":true,"href":"https:\/\/bbdekorandmore.at\/hu\/wp-json\/wp\/v2\/media\/1857"}],"wp:attachment":[{"href":"https:\/\/bbdekorandmore.at\/hu\/wp-json\/wp\/v2\/media?parent=1842"}],"wp:term":[{"taxonomy":"product_brand","embeddable":true,"href":"https:\/\/bbdekorandmore.at\/hu\/wp-json\/wp\/v2\/product_brand?post=1842"},{"taxonomy":"product_cat","embeddable":true,"href":"https:\/\/bbdekorandmore.at\/hu\/wp-json\/wp\/v2\/product_cat?post=1842"},{"taxonomy":"product_tag","embeddable":true,"href":"https:\/\/bbdekorandmore.at\/hu\/wp-json\/wp\/v2\/product_tag?post=1842"}],"curies":[{"name":"wp","href":"https:\/\/api.w.org\/{rel}","templated":true}]}}