{"id":2234,"date":"2023-09-28T08:37:20","date_gmt":"2023-09-28T08:37:20","guid":{"rendered":"http:\/\/bbdekorandmore.at\/?post_type=product&#038;p=2234"},"modified":"2024-12-10T10:20:00","modified_gmt":"2024-12-10T10:20:00","slug":"weihnachtszug-aus-holz","status":"publish","type":"product","link":"https:\/\/bbdekorandmore.at\/hu\/produkt\/weihnachtszug-aus-holz\/","title":{"rendered":"F\u00e1b\u00f3l k\u00e9sz\u00fclt kar\u00e1csonyi vonat"},"content":{"rendered":"<p><strong>F\u00e1b\u00f3l k\u00e9sz\u00fclt kar\u00e1csonyi vonat<\/strong><\/p>\n<p>Choo Choo! Der festliche Zauber f\u00e4hrt mit unserem charmanten <strong>F\u00e1b\u00f3l k\u00e9sz\u00fclt kar\u00e1csonyi vonat<\/strong> in Ihr Zuhause ein. Dieses entz\u00fcckende Set beinhaltet drei liebevoll gestaltete Waggons in den traditionellen Weihnachtsfarben <strong>Gr\u00fcn, Rot und Braun<\/strong>, die eine gem\u00fctliche und nostalgische Atmosph\u00e4re verbreiten. Die Waggons messen <strong>21 cm, 21 cm und 19 cm<\/strong> in der L\u00e4nge, sind sorgf\u00e4ltig aus Holz gefertigt und mit erlesenen Details verziert, die die Herzen von Jung und Alt h\u00f6her schlagen lassen. Stellen Sie den Weihnachtszug auf Ihren Kaminsims, unter den Weihnachtsbaum oder auf eine Fensterbank, um einen Hauch von festlicher Freude und eine Prise kindlicher Begeisterung in Ihr Heim zu bringen. Dieses bezaubernde Dekorationsst\u00fcck ist perfekt geeignet, um die warmen und fr\u00f6hlichen Momente der Weihnachtszeit zu zelebrieren und wird sicherlich in den kommenden Jahren ein gesch\u00e4tzter Teil Ihrer festlichen Traditionen werden.<\/p>","protected":false},"excerpt":{"rendered":"<p><strong>F\u00e1b\u00f3l k\u00e9sz\u00fclt kar\u00e1csonyi vonat<\/strong><\/p>\n<p>Choo Choo! Der festliche Zauber f\u00e4hrt mit unserem charmanten <strong>F\u00e1b\u00f3l k\u00e9sz\u00fclt kar\u00e1csonyi vonat<\/strong> in Ihr Zuhause ein. Dieses entz\u00fcckende Set beinhaltet drei liebevoll gestaltete Waggons in den traditionellen Weihnachtsfarben <strong>Gr\u00fcn, Rot und Braun<\/strong>, die eine gem\u00fctliche und nostalgische Atmosph\u00e4re verbreiten. Die Waggons messen <strong>21 cm, 21 cm und 19 cm<\/strong> in der L\u00e4nge, sind sorgf\u00e4ltig aus Holz gefertigt und mit erlesenen Details verziert, die die Herzen von Jung und Alt h\u00f6her schlagen lassen. Stellen Sie den Weihnachtszug auf Ihren Kaminsims, unter den Weihnachtsbaum oder auf eine Fensterbank, um einen Hauch von festlicher Freude und eine Prise kindlicher Begeisterung in Ihr Heim zu bringen. Dieses bezaubernde Dekorationsst\u00fcck ist perfekt geeignet, um die warmen und fr\u00f6hlichen Momente der Weihnachtszeit zu zelebrieren und wird sicherlich in den kommenden Jahren ein gesch\u00e4tzter Teil Ihrer festlichen Traditionen werden. <a class=\"continue\" href=\"https:\/\/bbdekorandmore.at\/hu\/produkt\/weihnachtszug-aus-holz\/\">Continue Reading<span> F\u00e1b\u00f3l k\u00e9sz\u00fclt kar\u00e1csonyi vonat<\/span><\/a><\/p>","protected":false},"featured_media":2213,"comment_status":"open","ping_status":"closed","template":"","meta":{"site-sidebar-layout":"default","site-content-layout":"","ast-site-content-layout":"default","site-content-style":"default","site-sidebar-style":"default","ast-global-header-display":"","ast-banner-title-visibility":"","ast-main-header-display":"","ast-hfb-above-header-display":"","ast-hfb-below-header-display":"","ast-hfb-mobile-header-display":"","site-post-title":"","ast-breadcrumbs-content":"","ast-featured-img":"","footer-sml-layout":"","ast-disable-related-posts":"","theme-transparent-header-meta":"default","adv-header-id-meta":"","stick-header-meta":"","header-above-stick-meta":"","header-main-stick-meta":"","header-below-stick-meta":"","astra-migrate-meta-layouts":"set","ast-page-background-enabled":"default","ast-page-background-meta":{"desktop":{"background-color":"var(--ast-global-color-4)","background-image":"","background-repeat":"repeat","background-position":"center center","background-size":"auto","background-attachment":"scroll","background-type":"","background-media":"","overlay-type":"","overlay-color":"","overlay-opacity":"","overlay-gradient":""},"tablet":{"background-color":"","background-image":"","background-repeat":"repeat","background-position":"center center","background-size":"auto","background-attachment":"scroll","background-type":"","background-media":"","overlay-type":"","overlay-color":"","overlay-opacity":"","overlay-gradient":""},"mobile":{"background-color":"","background-image":"","background-repeat":"repeat","background-position":"center center","background-size":"auto","background-attachment":"scroll","background-type":"","background-media":"","overlay-type":"","overlay-color":"","overlay-opacity":"","overlay-gradient":""}},"ast-content-background-meta":{"desktop":{"background-color":"var(--ast-global-color-5)","background-image":"","background-repeat":"repeat","background-position":"center center","background-size":"auto","background-attachment":"scroll","background-type":"","background-media":"","overlay-type":"","overlay-color":"","overlay-opacity":"","overlay-gradient":""},"tablet":{"background-color":"var(--ast-global-color-5)","background-image":"","background-repeat":"repeat","background-position":"center center","background-size":"auto","background-attachment":"scroll","background-type":"","background-media":"","overlay-type":"","overlay-color":"","overlay-opacity":"","overlay-gradient":""},"mobile":{"background-color":"var(--ast-global-color-5)","background-image":"","background-repeat":"repeat","background-position":"center center","background-size":"auto","background-attachment":"scroll","background-type":"","background-media":"","overlay-type":"","overlay-color":"","overlay-opacity":"","overlay-gradient":""}}},"product_brand":[],"product_cat":[26,484],"product_tag":[119,141,148,142,340],"class_list":{"0":"post-2234","1":"product","2":"type-product","3":"status-publish","4":"has-post-thumbnail","6":"product_cat-winter","7":"product_cat-figuren-winter","8":"product_tag-deko","9":"product_tag-dekoartikel","10":"product_tag-dekofiguren","11":"product_tag-dekoprodukte","12":"product_tag-weihnachtsdeko","13":"tm-no-options","14":"desktop-align-left","15":"tablet-align-left","16":"mobile-align-left","18":"first","19":"instock","20":"shipping-taxable","21":"purchasable","22":"product-type-variable"},"_links":{"self":[{"href":"https:\/\/bbdekorandmore.at\/hu\/wp-json\/wp\/v2\/product\/2234","targetHints":{"allow":["GET"]}}],"collection":[{"href":"https:\/\/bbdekorandmore.at\/hu\/wp-json\/wp\/v2\/product"}],"about":[{"href":"https:\/\/bbdekorandmore.at\/hu\/wp-json\/wp\/v2\/types\/product"}],"replies":[{"embeddable":true,"href":"https:\/\/bbdekorandmore.at\/hu\/wp-json\/wp\/v2\/comments?post=2234"}],"wp:featuredmedia":[{"embeddable":true,"href":"https:\/\/bbdekorandmore.at\/hu\/wp-json\/wp\/v2\/media\/2213"}],"wp:attachment":[{"href":"https:\/\/bbdekorandmore.at\/hu\/wp-json\/wp\/v2\/media?parent=2234"}],"wp:term":[{"taxonomy":"product_brand","embeddable":true,"href":"https:\/\/bbdekorandmore.at\/hu\/wp-json\/wp\/v2\/product_brand?post=2234"},{"taxonomy":"product_cat","embeddable":true,"href":"https:\/\/bbdekorandmore.at\/hu\/wp-json\/wp\/v2\/product_cat?post=2234"},{"taxonomy":"product_tag","embeddable":true,"href":"https:\/\/bbdekorandmore.at\/hu\/wp-json\/wp\/v2\/product_tag?post=2234"}],"curies":[{"name":"wp","href":"https:\/\/api.w.org\/{rel}","templated":true}]}}