{"id":230,"date":"2023-04-17T06:36:35","date_gmt":"2023-04-17T06:36:35","guid":{"rendered":"http:\/\/bbdekorandmore.at\/?post_type=product&#038;p=230"},"modified":"2024-02-05T22:03:15","modified_gmt":"2024-02-05T22:03:15","slug":"tischdeko-im-keramik-blumentopf","status":"publish","type":"product","link":"https:\/\/bbdekorandmore.at\/hu\/produkt\/tischdeko-im-keramik-blumentopf\/","title":{"rendered":"Asztali dekor\u00e1ci\u00f3 ker\u00e1mia vir\u00e1gcser\u00e9pben"},"content":{"rendered":"<p>Asztali dekor\u00e1ci\u00f3 ker\u00e1mia vir\u00e1gcser\u00e9pben selyemvir\u00e1gokkal \u00e9s m\u0171-szukkulensekkel.<\/p>\n<p>H\u00f6he: 22 cm, Durchmesser: 24 cm<\/p>","protected":false},"excerpt":{"rendered":"<p>Asztali dekor\u00e1ci\u00f3 ker\u00e1mia vir\u00e1gcser\u00e9pben selyemvir\u00e1gokkal \u00e9s m\u0171-szukkulensekkel.<\/p>\n<p><strong>Magass\u00e1g:<\/strong> 22 cm<\/p>\n<p><strong>\u00c1tm\u00e9r\u0151:<\/strong> 24 cm <a class=\"continue\" href=\"https:\/\/bbdekorandmore.at\/hu\/produkt\/tischdeko-im-keramik-blumentopf\/\">Continue Reading<span> Asztali dekor\u00e1ci\u00f3 ker\u00e1mia vir\u00e1gcser\u00e9pben<\/span><\/a><\/p>","protected":false},"featured_media":206,"comment_status":"open","ping_status":"closed","template":"","meta":{"site-sidebar-layout":"default","site-content-layout":"default","ast-site-content-layout":"default","site-content-style":"default","site-sidebar-style":"default","ast-global-header-display":"","ast-banner-title-visibility":"","ast-main-header-display":"","ast-hfb-above-header-display":"","ast-hfb-below-header-display":"","ast-hfb-mobile-header-display":"","site-post-title":"","ast-breadcrumbs-content":"","ast-featured-img":"","footer-sml-layout":"","ast-disable-related-posts":"","theme-transparent-header-meta":"default","adv-header-id-meta":"","stick-header-meta":"","header-above-stick-meta":"","header-main-stick-meta":"","header-below-stick-meta":"","astra-migrate-meta-layouts":"default","ast-page-background-enabled":"default","ast-page-background-meta":{"desktop":{"background-color":"var(--ast-global-color-4)","background-image":"","background-repeat":"repeat","background-position":"center center","background-size":"auto","background-attachment":"scroll","background-type":"","background-media":"","overlay-type":"","overlay-color":"","overlay-opacity":"","overlay-gradient":""},"tablet":{"background-color":"","background-image":"","background-repeat":"repeat","background-position":"center center","background-size":"auto","background-attachment":"scroll","background-type":"","background-media":"","overlay-type":"","overlay-color":"","overlay-opacity":"","overlay-gradient":""},"mobile":{"background-color":"","background-image":"","background-repeat":"repeat","background-position":"center center","background-size":"auto","background-attachment":"scroll","background-type":"","background-media":"","overlay-type":"","overlay-color":"","overlay-opacity":"","overlay-gradient":""}},"ast-content-background-meta":{"desktop":{"background-color":"var(--ast-global-color-5)","background-image":"","background-repeat":"repeat","background-position":"center center","background-size":"auto","background-attachment":"scroll","background-type":"","background-media":"","overlay-type":"","overlay-color":"","overlay-opacity":"","overlay-gradient":""},"tablet":{"background-color":"var(--ast-global-color-5)","background-image":"","background-repeat":"repeat","background-position":"center center","background-size":"auto","background-attachment":"scroll","background-type":"","background-media":"","overlay-type":"","overlay-color":"","overlay-opacity":"","overlay-gradient":""},"mobile":{"background-color":"var(--ast-global-color-5)","background-image":"","background-repeat":"repeat","background-position":"center center","background-size":"auto","background-attachment":"scroll","background-type":"","background-media":"","overlay-type":"","overlay-color":"","overlay-opacity":"","overlay-gradient":""}}},"product_brand":[],"product_cat":[21,466],"product_tag":[44,47,40,45,46],"class_list":{"0":"post-230","1":"product","2":"type-product","3":"status-publish","4":"has-post-thumbnail","6":"product_cat-fruehling","7":"product_cat-tischdekoration","8":"product_tag-fruehling-tischdeko","9":"product_tag-seidenblumen","10":"product_tag-tischdeko","11":"product_tag-tischdeko-in-keramik-blumentopf","12":"product_tag-tischdeko-mit-seidenblumen","13":"tm-no-options","14":"desktop-align-left","15":"tablet-align-left","16":"mobile-align-left","18":"first","19":"instock","20":"shipping-taxable","21":"purchasable","22":"product-type-simple"},"_links":{"self":[{"href":"https:\/\/bbdekorandmore.at\/hu\/wp-json\/wp\/v2\/product\/230","targetHints":{"allow":["GET"]}}],"collection":[{"href":"https:\/\/bbdekorandmore.at\/hu\/wp-json\/wp\/v2\/product"}],"about":[{"href":"https:\/\/bbdekorandmore.at\/hu\/wp-json\/wp\/v2\/types\/product"}],"replies":[{"embeddable":true,"href":"https:\/\/bbdekorandmore.at\/hu\/wp-json\/wp\/v2\/comments?post=230"}],"wp:featuredmedia":[{"embeddable":true,"href":"https:\/\/bbdekorandmore.at\/hu\/wp-json\/wp\/v2\/media\/206"}],"wp:attachment":[{"href":"https:\/\/bbdekorandmore.at\/hu\/wp-json\/wp\/v2\/media?parent=230"}],"wp:term":[{"taxonomy":"product_brand","embeddable":true,"href":"https:\/\/bbdekorandmore.at\/hu\/wp-json\/wp\/v2\/product_brand?post=230"},{"taxonomy":"product_cat","embeddable":true,"href":"https:\/\/bbdekorandmore.at\/hu\/wp-json\/wp\/v2\/product_cat?post=230"},{"taxonomy":"product_tag","embeddable":true,"href":"https:\/\/bbdekorandmore.at\/hu\/wp-json\/wp\/v2\/product_tag?post=230"}],"curies":[{"name":"wp","href":"https:\/\/api.w.org\/{rel}","templated":true}]}}