{"id":2371,"date":"2023-10-07T18:30:37","date_gmt":"2023-10-07T18:30:37","guid":{"rendered":"http:\/\/bbdekorandmore.at\/?post_type=product&#038;p=2371"},"modified":"2024-10-25T06:45:13","modified_gmt":"2024-10-25T06:45:13","slug":"pilze-im-riesenbecher","status":"publish","type":"product","link":"https:\/\/bbdekorandmore.at\/hu\/produkt\/pilze-im-riesenbecher\/","title":{"rendered":"Pilze im Riesenbecher"},"content":{"rendered":"<p><strong>Pilze im Riesenbecher<\/strong><\/p>\n<p>Meine <strong>selbstgemachte Pilze<\/strong> haben Platz in diesem Riesenbecher gefunden. Ich wei\u00df nicht, was damals von Funktion gehabt hat, die \u201ePensionszeit\u201c wird aber, als Herbstdeko dienen. Made in Austria, steht unten drauf. Ein bisschen Gr\u00fcn, Beeren, Moos, Fr\u00fcchte, Samtband, selbstgemachte Rostteile und die Keramikpilze. Mit meiner Arbeit wird so einzigartig sch\u00f6n!<\/p>\n<p><strong>Magass\u00e1g:<\/strong> 28 cm<br \/>\n<strong>\u00c1tm\u00e9r\u0151:<\/strong> 12 cm<\/p>","protected":false},"excerpt":{"rendered":"<p><strong>Pilze im Riesenbecher<\/strong><\/p>\n<p>Meine <strong>selbstgemachte Pilze<\/strong> haben Platz in diesem Riesenbecher gefunden. Ich wei\u00df nicht, was damals von Funktion gehabt hat, die \u201ePensionszeit\u201c wird aber, als Herbstdeko dienen. Made in Austria, steht unten drauf. Ein bisschen Gr\u00fcn, Beeren, Moos, Fr\u00fcchte, Samtband, selbstgemachte Rostteile und die Keramikpilze. Mit meiner Arbeit wird so einzigartig sch\u00f6n!<\/p>\n<p><strong>Magass\u00e1g:<\/strong> 28 cm<br \/>\n<strong>\u00c1tm\u00e9r\u0151:<\/strong> 12 cm <a class=\"continue\" href=\"https:\/\/bbdekorandmore.at\/hu\/produkt\/pilze-im-riesenbecher\/\">Continue Reading<span> Pilze im Riesenbecher<\/span><\/a><\/p>","protected":false},"featured_media":2370,"comment_status":"open","ping_status":"closed","template":"","meta":{"site-sidebar-layout":"default","site-content-layout":"","ast-site-content-layout":"default","site-content-style":"default","site-sidebar-style":"default","ast-global-header-display":"","ast-banner-title-visibility":"","ast-main-header-display":"","ast-hfb-above-header-display":"","ast-hfb-below-header-display":"","ast-hfb-mobile-header-display":"","site-post-title":"","ast-breadcrumbs-content":"","ast-featured-img":"","footer-sml-layout":"","ast-disable-related-posts":"","theme-transparent-header-meta":"default","adv-header-id-meta":"","stick-header-meta":"","header-above-stick-meta":"","header-main-stick-meta":"","header-below-stick-meta":"","astra-migrate-meta-layouts":"set","ast-page-background-enabled":"default","ast-page-background-meta":{"desktop":{"background-color":"var(--ast-global-color-4)","background-image":"","background-repeat":"repeat","background-position":"center center","background-size":"auto","background-attachment":"scroll","background-type":"","background-media":"","overlay-type":"","overlay-color":"","overlay-opacity":"","overlay-gradient":""},"tablet":{"background-color":"","background-image":"","background-repeat":"repeat","background-position":"center center","background-size":"auto","background-attachment":"scroll","background-type":"","background-media":"","overlay-type":"","overlay-color":"","overlay-opacity":"","overlay-gradient":""},"mobile":{"background-color":"","background-image":"","background-repeat":"repeat","background-position":"center center","background-size":"auto","background-attachment":"scroll","background-type":"","background-media":"","overlay-type":"","overlay-color":"","overlay-opacity":"","overlay-gradient":""}},"ast-content-background-meta":{"desktop":{"background-color":"var(--ast-global-color-5)","background-image":"","background-repeat":"repeat","background-position":"center center","background-size":"auto","background-attachment":"scroll","background-type":"","background-media":"","overlay-type":"","overlay-color":"","overlay-opacity":"","overlay-gradient":""},"tablet":{"background-color":"var(--ast-global-color-5)","background-image":"","background-repeat":"repeat","background-position":"center center","background-size":"auto","background-attachment":"scroll","background-type":"","background-media":"","overlay-type":"","overlay-color":"","overlay-opacity":"","overlay-gradient":""},"mobile":{"background-color":"var(--ast-global-color-5)","background-image":"","background-repeat":"repeat","background-position":"center center","background-size":"auto","background-attachment":"scroll","background-type":"","background-media":"","overlay-type":"","overlay-color":"","overlay-opacity":"","overlay-gradient":""}}},"product_brand":[],"product_cat":[25,479],"product_tag":[119,141,142,164,165,163,175],"class_list":{"0":"post-2371","1":"product","2":"type-product","3":"status-publish","4":"has-post-thumbnail","6":"product_cat-herbst","7":"product_cat-tischdekoration-herbst","8":"product_tag-deko","9":"product_tag-dekoartikel","10":"product_tag-dekoprodukte","11":"product_tag-herbst-dekoartikel","12":"product_tag-herbst-dekoprodukte","13":"product_tag-herbstdekoration","14":"product_tag-herbstliche-tischdeko","15":"tm-no-options","16":"desktop-align-left","17":"tablet-align-left","18":"mobile-align-left","20":"first","21":"outofstock","22":"shipping-taxable","23":"purchasable","24":"product-type-simple"},"_links":{"self":[{"href":"https:\/\/bbdekorandmore.at\/hu\/wp-json\/wp\/v2\/product\/2371","targetHints":{"allow":["GET"]}}],"collection":[{"href":"https:\/\/bbdekorandmore.at\/hu\/wp-json\/wp\/v2\/product"}],"about":[{"href":"https:\/\/bbdekorandmore.at\/hu\/wp-json\/wp\/v2\/types\/product"}],"replies":[{"embeddable":true,"href":"https:\/\/bbdekorandmore.at\/hu\/wp-json\/wp\/v2\/comments?post=2371"}],"wp:featuredmedia":[{"embeddable":true,"href":"https:\/\/bbdekorandmore.at\/hu\/wp-json\/wp\/v2\/media\/2370"}],"wp:attachment":[{"href":"https:\/\/bbdekorandmore.at\/hu\/wp-json\/wp\/v2\/media?parent=2371"}],"wp:term":[{"taxonomy":"product_brand","embeddable":true,"href":"https:\/\/bbdekorandmore.at\/hu\/wp-json\/wp\/v2\/product_brand?post=2371"},{"taxonomy":"product_cat","embeddable":true,"href":"https:\/\/bbdekorandmore.at\/hu\/wp-json\/wp\/v2\/product_cat?post=2371"},{"taxonomy":"product_tag","embeddable":true,"href":"https:\/\/bbdekorandmore.at\/hu\/wp-json\/wp\/v2\/product_tag?post=2371"}],"curies":[{"name":"wp","href":"https:\/\/api.w.org\/{rel}","templated":true}]}}