{"id":2793,"date":"2023-11-09T16:34:21","date_gmt":"2023-11-09T16:34:21","guid":{"rendered":"http:\/\/bbdekorandmore.at\/?post_type=product&#038;p=2793"},"modified":"2024-11-23T16:55:39","modified_gmt":"2024-11-23T16:55:39","slug":"weihnachtsdeko-heisluftballon","status":"publish","type":"product","link":"https:\/\/bbdekorandmore.at\/hu\/produkt\/weihnachtsdeko-heisluftballon\/","title":{"rendered":"H\u0151l\u00e9gballon kar\u00e1csonyi dekor\u00e1ci\u00f3"},"content":{"rendered":"<p><strong>H\u0151l\u00e9gballon kar\u00e1csonyi dekor\u00e1ci\u00f3<\/strong><\/p>\n<p><strong>Produktdetails:<\/strong><\/p>\n<ul>\n<li><strong>Dimensionen:<\/strong> Mit einer H\u00f6he von 37 cm und einer Breite von 14 cm ist der Hei\u00dfluftballon ein wahrer Blickfang.<\/li>\n<li><strong>Materialmix:<\/strong> Die Kombination aus hochwertigem Polyresin und langlebigem Metall sorgt f\u00fcr Stabilit\u00e4t und eine ansprechende Optik.<\/li>\n<\/ul>\n<p><strong>Hauptmerkmale:<\/strong><\/p>\n<ul>\n<li><strong>Einzigartiges Design:<\/strong> Der festlich gestaltete Hei\u00dfluftballon tr\u00e4gt die Magie der Weihnachtszeit in sich und erg\u00e4nzt traditionelle sowie moderne Dekorationen.<\/li>\n<li><strong>Vielseitige Dekorationsm\u00f6glichkeit:<\/strong> Perfekt zum Aufh\u00e4ngen am Weihnachtsbaum, an der Decke oder vor einem Fenster, wo er die Blicke auf sich ziehen wird.<\/li>\n<li><strong>Markenqualit\u00e4t von Clayre &amp; Eef:<\/strong> Als Produkt des renommierten Herstellers verspricht diese Weihnachtsdeko eine exzellente Verarbeitung und ein stilvolles Design.<\/li>\n<\/ul>\n<p>Ob als Teil Ihrer festlichen Dekoration oder als originelles Geschenk \u2013 der Hei\u00dfluftballon von Clayre &amp; Eef entf\u00fchrt Sie in eine Welt voller Wunder und ist eine zauberhafte Bereicherung f\u00fcr die Feiertage.<\/p>","protected":false},"excerpt":{"rendered":"<p>Schweben Sie mit unserer Weihnachtsdeko in Form eines <strong>Hei\u00dfluftballons<\/strong> von <em>Clayre &amp; Eef<\/em> in festliche H\u00f6hen. Diese h\u00e4ngende Dekoration, kunstvoll aus Polyresin und Metall gefertigt, zeigt imposante Ma\u00dfe von <strong>14&#215;37 cm<\/strong> und verleiht jeder Raumgestaltung eine Note von Abenteuer und Fantasie. <a class=\"continue\" href=\"https:\/\/bbdekorandmore.at\/hu\/produkt\/weihnachtsdeko-heisluftballon\/\">Continue Reading<span> H\u0151l\u00e9gballon kar\u00e1csonyi dekor\u00e1ci\u00f3<\/span><\/a><\/p>","protected":false},"featured_media":2759,"comment_status":"open","ping_status":"closed","template":"","meta":{"site-sidebar-layout":"default","site-content-layout":"","ast-site-content-layout":"default","site-content-style":"default","site-sidebar-style":"default","ast-global-header-display":"","ast-banner-title-visibility":"","ast-main-header-display":"","ast-hfb-above-header-display":"","ast-hfb-below-header-display":"","ast-hfb-mobile-header-display":"","site-post-title":"","ast-breadcrumbs-content":"","ast-featured-img":"","footer-sml-layout":"","ast-disable-related-posts":"","theme-transparent-header-meta":"default","adv-header-id-meta":"","stick-header-meta":"","header-above-stick-meta":"","header-main-stick-meta":"","header-below-stick-meta":"","astra-migrate-meta-layouts":"set","ast-page-background-enabled":"default","ast-page-background-meta":{"desktop":{"background-color":"var(--ast-global-color-4)","background-image":"","background-repeat":"repeat","background-position":"center center","background-size":"auto","background-attachment":"scroll","background-type":"","background-media":"","overlay-type":"","overlay-color":"","overlay-opacity":"","overlay-gradient":""},"tablet":{"background-color":"","background-image":"","background-repeat":"repeat","background-position":"center center","background-size":"auto","background-attachment":"scroll","background-type":"","background-media":"","overlay-type":"","overlay-color":"","overlay-opacity":"","overlay-gradient":""},"mobile":{"background-color":"","background-image":"","background-repeat":"repeat","background-position":"center center","background-size":"auto","background-attachment":"scroll","background-type":"","background-media":"","overlay-type":"","overlay-color":"","overlay-opacity":"","overlay-gradient":""}},"ast-content-background-meta":{"desktop":{"background-color":"var(--ast-global-color-5)","background-image":"","background-repeat":"repeat","background-position":"center center","background-size":"auto","background-attachment":"scroll","background-type":"","background-media":"","overlay-type":"","overlay-color":"","overlay-opacity":"","overlay-gradient":""},"tablet":{"background-color":"var(--ast-global-color-5)","background-image":"","background-repeat":"repeat","background-position":"center center","background-size":"auto","background-attachment":"scroll","background-type":"","background-media":"","overlay-type":"","overlay-color":"","overlay-opacity":"","overlay-gradient":""},"mobile":{"background-color":"var(--ast-global-color-5)","background-image":"","background-repeat":"repeat","background-position":"center center","background-size":"auto","background-attachment":"scroll","background-type":"","background-media":"","overlay-type":"","overlay-color":"","overlay-opacity":"","overlay-gradient":""}}},"product_brand":[],"product_cat":[26,484],"product_tag":[],"class_list":{"0":"post-2793","1":"product","2":"type-product","3":"status-publish","4":"has-post-thumbnail","6":"product_cat-winter","7":"product_cat-figuren-winter","8":"tm-no-options","9":"desktop-align-left","10":"tablet-align-left","11":"mobile-align-left","13":"first","14":"outofstock","15":"shipping-taxable","16":"purchasable","17":"product-type-simple"},"_links":{"self":[{"href":"https:\/\/bbdekorandmore.at\/hu\/wp-json\/wp\/v2\/product\/2793","targetHints":{"allow":["GET"]}}],"collection":[{"href":"https:\/\/bbdekorandmore.at\/hu\/wp-json\/wp\/v2\/product"}],"about":[{"href":"https:\/\/bbdekorandmore.at\/hu\/wp-json\/wp\/v2\/types\/product"}],"replies":[{"embeddable":true,"href":"https:\/\/bbdekorandmore.at\/hu\/wp-json\/wp\/v2\/comments?post=2793"}],"wp:featuredmedia":[{"embeddable":true,"href":"https:\/\/bbdekorandmore.at\/hu\/wp-json\/wp\/v2\/media\/2759"}],"wp:attachment":[{"href":"https:\/\/bbdekorandmore.at\/hu\/wp-json\/wp\/v2\/media?parent=2793"}],"wp:term":[{"taxonomy":"product_brand","embeddable":true,"href":"https:\/\/bbdekorandmore.at\/hu\/wp-json\/wp\/v2\/product_brand?post=2793"},{"taxonomy":"product_cat","embeddable":true,"href":"https:\/\/bbdekorandmore.at\/hu\/wp-json\/wp\/v2\/product_cat?post=2793"},{"taxonomy":"product_tag","embeddable":true,"href":"https:\/\/bbdekorandmore.at\/hu\/wp-json\/wp\/v2\/product_tag?post=2793"}],"curies":[{"name":"wp","href":"https:\/\/api.w.org\/{rel}","templated":true}]}}