{"id":2794,"date":"2023-11-09T16:39:04","date_gmt":"2023-11-09T16:39:04","guid":{"rendered":"http:\/\/bbdekorandmore.at\/?post_type=product&#038;p=2794"},"modified":"2025-12-04T10:34:25","modified_gmt":"2025-12-04T10:34:25","slug":"kaffetasse-mit-unterteller","status":"publish","type":"product","link":"https:\/\/bbdekorandmore.at\/hu\/produkt\/kaffetasse-mit-unterteller\/","title":{"rendered":"K\u00e1v\u00e9scs\u00e9sze cs\u00e9szealjjal"},"content":{"rendered":"<p><strong>Kaffetasse mit Unterteller Nussknacker<\/strong><\/p>\n<p><strong>Produktdetails:<\/strong><\/p>\n<ul>\n<li><strong>M\u00e9retek:<\/strong> Die Tasse hat die Dimensionen 12x9x6 cm, w\u00e4hrend der Unterteller 14&#215;2 cm misst \u2013 perfekt f\u00fcr Ihren morgendlichen Kaffee.<\/li>\n<li><strong>Anyag:<\/strong> Hochwertige Keramik sorgt f\u00fcr Langlebigkeit und eine leichte Reinigung.<\/li>\n<\/ul>\n<p><strong>Hauptmerkmale:<\/strong><\/p>\n<ul>\n<li><strong>Festliches Design:<\/strong> Das Nussknacker-Motiv f\u00fcgt eine spielerische und zugleich traditionelle Note zu Ihrem Kaffeetisch hinzu.<\/li>\n<li><strong>Ideal f\u00fcr die Weihnachtszeit:<\/strong> Verwandeln Sie Ihre Kaffeepausen in ein kleines Fest und genie\u00dfen Sie die Vorweihnachtszeit mit jeder Tasse.<\/li>\n<li><strong>Qualit\u00e4t von Clayre &amp; Eef:<\/strong> Vertrauen Sie auf die Markenqualit\u00e4t von Clayre &amp; Eef, die f\u00fcr ihre liebevollen und detaillierten Designs bekannt ist.<\/li>\n<\/ul>\n<p>Diese Kaffetasse mit Unterteller ist ein wunderbares Geschenk f\u00fcr Liebhaber des Weihnachtsballetts oder als Erg\u00e4nzung Ihrer eigenen Weihnachtsdekoration. Genie\u00dfen Sie Ihr Hei\u00dfgetr\u00e4nk in dieser Saison mit einem Extra an Freude und Stil.<\/p>","protected":false},"excerpt":{"rendered":"<p>Erleben Sie die zauberhafte Welt des Nussknackers jeden Morgen aufs Neue mit dieser charmanten <strong>Kaffetasse<\/strong> und dem passenden Unterteller von <em>Clayre &amp; Eef<\/em>. Aus feinster Keramik gefertigt und mit einem Fassungsverm\u00f6gen von <strong>200 ml<\/strong> ist diese Tasse nicht nur ein funktionales, sondern auch ein \u00e4sthetisches Highlight f\u00fcr Ihre Kaffeezeit. <a class=\"continue\" href=\"https:\/\/bbdekorandmore.at\/hu\/produkt\/kaffetasse-mit-unterteller\/\">Continue Reading<span> K\u00e1v\u00e9scs\u00e9sze cs\u00e9szealjjal<\/span><\/a><\/p>","protected":false},"featured_media":2729,"comment_status":"open","ping_status":"closed","template":"","meta":{"site-sidebar-layout":"default","site-content-layout":"","ast-site-content-layout":"default","site-content-style":"default","site-sidebar-style":"default","ast-global-header-display":"","ast-banner-title-visibility":"","ast-main-header-display":"","ast-hfb-above-header-display":"","ast-hfb-below-header-display":"","ast-hfb-mobile-header-display":"","site-post-title":"","ast-breadcrumbs-content":"","ast-featured-img":"","footer-sml-layout":"","ast-disable-related-posts":"","theme-transparent-header-meta":"default","adv-header-id-meta":"","stick-header-meta":"","header-above-stick-meta":"","header-main-stick-meta":"","header-below-stick-meta":"","astra-migrate-meta-layouts":"set","ast-page-background-enabled":"default","ast-page-background-meta":{"desktop":{"background-color":"var(--ast-global-color-4)","background-image":"","background-repeat":"repeat","background-position":"center center","background-size":"auto","background-attachment":"scroll","background-type":"","background-media":"","overlay-type":"","overlay-color":"","overlay-opacity":"","overlay-gradient":""},"tablet":{"background-color":"","background-image":"","background-repeat":"repeat","background-position":"center center","background-size":"auto","background-attachment":"scroll","background-type":"","background-media":"","overlay-type":"","overlay-color":"","overlay-opacity":"","overlay-gradient":""},"mobile":{"background-color":"","background-image":"","background-repeat":"repeat","background-position":"center center","background-size":"auto","background-attachment":"scroll","background-type":"","background-media":"","overlay-type":"","overlay-color":"","overlay-opacity":"","overlay-gradient":""}},"ast-content-background-meta":{"desktop":{"background-color":"var(--ast-global-color-5)","background-image":"","background-repeat":"repeat","background-position":"center center","background-size":"auto","background-attachment":"scroll","background-type":"","background-media":"","overlay-type":"","overlay-color":"","overlay-opacity":"","overlay-gradient":""},"tablet":{"background-color":"var(--ast-global-color-5)","background-image":"","background-repeat":"repeat","background-position":"center center","background-size":"auto","background-attachment":"scroll","background-type":"","background-media":"","overlay-type":"","overlay-color":"","overlay-opacity":"","overlay-gradient":""},"mobile":{"background-color":"var(--ast-global-color-5)","background-image":"","background-repeat":"repeat","background-position":"center center","background-size":"auto","background-attachment":"scroll","background-type":"","background-media":"","overlay-type":"","overlay-color":"","overlay-opacity":"","overlay-gradient":""}}},"product_brand":[],"product_cat":[26,486],"product_tag":[339],"class_list":{"0":"post-2794","1":"product","2":"type-product","3":"status-publish","4":"has-post-thumbnail","6":"product_cat-winter","7":"product_cat-accessories-winter","8":"product_tag-weihnachten","9":"tm-no-options","10":"desktop-align-left","11":"tablet-align-left","12":"mobile-align-left","14":"first","15":"instock","16":"shipping-taxable","17":"purchasable","18":"product-type-simple"},"_links":{"self":[{"href":"https:\/\/bbdekorandmore.at\/hu\/wp-json\/wp\/v2\/product\/2794","targetHints":{"allow":["GET"]}}],"collection":[{"href":"https:\/\/bbdekorandmore.at\/hu\/wp-json\/wp\/v2\/product"}],"about":[{"href":"https:\/\/bbdekorandmore.at\/hu\/wp-json\/wp\/v2\/types\/product"}],"replies":[{"embeddable":true,"href":"https:\/\/bbdekorandmore.at\/hu\/wp-json\/wp\/v2\/comments?post=2794"}],"wp:featuredmedia":[{"embeddable":true,"href":"https:\/\/bbdekorandmore.at\/hu\/wp-json\/wp\/v2\/media\/2729"}],"wp:attachment":[{"href":"https:\/\/bbdekorandmore.at\/hu\/wp-json\/wp\/v2\/media?parent=2794"}],"wp:term":[{"taxonomy":"product_brand","embeddable":true,"href":"https:\/\/bbdekorandmore.at\/hu\/wp-json\/wp\/v2\/product_brand?post=2794"},{"taxonomy":"product_cat","embeddable":true,"href":"https:\/\/bbdekorandmore.at\/hu\/wp-json\/wp\/v2\/product_cat?post=2794"},{"taxonomy":"product_tag","embeddable":true,"href":"https:\/\/bbdekorandmore.at\/hu\/wp-json\/wp\/v2\/product_tag?post=2794"}],"curies":[{"name":"wp","href":"https:\/\/api.w.org\/{rel}","templated":true}]}}