{"id":2797,"date":"2023-11-09T16:53:57","date_gmt":"2023-11-09T16:53:57","guid":{"rendered":"http:\/\/bbdekorandmore.at\/?post_type=product&#038;p=2797"},"modified":"2024-12-13T09:09:00","modified_gmt":"2024-12-13T09:09:00","slug":"kinder-mit-schlitten","status":"publish","type":"product","link":"https:\/\/bbdekorandmore.at\/hu\/produkt\/kinder-mit-schlitten\/","title":{"rendered":"Gyermekek sz\u00e1nk\u00f3val"},"content":{"rendered":"<p><strong>Gyermekek sz\u00e1nk\u00f3val<\/strong><\/p>\n<p><strong>Produktdetails:<\/strong><\/p>\n<ul>\n<li><strong>Gr\u00f6\u00dfe der Figuren:<\/strong> Der Junge misst 10x5x10 cm und das M\u00e4dchen 10x6x11 cm, perfekt f\u00fcr jede Winterdeko.<\/li>\n<li><strong>Langlebiges Material:<\/strong> Polyresin ist bekannt f\u00fcr seine Feinheit in der Darstellung und f\u00fcr seine Widerstandsf\u00e4higkeit, was diese Figuren besonders macht.<\/li>\n<\/ul>\n<p><strong>Hauptmerkmale:<\/strong><\/p>\n<ul>\n<li><strong>Charmanter Detailreichtum:<\/strong> Mit sorgf\u00e4ltig ausgearbeiteten Gesichtsz\u00fcgen und liebevoll gestalteten Winteroutfits fangen diese Figuren das Herz der Kindheit ein.<\/li>\n<li><strong>Vielseitige Dekorationselemente:<\/strong> Ob auf dem Fensterbrett, als Tischschmuck oder im Regal \u2013 diese Kinderfiguren verbreiten \u00fcberall winterliche Heiterkeit.<\/li>\n<li><strong>Markenqualit\u00e4t von Clayre &amp; Eef:<\/strong> Als Produkt der bekannten Marke stehen diese Figuren f\u00fcr hochwertige Handarbeit und bestechendes Design.<\/li>\n<\/ul>\n<p>Diese Figuren sind eine wunderbare M\u00f6glichkeit, die Winter- und Weihnachtszeit in Ihrer Dekoration zu reflektieren und eignen sich perfekt als Geschenk f\u00fcr Sammler oder als charmante Erg\u00e4nzung Ihrer Festtagsdekoration.<\/p>","protected":false},"excerpt":{"rendered":"<p>Diese entz\u00fcckenden <strong>Kinderfiguren mit Schlitten<\/strong> von <em>Clayre &amp; Eef<\/em> bringen den unbeschwerten Spa\u00df verschneiter Wintertage direkt in Ihr Zuhause. Die beiden Figuren \u2013 ein Junge und ein M\u00e4dchen \u2013 sind jeweils in winterliche Freude eingetaucht und bereit, mit ihren Schlitten die H\u00e4nge hinabzugleiten. Aus hochwertigem Polyresin gefertigt, sind diese Figuren nicht nur robust und detailreich, sondern auch liebevolle Zeugen winterlicher Kindheitserinnerungen. <a class=\"continue\" href=\"https:\/\/bbdekorandmore.at\/hu\/produkt\/kinder-mit-schlitten\/\">Continue Reading<span> Gyermekek sz\u00e1nk\u00f3val<\/span><\/a><\/p>","protected":false},"featured_media":2750,"comment_status":"open","ping_status":"closed","template":"","meta":{"site-sidebar-layout":"default","site-content-layout":"","ast-site-content-layout":"default","site-content-style":"default","site-sidebar-style":"default","ast-global-header-display":"","ast-banner-title-visibility":"","ast-main-header-display":"","ast-hfb-above-header-display":"","ast-hfb-below-header-display":"","ast-hfb-mobile-header-display":"","site-post-title":"","ast-breadcrumbs-content":"","ast-featured-img":"","footer-sml-layout":"","ast-disable-related-posts":"","theme-transparent-header-meta":"default","adv-header-id-meta":"","stick-header-meta":"","header-above-stick-meta":"","header-main-stick-meta":"","header-below-stick-meta":"","astra-migrate-meta-layouts":"set","ast-page-background-enabled":"default","ast-page-background-meta":{"desktop":{"background-color":"var(--ast-global-color-4)","background-image":"","background-repeat":"repeat","background-position":"center center","background-size":"auto","background-attachment":"scroll","background-type":"","background-media":"","overlay-type":"","overlay-color":"","overlay-opacity":"","overlay-gradient":""},"tablet":{"background-color":"","background-image":"","background-repeat":"repeat","background-position":"center center","background-size":"auto","background-attachment":"scroll","background-type":"","background-media":"","overlay-type":"","overlay-color":"","overlay-opacity":"","overlay-gradient":""},"mobile":{"background-color":"","background-image":"","background-repeat":"repeat","background-position":"center center","background-size":"auto","background-attachment":"scroll","background-type":"","background-media":"","overlay-type":"","overlay-color":"","overlay-opacity":"","overlay-gradient":""}},"ast-content-background-meta":{"desktop":{"background-color":"var(--ast-global-color-5)","background-image":"","background-repeat":"repeat","background-position":"center center","background-size":"auto","background-attachment":"scroll","background-type":"","background-media":"","overlay-type":"","overlay-color":"","overlay-opacity":"","overlay-gradient":""},"tablet":{"background-color":"var(--ast-global-color-5)","background-image":"","background-repeat":"repeat","background-position":"center center","background-size":"auto","background-attachment":"scroll","background-type":"","background-media":"","overlay-type":"","overlay-color":"","overlay-opacity":"","overlay-gradient":""},"mobile":{"background-color":"var(--ast-global-color-5)","background-image":"","background-repeat":"repeat","background-position":"center center","background-size":"auto","background-attachment":"scroll","background-type":"","background-media":"","overlay-type":"","overlay-color":"","overlay-opacity":"","overlay-gradient":""}}},"product_brand":[],"product_cat":[26,484],"product_tag":[148,339,340],"class_list":{"0":"post-2797","1":"product","2":"type-product","3":"status-publish","4":"has-post-thumbnail","6":"product_cat-winter","7":"product_cat-figuren-winter","8":"product_tag-dekofiguren","9":"product_tag-weihnachten","10":"product_tag-weihnachtsdeko","11":"tm-no-options","12":"desktop-align-left","13":"tablet-align-left","14":"mobile-align-left","16":"first","17":"instock","18":"shipping-taxable","19":"purchasable","20":"product-type-variable"},"_links":{"self":[{"href":"https:\/\/bbdekorandmore.at\/hu\/wp-json\/wp\/v2\/product\/2797","targetHints":{"allow":["GET"]}}],"collection":[{"href":"https:\/\/bbdekorandmore.at\/hu\/wp-json\/wp\/v2\/product"}],"about":[{"href":"https:\/\/bbdekorandmore.at\/hu\/wp-json\/wp\/v2\/types\/product"}],"replies":[{"embeddable":true,"href":"https:\/\/bbdekorandmore.at\/hu\/wp-json\/wp\/v2\/comments?post=2797"}],"wp:featuredmedia":[{"embeddable":true,"href":"https:\/\/bbdekorandmore.at\/hu\/wp-json\/wp\/v2\/media\/2750"}],"wp:attachment":[{"href":"https:\/\/bbdekorandmore.at\/hu\/wp-json\/wp\/v2\/media?parent=2797"}],"wp:term":[{"taxonomy":"product_brand","embeddable":true,"href":"https:\/\/bbdekorandmore.at\/hu\/wp-json\/wp\/v2\/product_brand?post=2797"},{"taxonomy":"product_cat","embeddable":true,"href":"https:\/\/bbdekorandmore.at\/hu\/wp-json\/wp\/v2\/product_cat?post=2797"},{"taxonomy":"product_tag","embeddable":true,"href":"https:\/\/bbdekorandmore.at\/hu\/wp-json\/wp\/v2\/product_tag?post=2797"}],"curies":[{"name":"wp","href":"https:\/\/api.w.org\/{rel}","templated":true}]}}