{"id":2805,"date":"2023-11-09T17:15:55","date_gmt":"2023-11-09T17:15:55","guid":{"rendered":"http:\/\/bbdekorandmore.at\/?post_type=product&#038;p=2805"},"modified":"2024-02-06T09:43:13","modified_gmt":"2024-02-06T09:43:13","slug":"kuchentuch","status":"publish","type":"product","link":"https:\/\/bbdekorandmore.at\/hu\/produkt\/kuchentuch\/","title":{"rendered":"Konyhai t\u00f6rl\u0151kend\u0151"},"content":{"rendered":"<p><strong>K\u00fcchentuch Nussknacker<\/strong><\/p>\n<p><strong>Produktdetails:<\/strong><\/p>\n<ul>\n<li><strong>Praktische Gr\u00f6\u00dfe:<\/strong> Mit den Abmessungen von 50&#215;70 cm ist das Tuch gro\u00df genug f\u00fcr alle anfallenden Arbeiten in der K\u00fcche.<\/li>\n<li><strong>Hochwertiges Material:<\/strong> Das Tuch besteht zu 100 % aus Baumwolle, was es besonders saugf\u00e4hig, strapazierf\u00e4hig und pflegeleicht macht.<\/li>\n<\/ul>\n<p><strong>Hauptmerkmale:<\/strong><\/p>\n<ul>\n<li><strong>Festliches Design:<\/strong> Das Nussknacker-Muster bringt eine fr\u00f6hliche und festliche Note in Ihre K\u00fcchenatmosph\u00e4re.<\/li>\n<li><strong>Multifunktional:<\/strong> Ideal f\u00fcr das Trocknen von Geschirr, als Handtuch oder f\u00fcr dekorative Zwecke.<\/li>\n<li><strong>Markenqualit\u00e4t von Clayre &amp; Eef:<\/strong> Renommiert f\u00fcr exquisite Heimtextilien, steht die Marke f\u00fcr Produkte, die Funktionalit\u00e4t und Design meisterhaft vereinen.<\/li>\n<\/ul>\n<p>Mit diesem K\u00fcchentuch im Nussknacker-Design verleihen Sie Ihrer K\u00fcche nicht nur w\u00e4hrend der Weihnachtszeit einen Hauch von W\u00e4rme und Tradition. Es ist auch ein wunderbares Geschenk f\u00fcr Freunde und Familie, die das Besondere sch\u00e4tzen.<\/p>","protected":false},"excerpt":{"rendered":"<p>Versch\u00f6nern Sie Ihre K\u00fcchenroutine mit unserem<strong> Konyhai t\u00f6rl\u0151kend\u0151<\/strong> von <em>Clayre &amp; Eef<\/em>, das in einem charmanten Nussknacker-Design daherkommt. Dieses K\u00fcchentuch misst <strong>50&#215;70 cm<\/strong> und ist aus reiner Baumwolle gefertigt, was es nicht nur saugstark und langlebig macht, sondern auch zu einem stilvollen Accessoire f\u00fcr Ihre K\u00fcche in der Weihnachtszeit. <a class=\"continue\" href=\"https:\/\/bbdekorandmore.at\/hu\/produkt\/kuchentuch\/\">Continue Reading<span> Konyhai t\u00f6rl\u0151kend\u0151<\/span><\/a><\/p>","protected":false},"featured_media":2751,"comment_status":"open","ping_status":"closed","template":"","meta":{"site-sidebar-layout":"default","site-content-layout":"","ast-site-content-layout":"default","site-content-style":"default","site-sidebar-style":"default","ast-global-header-display":"","ast-banner-title-visibility":"","ast-main-header-display":"","ast-hfb-above-header-display":"","ast-hfb-below-header-display":"","ast-hfb-mobile-header-display":"","site-post-title":"","ast-breadcrumbs-content":"","ast-featured-img":"","footer-sml-layout":"","ast-disable-related-posts":"","theme-transparent-header-meta":"default","adv-header-id-meta":"","stick-header-meta":"","header-above-stick-meta":"","header-main-stick-meta":"","header-below-stick-meta":"","astra-migrate-meta-layouts":"set","ast-page-background-enabled":"default","ast-page-background-meta":{"desktop":{"background-color":"var(--ast-global-color-4)","background-image":"","background-repeat":"repeat","background-position":"center center","background-size":"auto","background-attachment":"scroll","background-type":"","background-media":"","overlay-type":"","overlay-color":"","overlay-opacity":"","overlay-gradient":""},"tablet":{"background-color":"","background-image":"","background-repeat":"repeat","background-position":"center center","background-size":"auto","background-attachment":"scroll","background-type":"","background-media":"","overlay-type":"","overlay-color":"","overlay-opacity":"","overlay-gradient":""},"mobile":{"background-color":"","background-image":"","background-repeat":"repeat","background-position":"center center","background-size":"auto","background-attachment":"scroll","background-type":"","background-media":"","overlay-type":"","overlay-color":"","overlay-opacity":"","overlay-gradient":""}},"ast-content-background-meta":{"desktop":{"background-color":"var(--ast-global-color-5)","background-image":"","background-repeat":"repeat","background-position":"center center","background-size":"auto","background-attachment":"scroll","background-type":"","background-media":"","overlay-type":"","overlay-color":"","overlay-opacity":"","overlay-gradient":""},"tablet":{"background-color":"var(--ast-global-color-5)","background-image":"","background-repeat":"repeat","background-position":"center center","background-size":"auto","background-attachment":"scroll","background-type":"","background-media":"","overlay-type":"","overlay-color":"","overlay-opacity":"","overlay-gradient":""},"mobile":{"background-color":"var(--ast-global-color-5)","background-image":"","background-repeat":"repeat","background-position":"center center","background-size":"auto","background-attachment":"scroll","background-type":"","background-media":"","overlay-type":"","overlay-color":"","overlay-opacity":"","overlay-gradient":""}}},"product_brand":[],"product_cat":[26,485],"product_tag":[446,339],"class_list":{"0":"post-2805","1":"product","2":"type-product","3":"status-publish","4":"has-post-thumbnail","6":"product_cat-winter","7":"product_cat-textilien-winter","8":"product_tag-kuchentuch","9":"product_tag-weihnachten","10":"tm-no-options","11":"desktop-align-left","12":"tablet-align-left","13":"mobile-align-left","15":"first","16":"instock","17":"shipping-taxable","18":"purchasable","19":"product-type-simple"},"_links":{"self":[{"href":"https:\/\/bbdekorandmore.at\/hu\/wp-json\/wp\/v2\/product\/2805","targetHints":{"allow":["GET"]}}],"collection":[{"href":"https:\/\/bbdekorandmore.at\/hu\/wp-json\/wp\/v2\/product"}],"about":[{"href":"https:\/\/bbdekorandmore.at\/hu\/wp-json\/wp\/v2\/types\/product"}],"replies":[{"embeddable":true,"href":"https:\/\/bbdekorandmore.at\/hu\/wp-json\/wp\/v2\/comments?post=2805"}],"wp:featuredmedia":[{"embeddable":true,"href":"https:\/\/bbdekorandmore.at\/hu\/wp-json\/wp\/v2\/media\/2751"}],"wp:attachment":[{"href":"https:\/\/bbdekorandmore.at\/hu\/wp-json\/wp\/v2\/media?parent=2805"}],"wp:term":[{"taxonomy":"product_brand","embeddable":true,"href":"https:\/\/bbdekorandmore.at\/hu\/wp-json\/wp\/v2\/product_brand?post=2805"},{"taxonomy":"product_cat","embeddable":true,"href":"https:\/\/bbdekorandmore.at\/hu\/wp-json\/wp\/v2\/product_cat?post=2805"},{"taxonomy":"product_tag","embeddable":true,"href":"https:\/\/bbdekorandmore.at\/hu\/wp-json\/wp\/v2\/product_tag?post=2805"}],"curies":[{"name":"wp","href":"https:\/\/api.w.org\/{rel}","templated":true}]}}