{"id":283,"date":"2023-04-17T08:44:36","date_gmt":"2023-04-17T08:44:36","guid":{"rendered":"http:\/\/bbdekorandmore.at\/?post_type=product&#038;p=283"},"modified":"2024-03-20T07:25:37","modified_gmt":"2024-03-20T07:25:37","slug":"kreis-metallring","status":"publish","type":"product","link":"https:\/\/bbdekorandmore.at\/hu\/produkt\/kreis-metallring\/","title":{"rendered":"K\u00f6r alak\u00fa f\u00e9mgy\u0171r\u0171 d\u00edsz"},"content":{"rendered":"<p>K\u00f6r f\u00e9m gy\u0171r\u0171 sz\u00e1r\u00edtott vir\u00e1gokkal<\/p>\n<p>K\u00fcl\u00f6nb\u00f6z\u0151 m\u00e9retekben \u00e9s sz\u00ednekben kaphat\u00f3<\/p>","protected":false},"excerpt":{"rendered":"<p>K\u00f6r f\u00e9m gy\u0171r\u0171 sz\u00e1r\u00edtott vir\u00e1gokkal<\/p>\n<p>K\u00fcl\u00f6nb\u00f6z\u0151 m\u00e9retekben \u00e9s sz\u00ednekben kaphat\u00f3<\/p>\n<p><strong>Kicsi: <\/strong>30cm<\/p>\n<p><strong>K\u00f6zepes:<\/strong> 35 cm<\/p>\n<p><strong>Nagy: <\/strong>40 cm <a class=\"continue\" href=\"https:\/\/bbdekorandmore.at\/hu\/produkt\/kreis-metallring\/\">Continue Reading<span> K\u00f6r alak\u00fa f\u00e9mgy\u0171r\u0171 d\u00edsz<\/span><\/a><\/p>","protected":false},"featured_media":194,"comment_status":"open","ping_status":"closed","template":"","meta":{"site-sidebar-layout":"default","site-content-layout":"default","ast-site-content-layout":"default","site-content-style":"default","site-sidebar-style":"default","ast-global-header-display":"","ast-banner-title-visibility":"","ast-main-header-display":"","ast-hfb-above-header-display":"","ast-hfb-below-header-display":"","ast-hfb-mobile-header-display":"","site-post-title":"","ast-breadcrumbs-content":"","ast-featured-img":"","footer-sml-layout":"","ast-disable-related-posts":"","theme-transparent-header-meta":"default","adv-header-id-meta":"","stick-header-meta":"","header-above-stick-meta":"","header-main-stick-meta":"","header-below-stick-meta":"","astra-migrate-meta-layouts":"set","ast-page-background-enabled":"default","ast-page-background-meta":{"desktop":{"background-color":"var(--ast-global-color-4)","background-image":"","background-repeat":"repeat","background-position":"center center","background-size":"auto","background-attachment":"scroll","background-type":"","background-media":"","overlay-type":"","overlay-color":"","overlay-opacity":"","overlay-gradient":""},"tablet":{"background-color":"","background-image":"","background-repeat":"repeat","background-position":"center center","background-size":"auto","background-attachment":"scroll","background-type":"","background-media":"","overlay-type":"","overlay-color":"","overlay-opacity":"","overlay-gradient":""},"mobile":{"background-color":"","background-image":"","background-repeat":"repeat","background-position":"center center","background-size":"auto","background-attachment":"scroll","background-type":"","background-media":"","overlay-type":"","overlay-color":"","overlay-opacity":"","overlay-gradient":""}},"ast-content-background-meta":{"desktop":{"background-color":"var(--ast-global-color-5)","background-image":"","background-repeat":"repeat","background-position":"center center","background-size":"auto","background-attachment":"scroll","background-type":"","background-media":"","overlay-type":"","overlay-color":"","overlay-opacity":"","overlay-gradient":""},"tablet":{"background-color":"var(--ast-global-color-5)","background-image":"","background-repeat":"repeat","background-position":"center center","background-size":"auto","background-attachment":"scroll","background-type":"","background-media":"","overlay-type":"","overlay-color":"","overlay-opacity":"","overlay-gradient":""},"mobile":{"background-color":"var(--ast-global-color-5)","background-image":"","background-repeat":"repeat","background-position":"center center","background-size":"auto","background-attachment":"scroll","background-type":"","background-media":"","overlay-type":"","overlay-color":"","overlay-opacity":"","overlay-gradient":""}}},"product_brand":[],"product_cat":[28],"product_tag":[80,96,102,103,104,108],"class_list":{"0":"post-283","1":"product","2":"type-product","3":"status-publish","4":"has-post-thumbnail","6":"product_cat-metallring-kraenze","7":"product_tag-fruehlingsdeko","8":"product_tag-goldener-metallring","9":"product_tag-schwarzer-metallring","10":"product_tag-schwarzer-metallring-mit-trockenblumen","11":"product_tag-trockenblumen","12":"product_tag-weisser-metallring","13":"tm-has-options","14":"desktop-align-left","15":"tablet-align-left","16":"mobile-align-left","18":"first","19":"instock","20":"shipping-taxable","21":"purchasable","22":"product-type-variable"},"_links":{"self":[{"href":"https:\/\/bbdekorandmore.at\/hu\/wp-json\/wp\/v2\/product\/283","targetHints":{"allow":["GET"]}}],"collection":[{"href":"https:\/\/bbdekorandmore.at\/hu\/wp-json\/wp\/v2\/product"}],"about":[{"href":"https:\/\/bbdekorandmore.at\/hu\/wp-json\/wp\/v2\/types\/product"}],"replies":[{"embeddable":true,"href":"https:\/\/bbdekorandmore.at\/hu\/wp-json\/wp\/v2\/comments?post=283"}],"wp:featuredmedia":[{"embeddable":true,"href":"https:\/\/bbdekorandmore.at\/hu\/wp-json\/wp\/v2\/media\/194"}],"wp:attachment":[{"href":"https:\/\/bbdekorandmore.at\/hu\/wp-json\/wp\/v2\/media?parent=283"}],"wp:term":[{"taxonomy":"product_brand","embeddable":true,"href":"https:\/\/bbdekorandmore.at\/hu\/wp-json\/wp\/v2\/product_brand?post=283"},{"taxonomy":"product_cat","embeddable":true,"href":"https:\/\/bbdekorandmore.at\/hu\/wp-json\/wp\/v2\/product_cat?post=283"},{"taxonomy":"product_tag","embeddable":true,"href":"https:\/\/bbdekorandmore.at\/hu\/wp-json\/wp\/v2\/product_tag?post=283"}],"curies":[{"name":"wp","href":"https:\/\/api.w.org\/{rel}","templated":true}]}}