{"id":292,"date":"2023-04-17T09:13:59","date_gmt":"2023-04-17T09:13:59","guid":{"rendered":"http:\/\/bbdekorandmore.at\/?post_type=product&#038;p=292"},"modified":"2024-02-05T22:09:32","modified_gmt":"2024-02-05T22:09:32","slug":"dreieckiger-metallring","status":"publish","type":"product","link":"https:\/\/bbdekorandmore.at\/hu\/produkt\/dreieckiger-metallring\/","title":{"rendered":"H\u00e1romsz\u00f6g alak\u00fa f\u00e9mgy\u0171r\u0171"},"content":{"rendered":"<p>H\u00e1romsz\u00f6glet\u0171 f\u00e9mgy\u0171r\u0171 selyemvir\u00e1gokkal<\/p>\n<p>Ma\u00dfe: 33&#215;29 cm<\/p>","protected":false},"excerpt":{"rendered":"<p>H\u00e1romsz\u00f6glet\u0171 f\u00e9mgy\u0171r\u0171 selyemvir\u00e1gokkal<\/p>\n<p><strong>M\u00e9retek:<\/strong> 33&#215;29 cm <a class=\"continue\" href=\"https:\/\/bbdekorandmore.at\/hu\/produkt\/dreieckiger-metallring\/\">Continue Reading<span> H\u00e1romsz\u00f6g alak\u00fa f\u00e9mgy\u0171r\u0171<\/span><\/a><\/p>","protected":false},"featured_media":178,"comment_status":"open","ping_status":"closed","template":"","meta":{"site-sidebar-layout":"default","site-content-layout":"default","ast-site-content-layout":"default","site-content-style":"default","site-sidebar-style":"default","ast-global-header-display":"","ast-banner-title-visibility":"","ast-main-header-display":"","ast-hfb-above-header-display":"","ast-hfb-below-header-display":"","ast-hfb-mobile-header-display":"","site-post-title":"","ast-breadcrumbs-content":"","ast-featured-img":"","footer-sml-layout":"","ast-disable-related-posts":"","theme-transparent-header-meta":"default","adv-header-id-meta":"","stick-header-meta":"","header-above-stick-meta":"","header-main-stick-meta":"","header-below-stick-meta":"","astra-migrate-meta-layouts":"default","ast-page-background-enabled":"default","ast-page-background-meta":{"desktop":{"background-color":"var(--ast-global-color-4)","background-image":"","background-repeat":"repeat","background-position":"center center","background-size":"auto","background-attachment":"scroll","background-type":"","background-media":"","overlay-type":"","overlay-color":"","overlay-opacity":"","overlay-gradient":""},"tablet":{"background-color":"","background-image":"","background-repeat":"repeat","background-position":"center center","background-size":"auto","background-attachment":"scroll","background-type":"","background-media":"","overlay-type":"","overlay-color":"","overlay-opacity":"","overlay-gradient":""},"mobile":{"background-color":"","background-image":"","background-repeat":"repeat","background-position":"center center","background-size":"auto","background-attachment":"scroll","background-type":"","background-media":"","overlay-type":"","overlay-color":"","overlay-opacity":"","overlay-gradient":""}},"ast-content-background-meta":{"desktop":{"background-color":"var(--ast-global-color-5)","background-image":"","background-repeat":"repeat","background-position":"center center","background-size":"auto","background-attachment":"scroll","background-type":"","background-media":"","overlay-type":"","overlay-color":"","overlay-opacity":"","overlay-gradient":""},"tablet":{"background-color":"var(--ast-global-color-5)","background-image":"","background-repeat":"repeat","background-position":"center center","background-size":"auto","background-attachment":"scroll","background-type":"","background-media":"","overlay-type":"","overlay-color":"","overlay-opacity":"","overlay-gradient":""},"mobile":{"background-color":"var(--ast-global-color-5)","background-image":"","background-repeat":"repeat","background-position":"center center","background-size":"auto","background-attachment":"scroll","background-type":"","background-media":"","overlay-type":"","overlay-color":"","overlay-opacity":"","overlay-gradient":""}}},"product_brand":[],"product_cat":[28],"product_tag":[111,80,112,47],"class_list":{"0":"post-292","1":"product","2":"type-product","3":"status-publish","4":"has-post-thumbnail","6":"product_cat-metallring-kraenze","7":"product_tag-dreieckiger-metallring","8":"product_tag-fruehlingsdeko","9":"product_tag-metallring-mit-seidenblumen","10":"product_tag-seidenblumen","11":"tm-no-options","12":"desktop-align-left","13":"tablet-align-left","14":"mobile-align-left","16":"first","17":"instock","18":"shipping-taxable","19":"purchasable","20":"product-type-simple"},"_links":{"self":[{"href":"https:\/\/bbdekorandmore.at\/hu\/wp-json\/wp\/v2\/product\/292","targetHints":{"allow":["GET"]}}],"collection":[{"href":"https:\/\/bbdekorandmore.at\/hu\/wp-json\/wp\/v2\/product"}],"about":[{"href":"https:\/\/bbdekorandmore.at\/hu\/wp-json\/wp\/v2\/types\/product"}],"replies":[{"embeddable":true,"href":"https:\/\/bbdekorandmore.at\/hu\/wp-json\/wp\/v2\/comments?post=292"}],"wp:featuredmedia":[{"embeddable":true,"href":"https:\/\/bbdekorandmore.at\/hu\/wp-json\/wp\/v2\/media\/178"}],"wp:attachment":[{"href":"https:\/\/bbdekorandmore.at\/hu\/wp-json\/wp\/v2\/media?parent=292"}],"wp:term":[{"taxonomy":"product_brand","embeddable":true,"href":"https:\/\/bbdekorandmore.at\/hu\/wp-json\/wp\/v2\/product_brand?post=292"},{"taxonomy":"product_cat","embeddable":true,"href":"https:\/\/bbdekorandmore.at\/hu\/wp-json\/wp\/v2\/product_cat?post=292"},{"taxonomy":"product_tag","embeddable":true,"href":"https:\/\/bbdekorandmore.at\/hu\/wp-json\/wp\/v2\/product_tag?post=292"}],"curies":[{"name":"wp","href":"https:\/\/api.w.org\/{rel}","templated":true}]}}