{"id":2950,"date":"2024-01-30T07:02:51","date_gmt":"2024-01-30T07:02:51","guid":{"rendered":"http:\/\/bbdekorandmore.at\/?post_type=product&#038;p=2950"},"modified":"2024-02-13T12:28:31","modified_gmt":"2024-02-13T12:28:31","slug":"tischsets-ostern","status":"publish","type":"product","link":"https:\/\/bbdekorandmore.at\/hu\/produkt\/tischsets-ostern\/","title":{"rendered":"H\u00fasv\u00e9ti t\u00e1ny\u00e9ral\u00e1t\u00e9tek"},"content":{"rendered":"<p>Mer\u00fclj\u00f6n el a tavasz \u00fcnnepi vil\u00e1g\u00e1ban a var\u00e1zslatos h\u00fasv\u00e9ti ter\u00edt\u00e9kkel. A hat gy\u00f6ny\u00f6r\u0171 ter\u00edt\u00e9kb\u0151l \u00e1ll\u00f3 k\u00e9szlet eleganci\u00e1t \u00e9s vid\u00e1ms\u00e1got k\u00f6lcs\u00f6n\u00f6z a h\u00fasv\u00e9ti asztalnak. A 48 x 33 cm-es, nagym\u00e9ret\u0171 ter\u00edt\u00e9keken b\u0151ven van hely az \u00fcnnepi finoms\u00e1goknak.<\/p>\n<p>A m\u0171v\u00e9szi tervez\u00e9s\u0171 ter\u00edt\u00e9keket a nyuszik, a sz\u00ednes toj\u00e1sok \u00e9s a vir\u00e1gz\u00f3 tavaszi vir\u00e1gok ihlette h\u00fasv\u00e9ti t\u00e9ma var\u00e1zsolja el. Az \u00e9l\u00e9nk sz\u00ednek \u00e9s a r\u00e9szletes mint\u00e1k vid\u00e1m hangulatot teremtenek, \u00e9s \u00fcnnepi hangs\u00falyt adnak otthon\u00e1nak.<\/p>\n<p>T\u00f6k\u00e9letesek a mindennapi haszn\u00e1latra, \u00e9s hossz\u00fa \u00e9veken \u00e1t gazdag\u00edtj\u00e1k majd a h\u00fasv\u00e9ti asztalt.<\/p>\n<p>A ter\u00edt\u00e9k nemcsak h\u00fasv\u00e9tra t\u00f6k\u00e9letes, hanem m\u00e1s \u00fcnnepi alkalmakra \u00e9s \u00fcnnepekre is haszn\u00e1lhat\u00f3. A praktikus m\u00e9ret lehet\u0151v\u00e9 teszi, hogy k\u00fcl\u00f6nb\u00f6z\u0151 \u00e9teleket st\u00edlusosan mutasson be, ak\u00e1r a h\u00fasv\u00e9tvas\u00e1rnapi vill\u00e1sreggelin, ak\u00e1r egy \u00fcnnepi vacsor\u00e1n a csal\u00e1ddal \u00e9s a bar\u00e1tokkal.<\/p>\n<p>Hozzon \u00f6r\u00f6met \u00e9s st\u00edlust otthon\u00e1ba a h\u00fasv\u00e9ti asztali k\u00e9szlettel. Ez a t\u00f6k\u00e9letes kieg\u00e9sz\u00edt\u0151 az \u00fcnnepi id\u0151szak meg\u00fcnnepl\u00e9s\u00e9hez \u00e9s felejthetetlen pillanatok megoszt\u00e1s\u00e1hoz szeretteivel. Rendelje meg most, \u00e9s alak\u00edtsa \u00e1t \u00e9tkez\u0151asztal\u00e1t a tavasz \u00fcnnepi o\u00e1zis\u00e1v\u00e1!<\/p>","protected":false},"excerpt":{"rendered":"<p>Adjon egy kis tavaszt a h\u00fasv\u00e9ti asztal\u00e1hoz a b\u00e1jos h\u00fasv\u00e9ti ter\u00edt\u00e9kekkel. A hat darab, 48 x 33 cm-es, nagym\u00e9ret\u0171, szeretettel megtervezett al\u00e1t\u00e9tb\u0151l \u00e1ll\u00f3 k\u00e9szlet var\u00e1zslatos h\u00fasv\u00e9ti t\u00e9m\u00e1t mutat be nyuszival, sz\u00ednes toj\u00e1sokkal \u00e9s vir\u00e1gz\u00f3 tavaszi vir\u00e1gokkal. Az \u00e9l\u00e9nk sz\u00ednek \u00e9s a r\u00e9szletes mint\u00e1k \u00fcnnepi hangulatot teremtenek.<\/p>\n<p>M\u00e1rka: Clayre &amp;Eef <a class=\"continue\" href=\"https:\/\/bbdekorandmore.at\/hu\/produkt\/tischsets-ostern\/\">Continue Reading<span> H\u00fasv\u00e9ti t\u00e1ny\u00e9ral\u00e1t\u00e9tek<\/span><\/a><\/p>","protected":false},"featured_media":2951,"comment_status":"open","ping_status":"closed","template":"","meta":{"site-sidebar-layout":"default","site-content-layout":"","ast-site-content-layout":"default","site-content-style":"default","site-sidebar-style":"default","ast-global-header-display":"","ast-banner-title-visibility":"","ast-main-header-display":"","ast-hfb-above-header-display":"","ast-hfb-below-header-display":"","ast-hfb-mobile-header-display":"","site-post-title":"","ast-breadcrumbs-content":"","ast-featured-img":"","footer-sml-layout":"","ast-disable-related-posts":"","theme-transparent-header-meta":"default","adv-header-id-meta":"","stick-header-meta":"","header-above-stick-meta":"","header-main-stick-meta":"","header-below-stick-meta":"","astra-migrate-meta-layouts":"set","ast-page-background-enabled":"default","ast-page-background-meta":{"desktop":{"background-color":"var(--ast-global-color-4)","background-image":"","background-repeat":"repeat","background-position":"center center","background-size":"auto","background-attachment":"scroll","background-type":"","background-media":"","overlay-type":"","overlay-color":"","overlay-opacity":"","overlay-gradient":""},"tablet":{"background-color":"","background-image":"","background-repeat":"repeat","background-position":"center center","background-size":"auto","background-attachment":"scroll","background-type":"","background-media":"","overlay-type":"","overlay-color":"","overlay-opacity":"","overlay-gradient":""},"mobile":{"background-color":"","background-image":"","background-repeat":"repeat","background-position":"center center","background-size":"auto","background-attachment":"scroll","background-type":"","background-media":"","overlay-type":"","overlay-color":"","overlay-opacity":"","overlay-gradient":""}},"ast-content-background-meta":{"desktop":{"background-color":"var(--ast-global-color-5)","background-image":"","background-repeat":"repeat","background-position":"center center","background-size":"auto","background-attachment":"scroll","background-type":"","background-media":"","overlay-type":"","overlay-color":"","overlay-opacity":"","overlay-gradient":""},"tablet":{"background-color":"var(--ast-global-color-5)","background-image":"","background-repeat":"repeat","background-position":"center center","background-size":"auto","background-attachment":"scroll","background-type":"","background-media":"","overlay-type":"","overlay-color":"","overlay-opacity":"","overlay-gradient":""},"mobile":{"background-color":"var(--ast-global-color-5)","background-image":"","background-repeat":"repeat","background-position":"center center","background-size":"auto","background-attachment":"scroll","background-type":"","background-media":"","overlay-type":"","overlay-color":"","overlay-opacity":"","overlay-gradient":""}}},"product_brand":[],"product_cat":[23,471],"product_tag":[194,40,449],"class_list":{"0":"post-2950","1":"product","2":"type-product","3":"status-publish","4":"has-post-thumbnail","6":"product_cat-ostern","7":"product_cat-textilien-ostern","8":"product_tag-ostern","9":"product_tag-tischdeko","10":"product_tag-tischset","11":"tm-no-options","12":"desktop-align-left","13":"tablet-align-left","14":"mobile-align-left","16":"first","17":"instock","18":"shipping-taxable","19":"purchasable","20":"product-type-simple"},"_links":{"self":[{"href":"https:\/\/bbdekorandmore.at\/hu\/wp-json\/wp\/v2\/product\/2950","targetHints":{"allow":["GET"]}}],"collection":[{"href":"https:\/\/bbdekorandmore.at\/hu\/wp-json\/wp\/v2\/product"}],"about":[{"href":"https:\/\/bbdekorandmore.at\/hu\/wp-json\/wp\/v2\/types\/product"}],"replies":[{"embeddable":true,"href":"https:\/\/bbdekorandmore.at\/hu\/wp-json\/wp\/v2\/comments?post=2950"}],"wp:featuredmedia":[{"embeddable":true,"href":"https:\/\/bbdekorandmore.at\/hu\/wp-json\/wp\/v2\/media\/2951"}],"wp:attachment":[{"href":"https:\/\/bbdekorandmore.at\/hu\/wp-json\/wp\/v2\/media?parent=2950"}],"wp:term":[{"taxonomy":"product_brand","embeddable":true,"href":"https:\/\/bbdekorandmore.at\/hu\/wp-json\/wp\/v2\/product_brand?post=2950"},{"taxonomy":"product_cat","embeddable":true,"href":"https:\/\/bbdekorandmore.at\/hu\/wp-json\/wp\/v2\/product_cat?post=2950"},{"taxonomy":"product_tag","embeddable":true,"href":"https:\/\/bbdekorandmore.at\/hu\/wp-json\/wp\/v2\/product_tag?post=2950"}],"curies":[{"name":"wp","href":"https:\/\/api.w.org\/{rel}","templated":true}]}}