{"id":2954,"date":"2024-01-30T07:08:43","date_gmt":"2024-01-30T07:08:43","guid":{"rendered":"http:\/\/bbdekorandmore.at\/?post_type=product&#038;p=2954"},"modified":"2025-03-21T10:55:35","modified_gmt":"2025-03-21T10:55:35","slug":"oster-topflappen","status":"publish","type":"product","link":"https:\/\/bbdekorandmore.at\/hu\/produkt\/oster-topflappen\/","title":{"rendered":"H\u00fasv\u00e9ti ed\u00e9nytart\u00f3"},"content":{"rendered":"<p>Mer\u00fclj\u00f6n el az \u00fcnnepi tavaszi hangulatban a 20\u00d720 cm-es, im\u00e1dnival\u00f3 h\u00fasv\u00e9ti faz\u00e9ktakar\u00f3val. Ez a szeretettel megtervezett konyhai seg\u00e9deszk\u00f6z \u00f6tv\u00f6zi a funkcionalit\u00e1st a vid\u00e1m h\u00fasv\u00e9ti var\u00e1zslattal, \u00e9s j\u00e1t\u00e9koss\u00e1 teszi konyh\u00e1j\u00e1t az \u00fcnnepi id\u0151szakban.<\/p>\n<p>A kiv\u00e1l\u00f3 min\u0151s\u00e9g\u0171 pamutb\u00f3l k\u00e9sz\u00fclt ed\u00e9nytart\u00f3 nemcsak puha \u00e9s k\u00e9nyelmes, hanem rendk\u00edv\u00fcl h\u0151\u00e1ll\u00f3 is. A gondos kivitelez\u00e9s biztos\u00edtja a megb\u00edzhat\u00f3s\u00e1got a forr\u00f3 ed\u00e9nyek \u00e9s s\u00fct\u0151lemezek elleni v\u00e9delem sor\u00e1n.<\/p>\n<p>Az ed\u00e9nytart\u00f3 var\u00e1zslatos h\u00fasv\u00e9ti mint\u00e1ja friss tavaszi hangulatot hoz a konyh\u00e1ba. A h\u00fasv\u00e9ti nyuszik, sz\u00ednes toj\u00e1sok \u00e9s vir\u00e1gz\u00f3 vir\u00e1gok aranyos mot\u00edvumaival ez az ed\u00e9nytart\u00f3 b\u00e1jos szemet gy\u00f6ny\u00f6rk\u00f6dtet\u0151.<\/p>\n<p>A praktikus akaszt\u00f3hurok lehet\u0151v\u00e9 teszi a k\u00f6nny\u0171 \u00e9s helytakar\u00e9kos t\u00e1rol\u00e1st, m\u00edg az ed\u00e9nytart\u00f3 mindig k\u00e9zn\u00e9l van. Ne csak a h\u0151 ellen v\u00e9djen vele, hanem dekorat\u00edv elemk\u00e9nt is haszn\u00e1lja, hogy feldobja h\u00fasv\u00e9ti konyh\u00e1j\u00e1t.<\/p>\n<p>Lepje meg mag\u00e1t \u00e9s vend\u00e9geit ezzel az im\u00e1dnival\u00f3 h\u00fasv\u00e9ti ed\u00e9nytart\u00f3val. Rendelje meg most, \u00e9s var\u00e1zsolja \u00fcnnepi \u00e9lm\u00e9nny\u00e9 a f\u0151z\u00e9st \u00e9s a s\u00fct\u00e9st! Kellemes h\u00fasv\u00e9ti \u00fcnnepeket a konyh\u00e1ban!<\/p>","protected":false},"excerpt":{"rendered":"<p>A <strong>H\u00fasv\u00e9ti ed\u00e9nytart\u00f3k<\/strong>, m\u00e9rete <strong>20\u00d720 cm<\/strong>, nemcsak praktikus konyhai seg\u00e9deszk\u00f6z, hanem a h\u00fasv\u00e9ti konyha kellemes kieg\u00e9sz\u00edt\u0151je is. Kiv\u00e1l\u00f3 min\u0151s\u00e9g\u0171 pamutb\u00f3l k\u00e9sz\u00fclt, \u00e9s nemcsak megb\u00edzhat\u00f3 h\u0151v\u00e9delmet, hanem var\u00e1zslatos h\u00fasv\u00e9ti diz\u00e1jnt is k\u00edn\u00e1l.<\/p>\n<p>M\u00e1rka: Clayre &amp;Eef <a class=\"continue\" href=\"https:\/\/bbdekorandmore.at\/hu\/produkt\/oster-topflappen\/\">Continue Reading<span> H\u00fasv\u00e9ti ed\u00e9nytart\u00f3<\/span><\/a><\/p>","protected":false},"featured_media":2952,"comment_status":"open","ping_status":"closed","template":"","meta":{"site-sidebar-layout":"default","site-content-layout":"","ast-site-content-layout":"default","site-content-style":"default","site-sidebar-style":"default","ast-global-header-display":"","ast-banner-title-visibility":"","ast-main-header-display":"","ast-hfb-above-header-display":"","ast-hfb-below-header-display":"","ast-hfb-mobile-header-display":"","site-post-title":"","ast-breadcrumbs-content":"","ast-featured-img":"","footer-sml-layout":"","ast-disable-related-posts":"","theme-transparent-header-meta":"default","adv-header-id-meta":"","stick-header-meta":"","header-above-stick-meta":"","header-main-stick-meta":"","header-below-stick-meta":"","astra-migrate-meta-layouts":"set","ast-page-background-enabled":"default","ast-page-background-meta":{"desktop":{"background-color":"var(--ast-global-color-4)","background-image":"","background-repeat":"repeat","background-position":"center center","background-size":"auto","background-attachment":"scroll","background-type":"","background-media":"","overlay-type":"","overlay-color":"","overlay-opacity":"","overlay-gradient":""},"tablet":{"background-color":"","background-image":"","background-repeat":"repeat","background-position":"center center","background-size":"auto","background-attachment":"scroll","background-type":"","background-media":"","overlay-type":"","overlay-color":"","overlay-opacity":"","overlay-gradient":""},"mobile":{"background-color":"","background-image":"","background-repeat":"repeat","background-position":"center center","background-size":"auto","background-attachment":"scroll","background-type":"","background-media":"","overlay-type":"","overlay-color":"","overlay-opacity":"","overlay-gradient":""}},"ast-content-background-meta":{"desktop":{"background-color":"var(--ast-global-color-5)","background-image":"","background-repeat":"repeat","background-position":"center center","background-size":"auto","background-attachment":"scroll","background-type":"","background-media":"","overlay-type":"","overlay-color":"","overlay-opacity":"","overlay-gradient":""},"tablet":{"background-color":"var(--ast-global-color-5)","background-image":"","background-repeat":"repeat","background-position":"center center","background-size":"auto","background-attachment":"scroll","background-type":"","background-media":"","overlay-type":"","overlay-color":"","overlay-opacity":"","overlay-gradient":""},"mobile":{"background-color":"var(--ast-global-color-5)","background-image":"","background-repeat":"repeat","background-position":"center center","background-size":"auto","background-attachment":"scroll","background-type":"","background-media":"","overlay-type":"","overlay-color":"","overlay-opacity":"","overlay-gradient":""}}},"product_brand":[],"product_cat":[23,471],"product_tag":[194,196,444],"class_list":{"0":"post-2954","1":"product","2":"type-product","3":"status-publish","4":"has-post-thumbnail","6":"product_cat-ostern","7":"product_cat-textilien-ostern","8":"product_tag-ostern","9":"product_tag-ostern-deko","10":"product_tag-topflappen","11":"tm-no-options","12":"desktop-align-left","13":"tablet-align-left","14":"mobile-align-left","16":"first","17":"instock","18":"shipping-taxable","19":"purchasable","20":"product-type-simple"},"_links":{"self":[{"href":"https:\/\/bbdekorandmore.at\/hu\/wp-json\/wp\/v2\/product\/2954","targetHints":{"allow":["GET"]}}],"collection":[{"href":"https:\/\/bbdekorandmore.at\/hu\/wp-json\/wp\/v2\/product"}],"about":[{"href":"https:\/\/bbdekorandmore.at\/hu\/wp-json\/wp\/v2\/types\/product"}],"replies":[{"embeddable":true,"href":"https:\/\/bbdekorandmore.at\/hu\/wp-json\/wp\/v2\/comments?post=2954"}],"wp:featuredmedia":[{"embeddable":true,"href":"https:\/\/bbdekorandmore.at\/hu\/wp-json\/wp\/v2\/media\/2952"}],"wp:attachment":[{"href":"https:\/\/bbdekorandmore.at\/hu\/wp-json\/wp\/v2\/media?parent=2954"}],"wp:term":[{"taxonomy":"product_brand","embeddable":true,"href":"https:\/\/bbdekorandmore.at\/hu\/wp-json\/wp\/v2\/product_brand?post=2954"},{"taxonomy":"product_cat","embeddable":true,"href":"https:\/\/bbdekorandmore.at\/hu\/wp-json\/wp\/v2\/product_cat?post=2954"},{"taxonomy":"product_tag","embeddable":true,"href":"https:\/\/bbdekorandmore.at\/hu\/wp-json\/wp\/v2\/product_tag?post=2954"}],"curies":[{"name":"wp","href":"https:\/\/api.w.org\/{rel}","templated":true}]}}