{"id":2956,"date":"2024-01-30T07:12:52","date_gmt":"2024-01-30T07:12:52","guid":{"rendered":"http:\/\/bbdekorandmore.at\/?post_type=product&#038;p=2956"},"modified":"2024-02-13T12:12:25","modified_gmt":"2024-02-13T12:12:25","slug":"kochschurze-mit-hase","status":"publish","type":"product","link":"https:\/\/bbdekorandmore.at\/hu\/produkt\/kochschurze-mit-hase\/","title":{"rendered":"Nyulas F\u0151z\u0151k\u00f6t\u00e9ny"},"content":{"rendered":"<p>Mer\u00fclj\u00f6n el a vid\u00e1m h\u00fasv\u00e9ti hangulatban a var\u00e1zslatos nyuszimot\u00edvummal d\u00edsz\u00edtett feh\u00e9r f\u0151z\u0151k\u00f6t\u00e9ny\u00fcnkkel. Ez a szeretettel megtervezett k\u00f6t\u00e9ny nemcsak praktikus kieg\u00e9sz\u00edt\u0151 a konyh\u00e1ban, hanem st\u00edlusos m\u00f3dja annak is, hogy megmutassa h\u00fasv\u00e9ti hangulat\u00e1t.<\/p>\n<p>A nagym\u00e9ret\u0171, 70\u00d785 cm-es m\u00e9ret nemcsak \u00e1tfog\u00f3 v\u00e9delmet, hanem elegend\u0151 mozg\u00e1steret is biztos\u00edt minden kulin\u00e1ris alkot\u00e1shoz. A kiv\u00e1l\u00f3 min\u0151s\u00e9g\u0171, strapab\u00edr\u00f3 anyagb\u00f3l k\u00e9sz\u00fclt szak\u00e1csk\u00f6t\u00e9ny nemcsak funkcion\u00e1lis, hanem tart\u00f3s is.<\/p>\n<p>Az aranyos nyuszi mot\u00edvum \u00fcnnepi jelleget k\u00f6lcs\u00f6n\u00f6z a k\u00f6t\u00e9nynek, \u00e9s vid\u00e1m hangulatot var\u00e1zsol a h\u00fasv\u00e9ti konyh\u00e1ba. A feh\u00e9r sz\u00edn nemcsak tiszta \u00e9s klasszikus megjelen\u00e9st biztos\u00edt, hanem a h\u00fasv\u00e9ti diz\u00e1jnt is k\u00fcl\u00f6n\u00f6sen \u00e9l\u00e9nkk\u00e9 teszi.<\/p>\n<p>Az \u00e1ll\u00edthat\u00f3 nyak- \u00e9s der\u00e9kp\u00e1ntok lehet\u0151v\u00e9 teszik a testreszab\u00e1st, \u00edgy a k\u00f6t\u00e9ny k\u00e9nyelmesen illeszkedik \u00e9s ugyanakkor st\u00edlusosan n\u00e9z ki. Ak\u00e1r s\u00fct, f\u0151z vagy grillez, ez a k\u00f6t\u00e9ny megb\u00edzhat\u00f3 t\u00e1rsa lesz, amely a h\u00fasv\u00e9ti hangulatot is t\u00fckr\u00f6zi.<\/p>\n<p>Adjon \u00fcnnepi hangulatot konyh\u00e1j\u00e1nak, \u00e9s szerezze be ezt a feh\u00e9r, nyuszi mot\u00edvummal ell\u00e1tott szak\u00e1csk\u00f6t\u00e9nyt most, hogy vid\u00e1m \u00e9s st\u00edlusos h\u00fasv\u00e9ti \u00fcnneps\u00e9get tarthasson. Rendelje meg m\u00e9g ma, \u00e9s tegye k\u00fcl\u00f6nleges \u00e9lm\u00e9nny\u00e9 a h\u00fasv\u00e9ti finoms\u00e1gok elk\u00e9sz\u00edt\u00e9s\u00e9t!<\/p>","protected":false},"excerpt":{"rendered":"<p>A Feh\u00e9r <strong>Nyulas F\u0151z\u0151k\u00f6t\u00e9ny<\/strong> vid\u00e1m h\u00fasv\u00e9ti hangulatot k\u00f6lcs\u00f6n\u00f6z konyh\u00e1j\u00e1nak, \u00e9s \u00f6tv\u00f6zi a st\u00edlust a funkcionalit\u00e1ssal. Nagym\u00e9ret\u0171 <strong>70\u00d785 cm-es m\u00e9ret<\/strong> nemcsak \u00e1tfog\u00f3 v\u00e9delmet, hanem elegend\u0151 mozg\u00e1sszabads\u00e1got is biztos\u00edt minden kulin\u00e1ris kalandhoz.<\/p>\n<p>M\u00e1rka: Clayre &amp;Eef <a class=\"continue\" href=\"https:\/\/bbdekorandmore.at\/hu\/produkt\/kochschurze-mit-hase\/\">Continue Reading<span> Nyulas F\u0151z\u0151k\u00f6t\u00e9ny<\/span><\/a><\/p>","protected":false},"featured_media":2953,"comment_status":"open","ping_status":"closed","template":"","meta":{"site-sidebar-layout":"default","site-content-layout":"","ast-site-content-layout":"default","site-content-style":"default","site-sidebar-style":"default","ast-global-header-display":"","ast-banner-title-visibility":"","ast-main-header-display":"","ast-hfb-above-header-display":"","ast-hfb-below-header-display":"","ast-hfb-mobile-header-display":"","site-post-title":"","ast-breadcrumbs-content":"","ast-featured-img":"","footer-sml-layout":"","ast-disable-related-posts":"","theme-transparent-header-meta":"default","adv-header-id-meta":"","stick-header-meta":"","header-above-stick-meta":"","header-main-stick-meta":"","header-below-stick-meta":"","astra-migrate-meta-layouts":"set","ast-page-background-enabled":"default","ast-page-background-meta":{"desktop":{"background-color":"var(--ast-global-color-4)","background-image":"","background-repeat":"repeat","background-position":"center center","background-size":"auto","background-attachment":"scroll","background-type":"","background-media":"","overlay-type":"","overlay-color":"","overlay-opacity":"","overlay-gradient":""},"tablet":{"background-color":"","background-image":"","background-repeat":"repeat","background-position":"center center","background-size":"auto","background-attachment":"scroll","background-type":"","background-media":"","overlay-type":"","overlay-color":"","overlay-opacity":"","overlay-gradient":""},"mobile":{"background-color":"","background-image":"","background-repeat":"repeat","background-position":"center center","background-size":"auto","background-attachment":"scroll","background-type":"","background-media":"","overlay-type":"","overlay-color":"","overlay-opacity":"","overlay-gradient":""}},"ast-content-background-meta":{"desktop":{"background-color":"var(--ast-global-color-5)","background-image":"","background-repeat":"repeat","background-position":"center center","background-size":"auto","background-attachment":"scroll","background-type":"","background-media":"","overlay-type":"","overlay-color":"","overlay-opacity":"","overlay-gradient":""},"tablet":{"background-color":"var(--ast-global-color-5)","background-image":"","background-repeat":"repeat","background-position":"center center","background-size":"auto","background-attachment":"scroll","background-type":"","background-media":"","overlay-type":"","overlay-color":"","overlay-opacity":"","overlay-gradient":""},"mobile":{"background-color":"var(--ast-global-color-5)","background-image":"","background-repeat":"repeat","background-position":"center center","background-size":"auto","background-attachment":"scroll","background-type":"","background-media":"","overlay-type":"","overlay-color":"","overlay-opacity":"","overlay-gradient":""}}},"product_brand":[],"product_cat":[23,471],"product_tag":[443,194],"class_list":{"0":"post-2956","1":"product","2":"type-product","3":"status-publish","4":"has-post-thumbnail","6":"product_cat-ostern","7":"product_cat-textilien-ostern","8":"product_tag-kochschurze","9":"product_tag-ostern","10":"tm-no-options","11":"desktop-align-left","12":"tablet-align-left","13":"mobile-align-left","15":"first","16":"instock","17":"shipping-taxable","18":"purchasable","19":"product-type-simple"},"_links":{"self":[{"href":"https:\/\/bbdekorandmore.at\/hu\/wp-json\/wp\/v2\/product\/2956","targetHints":{"allow":["GET"]}}],"collection":[{"href":"https:\/\/bbdekorandmore.at\/hu\/wp-json\/wp\/v2\/product"}],"about":[{"href":"https:\/\/bbdekorandmore.at\/hu\/wp-json\/wp\/v2\/types\/product"}],"replies":[{"embeddable":true,"href":"https:\/\/bbdekorandmore.at\/hu\/wp-json\/wp\/v2\/comments?post=2956"}],"wp:featuredmedia":[{"embeddable":true,"href":"https:\/\/bbdekorandmore.at\/hu\/wp-json\/wp\/v2\/media\/2953"}],"wp:attachment":[{"href":"https:\/\/bbdekorandmore.at\/hu\/wp-json\/wp\/v2\/media?parent=2956"}],"wp:term":[{"taxonomy":"product_brand","embeddable":true,"href":"https:\/\/bbdekorandmore.at\/hu\/wp-json\/wp\/v2\/product_brand?post=2956"},{"taxonomy":"product_cat","embeddable":true,"href":"https:\/\/bbdekorandmore.at\/hu\/wp-json\/wp\/v2\/product_cat?post=2956"},{"taxonomy":"product_tag","embeddable":true,"href":"https:\/\/bbdekorandmore.at\/hu\/wp-json\/wp\/v2\/product_tag?post=2956"}],"curies":[{"name":"wp","href":"https:\/\/api.w.org\/{rel}","templated":true}]}}