{"id":2958,"date":"2024-01-30T07:23:45","date_gmt":"2024-01-30T07:23:45","guid":{"rendered":"http:\/\/bbdekorandmore.at\/?post_type=product&#038;p=2958"},"modified":"2025-03-09T19:15:44","modified_gmt":"2025-03-09T19:15:44","slug":"porzellanteller-mit-hasenmotiv","status":"publish","type":"product","link":"https:\/\/bbdekorandmore.at\/hu\/produkt\/porzellanteller-mit-hasenmotiv\/","title":{"rendered":"Porcel\u00e1n t\u00e1ny\u00e9r ny\u00fal mot\u00edvummal"},"content":{"rendered":"<p>Erleben Sie Osterfreude mit unserem bezaubernden <strong>Porzellanteller<\/strong>, der von einem niedlichen Hasenmotiv geziert wird. Dieser festliche Teller aus hochwertigem Porzellan ist nicht nur ein praktisches Geschirrst\u00fcck, sondern auch eine entz\u00fcckende Erg\u00e4nzung f\u00fcr Ihre Oster-Tischdekoration.<\/p>\n<p>Das Porzellanmaterial verleiht dem Teller nicht nur eine edle Optik, sondern gew\u00e4hrleistet auch Langlebigkeit und einfache Reinigung. Der Teller pr\u00e4sentiert ein liebevoll gestaltetes Hasenmotiv, das mit fr\u00f6hlichen Farben und feinen Details eine festliche Osteratmosph\u00e4re schafft.<\/p>\n<p>Mit einem Durchmesser von [Bitte die tats\u00e4chlichen Ma\u00dfe angeben] bietet dieser Teller ausreichend Platz f\u00fcr Ihre k\u00f6stlichen Osterspeisen. Ob Sie Osternester servieren, festliche Desserts anrichten oder einen Hauptgang pr\u00e4sentieren \u2013 dieser Teller wird zum charmanten Mittelpunkt Ihrer Oster-Tafel.<\/p>\n<p>Die feine Verarbeitung und das stilvolle Design machen diesen Porzellanteller nicht nur zu einem praktischen K\u00fcchenutensil, sondern auch zu einem dekorativen Element. Nutzen Sie ihn, um Ihre Liebe zum Detail und den Ostergeist auf eleganteste Weise zu pr\u00e4sentieren.<\/p>\n<p>Bereichern Sie Ihr Osterfest mit diesem zauberhaften Porzellanteller mit Hasenmotiv. Bestellen Sie jetzt und setzen Sie einen festlichen Akzent auf Ihrem Ostertisch!<\/p>\n","protected":false},"excerpt":{"rendered":"<p>Unser Porzellanteller mit entz\u00fcckendem Hasenmotiv vereint Eleganz mit Osterfreude und ist eine charmante Bereicherung f\u00fcr Ihre festliche Tischdekoration. Das hochwertige Porzellan verleiht dem Teller nicht nur eine edle Optik, sondern sorgt auch f\u00fcr Langlebigkeit und einfache Pflege. <a class=\"continue\" href=\"https:\/\/bbdekorandmore.at\/hu\/produkt\/porzellanteller-mit-hasenmotiv\/\">Continue Reading<span> Porcel\u00e1n t\u00e1ny\u00e9r ny\u00fal mot\u00edvummal<\/span><\/a><\/p>","protected":false},"featured_media":2879,"comment_status":"open","ping_status":"closed","template":"","meta":{"site-sidebar-layout":"default","site-content-layout":"","ast-site-content-layout":"default","site-content-style":"default","site-sidebar-style":"default","ast-global-header-display":"","ast-banner-title-visibility":"","ast-main-header-display":"","ast-hfb-above-header-display":"","ast-hfb-below-header-display":"","ast-hfb-mobile-header-display":"","site-post-title":"","ast-breadcrumbs-content":"","ast-featured-img":"","footer-sml-layout":"","ast-disable-related-posts":"","theme-transparent-header-meta":"default","adv-header-id-meta":"","stick-header-meta":"","header-above-stick-meta":"","header-main-stick-meta":"","header-below-stick-meta":"","astra-migrate-meta-layouts":"set","ast-page-background-enabled":"default","ast-page-background-meta":{"desktop":{"background-color":"var(--ast-global-color-4)","background-image":"","background-repeat":"repeat","background-position":"center center","background-size":"auto","background-attachment":"scroll","background-type":"","background-media":"","overlay-type":"","overlay-color":"","overlay-opacity":"","overlay-gradient":""},"tablet":{"background-color":"","background-image":"","background-repeat":"repeat","background-position":"center center","background-size":"auto","background-attachment":"scroll","background-type":"","background-media":"","overlay-type":"","overlay-color":"","overlay-opacity":"","overlay-gradient":""},"mobile":{"background-color":"","background-image":"","background-repeat":"repeat","background-position":"center center","background-size":"auto","background-attachment":"scroll","background-type":"","background-media":"","overlay-type":"","overlay-color":"","overlay-opacity":"","overlay-gradient":""}},"ast-content-background-meta":{"desktop":{"background-color":"var(--ast-global-color-5)","background-image":"","background-repeat":"repeat","background-position":"center center","background-size":"auto","background-attachment":"scroll","background-type":"","background-media":"","overlay-type":"","overlay-color":"","overlay-opacity":"","overlay-gradient":""},"tablet":{"background-color":"var(--ast-global-color-5)","background-image":"","background-repeat":"repeat","background-position":"center center","background-size":"auto","background-attachment":"scroll","background-type":"","background-media":"","overlay-type":"","overlay-color":"","overlay-opacity":"","overlay-gradient":""},"mobile":{"background-color":"var(--ast-global-color-5)","background-image":"","background-repeat":"repeat","background-position":"center center","background-size":"auto","background-attachment":"scroll","background-type":"","background-media":"","overlay-type":"","overlay-color":"","overlay-opacity":"","overlay-gradient":""}}},"product_brand":[],"product_cat":[23,472],"product_tag":[194,452],"class_list":{"0":"post-2958","1":"product","2":"type-product","3":"status-publish","4":"has-post-thumbnail","6":"product_cat-ostern","7":"product_cat-accessories","8":"product_tag-ostern","9":"product_tag-teller","10":"tm-no-options","11":"desktop-align-left","12":"tablet-align-left","13":"mobile-align-left","15":"first","16":"outofstock","17":"shipping-taxable","18":"purchasable","19":"product-type-simple"},"_links":{"self":[{"href":"https:\/\/bbdekorandmore.at\/hu\/wp-json\/wp\/v2\/product\/2958","targetHints":{"allow":["GET"]}}],"collection":[{"href":"https:\/\/bbdekorandmore.at\/hu\/wp-json\/wp\/v2\/product"}],"about":[{"href":"https:\/\/bbdekorandmore.at\/hu\/wp-json\/wp\/v2\/types\/product"}],"replies":[{"embeddable":true,"href":"https:\/\/bbdekorandmore.at\/hu\/wp-json\/wp\/v2\/comments?post=2958"}],"wp:featuredmedia":[{"embeddable":true,"href":"https:\/\/bbdekorandmore.at\/hu\/wp-json\/wp\/v2\/media\/2879"}],"wp:attachment":[{"href":"https:\/\/bbdekorandmore.at\/hu\/wp-json\/wp\/v2\/media?parent=2958"}],"wp:term":[{"taxonomy":"product_brand","embeddable":true,"href":"https:\/\/bbdekorandmore.at\/hu\/wp-json\/wp\/v2\/product_brand?post=2958"},{"taxonomy":"product_cat","embeddable":true,"href":"https:\/\/bbdekorandmore.at\/hu\/wp-json\/wp\/v2\/product_cat?post=2958"},{"taxonomy":"product_tag","embeddable":true,"href":"https:\/\/bbdekorandmore.at\/hu\/wp-json\/wp\/v2\/product_tag?post=2958"}],"curies":[{"name":"wp","href":"https:\/\/api.w.org\/{rel}","templated":true}]}}