{"id":2959,"date":"2024-01-30T07:35:34","date_gmt":"2024-01-30T07:35:34","guid":{"rendered":"http:\/\/bbdekorandmore.at\/?post_type=product&#038;p=2959"},"modified":"2025-01-28T07:52:57","modified_gmt":"2025-01-28T07:52:57","slug":"porzellan-eierhalter-mit-hasenmotiv","status":"publish","type":"product","link":"https:\/\/bbdekorandmore.at\/hu\/produkt\/porzellan-eierhalter-mit-hasenmotiv\/","title":{"rendered":"Porcel\u00e1n toj\u00e1start\u00f3 nyuszi mot\u00edvummal"},"content":{"rendered":"<p>Verleihen Sie Ihrem Osterfr\u00fchst\u00fcck eine bezaubernde Note mit unserem exquisiten <strong>Eierhalter aus Porzellan<\/strong>, verziert mit einem entz\u00fcckenden Hasenmotiv. Mit kompakten <strong>Ma\u00dfen von 11&#215;11 cm<\/strong> ist dieser Eierhalter nicht nur funktional, sondern auch ein dekoratives Element f\u00fcr Ihre festliche Oster-Tischdekoration.<\/p>\n<p>Hergestellt aus hochwertigem Porzellan, strahlt dieser Eierhalter nicht nur Eleganz aus, sondern verspricht auch Langlebigkeit und einfache Pflege. Das charmante Hasenmotiv verleiht dem Eierhalter eine festliche Atmosph\u00e4re und setzt einen verspielten Akzent auf Ihrem Ostertisch.<\/p>\n<p>Die pr\u00e4zise Gestaltung des Eierhalters sorgt nicht nur f\u00fcr sicheren Halt Ihrer Eier, sondern pr\u00e4sentiert sie auch auf \u00e4sthetische Weise. Ob als Fr\u00fchst\u00fcckszubeh\u00f6r oder als dekoratives Element w\u00e4hrend Ihrer Osterfeierlichkeiten \u2013 dieser Eierhalter wird zum charmanten Blickfang.<\/p>\n<p>Mit seinem kompakten Design ist dieser Eierhalter auch ideal f\u00fcr den Einsatz auf kleinen Tischen oder als Teil eines festlichen Gedecks. Bringen Sie mit diesem Porzellan-Eierhalter mit Hasenmotiv eine festliche Stimmung in Ihre Ostermorgenroutine.<\/p>\n<p>Bereichern Sie Ihre Osterfeierlichkeiten mit diesem entz\u00fcckenden Porzellan-Eierhalter. Bestellen Sie jetzt und setzen Sie einen stilvollen Akzent auf Ihrem festlichen Osterfr\u00fchst\u00fcck!<\/p>","protected":false},"excerpt":{"rendered":"<p>A <strong>Porzellan-Eierhalter<\/strong> mit niedlichem Hasenmotiv bringt eine zauberhafte Note in Ihr Osterfr\u00fchst\u00fcck. Mit handlichen Ma\u00dfen von 11&#215;11 cm ist dieser Eierhalter nicht nur praktisch, sondern auch eine stilvolle Erg\u00e4nzung f\u00fcr Ihre festliche Tischdekoration. <a class=\"continue\" href=\"https:\/\/bbdekorandmore.at\/hu\/produkt\/porzellan-eierhalter-mit-hasenmotiv\/\">Continue Reading<span> Porcel\u00e1n toj\u00e1start\u00f3 nyuszi mot\u00edvummal<\/span><\/a><\/p>","protected":false},"featured_media":2894,"comment_status":"open","ping_status":"closed","template":"","meta":{"site-sidebar-layout":"default","site-content-layout":"","ast-site-content-layout":"default","site-content-style":"default","site-sidebar-style":"default","ast-global-header-display":"","ast-banner-title-visibility":"","ast-main-header-display":"","ast-hfb-above-header-display":"","ast-hfb-below-header-display":"","ast-hfb-mobile-header-display":"","site-post-title":"","ast-breadcrumbs-content":"","ast-featured-img":"","footer-sml-layout":"","ast-disable-related-posts":"","theme-transparent-header-meta":"default","adv-header-id-meta":"","stick-header-meta":"","header-above-stick-meta":"","header-main-stick-meta":"","header-below-stick-meta":"","astra-migrate-meta-layouts":"set","ast-page-background-enabled":"default","ast-page-background-meta":{"desktop":{"background-color":"var(--ast-global-color-4)","background-image":"","background-repeat":"repeat","background-position":"center center","background-size":"auto","background-attachment":"scroll","background-type":"","background-media":"","overlay-type":"","overlay-color":"","overlay-opacity":"","overlay-gradient":""},"tablet":{"background-color":"","background-image":"","background-repeat":"repeat","background-position":"center center","background-size":"auto","background-attachment":"scroll","background-type":"","background-media":"","overlay-type":"","overlay-color":"","overlay-opacity":"","overlay-gradient":""},"mobile":{"background-color":"","background-image":"","background-repeat":"repeat","background-position":"center center","background-size":"auto","background-attachment":"scroll","background-type":"","background-media":"","overlay-type":"","overlay-color":"","overlay-opacity":"","overlay-gradient":""}},"ast-content-background-meta":{"desktop":{"background-color":"var(--ast-global-color-5)","background-image":"","background-repeat":"repeat","background-position":"center center","background-size":"auto","background-attachment":"scroll","background-type":"","background-media":"","overlay-type":"","overlay-color":"","overlay-opacity":"","overlay-gradient":""},"tablet":{"background-color":"var(--ast-global-color-5)","background-image":"","background-repeat":"repeat","background-position":"center center","background-size":"auto","background-attachment":"scroll","background-type":"","background-media":"","overlay-type":"","overlay-color":"","overlay-opacity":"","overlay-gradient":""},"mobile":{"background-color":"var(--ast-global-color-5)","background-image":"","background-repeat":"repeat","background-position":"center center","background-size":"auto","background-attachment":"scroll","background-type":"","background-media":"","overlay-type":"","overlay-color":"","overlay-opacity":"","overlay-gradient":""}}},"product_brand":[],"product_cat":[23,472],"product_tag":[197,453,194,196],"class_list":{"0":"post-2959","1":"product","2":"type-product","3":"status-publish","4":"has-post-thumbnail","6":"product_cat-ostern","7":"product_cat-accessories","8":"product_tag-dekoration-ostern","9":"product_tag-eierhalter","10":"product_tag-ostern","11":"product_tag-ostern-deko","12":"tm-no-options","13":"desktop-align-left","14":"tablet-align-left","15":"mobile-align-left","17":"first","18":"outofstock","19":"shipping-taxable","20":"purchasable","21":"product-type-simple"},"_links":{"self":[{"href":"https:\/\/bbdekorandmore.at\/hu\/wp-json\/wp\/v2\/product\/2959","targetHints":{"allow":["GET"]}}],"collection":[{"href":"https:\/\/bbdekorandmore.at\/hu\/wp-json\/wp\/v2\/product"}],"about":[{"href":"https:\/\/bbdekorandmore.at\/hu\/wp-json\/wp\/v2\/types\/product"}],"replies":[{"embeddable":true,"href":"https:\/\/bbdekorandmore.at\/hu\/wp-json\/wp\/v2\/comments?post=2959"}],"wp:featuredmedia":[{"embeddable":true,"href":"https:\/\/bbdekorandmore.at\/hu\/wp-json\/wp\/v2\/media\/2894"}],"wp:attachment":[{"href":"https:\/\/bbdekorandmore.at\/hu\/wp-json\/wp\/v2\/media?parent=2959"}],"wp:term":[{"taxonomy":"product_brand","embeddable":true,"href":"https:\/\/bbdekorandmore.at\/hu\/wp-json\/wp\/v2\/product_brand?post=2959"},{"taxonomy":"product_cat","embeddable":true,"href":"https:\/\/bbdekorandmore.at\/hu\/wp-json\/wp\/v2\/product_cat?post=2959"},{"taxonomy":"product_tag","embeddable":true,"href":"https:\/\/bbdekorandmore.at\/hu\/wp-json\/wp\/v2\/product_tag?post=2959"}],"curies":[{"name":"wp","href":"https:\/\/api.w.org\/{rel}","templated":true}]}}