{"id":2973,"date":"2024-01-30T08:40:13","date_gmt":"2024-01-30T08:40:13","guid":{"rendered":"http:\/\/bbdekorandmore.at\/?post_type=product&#038;p=2973"},"modified":"2024-09-20T06:28:16","modified_gmt":"2024-09-20T06:28:16","slug":"tanzhasen-osternfigur","status":"publish","type":"product","link":"https:\/\/bbdekorandmore.at\/hu\/produkt\/tanzhasen-osternfigur\/","title":{"rendered":"T\u00e1ncol\u00f3 nyuszi h\u00fasv\u00e9ti figura"},"content":{"rendered":"<p>Dobja fel h\u00fasv\u00e9ti dekor\u00e1ci\u00f3j\u00e1t im\u00e1dnival\u00f3 t\u00e1ncol\u00f3 nyuszi h\u00fasv\u00e9ti figur\u00e1nkkal, amely polirezinb\u0151l k\u00e9sz\u00fclt: egy szeretettel megtervezett nyuszimami, aki boldogan t\u00e1ncol k\u00e9t kis nyuszival. A 9x6x22 cm-es m\u00e9ret\u0171 figura nemcsak b\u00e1jos szemet gy\u00f6ny\u00f6rk\u00f6dtet\u0151, hanem a vid\u00e1m h\u00fasv\u00e9ti var\u00e1zslat kifejez\u0151je is lesz otthon\u00e1ban.<\/p>\n<p>Ennek a h\u00fasv\u00e9ti figur\u00e1nak a r\u00e9szletes kialak\u00edt\u00e1sa \u00e9l\u00e9nk sz\u00ednt visz a jelenetbe. A nyuszimama vid\u00e1man t\u00e1ncol a kis nyulakkal, a polirezin anyag finom r\u00e9szletei pedig vonz\u00f3 text\u00far\u00e1t \u00e9s egy csipetnyi eleganci\u00e1t k\u00f6lcs\u00f6n\u00f6znek a figur\u00e1nak.<\/p>\n<p>A kiv\u00e1l\u00f3 min\u0151s\u00e9g\u0171 polirezin kivitel nemcsak hiteles megjelen\u00e9st, hanem hossz\u00fa \u00e9lettartamot \u00e9s k\u00f6nny\u0171 \u00e1pol\u00e1st is biztos\u00edt. Ak\u00e1r egy polcon, ak\u00e1r asztali dekor\u00e1ci\u00f3k\u00e9nt vagy egy h\u00fasv\u00e9ti kos\u00e1r \u00fcnnepi elemek\u00e9nt - ez a figura j\u00e1t\u00e9kos, m\u00e9gis st\u00edlusos hangs\u00falyt ad.<\/p>\n<p>A 9x6x22 cm-es m\u00e9reteknek k\u00f6sz\u00f6nhet\u0151en ez a h\u00fasv\u00e9ti figura sokoldal\u00faan felhaszn\u00e1lhat\u00f3, \u00e9s t\u00f6k\u00e9letesen illik a legk\u00fcl\u00f6nb\u00f6z\u0151bb h\u00fasv\u00e9ti \u00f6ssze\u00e1ll\u00edt\u00e1sokhoz. Adjon otthon\u00e1nak vid\u00e1m h\u00fasv\u00e9ti hangulatot ezzel a b\u00e1jos polirezin h\u00fasv\u00e9ti figur\u00e1val.<\/p>\n<p>Rendeld meg most, \u00e9s keltsd \u00e9letre a h\u00fasv\u00e9ti dekor\u00e1ci\u00f3dat a t\u00e1ncol\u00f3 mami nyuszival \u00e9s a kis nyulakkal!<\/p>","protected":false},"excerpt":{"rendered":"<p>K\u00f6sz\u00f6ntse a tavaszt a mi csod\u00e1latos <strong>T\u00e1ncol\u00f3 nyuszi h\u00fasv\u00e9ti figura<\/strong> polirezinb\u0151l k\u00e9sz\u00fclt - var\u00e1zslatos l\u00e1tv\u00e1ny, melyben a nyuszimami boldogan t\u00e1ncol a k\u00e9t kis nyuszival. A <strong>9x6x22 cm-es<\/strong> figura nemcsak b\u00e1jos szemet gy\u00f6ny\u00f6rk\u00f6dtet\u0151, hanem a vid\u00e1m h\u00fasv\u00e9ti var\u00e1zslat kifejez\u0151je is otthon\u00e1ban.<\/p>\n<p><strong>M\u00e1rka:<\/strong> Clayre &amp;Eef <a class=\"continue\" href=\"https:\/\/bbdekorandmore.at\/hu\/produkt\/tanzhasen-osternfigur\/\">Continue Reading<span> T\u00e1ncol\u00f3 nyuszi h\u00fasv\u00e9ti figura<\/span><\/a><\/p>","protected":false},"featured_media":2945,"comment_status":"open","ping_status":"closed","template":"","meta":{"site-sidebar-layout":"default","site-content-layout":"","ast-site-content-layout":"default","site-content-style":"default","site-sidebar-style":"default","ast-global-header-display":"","ast-banner-title-visibility":"","ast-main-header-display":"","ast-hfb-above-header-display":"","ast-hfb-below-header-display":"","ast-hfb-mobile-header-display":"","site-post-title":"","ast-breadcrumbs-content":"","ast-featured-img":"","footer-sml-layout":"","ast-disable-related-posts":"","theme-transparent-header-meta":"default","adv-header-id-meta":"","stick-header-meta":"","header-above-stick-meta":"","header-main-stick-meta":"","header-below-stick-meta":"","astra-migrate-meta-layouts":"set","ast-page-background-enabled":"default","ast-page-background-meta":{"desktop":{"background-color":"var(--ast-global-color-4)","background-image":"","background-repeat":"repeat","background-position":"center center","background-size":"auto","background-attachment":"scroll","background-type":"","background-media":"","overlay-type":"","overlay-color":"","overlay-opacity":"","overlay-gradient":""},"tablet":{"background-color":"","background-image":"","background-repeat":"repeat","background-position":"center center","background-size":"auto","background-attachment":"scroll","background-type":"","background-media":"","overlay-type":"","overlay-color":"","overlay-opacity":"","overlay-gradient":""},"mobile":{"background-color":"","background-image":"","background-repeat":"repeat","background-position":"center center","background-size":"auto","background-attachment":"scroll","background-type":"","background-media":"","overlay-type":"","overlay-color":"","overlay-opacity":"","overlay-gradient":""}},"ast-content-background-meta":{"desktop":{"background-color":"var(--ast-global-color-5)","background-image":"","background-repeat":"repeat","background-position":"center center","background-size":"auto","background-attachment":"scroll","background-type":"","background-media":"","overlay-type":"","overlay-color":"","overlay-opacity":"","overlay-gradient":""},"tablet":{"background-color":"var(--ast-global-color-5)","background-image":"","background-repeat":"repeat","background-position":"center center","background-size":"auto","background-attachment":"scroll","background-type":"","background-media":"","overlay-type":"","overlay-color":"","overlay-opacity":"","overlay-gradient":""},"mobile":{"background-color":"var(--ast-global-color-5)","background-image":"","background-repeat":"repeat","background-position":"center center","background-size":"auto","background-attachment":"scroll","background-type":"","background-media":"","overlay-type":"","overlay-color":"","overlay-opacity":"","overlay-gradient":""}}},"product_brand":[],"product_cat":[23,470],"product_tag":[197,194,196,459,199,67],"class_list":{"0":"post-2973","1":"product","2":"type-product","3":"status-publish","4":"has-post-thumbnail","6":"product_cat-ostern","7":"product_cat-figuren-ostern","8":"product_tag-dekoration-ostern","9":"product_tag-ostern","10":"product_tag-ostern-deko","11":"product_tag-ostern-hasenfiguren","12":"product_tag-osterndekoration","13":"product_tag-polyresin-figuren","14":"tm-no-options","15":"desktop-align-left","16":"tablet-align-left","17":"mobile-align-left","19":"first","20":"outofstock","21":"shipping-taxable","22":"purchasable","23":"product-type-simple"},"_links":{"self":[{"href":"https:\/\/bbdekorandmore.at\/hu\/wp-json\/wp\/v2\/product\/2973","targetHints":{"allow":["GET"]}}],"collection":[{"href":"https:\/\/bbdekorandmore.at\/hu\/wp-json\/wp\/v2\/product"}],"about":[{"href":"https:\/\/bbdekorandmore.at\/hu\/wp-json\/wp\/v2\/types\/product"}],"replies":[{"embeddable":true,"href":"https:\/\/bbdekorandmore.at\/hu\/wp-json\/wp\/v2\/comments?post=2973"}],"wp:featuredmedia":[{"embeddable":true,"href":"https:\/\/bbdekorandmore.at\/hu\/wp-json\/wp\/v2\/media\/2945"}],"wp:attachment":[{"href":"https:\/\/bbdekorandmore.at\/hu\/wp-json\/wp\/v2\/media?parent=2973"}],"wp:term":[{"taxonomy":"product_brand","embeddable":true,"href":"https:\/\/bbdekorandmore.at\/hu\/wp-json\/wp\/v2\/product_brand?post=2973"},{"taxonomy":"product_cat","embeddable":true,"href":"https:\/\/bbdekorandmore.at\/hu\/wp-json\/wp\/v2\/product_cat?post=2973"},{"taxonomy":"product_tag","embeddable":true,"href":"https:\/\/bbdekorandmore.at\/hu\/wp-json\/wp\/v2\/product_tag?post=2973"}],"curies":[{"name":"wp","href":"https:\/\/api.w.org\/{rel}","templated":true}]}}