{"id":2976,"date":"2024-01-30T08:58:09","date_gmt":"2024-01-30T08:58:09","guid":{"rendered":"http:\/\/bbdekorandmore.at\/?post_type=product&#038;p=2976"},"modified":"2026-03-30T20:24:33","modified_gmt":"2026-03-30T20:24:33","slug":"hasenfigur-auf-motorrad","status":"publish","type":"product","link":"https:\/\/bbdekorandmore.at\/hu\/produkt\/hasenfigur-auf-motorrad\/","title":{"rendered":"Nyuszi figura motorker\u00e9kp\u00e1ron"},"content":{"rendered":"<p>Dobja fel dekor\u00e1ci\u00f3j\u00e1t egyedi, motoros nyuszi figur\u00e1nkkal, amely nem szokv\u00e1nyos, m\u00e9gis karizmatikus elem, \u00e9s nemcsak h\u00fasv\u00e9ti hangulatot, hanem egy csipetnyi kalandot is hoz otthon\u00e1ba. A 12x5x14 cm-es m\u00e9ret\u00e9vel ez a figura nemcsak kompakt, hanem b\u00e1jos szemet gy\u00f6ny\u00f6rk\u00f6dtet\u0151 is.<\/p>\n<p>A polirezin ny\u00falfigura r\u00e9szletes kialak\u00edt\u00e1sa \u00e9l\u00e9nk dinamik\u00e1t k\u00f6lcs\u00f6n\u00f6z a jelenetnek. A motorker\u00e9kp\u00e1ron \u00fcl\u0151 nyuszi vag\u00e1ny p\u00f3z\u00e1val a vid\u00e1m h\u00fasv\u00e9ti var\u00e1zslat b\u00e1jos kifejez\u0151j\u00e9v\u00e9 \u00e9s egy csipetnyi humoros kalandv\u00e1gy\u00f3v\u00e1 v\u00e1lik.<\/p>\n<p>A polirezin anyag nemcsak hiteles megjelen\u00e9st biztos\u00edt finom r\u00e9szletekkel, hanem hossz\u00fa \u00e9lettartamot \u00e9s k\u00f6nny\u0171 \u00e1pol\u00e1st is. Ak\u00e1r szemet gy\u00f6ny\u00f6rk\u00f6dtet\u0151 d\u00edsz\u00edt\u0151elemk\u00e9nt a polcon, ak\u00e1r eredeti asztali dekor\u00e1ci\u00f3k\u00e9nt, ak\u00e1r aj\u00e1nd\u00e9kk\u00e9nt a motorker\u00e9kp\u00e1rok szerelmeseinek - ez a figura j\u00e1t\u00e9kos \u00e9s st\u00edlusos hangs\u00falyt ad.<\/p>\n<p>A 12x5x14 cm-es kompakt m\u00e9reteknek k\u00f6sz\u00f6nhet\u0151en ez a motorker\u00e9kp\u00e1ros nyuszifigura sokoldal\u00faan haszn\u00e1lhat\u00f3, \u00e9s t\u00f6k\u00e9letesen illik a legk\u00fcl\u00f6nf\u00e9l\u00e9bb h\u00fasv\u00e9ti dekor\u00e1ci\u00f3khoz. Dobja fel a vid\u00e1ms\u00e1g arc\u00e1t otthon\u00e1ban, \u00e9s rendelje meg most ezt a b\u00e1jos nyuszi figur\u00e1t, hogy a h\u00fasv\u00e9ti var\u00e1zslatot a k\u00f6vetkez\u0151 szintre emelje!<\/p>","protected":false},"excerpt":{"rendered":"<p>Egyedi <strong>Nyuszi figura motorker\u00e9kp\u00e1ron<\/strong> poligyant\u00e1b\u00f3l k\u00e9sz\u00fclt. Kompakt kivitelben <strong>12x5x14 cm-es m\u00e9rettel<\/strong> Ez a nyuszi vag\u00e1ny p\u00f3zban, motoron \u00fclve mutatja meg mag\u00e1t, \u00edgy laza szemet gy\u00f6ny\u00f6rk\u00f6dtet\u0151 \u00e9s a vid\u00e1m h\u00fasv\u00e9ti var\u00e1zslat kifejez\u0151je lesz otthonodban.<\/p>\n<p><strong>M\u00e1rka:<\/strong> Clayre &amp;Eef <a class=\"continue\" href=\"https:\/\/bbdekorandmore.at\/hu\/produkt\/hasenfigur-auf-motorrad\/\">Continue Reading<span> Nyuszi figura motorker\u00e9kp\u00e1ron<\/span><\/a><\/p>","protected":false},"featured_media":2905,"comment_status":"open","ping_status":"closed","template":"","meta":{"site-sidebar-layout":"default","site-content-layout":"","ast-site-content-layout":"default","site-content-style":"default","site-sidebar-style":"default","ast-global-header-display":"","ast-banner-title-visibility":"","ast-main-header-display":"","ast-hfb-above-header-display":"","ast-hfb-below-header-display":"","ast-hfb-mobile-header-display":"","site-post-title":"","ast-breadcrumbs-content":"","ast-featured-img":"","footer-sml-layout":"","ast-disable-related-posts":"","theme-transparent-header-meta":"default","adv-header-id-meta":"","stick-header-meta":"","header-above-stick-meta":"","header-main-stick-meta":"","header-below-stick-meta":"","astra-migrate-meta-layouts":"set","ast-page-background-enabled":"default","ast-page-background-meta":{"desktop":{"background-color":"var(--ast-global-color-4)","background-image":"","background-repeat":"repeat","background-position":"center center","background-size":"auto","background-attachment":"scroll","background-type":"","background-media":"","overlay-type":"","overlay-color":"","overlay-opacity":"","overlay-gradient":""},"tablet":{"background-color":"","background-image":"","background-repeat":"repeat","background-position":"center center","background-size":"auto","background-attachment":"scroll","background-type":"","background-media":"","overlay-type":"","overlay-color":"","overlay-opacity":"","overlay-gradient":""},"mobile":{"background-color":"","background-image":"","background-repeat":"repeat","background-position":"center center","background-size":"auto","background-attachment":"scroll","background-type":"","background-media":"","overlay-type":"","overlay-color":"","overlay-opacity":"","overlay-gradient":""}},"ast-content-background-meta":{"desktop":{"background-color":"var(--ast-global-color-5)","background-image":"","background-repeat":"repeat","background-position":"center center","background-size":"auto","background-attachment":"scroll","background-type":"","background-media":"","overlay-type":"","overlay-color":"","overlay-opacity":"","overlay-gradient":""},"tablet":{"background-color":"var(--ast-global-color-5)","background-image":"","background-repeat":"repeat","background-position":"center center","background-size":"auto","background-attachment":"scroll","background-type":"","background-media":"","overlay-type":"","overlay-color":"","overlay-opacity":"","overlay-gradient":""},"mobile":{"background-color":"var(--ast-global-color-5)","background-image":"","background-repeat":"repeat","background-position":"center center","background-size":"auto","background-attachment":"scroll","background-type":"","background-media":"","overlay-type":"","overlay-color":"","overlay-opacity":"","overlay-gradient":""}}},"product_brand":[],"product_cat":[23,470],"product_tag":[197,458,194,196,459,199],"class_list":{"0":"post-2976","1":"product","2":"type-product","3":"status-publish","4":"has-post-thumbnail","6":"product_cat-ostern","7":"product_cat-figuren-ostern","8":"product_tag-dekoration-ostern","9":"product_tag-hasenfiguren-fur-ostern","10":"product_tag-ostern","11":"product_tag-ostern-deko","12":"product_tag-ostern-hasenfiguren","13":"product_tag-osterndekoration","14":"tm-no-options","15":"desktop-align-left","16":"tablet-align-left","17":"mobile-align-left","19":"first","20":"outofstock","21":"shipping-taxable","22":"purchasable","23":"product-type-simple"},"_links":{"self":[{"href":"https:\/\/bbdekorandmore.at\/hu\/wp-json\/wp\/v2\/product\/2976","targetHints":{"allow":["GET"]}}],"collection":[{"href":"https:\/\/bbdekorandmore.at\/hu\/wp-json\/wp\/v2\/product"}],"about":[{"href":"https:\/\/bbdekorandmore.at\/hu\/wp-json\/wp\/v2\/types\/product"}],"replies":[{"embeddable":true,"href":"https:\/\/bbdekorandmore.at\/hu\/wp-json\/wp\/v2\/comments?post=2976"}],"wp:featuredmedia":[{"embeddable":true,"href":"https:\/\/bbdekorandmore.at\/hu\/wp-json\/wp\/v2\/media\/2905"}],"wp:attachment":[{"href":"https:\/\/bbdekorandmore.at\/hu\/wp-json\/wp\/v2\/media?parent=2976"}],"wp:term":[{"taxonomy":"product_brand","embeddable":true,"href":"https:\/\/bbdekorandmore.at\/hu\/wp-json\/wp\/v2\/product_brand?post=2976"},{"taxonomy":"product_cat","embeddable":true,"href":"https:\/\/bbdekorandmore.at\/hu\/wp-json\/wp\/v2\/product_cat?post=2976"},{"taxonomy":"product_tag","embeddable":true,"href":"https:\/\/bbdekorandmore.at\/hu\/wp-json\/wp\/v2\/product_tag?post=2976"}],"curies":[{"name":"wp","href":"https:\/\/api.w.org\/{rel}","templated":true}]}}