{"id":2979,"date":"2024-01-30T10:23:21","date_gmt":"2024-01-30T10:23:21","guid":{"rendered":"http:\/\/bbdekorandmore.at\/?post_type=product&#038;p=2979"},"modified":"2025-04-15T05:39:08","modified_gmt":"2025-04-15T05:39:08","slug":"kaninchenfigur-mit-regenschirm","status":"publish","type":"product","link":"https:\/\/bbdekorandmore.at\/hu\/produkt\/kaninchenfigur-mit-regenschirm\/","title":{"rendered":"Nyuszi figura eserny\u0151vel"},"content":{"rendered":"<p data-sourcepos=\"3:1-3:24\">Term\u00e9kle\u00edr\u00e1s:<\/p>\n<p data-sourcepos=\"5:1-5:307\">Adjon otthon\u00e1nak b\u00e1jos \u00e9s vid\u00e1m jelleget a Clayre &amp; Eef var\u00e1zslatos ny\u00fal figur\u00e1j\u00e1val eserny\u0151vel. A kiv\u00e1l\u00f3 min\u0151s\u00e9g\u0171 polirezin figura leny\u0171g\u00f6z\u0151en r\u00e9szletes kialak\u00edt\u00e1s\u00e1val \u00e9s szeretetteljes r\u00e9szleteivel harmonikus hangulatot teremt otthon\u00e1ban.<\/p>\n<p data-sourcepos=\"17:1-17:23\">K\u00fcl\u00f6nleges jellemz\u0151k:<\/p>\n<ul data-sourcepos=\"19:1-24:0\">\n<li data-sourcepos=\"19:1-19:161\">St\u00edlusos kialak\u00edt\u00e1s: A r\u00e9szletgazdag figura nosztalgikus diz\u00e1jnj\u00e1val \u00e9s eserny\u0151j\u00e9vel eleg\u00e1ns, m\u00e9gis j\u00e1t\u00e9kos b\u00e1jt sug\u00e1roz.<\/li>\n<li data-sourcepos=\"20:1-20:93\">Kiv\u00e1l\u00f3 min\u0151s\u00e9g\u0171 anyag: A polirezin hossz\u00fa \u00e9lettartam\u00fa \u00e9s k\u00f6nnyen \u00e1polhat\u00f3 figur\u00e1t biztos\u00edt.<\/li>\n<li data-sourcepos=\"21:1-21:126\">Kedves r\u00e9szletek: A finom d\u00edsz\u00edt\u00e9sek \u00e9s a kiv\u00e1l\u00f3 min\u0151s\u00e9g\u0171 kivitelez\u00e9s a term\u00e9kek magas min\u0151s\u00e9g\u00e9r\u0151l tan\u00faskodnak.<\/li>\n<li data-sourcepos=\"22:1-22:109\">Dekorat\u00edv, szemet gy\u00f6ny\u00f6rk\u00f6dtet\u0151: A figura igazi szemet gy\u00f6ny\u00f6rk\u00f6dtet\u0151 b\u00e1rmelyik polcon, kom\u00f3don vagy ablakp\u00e1rk\u00e1nyon.<\/li>\n<li data-sourcepos=\"23:1-24:0\">V\u00e1laszt\u00e1s: V\u00e1lassz a b\u00e1jos ny\u00fal n\u0151 vagy az eleg\u00e1ns ny\u00fal f\u00e9rfi k\u00f6z\u00f6tt.<\/li>\n<\/ul>\n<p data-sourcepos=\"25:1-25:25\">Lehets\u00e9ges felhaszn\u00e1l\u00e1si ter\u00fcletek:<\/p>\n<ul data-sourcepos=\"27:1-29:0\">\n<li data-sourcepos=\"27:1-27:113\">Dekor\u00e1ci\u00f3: A figura ide\u00e1lis a nappalik, el\u0151szob\u00e1k, t\u00e9likertek vagy teraszok d\u00edsz\u00edt\u00e9s\u00e9re.<\/li>\n<li data-sourcepos=\"28:1-29:0\">Aj\u00e1nd\u00e9k: T\u00f6k\u00e9letes aj\u00e1nd\u00e9k bar\u00e1toknak, csal\u00e1dtagoknak \u00e9s a st\u00edlusos otthoni kieg\u00e9sz\u00edt\u0151k \u00e9s \u00e1llatfigur\u00e1k szerelmeseinek.<\/li>\n<\/ul>\n<p data-sourcepos=\"30:1-30:13\">Megjegyz\u00e9sek:<\/p>\n<ul data-sourcepos=\"32:1-33:0\">\n<li data-sourcepos=\"32:1-33:0\">\u00c1pol\u00e1s: A figura nedves ruh\u00e1val let\u00f6r\u00f6lhet\u0151.<\/li>\n<\/ul>","protected":false},"excerpt":{"rendered":"<p>Var\u00e1zsoljon b\u00e1jt otthon\u00e1ba a Clayre &amp; Eef var\u00e1zslatos ny\u00fal figur\u00e1j\u00e1val \u00e9s eserny\u0151j\u00e9vel.<\/p>\n<p>Tov\u00e1bbi inform\u00e1ci\u00f3k:<\/p>\n<ul data-sourcepos=\"9:1-16:0\">\n<li data-sourcepos=\"9:1-9:29\">M\u00e1rka: Clayre &amp;Eef<\/li>\n<li data-sourcepos=\"10:1-10:25\">Anyag: polirezin<\/li>\n<li data-sourcepos=\"11:1-11:18\">M\u00e9ret: 27 cm<\/li>\n<li data-sourcepos=\"12:1-14:19\">Vari\u00e1ci\u00f3k:\n<ul data-sourcepos=\"13:5-14:19\">\n<li data-sourcepos=\"13:5-13:19\">Ny\u00falf\u00e9rfi<\/li>\n<li data-sourcepos=\"14:5-14:19\">Ny\u00fal n\u0151<\/li>\n<\/ul>\n<\/li>\n<li data-sourcepos=\"15:1-16:0\">A csomag tartalma: 1x ny\u00fal figura eserny\u0151vel<\/li>\n<\/ul>\n<p>&nbsp; <a class=\"continue\" href=\"https:\/\/bbdekorandmore.at\/hu\/produkt\/kaninchenfigur-mit-regenschirm\/\">Continue Reading<span> Nyuszi figura eserny\u0151vel<\/span><\/a><\/p>","protected":false},"featured_media":2939,"comment_status":"open","ping_status":"closed","template":"","meta":{"site-sidebar-layout":"default","site-content-layout":"","ast-site-content-layout":"default","site-content-style":"default","site-sidebar-style":"default","ast-global-header-display":"","ast-banner-title-visibility":"","ast-main-header-display":"","ast-hfb-above-header-display":"","ast-hfb-below-header-display":"","ast-hfb-mobile-header-display":"","site-post-title":"","ast-breadcrumbs-content":"","ast-featured-img":"","footer-sml-layout":"","ast-disable-related-posts":"","theme-transparent-header-meta":"default","adv-header-id-meta":"","stick-header-meta":"","header-above-stick-meta":"","header-main-stick-meta":"","header-below-stick-meta":"","astra-migrate-meta-layouts":"set","ast-page-background-enabled":"default","ast-page-background-meta":{"desktop":{"background-color":"var(--ast-global-color-4)","background-image":"","background-repeat":"repeat","background-position":"center center","background-size":"auto","background-attachment":"scroll","background-type":"","background-media":"","overlay-type":"","overlay-color":"","overlay-opacity":"","overlay-gradient":""},"tablet":{"background-color":"","background-image":"","background-repeat":"repeat","background-position":"center center","background-size":"auto","background-attachment":"scroll","background-type":"","background-media":"","overlay-type":"","overlay-color":"","overlay-opacity":"","overlay-gradient":""},"mobile":{"background-color":"","background-image":"","background-repeat":"repeat","background-position":"center center","background-size":"auto","background-attachment":"scroll","background-type":"","background-media":"","overlay-type":"","overlay-color":"","overlay-opacity":"","overlay-gradient":""}},"ast-content-background-meta":{"desktop":{"background-color":"var(--ast-global-color-5)","background-image":"","background-repeat":"repeat","background-position":"center center","background-size":"auto","background-attachment":"scroll","background-type":"","background-media":"","overlay-type":"","overlay-color":"","overlay-opacity":"","overlay-gradient":""},"tablet":{"background-color":"var(--ast-global-color-5)","background-image":"","background-repeat":"repeat","background-position":"center center","background-size":"auto","background-attachment":"scroll","background-type":"","background-media":"","overlay-type":"","overlay-color":"","overlay-opacity":"","overlay-gradient":""},"mobile":{"background-color":"var(--ast-global-color-5)","background-image":"","background-repeat":"repeat","background-position":"center center","background-size":"auto","background-attachment":"scroll","background-type":"","background-media":"","overlay-type":"","overlay-color":"","overlay-opacity":"","overlay-gradient":""}}},"product_brand":[],"product_cat":[23,470],"product_tag":[197,458,194,196,459,199],"class_list":{"0":"post-2979","1":"product","2":"type-product","3":"status-publish","4":"has-post-thumbnail","6":"product_cat-ostern","7":"product_cat-figuren-ostern","8":"product_tag-dekoration-ostern","9":"product_tag-hasenfiguren-fur-ostern","10":"product_tag-ostern","11":"product_tag-ostern-deko","12":"product_tag-ostern-hasenfiguren","13":"product_tag-osterndekoration","14":"tm-no-options","15":"desktop-align-left","16":"tablet-align-left","17":"mobile-align-left","19":"first","20":"outofstock","21":"shipping-taxable","22":"purchasable","23":"product-type-variable"},"_links":{"self":[{"href":"https:\/\/bbdekorandmore.at\/hu\/wp-json\/wp\/v2\/product\/2979","targetHints":{"allow":["GET"]}}],"collection":[{"href":"https:\/\/bbdekorandmore.at\/hu\/wp-json\/wp\/v2\/product"}],"about":[{"href":"https:\/\/bbdekorandmore.at\/hu\/wp-json\/wp\/v2\/types\/product"}],"replies":[{"embeddable":true,"href":"https:\/\/bbdekorandmore.at\/hu\/wp-json\/wp\/v2\/comments?post=2979"}],"wp:featuredmedia":[{"embeddable":true,"href":"https:\/\/bbdekorandmore.at\/hu\/wp-json\/wp\/v2\/media\/2939"}],"wp:attachment":[{"href":"https:\/\/bbdekorandmore.at\/hu\/wp-json\/wp\/v2\/media?parent=2979"}],"wp:term":[{"taxonomy":"product_brand","embeddable":true,"href":"https:\/\/bbdekorandmore.at\/hu\/wp-json\/wp\/v2\/product_brand?post=2979"},{"taxonomy":"product_cat","embeddable":true,"href":"https:\/\/bbdekorandmore.at\/hu\/wp-json\/wp\/v2\/product_cat?post=2979"},{"taxonomy":"product_tag","embeddable":true,"href":"https:\/\/bbdekorandmore.at\/hu\/wp-json\/wp\/v2\/product_tag?post=2979"}],"curies":[{"name":"wp","href":"https:\/\/api.w.org\/{rel}","templated":true}]}}