{"id":2982,"date":"2024-01-30T10:36:05","date_gmt":"2024-01-30T10:36:05","guid":{"rendered":"http:\/\/bbdekorandmore.at\/?post_type=product&#038;p=2982"},"modified":"2025-03-29T14:03:42","modified_gmt":"2025-03-29T14:03:42","slug":"mamahase-mit-kind-figur","status":"publish","type":"product","link":"https:\/\/bbdekorandmore.at\/hu\/produkt\/mamahase-mit-kind-figur\/","title":{"rendered":"Nyuszi mama \u00e9s kisnyuszi figura"},"content":{"rendered":"<p>Dobja fel otthon\u00e1t a tavaszt \u00e9s a h\u00fasv\u00e9t \u00f6r\u00f6m\u00e9t megtestes\u00edt\u0151, im\u00e1dnival\u00f3 polirezin nyuszimama \u00e9s gyermek figur\u00e1kkal. Ezek a szeretettel megtervezett figur\u00e1k h\u00e1rom b\u00e1jos jelenetben kaphat\u00f3k:<\/p>\n<ol>\n<li><strong>A nyuszimami meg\u00f6leli a kis nyuszit (9x8x17 cm):<\/strong> Ebben a gyeng\u00e9d jelenetben a nyuszimama szeretettel \u00f6leli mag\u00e1hoz kis nyuszij\u00e1t, sz\u00edvmelenget\u0151 k\u00f6tel\u00e9ket teremtve anya \u00e9s gyermeke k\u00f6z\u00f6tt.<\/li>\n<li><strong>A nyuszimama a kez\u00e9ben tartja a kis nyuszit (8x7x19 cm):<\/strong> Var\u00e1zslatos jelenet, amelyben a nyuszimami gyeng\u00e9den a mancs\u00e1ban tartja a kis nyuszit, hogy megv\u00e9dje \u00e9s szeresse \u0151t.<\/li>\n<li><strong>Nyuszi mama \u00e9s eserny\u0151t tart\u00f3 gyermek (8x5x12 cm):<\/strong> Ebben a j\u00e1t\u00e9kos jelenetben nyuszimama \u00e9s kis nyula megosztoznak egy eserny\u0151n, amely nemcsak az es\u0151t\u0151l v\u00e9di meg \u0151ket, hanem a meleg csal\u00e1di k\u00f6tel\u00e9ket is szimboliz\u00e1lja.<\/li>\n<\/ol>\n<p>A kiv\u00e1l\u00f3 min\u0151s\u00e9g\u0171 polirezin figur\u00e1k minden jelenetnek hiteles megjelen\u00e9st k\u00f6lcs\u00f6n\u00f6znek, finom r\u00e9szletekkel. Ak\u00e1r egy polcon, ak\u00e1r \u00fcnnepi asztali dekor\u00e1ci\u00f3k\u00e9nt, ak\u00e1r sz\u00edvmelenget\u0151 szemet gy\u00f6ny\u00f6rk\u00f6dtet\u0151k\u00e9nt a gyerekszob\u00e1ban - ezek a figur\u00e1k vid\u00e1m \u00e9s st\u00edlusos hangs\u00falyt adnak.<\/p>\n<p>A k\u00fcl\u00f6nb\u00f6z\u0151 m\u00e9ret\u0171 figur\u00e1k sokoldal\u00faan felhaszn\u00e1lhat\u00f3k, \u00e9s a legk\u00fcl\u00f6nf\u00e9l\u00e9bb h\u00fasv\u00e9ti \u00f6ssze\u00e1ll\u00edt\u00e1sokhoz t\u00f6k\u00e9letesek. Hozza be otthon\u00e1ba a h\u00fasv\u00e9t var\u00e1zs\u00e1t, \u00e9s rendelje meg ezeket az im\u00e1dnival\u00f3 mama nyuszi gyermekkel figur\u00e1kat most!<\/p>","protected":false},"excerpt":{"rendered":"<p><strong style=\"font-size: 16px; font-style: normal;\">Nyuszi mama \u00e9s kisnyuszi figura<\/strong><span style=\"font-size: 16px;\">\u00a0poligyant\u00e1b\u00f3l k\u00e9sz\u00fclt. Ezek a b\u00e1jos jelenetek a tavasz melegs\u00e9g\u00e9t \u00e9s \u00f6r\u00f6m\u00e9t testes\u00edtik meg k\u00fcl\u00f6nb\u00f6z\u0151 m\u00f3don:<\/span><\/p>\n<ol>\n<li>Mami nyuszi \u00f6lelgeti a kis nyuszit (9x8x17 cm)<\/li>\n<li>Nyuszi mama a kez\u00e9ben tartja a kis nyuszit (8x7x19 cm)<\/li>\n<li>Nyuszi mama \u00e9s eserny\u0151t tart\u00f3 gyermek (8x5x12 cm)<\/li>\n<\/ol>\n<p>M\u00e1rka: Clayre &amp;Eef <a class=\"continue\" href=\"https:\/\/bbdekorandmore.at\/hu\/produkt\/mamahase-mit-kind-figur\/\">Continue Reading<span> Nyuszi mama \u00e9s kisnyuszi figura<\/span><\/a><\/p>","protected":false},"featured_media":2891,"comment_status":"open","ping_status":"closed","template":"","meta":{"site-sidebar-layout":"default","site-content-layout":"","ast-site-content-layout":"default","site-content-style":"default","site-sidebar-style":"default","ast-global-header-display":"","ast-banner-title-visibility":"","ast-main-header-display":"","ast-hfb-above-header-display":"","ast-hfb-below-header-display":"","ast-hfb-mobile-header-display":"","site-post-title":"","ast-breadcrumbs-content":"","ast-featured-img":"","footer-sml-layout":"","ast-disable-related-posts":"","theme-transparent-header-meta":"default","adv-header-id-meta":"","stick-header-meta":"","header-above-stick-meta":"","header-main-stick-meta":"","header-below-stick-meta":"","astra-migrate-meta-layouts":"set","ast-page-background-enabled":"default","ast-page-background-meta":{"desktop":{"background-color":"var(--ast-global-color-4)","background-image":"","background-repeat":"repeat","background-position":"center center","background-size":"auto","background-attachment":"scroll","background-type":"","background-media":"","overlay-type":"","overlay-color":"","overlay-opacity":"","overlay-gradient":""},"tablet":{"background-color":"","background-image":"","background-repeat":"repeat","background-position":"center center","background-size":"auto","background-attachment":"scroll","background-type":"","background-media":"","overlay-type":"","overlay-color":"","overlay-opacity":"","overlay-gradient":""},"mobile":{"background-color":"","background-image":"","background-repeat":"repeat","background-position":"center center","background-size":"auto","background-attachment":"scroll","background-type":"","background-media":"","overlay-type":"","overlay-color":"","overlay-opacity":"","overlay-gradient":""}},"ast-content-background-meta":{"desktop":{"background-color":"var(--ast-global-color-5)","background-image":"","background-repeat":"repeat","background-position":"center center","background-size":"auto","background-attachment":"scroll","background-type":"","background-media":"","overlay-type":"","overlay-color":"","overlay-opacity":"","overlay-gradient":""},"tablet":{"background-color":"var(--ast-global-color-5)","background-image":"","background-repeat":"repeat","background-position":"center center","background-size":"auto","background-attachment":"scroll","background-type":"","background-media":"","overlay-type":"","overlay-color":"","overlay-opacity":"","overlay-gradient":""},"mobile":{"background-color":"var(--ast-global-color-5)","background-image":"","background-repeat":"repeat","background-position":"center center","background-size":"auto","background-attachment":"scroll","background-type":"","background-media":"","overlay-type":"","overlay-color":"","overlay-opacity":"","overlay-gradient":""}}},"product_brand":[],"product_cat":[23,470],"product_tag":[197,458,194,196,459,199],"class_list":{"0":"post-2982","1":"product","2":"type-product","3":"status-publish","4":"has-post-thumbnail","6":"product_cat-ostern","7":"product_cat-figuren-ostern","8":"product_tag-dekoration-ostern","9":"product_tag-hasenfiguren-fur-ostern","10":"product_tag-ostern","11":"product_tag-ostern-deko","12":"product_tag-ostern-hasenfiguren","13":"product_tag-osterndekoration","14":"tm-no-options","15":"desktop-align-left","16":"tablet-align-left","17":"mobile-align-left","19":"first","20":"instock","21":"shipping-taxable","22":"purchasable","23":"product-type-variable"},"_links":{"self":[{"href":"https:\/\/bbdekorandmore.at\/hu\/wp-json\/wp\/v2\/product\/2982","targetHints":{"allow":["GET"]}}],"collection":[{"href":"https:\/\/bbdekorandmore.at\/hu\/wp-json\/wp\/v2\/product"}],"about":[{"href":"https:\/\/bbdekorandmore.at\/hu\/wp-json\/wp\/v2\/types\/product"}],"replies":[{"embeddable":true,"href":"https:\/\/bbdekorandmore.at\/hu\/wp-json\/wp\/v2\/comments?post=2982"}],"wp:featuredmedia":[{"embeddable":true,"href":"https:\/\/bbdekorandmore.at\/hu\/wp-json\/wp\/v2\/media\/2891"}],"wp:attachment":[{"href":"https:\/\/bbdekorandmore.at\/hu\/wp-json\/wp\/v2\/media?parent=2982"}],"wp:term":[{"taxonomy":"product_brand","embeddable":true,"href":"https:\/\/bbdekorandmore.at\/hu\/wp-json\/wp\/v2\/product_brand?post=2982"},{"taxonomy":"product_cat","embeddable":true,"href":"https:\/\/bbdekorandmore.at\/hu\/wp-json\/wp\/v2\/product_cat?post=2982"},{"taxonomy":"product_tag","embeddable":true,"href":"https:\/\/bbdekorandmore.at\/hu\/wp-json\/wp\/v2\/product_tag?post=2982"}],"curies":[{"name":"wp","href":"https:\/\/api.w.org\/{rel}","templated":true}]}}