{"id":2986,"date":"2024-01-30T10:41:41","date_gmt":"2024-01-30T10:41:41","guid":{"rendered":"http:\/\/bbdekorandmore.at\/?post_type=product&#038;p=2986"},"modified":"2025-02-20T08:38:50","modified_gmt":"2025-02-20T08:38:50","slug":"kaninchenfigur-mit-blumenstraus","status":"publish","type":"product","link":"https:\/\/bbdekorandmore.at\/hu\/produkt\/kaninchenfigur-mit-blumenstraus\/","title":{"rendered":"Ny\u00fal figura vir\u00e1gcsokorral"},"content":{"rendered":"<p>Hozzon egy csipetnyi tavaszt otthon\u00e1ba a var\u00e1zslatos ny\u00falfigur\u00e1val, amely egy csokor vir\u00e1ggal van d\u00edsz\u00edtve, \u00e9s polirezinb\u0151l k\u00e9sz\u00fclt. A 11x6x12 cm-es kompakt m\u00e9retekkel ez a figura nem csak elb\u0171v\u00f6l\u0151 szemet gy\u00f6ny\u00f6rk\u00f6dtet\u0151, hanem a vid\u00e1m h\u00fasv\u00e9ti var\u00e1zslat kifejez\u0151je is.<\/p>\n<p>A szeretettel megtervezett polirezin ny\u00falfigura egy aranyos nyulat \u00e1br\u00e1zol, kez\u00e9ben egy sz\u00ednes vir\u00e1gcsokorral. Az egyedi megjelen\u00e9s finom r\u00e9szletekkel \u00e9s a polirezin anyag kiv\u00e1l\u00f3 min\u0151s\u00e9g\u0171 kivitelez\u00e9s\u00e9vel a figura meleg, \u00e9lettel teli megjelen\u00e9st k\u00f6lcs\u00f6n\u00f6z sz\u00e1m\u00e1ra.<\/p>\n<p>Ak\u00e1r egy polcon, ak\u00e1r \u00fcnnepi asztali d\u00edszk\u00e9nt, ak\u00e1r egy h\u00fasv\u00e9ti kos\u00e1r j\u00e1t\u00e9kos d\u00edszek\u00e9nt - ez a figura vid\u00e1m \u00e9s st\u00edlusos megjelen\u00e9st biztos\u00edt. Kompakt m\u00e9reteinek k\u00f6sz\u00f6nhet\u0151en sokoldal\u00faan felhaszn\u00e1lhat\u00f3, \u00e9s a legk\u00fcl\u00f6nf\u00e9l\u00e9bb h\u00fasv\u00e9ti \u00f6ssze\u00e1ll\u00edt\u00e1sokhoz t\u00f6k\u00e9letes.<\/p>\n<p>Terjessze a tavasz friss \u00f6r\u00f6m\u00e9t ezzel a vir\u00e1gcsokros ny\u00falfigur\u00e1val. Rendelje meg most, \u00e9s hozza el a h\u00fasv\u00e9t var\u00e1zs\u00e1t otthon\u00e1ba egy kis vir\u00e1gpomp\u00e1val!<\/p>","protected":false},"excerpt":{"rendered":"<p>Im\u00e1dnival\u00f3 <strong>Ny\u00fal figura vir\u00e1gcsokorral<\/strong> poligyant\u00e1b\u00f3l k\u00e9sz\u00fclt. A kompakt <strong>11x6x12 cm-es<\/strong> figura nem csak egy aranyos szemet gy\u00f6ny\u00f6rk\u00f6dtet\u0151 d\u00edsz, hanem t\u00f6k\u00e9letes kieg\u00e9sz\u00edt\u0151je is a h\u00fasv\u00e9ti dekor\u00e1ci\u00f3 feldob\u00e1s\u00e1hoz.<\/p>\n<p>M\u00e1rka: Clayre &amp;Eef <a class=\"continue\" href=\"https:\/\/bbdekorandmore.at\/hu\/produkt\/kaninchenfigur-mit-blumenstraus\/\">Continue Reading<span> Ny\u00fal figura vir\u00e1gcsokorral<\/span><\/a><\/p>","protected":false},"featured_media":2911,"comment_status":"open","ping_status":"closed","template":"","meta":{"site-sidebar-layout":"default","site-content-layout":"","ast-site-content-layout":"default","site-content-style":"default","site-sidebar-style":"default","ast-global-header-display":"","ast-banner-title-visibility":"","ast-main-header-display":"","ast-hfb-above-header-display":"","ast-hfb-below-header-display":"","ast-hfb-mobile-header-display":"","site-post-title":"","ast-breadcrumbs-content":"","ast-featured-img":"","footer-sml-layout":"","ast-disable-related-posts":"","theme-transparent-header-meta":"default","adv-header-id-meta":"","stick-header-meta":"","header-above-stick-meta":"","header-main-stick-meta":"","header-below-stick-meta":"","astra-migrate-meta-layouts":"set","ast-page-background-enabled":"default","ast-page-background-meta":{"desktop":{"background-color":"var(--ast-global-color-4)","background-image":"","background-repeat":"repeat","background-position":"center center","background-size":"auto","background-attachment":"scroll","background-type":"","background-media":"","overlay-type":"","overlay-color":"","overlay-opacity":"","overlay-gradient":""},"tablet":{"background-color":"","background-image":"","background-repeat":"repeat","background-position":"center center","background-size":"auto","background-attachment":"scroll","background-type":"","background-media":"","overlay-type":"","overlay-color":"","overlay-opacity":"","overlay-gradient":""},"mobile":{"background-color":"","background-image":"","background-repeat":"repeat","background-position":"center center","background-size":"auto","background-attachment":"scroll","background-type":"","background-media":"","overlay-type":"","overlay-color":"","overlay-opacity":"","overlay-gradient":""}},"ast-content-background-meta":{"desktop":{"background-color":"var(--ast-global-color-5)","background-image":"","background-repeat":"repeat","background-position":"center center","background-size":"auto","background-attachment":"scroll","background-type":"","background-media":"","overlay-type":"","overlay-color":"","overlay-opacity":"","overlay-gradient":""},"tablet":{"background-color":"var(--ast-global-color-5)","background-image":"","background-repeat":"repeat","background-position":"center center","background-size":"auto","background-attachment":"scroll","background-type":"","background-media":"","overlay-type":"","overlay-color":"","overlay-opacity":"","overlay-gradient":""},"mobile":{"background-color":"var(--ast-global-color-5)","background-image":"","background-repeat":"repeat","background-position":"center center","background-size":"auto","background-attachment":"scroll","background-type":"","background-media":"","overlay-type":"","overlay-color":"","overlay-opacity":"","overlay-gradient":""}}},"product_brand":[],"product_cat":[23,470],"product_tag":[197,458,194,196,459,199],"class_list":{"0":"post-2986","1":"product","2":"type-product","3":"status-publish","4":"has-post-thumbnail","6":"product_cat-ostern","7":"product_cat-figuren-ostern","8":"product_tag-dekoration-ostern","9":"product_tag-hasenfiguren-fur-ostern","10":"product_tag-ostern","11":"product_tag-ostern-deko","12":"product_tag-ostern-hasenfiguren","13":"product_tag-osterndekoration","14":"tm-no-options","15":"desktop-align-left","16":"tablet-align-left","17":"mobile-align-left","19":"first","20":"instock","21":"shipping-taxable","22":"purchasable","23":"product-type-simple"},"_links":{"self":[{"href":"https:\/\/bbdekorandmore.at\/hu\/wp-json\/wp\/v2\/product\/2986","targetHints":{"allow":["GET"]}}],"collection":[{"href":"https:\/\/bbdekorandmore.at\/hu\/wp-json\/wp\/v2\/product"}],"about":[{"href":"https:\/\/bbdekorandmore.at\/hu\/wp-json\/wp\/v2\/types\/product"}],"replies":[{"embeddable":true,"href":"https:\/\/bbdekorandmore.at\/hu\/wp-json\/wp\/v2\/comments?post=2986"}],"wp:featuredmedia":[{"embeddable":true,"href":"https:\/\/bbdekorandmore.at\/hu\/wp-json\/wp\/v2\/media\/2911"}],"wp:attachment":[{"href":"https:\/\/bbdekorandmore.at\/hu\/wp-json\/wp\/v2\/media?parent=2986"}],"wp:term":[{"taxonomy":"product_brand","embeddable":true,"href":"https:\/\/bbdekorandmore.at\/hu\/wp-json\/wp\/v2\/product_brand?post=2986"},{"taxonomy":"product_cat","embeddable":true,"href":"https:\/\/bbdekorandmore.at\/hu\/wp-json\/wp\/v2\/product_cat?post=2986"},{"taxonomy":"product_tag","embeddable":true,"href":"https:\/\/bbdekorandmore.at\/hu\/wp-json\/wp\/v2\/product_tag?post=2986"}],"curies":[{"name":"wp","href":"https:\/\/api.w.org\/{rel}","templated":true}]}}