{"id":2987,"date":"2024-01-30T10:47:21","date_gmt":"2024-01-30T10:47:21","guid":{"rendered":"http:\/\/bbdekorandmore.at\/?post_type=product&#038;p=2987"},"modified":"2024-02-12T13:24:47","modified_gmt":"2024-02-12T13:24:47","slug":"vogelfigur-im-ei","status":"publish","type":"product","link":"https:\/\/bbdekorandmore.at\/hu\/produkt\/vogelfigur-im-ei\/","title":{"rendered":"Mad\u00e1r figura toj\u00e1sban"},"content":{"rendered":"<p>\u00c9breszd fel a tavaszt a var\u00e1zslatos mad\u00e1rfigur\u00e1nkkal, amely egy polirezin toj\u00e1sban van. A 8x7x7 cm-es kompakt m\u00e9retekkel ez a figura nem csak elb\u0171v\u00f6l\u0151 szemet gy\u00f6ny\u00f6rk\u00f6dtet\u0151, hanem a vid\u00e1m h\u00fasv\u00e9ti var\u00e1zslat kifejez\u0151je is otthon\u00e1ban.<\/p>\n<p>A szeretettel megtervezett mad\u00e1rfigura egy toj\u00e1sban \u00fcl\u0151 aranyos madarat \u00e1br\u00e1zol, amely a tavasz var\u00e1zs\u00e1t id\u00e9zi. Az eredeti megjelen\u00e9s finom r\u00e9szleteivel \u00e9s a polirezin anyag kiv\u00e1l\u00f3 min\u0151s\u00e9g\u0171 kivitelez\u00e9s\u00e9vel meleg \u00e9s \u00e9l\u00e9nk megjelen\u00e9st k\u00f6lcs\u00f6n\u00f6z a figur\u00e1nak.<\/p>\n<p>Ak\u00e1r a polcon, ak\u00e1r \u00fcnnepi asztali d\u00edszk\u00e9nt, ak\u00e1r j\u00e1t\u00e9kos d\u00edszk\u00e9nt a h\u00fasv\u00e9ti kos\u00e1rban - ez a figura vid\u00e1m \u00e9s st\u00edlusos megjelen\u00e9st biztos\u00edt. Kompakt m\u00e9reteinek k\u00f6sz\u00f6nhet\u0151en sokoldal\u00faan felhaszn\u00e1lhat\u00f3 \u00e9s ide\u00e1lis a legk\u00fcl\u00f6nf\u00e9l\u00e9bb h\u00fasv\u00e9ti \u00f6ssze\u00e1ll\u00edt\u00e1sokhoz.<\/p>\n<p>Hozd be a tavasz var\u00e1zs\u00e1t otthonodba ezzel a toj\u00e1sban l\u00e9v\u0151 mad\u00e1rfigur\u00e1val. Rendeljen most, \u00e9s hagyja, hogy a h\u00fasv\u00e9t var\u00e1zsa bet\u00f6ltse szob\u00e1j\u00e1t ezzel az aranyos mad\u00e1rk\u00e1val!<\/p>","protected":false},"excerpt":{"rendered":"<p>Im\u00e1dnival\u00f3 <strong>Mad\u00e1r figura toj\u00e1sban<\/strong> poligyant\u00e1b\u00f3l k\u00e9sz\u00fclt. A kompakt <strong>8x7x7 cm-es m\u00e9ret<\/strong> teszi ezt a figur\u00e1t nemcsak aranyos szemet gy\u00f6ny\u00f6rk\u00f6dtet\u0151v\u00e9, hanem a h\u00fasv\u00e9ti dekor\u00e1ci\u00f3 t\u00f6k\u00e9letes tavaszi kieg\u00e9sz\u00edt\u0151j\u00e9v\u00e9 is.<\/p>\n<p>M\u00e1rka: Clayre &amp;Eef <a class=\"continue\" href=\"https:\/\/bbdekorandmore.at\/hu\/produkt\/vogelfigur-im-ei\/\">Continue Reading<span> Mad\u00e1r figura toj\u00e1sban<\/span><\/a><\/p>","protected":false},"featured_media":2893,"comment_status":"open","ping_status":"closed","template":"","meta":{"site-sidebar-layout":"default","site-content-layout":"","ast-site-content-layout":"default","site-content-style":"default","site-sidebar-style":"default","ast-global-header-display":"","ast-banner-title-visibility":"","ast-main-header-display":"","ast-hfb-above-header-display":"","ast-hfb-below-header-display":"","ast-hfb-mobile-header-display":"","site-post-title":"","ast-breadcrumbs-content":"","ast-featured-img":"","footer-sml-layout":"","ast-disable-related-posts":"","theme-transparent-header-meta":"default","adv-header-id-meta":"","stick-header-meta":"","header-above-stick-meta":"","header-main-stick-meta":"","header-below-stick-meta":"","astra-migrate-meta-layouts":"set","ast-page-background-enabled":"default","ast-page-background-meta":{"desktop":{"background-color":"var(--ast-global-color-4)","background-image":"","background-repeat":"repeat","background-position":"center center","background-size":"auto","background-attachment":"scroll","background-type":"","background-media":"","overlay-type":"","overlay-color":"","overlay-opacity":"","overlay-gradient":""},"tablet":{"background-color":"","background-image":"","background-repeat":"repeat","background-position":"center center","background-size":"auto","background-attachment":"scroll","background-type":"","background-media":"","overlay-type":"","overlay-color":"","overlay-opacity":"","overlay-gradient":""},"mobile":{"background-color":"","background-image":"","background-repeat":"repeat","background-position":"center center","background-size":"auto","background-attachment":"scroll","background-type":"","background-media":"","overlay-type":"","overlay-color":"","overlay-opacity":"","overlay-gradient":""}},"ast-content-background-meta":{"desktop":{"background-color":"var(--ast-global-color-5)","background-image":"","background-repeat":"repeat","background-position":"center center","background-size":"auto","background-attachment":"scroll","background-type":"","background-media":"","overlay-type":"","overlay-color":"","overlay-opacity":"","overlay-gradient":""},"tablet":{"background-color":"var(--ast-global-color-5)","background-image":"","background-repeat":"repeat","background-position":"center center","background-size":"auto","background-attachment":"scroll","background-type":"","background-media":"","overlay-type":"","overlay-color":"","overlay-opacity":"","overlay-gradient":""},"mobile":{"background-color":"var(--ast-global-color-5)","background-image":"","background-repeat":"repeat","background-position":"center center","background-size":"auto","background-attachment":"scroll","background-type":"","background-media":"","overlay-type":"","overlay-color":"","overlay-opacity":"","overlay-gradient":""}}},"product_brand":[],"product_cat":[23,470],"product_tag":[197,194,196,199],"class_list":{"0":"post-2987","1":"product","2":"type-product","3":"status-publish","4":"has-post-thumbnail","6":"product_cat-ostern","7":"product_cat-figuren-ostern","8":"product_tag-dekoration-ostern","9":"product_tag-ostern","10":"product_tag-ostern-deko","11":"product_tag-osterndekoration","12":"tm-no-options","13":"desktop-align-left","14":"tablet-align-left","15":"mobile-align-left","17":"first","18":"instock","19":"shipping-taxable","20":"purchasable","21":"product-type-simple"},"_links":{"self":[{"href":"https:\/\/bbdekorandmore.at\/hu\/wp-json\/wp\/v2\/product\/2987","targetHints":{"allow":["GET"]}}],"collection":[{"href":"https:\/\/bbdekorandmore.at\/hu\/wp-json\/wp\/v2\/product"}],"about":[{"href":"https:\/\/bbdekorandmore.at\/hu\/wp-json\/wp\/v2\/types\/product"}],"replies":[{"embeddable":true,"href":"https:\/\/bbdekorandmore.at\/hu\/wp-json\/wp\/v2\/comments?post=2987"}],"wp:featuredmedia":[{"embeddable":true,"href":"https:\/\/bbdekorandmore.at\/hu\/wp-json\/wp\/v2\/media\/2893"}],"wp:attachment":[{"href":"https:\/\/bbdekorandmore.at\/hu\/wp-json\/wp\/v2\/media?parent=2987"}],"wp:term":[{"taxonomy":"product_brand","embeddable":true,"href":"https:\/\/bbdekorandmore.at\/hu\/wp-json\/wp\/v2\/product_brand?post=2987"},{"taxonomy":"product_cat","embeddable":true,"href":"https:\/\/bbdekorandmore.at\/hu\/wp-json\/wp\/v2\/product_cat?post=2987"},{"taxonomy":"product_tag","embeddable":true,"href":"https:\/\/bbdekorandmore.at\/hu\/wp-json\/wp\/v2\/product_tag?post=2987"}],"curies":[{"name":"wp","href":"https:\/\/api.w.org\/{rel}","templated":true}]}}