{"id":2988,"date":"2024-01-30T10:51:16","date_gmt":"2024-01-30T10:51:16","guid":{"rendered":"http:\/\/bbdekorandmore.at\/?post_type=product&#038;p=2988"},"modified":"2025-02-20T08:41:20","modified_gmt":"2025-02-20T08:41:20","slug":"kaninchenfigur-im-ei","status":"publish","type":"product","link":"https:\/\/bbdekorandmore.at\/hu\/produkt\/kaninchenfigur-im-ei\/","title":{"rendered":"Ny\u00fal figura toj\u00e1sban"},"content":{"rendered":"<p>Mer\u00fclj\u00f6n el a tavaszban a b\u00e1jos ny\u00falfigur\u00e1nkkal, amely egy polirezin toj\u00e1sban van. Ez a 13 cm-es figura nemcsak b\u00e1jos szemet gy\u00f6ny\u00f6rk\u00f6dtet\u0151, hanem a vid\u00e1m h\u00fasv\u00e9ti var\u00e1zslat kifejez\u0151je is otthon\u00e1ban.<\/p>\n<p>A szeretettel megtervezett ny\u00falfigura egy aranyos nyulat \u00e1br\u00e1zol, aki k\u00e9nyelmesen \u00fcl egy toj\u00e1sban, \u00e9s a tavasz v\u00e1rakoz\u00e1s\u00e1t szimboliz\u00e1lja. Az egyedi megjelen\u00e9s finom r\u00e9szletekkel \u00e9s a polirezin anyag kiv\u00e1l\u00f3 min\u0151s\u00e9g\u0171 kivitelez\u00e9s\u00e9vel a figura meleg \u00e9s \u00e9l\u00e9nk megjelen\u00e9st k\u00f6lcs\u00f6n\u00f6z a figur\u00e1nak.<\/p>\n<p>Ak\u00e1r egy polcon, ak\u00e1r \u00fcnnepi asztali d\u00edszk\u00e9nt, ak\u00e1r egy h\u00fasv\u00e9ti kos\u00e1r j\u00e1t\u00e9kos d\u00edszek\u00e9nt - ez a figura vid\u00e1m \u00e9s st\u00edlusos megjelen\u00e9st biztos\u00edt. Kompakt m\u00e9ret\u00e9nek k\u00f6sz\u00f6nhet\u0151en sokoldal\u00faan felhaszn\u00e1lhat\u00f3 \u00e9s ide\u00e1lis a legk\u00fcl\u00f6nf\u00e9l\u00e9bb h\u00fasv\u00e9ti \u00f6ssze\u00e1ll\u00edt\u00e1sokhoz.<\/p>\n<p>Hozd el a tavasz var\u00e1zs\u00e1t otthonodba ezzel a toj\u00e1sban l\u00e9v\u0151 ny\u00falfigur\u00e1val. Rendelje meg most, \u00e9s hagyja, hogy ez az aranyos kieg\u00e9sz\u00edt\u0151 a h\u00fasv\u00e9t vid\u00e1m hangulat\u00e1ba rep\u00edtse!<\/p>","protected":false},"excerpt":{"rendered":"<p>Im\u00e1dnival\u00f3 <strong>Ny\u00fal figura toj\u00e1sban<\/strong> poligyant\u00e1b\u00f3l k\u00e9sz\u00fclt. Ez a var\u00e1zslatos figura, egy <strong>13 cm-es<\/strong>nemcsak szemet gy\u00f6ny\u00f6rk\u00f6dtet\u0151, hanem a h\u00fasv\u00e9ti dekor\u00e1ci\u00f3 t\u00f6k\u00e9letes kieg\u00e9sz\u00edt\u0151je is.<\/p>\n<p>M\u00e1rka: Clayre &amp;Eef <a class=\"continue\" href=\"https:\/\/bbdekorandmore.at\/hu\/produkt\/kaninchenfigur-im-ei\/\">Continue Reading<span> Ny\u00fal figura toj\u00e1sban<\/span><\/a><\/p>","protected":false},"featured_media":2907,"comment_status":"open","ping_status":"closed","template":"","meta":{"site-sidebar-layout":"default","site-content-layout":"","ast-site-content-layout":"default","site-content-style":"default","site-sidebar-style":"default","ast-global-header-display":"","ast-banner-title-visibility":"","ast-main-header-display":"","ast-hfb-above-header-display":"","ast-hfb-below-header-display":"","ast-hfb-mobile-header-display":"","site-post-title":"","ast-breadcrumbs-content":"","ast-featured-img":"","footer-sml-layout":"","ast-disable-related-posts":"","theme-transparent-header-meta":"default","adv-header-id-meta":"","stick-header-meta":"","header-above-stick-meta":"","header-main-stick-meta":"","header-below-stick-meta":"","astra-migrate-meta-layouts":"set","ast-page-background-enabled":"default","ast-page-background-meta":{"desktop":{"background-color":"var(--ast-global-color-4)","background-image":"","background-repeat":"repeat","background-position":"center center","background-size":"auto","background-attachment":"scroll","background-type":"","background-media":"","overlay-type":"","overlay-color":"","overlay-opacity":"","overlay-gradient":""},"tablet":{"background-color":"","background-image":"","background-repeat":"repeat","background-position":"center center","background-size":"auto","background-attachment":"scroll","background-type":"","background-media":"","overlay-type":"","overlay-color":"","overlay-opacity":"","overlay-gradient":""},"mobile":{"background-color":"","background-image":"","background-repeat":"repeat","background-position":"center center","background-size":"auto","background-attachment":"scroll","background-type":"","background-media":"","overlay-type":"","overlay-color":"","overlay-opacity":"","overlay-gradient":""}},"ast-content-background-meta":{"desktop":{"background-color":"var(--ast-global-color-5)","background-image":"","background-repeat":"repeat","background-position":"center center","background-size":"auto","background-attachment":"scroll","background-type":"","background-media":"","overlay-type":"","overlay-color":"","overlay-opacity":"","overlay-gradient":""},"tablet":{"background-color":"var(--ast-global-color-5)","background-image":"","background-repeat":"repeat","background-position":"center center","background-size":"auto","background-attachment":"scroll","background-type":"","background-media":"","overlay-type":"","overlay-color":"","overlay-opacity":"","overlay-gradient":""},"mobile":{"background-color":"var(--ast-global-color-5)","background-image":"","background-repeat":"repeat","background-position":"center center","background-size":"auto","background-attachment":"scroll","background-type":"","background-media":"","overlay-type":"","overlay-color":"","overlay-opacity":"","overlay-gradient":""}}},"product_brand":[],"product_cat":[23,470],"product_tag":[197,458,194,196,459,199],"class_list":{"0":"post-2988","1":"product","2":"type-product","3":"status-publish","4":"has-post-thumbnail","6":"product_cat-ostern","7":"product_cat-figuren-ostern","8":"product_tag-dekoration-ostern","9":"product_tag-hasenfiguren-fur-ostern","10":"product_tag-ostern","11":"product_tag-ostern-deko","12":"product_tag-ostern-hasenfiguren","13":"product_tag-osterndekoration","14":"tm-no-options","15":"desktop-align-left","16":"tablet-align-left","17":"mobile-align-left","19":"first","20":"instock","21":"shipping-taxable","22":"purchasable","23":"product-type-simple"},"_links":{"self":[{"href":"https:\/\/bbdekorandmore.at\/hu\/wp-json\/wp\/v2\/product\/2988","targetHints":{"allow":["GET"]}}],"collection":[{"href":"https:\/\/bbdekorandmore.at\/hu\/wp-json\/wp\/v2\/product"}],"about":[{"href":"https:\/\/bbdekorandmore.at\/hu\/wp-json\/wp\/v2\/types\/product"}],"replies":[{"embeddable":true,"href":"https:\/\/bbdekorandmore.at\/hu\/wp-json\/wp\/v2\/comments?post=2988"}],"wp:featuredmedia":[{"embeddable":true,"href":"https:\/\/bbdekorandmore.at\/hu\/wp-json\/wp\/v2\/media\/2907"}],"wp:attachment":[{"href":"https:\/\/bbdekorandmore.at\/hu\/wp-json\/wp\/v2\/media?parent=2988"}],"wp:term":[{"taxonomy":"product_brand","embeddable":true,"href":"https:\/\/bbdekorandmore.at\/hu\/wp-json\/wp\/v2\/product_brand?post=2988"},{"taxonomy":"product_cat","embeddable":true,"href":"https:\/\/bbdekorandmore.at\/hu\/wp-json\/wp\/v2\/product_cat?post=2988"},{"taxonomy":"product_tag","embeddable":true,"href":"https:\/\/bbdekorandmore.at\/hu\/wp-json\/wp\/v2\/product_tag?post=2988"}],"curies":[{"name":"wp","href":"https:\/\/api.w.org\/{rel}","templated":true}]}}