{"id":2989,"date":"2024-01-30T11:01:14","date_gmt":"2024-01-30T11:01:14","guid":{"rendered":"http:\/\/bbdekorandmore.at\/?post_type=product&#038;p=2989"},"modified":"2026-03-30T20:25:50","modified_gmt":"2026-03-30T20:25:50","slug":"kaninchfiguren-in-der-tasse","status":"publish","type":"product","link":"https:\/\/bbdekorandmore.at\/hu\/produkt\/kaninchfiguren-in-der-tasse\/","title":{"rendered":"Ny\u00falfigura a cs\u00e9sz\u00e9ben"},"content":{"rendered":"<p data-sourcepos=\"3:1-3:24\">Term\u00e9kle\u00edr\u00e1s:<\/p>\n<p data-sourcepos=\"5:1-5:327\">Verleihen Sie Ihrem Zuhause einen Hauch von Gem\u00fctlichkeit und Charme mit der bezaubernden &#8222;Kaninchenfigur in der Tasse&#8220; der Marke Clayre &amp; Eef. Ein niedliches Kaninchen kuschelt sich in einer Tasse. Diese Figur verspr\u00fcht W\u00e4rme und l\u00e4dt zum Entspannen und Wohlf\u00fchlen ein.<\/p>\n<p data-sourcepos=\"15:1-15:23\">K\u00fcl\u00f6nleges jellemz\u0151k:<\/p>\n<ul data-sourcepos=\"17:1-22:0\">\n<li data-sourcepos=\"17:1-17:102\">Im\u00e1dnival\u00f3 design: A b\u00f6gr\u00e9ben l\u00e9v\u0151 aranyos ny\u00falfigura minden arcra mosolyt csal.<\/li>\n<li data-sourcepos=\"18:1-18:102\">Kiv\u00e1l\u00f3 min\u0151s\u00e9g\u0171 anyagok: A polirezin biztos\u00edtja, hogy a figura robusztus \u00e9s tart\u00f3s legyen.<\/li>\n<li data-sourcepos=\"19:1-19:142\">Kedves r\u00e9szletek: A ny\u00falfigura \u00e9s a b\u00f6gre r\u00e9szletes kialak\u00edt\u00e1sa a Clayre &amp; Eef term\u00e9kek magas min\u0151s\u00e9g\u00e9r\u0151l tan\u00faskodik.<\/li>\n<li data-sourcepos=\"21:1-22:0\">Ide\u00e1lis lak\u00f3terekbe: A figura ide\u00e1lis a nappalik, t\u00e9likertek \u00e9s el\u0151szob\u00e1k d\u00edsz\u00edt\u00e9s\u00e9re.<\/li>\n<\/ul>\n<p data-sourcepos=\"23:1-23:25\">Lehets\u00e9ges felhaszn\u00e1l\u00e1si ter\u00fcletek:<\/p>\n<ul data-sourcepos=\"25:1-28:0\">\n<li data-sourcepos=\"25:1-25:99\">Dekor\u00e1ci\u00f3: A figura ide\u00e1lis nappalik, t\u00e9likertek \u00e9s el\u0151szob\u00e1k d\u00edsz\u00edt\u00e9s\u00e9re.<\/li>\n<li data-sourcepos=\"26:1-26:95\">Aj\u00e1nd\u00e9k: T\u00f6k\u00e9letes aj\u00e1nd\u00e9k \u00e1llatbar\u00e1toknak, bar\u00e1toknak \u00e9s Clayre &amp; Eef rajong\u00f3knak.<\/li>\n<li data-sourcepos=\"27:1-28:0\">Gy\u0171jt\u0151i darab: Ez a figura remek gy\u0171jt\u0151i darab a j\u00e1t\u00e9kos d\u00edsz\u00edt\u0151elemek kedvel\u0151inek.<\/li>\n<\/ul>\n<p data-sourcepos=\"29:1-29:13\">Megjegyz\u00e9sek:<\/p>\n<ul data-sourcepos=\"31:1-33:0\">\n<li data-sourcepos=\"31:1-31:57\">A figura nem alkalmas 3 \u00e9v alatti gyermekek sz\u00e1m\u00e1ra.<\/li>\n<li data-sourcepos=\"32:1-33:0\">Dekor\u00e1ci\u00f3s t\u00e1rgyak - nem j\u00e1t\u00e9kok.<\/li>\n<\/ul>","protected":false},"excerpt":{"rendered":"<p>Ny\u00fal figura egy cs\u00e9sz\u00e9ben. Mer\u00fclj el Clayre &amp; Eef var\u00e1zslatos vil\u00e1g\u00e1ban, \u00e9s hagyd, hogy ez a var\u00e1zslatos figurak\u00e9szlet mennyei utaz\u00e1sra vigyen!<\/p>\n<p>Tov\u00e1bbi inform\u00e1ci\u00f3k:<\/p>\n<ul data-sourcepos=\"9:1-14:0\">\n<li data-sourcepos=\"9:1-9:29\">M\u00e1rka: Clayre &amp;Eef<\/li>\n<li data-sourcepos=\"10:1-10:25\">Anyag: polirezin<\/li>\n<li data-sourcepos=\"11:1-11:26\">Ma\u00dfe: 10 x 8 x 8 cm<\/li>\n<li data-sourcepos=\"12:1-12:17\">Sz\u00edn: Sz\u00ednes<\/li>\n<li data-sourcepos=\"13:1-14:0\">A csomag tartalma: 1x \"Ny\u00fal rep\u00fcl\u0151vel\" figura<\/li>\n<\/ul>\n<p> <a class=\"continue\" href=\"https:\/\/bbdekorandmore.at\/hu\/produkt\/kaninchfiguren-in-der-tasse\/\">Continue Reading<span> Ny\u00falfigura a cs\u00e9sz\u00e9ben<\/span><\/a><\/p>","protected":false},"featured_media":2887,"comment_status":"open","ping_status":"closed","template":"","meta":{"site-sidebar-layout":"default","site-content-layout":"","ast-site-content-layout":"default","site-content-style":"default","site-sidebar-style":"default","ast-global-header-display":"","ast-banner-title-visibility":"","ast-main-header-display":"","ast-hfb-above-header-display":"","ast-hfb-below-header-display":"","ast-hfb-mobile-header-display":"","site-post-title":"","ast-breadcrumbs-content":"","ast-featured-img":"","footer-sml-layout":"","ast-disable-related-posts":"","theme-transparent-header-meta":"default","adv-header-id-meta":"","stick-header-meta":"","header-above-stick-meta":"","header-main-stick-meta":"","header-below-stick-meta":"","astra-migrate-meta-layouts":"set","ast-page-background-enabled":"default","ast-page-background-meta":{"desktop":{"background-color":"var(--ast-global-color-4)","background-image":"","background-repeat":"repeat","background-position":"center center","background-size":"auto","background-attachment":"scroll","background-type":"","background-media":"","overlay-type":"","overlay-color":"","overlay-opacity":"","overlay-gradient":""},"tablet":{"background-color":"","background-image":"","background-repeat":"repeat","background-position":"center center","background-size":"auto","background-attachment":"scroll","background-type":"","background-media":"","overlay-type":"","overlay-color":"","overlay-opacity":"","overlay-gradient":""},"mobile":{"background-color":"","background-image":"","background-repeat":"repeat","background-position":"center center","background-size":"auto","background-attachment":"scroll","background-type":"","background-media":"","overlay-type":"","overlay-color":"","overlay-opacity":"","overlay-gradient":""}},"ast-content-background-meta":{"desktop":{"background-color":"var(--ast-global-color-5)","background-image":"","background-repeat":"repeat","background-position":"center center","background-size":"auto","background-attachment":"scroll","background-type":"","background-media":"","overlay-type":"","overlay-color":"","overlay-opacity":"","overlay-gradient":""},"tablet":{"background-color":"var(--ast-global-color-5)","background-image":"","background-repeat":"repeat","background-position":"center center","background-size":"auto","background-attachment":"scroll","background-type":"","background-media":"","overlay-type":"","overlay-color":"","overlay-opacity":"","overlay-gradient":""},"mobile":{"background-color":"var(--ast-global-color-5)","background-image":"","background-repeat":"repeat","background-position":"center center","background-size":"auto","background-attachment":"scroll","background-type":"","background-media":"","overlay-type":"","overlay-color":"","overlay-opacity":"","overlay-gradient":""}}},"product_brand":[],"product_cat":[23,470],"product_tag":[547,538,569,197,543,542,458,539,194,196,459,199,546,568,561],"class_list":{"0":"post-2989","1":"product","2":"type-product","3":"status-publish","4":"has-post-thumbnail","6":"product_cat-ostern","7":"product_cat-figuren-ostern","8":"product_tag-bunt","9":"product_tag-clayre-eef","10":"product_tag-dekoration","11":"product_tag-dekoration-ostern","12":"product_tag-fruhling","13":"product_tag-geschenk","14":"product_tag-hasenfiguren-fur-ostern","15":"product_tag-kaninchen","16":"product_tag-ostern","17":"product_tag-ostern-deko","18":"product_tag-ostern-hasenfiguren","19":"product_tag-osterndekoration","20":"product_tag-polyresin","21":"product_tag-tasse","22":"product_tag-weis","23":"tm-no-options","24":"desktop-align-left","25":"tablet-align-left","26":"mobile-align-left","28":"first","29":"instock","30":"shipping-taxable","31":"purchasable","32":"product-type-variable"},"_links":{"self":[{"href":"https:\/\/bbdekorandmore.at\/hu\/wp-json\/wp\/v2\/product\/2989","targetHints":{"allow":["GET"]}}],"collection":[{"href":"https:\/\/bbdekorandmore.at\/hu\/wp-json\/wp\/v2\/product"}],"about":[{"href":"https:\/\/bbdekorandmore.at\/hu\/wp-json\/wp\/v2\/types\/product"}],"replies":[{"embeddable":true,"href":"https:\/\/bbdekorandmore.at\/hu\/wp-json\/wp\/v2\/comments?post=2989"}],"wp:featuredmedia":[{"embeddable":true,"href":"https:\/\/bbdekorandmore.at\/hu\/wp-json\/wp\/v2\/media\/2887"}],"wp:attachment":[{"href":"https:\/\/bbdekorandmore.at\/hu\/wp-json\/wp\/v2\/media?parent=2989"}],"wp:term":[{"taxonomy":"product_brand","embeddable":true,"href":"https:\/\/bbdekorandmore.at\/hu\/wp-json\/wp\/v2\/product_brand?post=2989"},{"taxonomy":"product_cat","embeddable":true,"href":"https:\/\/bbdekorandmore.at\/hu\/wp-json\/wp\/v2\/product_cat?post=2989"},{"taxonomy":"product_tag","embeddable":true,"href":"https:\/\/bbdekorandmore.at\/hu\/wp-json\/wp\/v2\/product_tag?post=2989"}],"curies":[{"name":"wp","href":"https:\/\/api.w.org\/{rel}","templated":true}]}}