{"id":2992,"date":"2024-01-30T11:06:16","date_gmt":"2024-01-30T11:06:16","guid":{"rendered":"http:\/\/bbdekorandmore.at\/?post_type=product&#038;p=2992"},"modified":"2025-04-15T05:35:47","modified_gmt":"2025-04-15T05:35:47","slug":"kaninchen-in-der-tasse-beige-rosa","status":"publish","type":"product","link":"https:\/\/bbdekorandmore.at\/hu\/produkt\/kaninchen-in-der-tasse-beige-rosa\/","title":{"rendered":"Ny\u00fal egy cs\u00e9sz\u00e9ben b\u00e9zs-r\u00f3zsasz\u00edn"},"content":{"rendered":"<p>Var\u00e1zsolja var\u00e1zslatoss\u00e1 otthon\u00e1t a kiv\u00e1l\u00f3 min\u0151s\u00e9g\u0171 polirezinb\u0151l k\u00e9sz\u00fclt, var\u00e1zslatos ny\u00fal figur\u00e1val a cs\u00e9sz\u00e9ben. A nagym\u00e9ret\u0171, 8 cm-es figura nemcsak st\u00edlusos szemet gy\u00f6ny\u00f6rk\u00f6dtet\u0151, hanem a vid\u00e1m h\u00fasv\u00e9ti var\u00e1zslat kifejez\u0151je is a nappaliban.<\/p>\n<p>A szeretettel megtervezett ny\u00falfigura kecsesen \u00fcl egy cs\u00e9sz\u00e9ben, \u00e9s meleg \u00e9s \u00e9l\u00e9nk hangulatot sug\u00e1roz. A b\u00e9zs \u00e9s a r\u00f3zsasz\u00edn finom sz\u00ednkombin\u00e1ci\u00f3ja eleg\u00e1ns, m\u00e9gis j\u00e1t\u00e9kos megjelen\u00e9st k\u00f6lcs\u00f6n\u00f6z a figur\u00e1nak. A finom r\u00e9szletek \u00e9s a polirezin anyag kiv\u00e1l\u00f3 min\u0151s\u00e9g\u0171 kivitelez\u00e9se kiemeli ennek a kedves h\u00fasv\u00e9ti dekor\u00e1ci\u00f3nak a min\u0151s\u00e9g\u00e9t.<\/p>\n<p>Helyezze ezt a figur\u00e1t egy polcra, \u00fcnnepi asztali d\u00edszk\u00e9nt vagy j\u00e1t\u00e9kos elemk\u00e9nt egy h\u00fasv\u00e9ti kos\u00e1rba - vid\u00e1m \u00e9s st\u00edlusos hangulatot k\u00f6lcs\u00f6n\u00f6z b\u00e1rmely helyis\u00e9gnek. Nagy m\u00e9retei sokoldal\u00fav\u00e1 teszik, \u00e9s t\u00f6k\u00e9letesen alkalmas a legk\u00fcl\u00f6nf\u00e9l\u00e9bb h\u00fasv\u00e9ti \u00f6ssze\u00e1ll\u00edt\u00e1sokhoz.<\/p>\n<p>Hozd el a tavasz var\u00e1zs\u00e1t otthonodba ezzel a b\u00e9zs \u00e9s r\u00f3zsasz\u00edn cs\u00e9sz\u00e9ben l\u00e9v\u0151 ny\u00falfigur\u00e1val. Rendelje meg most, \u00e9s hagyja, hogy ez az eleg\u00e1ns kieg\u00e9sz\u00edt\u0151 a h\u00fasv\u00e9t vid\u00e1m hangulat\u00e1ba rep\u00edtse!<\/p>","protected":false},"excerpt":{"rendered":"<p>Im\u00e1dnival\u00f3 <strong>Ny\u00falfigura a cs\u00e9sz\u00e9ben<\/strong> b\u00e9zs-r\u00f3zsasz\u00ednben. A nagym\u00e9ret\u0171, 8 cm-es figura nemcsak st\u00edlusos szemet gy\u00f6ny\u00f6rk\u00f6dtet\u0151, hanem a vid\u00e1m h\u00fasv\u00e9ti var\u00e1zslat kifejez\u0151je is otthon\u00e1ban.<\/p>\n<p>M\u00e1rka: Clayre &amp;Eef <a class=\"continue\" href=\"https:\/\/bbdekorandmore.at\/hu\/produkt\/kaninchen-in-der-tasse-beige-rosa\/\">Continue Reading<span> Ny\u00fal egy cs\u00e9sz\u00e9ben b\u00e9zs-r\u00f3zsasz\u00edn<\/span><\/a><\/p>","protected":false},"featured_media":2901,"comment_status":"open","ping_status":"closed","template":"","meta":{"site-sidebar-layout":"default","site-content-layout":"","ast-site-content-layout":"default","site-content-style":"default","site-sidebar-style":"default","ast-global-header-display":"","ast-banner-title-visibility":"","ast-main-header-display":"","ast-hfb-above-header-display":"","ast-hfb-below-header-display":"","ast-hfb-mobile-header-display":"","site-post-title":"","ast-breadcrumbs-content":"","ast-featured-img":"","footer-sml-layout":"","ast-disable-related-posts":"","theme-transparent-header-meta":"default","adv-header-id-meta":"","stick-header-meta":"","header-above-stick-meta":"","header-main-stick-meta":"","header-below-stick-meta":"","astra-migrate-meta-layouts":"set","ast-page-background-enabled":"default","ast-page-background-meta":{"desktop":{"background-color":"var(--ast-global-color-4)","background-image":"","background-repeat":"repeat","background-position":"center center","background-size":"auto","background-attachment":"scroll","background-type":"","background-media":"","overlay-type":"","overlay-color":"","overlay-opacity":"","overlay-gradient":""},"tablet":{"background-color":"","background-image":"","background-repeat":"repeat","background-position":"center center","background-size":"auto","background-attachment":"scroll","background-type":"","background-media":"","overlay-type":"","overlay-color":"","overlay-opacity":"","overlay-gradient":""},"mobile":{"background-color":"","background-image":"","background-repeat":"repeat","background-position":"center center","background-size":"auto","background-attachment":"scroll","background-type":"","background-media":"","overlay-type":"","overlay-color":"","overlay-opacity":"","overlay-gradient":""}},"ast-content-background-meta":{"desktop":{"background-color":"var(--ast-global-color-5)","background-image":"","background-repeat":"repeat","background-position":"center center","background-size":"auto","background-attachment":"scroll","background-type":"","background-media":"","overlay-type":"","overlay-color":"","overlay-opacity":"","overlay-gradient":""},"tablet":{"background-color":"var(--ast-global-color-5)","background-image":"","background-repeat":"repeat","background-position":"center center","background-size":"auto","background-attachment":"scroll","background-type":"","background-media":"","overlay-type":"","overlay-color":"","overlay-opacity":"","overlay-gradient":""},"mobile":{"background-color":"var(--ast-global-color-5)","background-image":"","background-repeat":"repeat","background-position":"center center","background-size":"auto","background-attachment":"scroll","background-type":"","background-media":"","overlay-type":"","overlay-color":"","overlay-opacity":"","overlay-gradient":""}}},"product_brand":[],"product_cat":[23,470],"product_tag":[197,458,194,196,459,199],"class_list":{"0":"post-2992","1":"product","2":"type-product","3":"status-publish","4":"has-post-thumbnail","6":"product_cat-ostern","7":"product_cat-figuren-ostern","8":"product_tag-dekoration-ostern","9":"product_tag-hasenfiguren-fur-ostern","10":"product_tag-ostern","11":"product_tag-ostern-deko","12":"product_tag-ostern-hasenfiguren","13":"product_tag-osterndekoration","14":"tm-no-options","15":"desktop-align-left","16":"tablet-align-left","17":"mobile-align-left","19":"first","20":"instock","21":"shipping-taxable","22":"purchasable","23":"product-type-simple"},"_links":{"self":[{"href":"https:\/\/bbdekorandmore.at\/hu\/wp-json\/wp\/v2\/product\/2992","targetHints":{"allow":["GET"]}}],"collection":[{"href":"https:\/\/bbdekorandmore.at\/hu\/wp-json\/wp\/v2\/product"}],"about":[{"href":"https:\/\/bbdekorandmore.at\/hu\/wp-json\/wp\/v2\/types\/product"}],"replies":[{"embeddable":true,"href":"https:\/\/bbdekorandmore.at\/hu\/wp-json\/wp\/v2\/comments?post=2992"}],"wp:featuredmedia":[{"embeddable":true,"href":"https:\/\/bbdekorandmore.at\/hu\/wp-json\/wp\/v2\/media\/2901"}],"wp:attachment":[{"href":"https:\/\/bbdekorandmore.at\/hu\/wp-json\/wp\/v2\/media?parent=2992"}],"wp:term":[{"taxonomy":"product_brand","embeddable":true,"href":"https:\/\/bbdekorandmore.at\/hu\/wp-json\/wp\/v2\/product_brand?post=2992"},{"taxonomy":"product_cat","embeddable":true,"href":"https:\/\/bbdekorandmore.at\/hu\/wp-json\/wp\/v2\/product_cat?post=2992"},{"taxonomy":"product_tag","embeddable":true,"href":"https:\/\/bbdekorandmore.at\/hu\/wp-json\/wp\/v2\/product_tag?post=2992"}],"curies":[{"name":"wp","href":"https:\/\/api.w.org\/{rel}","templated":true}]}}