{"id":2993,"date":"2024-01-30T11:13:29","date_gmt":"2024-01-30T11:13:29","guid":{"rendered":"http:\/\/bbdekorandmore.at\/?post_type=product&#038;p=2993"},"modified":"2025-02-12T10:31:18","modified_gmt":"2025-02-12T10:31:18","slug":"hangendes-kaninchenfigur-im-ei","status":"publish","type":"product","link":"https:\/\/bbdekorandmore.at\/hu\/produkt\/hangendes-kaninchenfigur-im-ei\/","title":{"rendered":"F\u00fcgg\u0151 ny\u00fal figura toj\u00e1sban"},"content":{"rendered":"<p>Var\u00e1zslatos hangulatot adhat a h\u00fasv\u00e9ti dekor\u00e1ci\u00f3nak az im\u00e1dnival\u00f3, toj\u00e1sban l\u00f3g\u00f3 ny\u00falfigur\u00e1val. Az 5x4x8 cm-es kompakt m\u00e9reteivel ez a figura nemcsak elb\u0171v\u00f6l\u0151 szemet gy\u00f6ny\u00f6rk\u00f6dtet\u0151, hanem a vid\u00e1m h\u00fasv\u00e9ti var\u00e1zslat kifejez\u0151je is lesz otthon\u00e1ban.<\/p>\n<p>A szeretettel megtervezett ny\u00falfigura egy aranyos toj\u00e1sban van elhelyezve, amelyr\u0151l egy v\u00e9kony madzagon l\u00f3g. Ez a j\u00e1t\u00e9kos \u00e1br\u00e1zol\u00e1s a tavasz var\u00e1zs\u00e1t \u00f6r\u00f6k\u00edti meg. A kiv\u00e1l\u00f3 min\u0151s\u00e9g\u0171 kivitelez\u00e9s \u00e9s a finom r\u00e9szletek id\u0151t\u00e1ll\u00f3 h\u00fasv\u00e9ti kieg\u00e9sz\u00edt\u0151v\u00e9 teszik ezt a polirezin figur\u00e1t.<\/p>\n<p>Ak\u00e1r \u00e1gakon l\u00f3g\u00f3 h\u00fasv\u00e9ti dekor\u00e1ci\u00f3k\u00e9nt, ak\u00e1r egy h\u00fasv\u00e9ti csokorban, ak\u00e1r j\u00e1t\u00e9kos r\u00e9szletk\u00e9nt egy ablakban - ez a l\u00f3g\u00f3 ny\u00falfigura vid\u00e1m \u00e9s st\u00edlusos hangs\u00falyt ad a dekor\u00e1ci\u00f3nak. Kompakt m\u00e9reteinek k\u00f6sz\u00f6nhet\u0151en sokoldal\u00faan felhaszn\u00e1lhat\u00f3 \u00e9s ide\u00e1lis a legk\u00fcl\u00f6nf\u00e9l\u00e9bb h\u00fasv\u00e9ti \u00f6ssze\u00e1ll\u00edt\u00e1sokhoz.<\/p>\n<p>Hozd el a tavasz var\u00e1zs\u00e1t otthonodba ezzel a toj\u00e1sban l\u00f3g\u00f3 ny\u00falfigur\u00e1val. Rendelje meg most, \u00e9s hagyja, hogy ez az aranyos kieg\u00e9sz\u00edt\u0151 a h\u00fasv\u00e9t vid\u00e1m hangulat\u00e1ba rep\u00edtse!<\/p>","protected":false},"excerpt":{"rendered":"<p>Im\u00e1dnival\u00f3 <strong>F\u00fcgg\u0151 ny\u00fal figura toj\u00e1sban<\/strong>. Az 5x4x8 cm-es kompakt m\u00e9reteknek k\u00f6sz\u00f6nhet\u0151en ez a figura nemcsak elb\u0171v\u00f6l\u0151 szemet gy\u00f6ny\u00f6rk\u00f6dtet\u0151, hanem a vid\u00e1m h\u00fasv\u00e9ti var\u00e1zslat kifejez\u0151je is.<\/p>\n<p>M\u00e1rka: Clayre &amp;Eef <a class=\"continue\" href=\"https:\/\/bbdekorandmore.at\/hu\/produkt\/hangendes-kaninchenfigur-im-ei\/\">Continue Reading<span> F\u00fcgg\u0151 ny\u00fal figura toj\u00e1sban<\/span><\/a><\/p>","protected":false},"featured_media":2904,"comment_status":"open","ping_status":"closed","template":"","meta":{"site-sidebar-layout":"default","site-content-layout":"","ast-site-content-layout":"default","site-content-style":"default","site-sidebar-style":"default","ast-global-header-display":"","ast-banner-title-visibility":"","ast-main-header-display":"","ast-hfb-above-header-display":"","ast-hfb-below-header-display":"","ast-hfb-mobile-header-display":"","site-post-title":"","ast-breadcrumbs-content":"","ast-featured-img":"","footer-sml-layout":"","ast-disable-related-posts":"","theme-transparent-header-meta":"default","adv-header-id-meta":"","stick-header-meta":"","header-above-stick-meta":"","header-main-stick-meta":"","header-below-stick-meta":"","astra-migrate-meta-layouts":"set","ast-page-background-enabled":"default","ast-page-background-meta":{"desktop":{"background-color":"var(--ast-global-color-4)","background-image":"","background-repeat":"repeat","background-position":"center center","background-size":"auto","background-attachment":"scroll","background-type":"","background-media":"","overlay-type":"","overlay-color":"","overlay-opacity":"","overlay-gradient":""},"tablet":{"background-color":"","background-image":"","background-repeat":"repeat","background-position":"center center","background-size":"auto","background-attachment":"scroll","background-type":"","background-media":"","overlay-type":"","overlay-color":"","overlay-opacity":"","overlay-gradient":""},"mobile":{"background-color":"","background-image":"","background-repeat":"repeat","background-position":"center center","background-size":"auto","background-attachment":"scroll","background-type":"","background-media":"","overlay-type":"","overlay-color":"","overlay-opacity":"","overlay-gradient":""}},"ast-content-background-meta":{"desktop":{"background-color":"var(--ast-global-color-5)","background-image":"","background-repeat":"repeat","background-position":"center center","background-size":"auto","background-attachment":"scroll","background-type":"","background-media":"","overlay-type":"","overlay-color":"","overlay-opacity":"","overlay-gradient":""},"tablet":{"background-color":"var(--ast-global-color-5)","background-image":"","background-repeat":"repeat","background-position":"center center","background-size":"auto","background-attachment":"scroll","background-type":"","background-media":"","overlay-type":"","overlay-color":"","overlay-opacity":"","overlay-gradient":""},"mobile":{"background-color":"var(--ast-global-color-5)","background-image":"","background-repeat":"repeat","background-position":"center center","background-size":"auto","background-attachment":"scroll","background-type":"","background-media":"","overlay-type":"","overlay-color":"","overlay-opacity":"","overlay-gradient":""}}},"product_brand":[],"product_cat":[23,470],"product_tag":[197,458,194,196,459,199],"class_list":{"0":"post-2993","1":"product","2":"type-product","3":"status-publish","4":"has-post-thumbnail","6":"product_cat-ostern","7":"product_cat-figuren-ostern","8":"product_tag-dekoration-ostern","9":"product_tag-hasenfiguren-fur-ostern","10":"product_tag-ostern","11":"product_tag-ostern-deko","12":"product_tag-ostern-hasenfiguren","13":"product_tag-osterndekoration","14":"tm-no-options","15":"desktop-align-left","16":"tablet-align-left","17":"mobile-align-left","19":"first","20":"instock","21":"shipping-taxable","22":"purchasable","23":"product-type-simple"},"_links":{"self":[{"href":"https:\/\/bbdekorandmore.at\/hu\/wp-json\/wp\/v2\/product\/2993","targetHints":{"allow":["GET"]}}],"collection":[{"href":"https:\/\/bbdekorandmore.at\/hu\/wp-json\/wp\/v2\/product"}],"about":[{"href":"https:\/\/bbdekorandmore.at\/hu\/wp-json\/wp\/v2\/types\/product"}],"replies":[{"embeddable":true,"href":"https:\/\/bbdekorandmore.at\/hu\/wp-json\/wp\/v2\/comments?post=2993"}],"wp:featuredmedia":[{"embeddable":true,"href":"https:\/\/bbdekorandmore.at\/hu\/wp-json\/wp\/v2\/media\/2904"}],"wp:attachment":[{"href":"https:\/\/bbdekorandmore.at\/hu\/wp-json\/wp\/v2\/media?parent=2993"}],"wp:term":[{"taxonomy":"product_brand","embeddable":true,"href":"https:\/\/bbdekorandmore.at\/hu\/wp-json\/wp\/v2\/product_brand?post=2993"},{"taxonomy":"product_cat","embeddable":true,"href":"https:\/\/bbdekorandmore.at\/hu\/wp-json\/wp\/v2\/product_cat?post=2993"},{"taxonomy":"product_tag","embeddable":true,"href":"https:\/\/bbdekorandmore.at\/hu\/wp-json\/wp\/v2\/product_tag?post=2993"}],"curies":[{"name":"wp","href":"https:\/\/api.w.org\/{rel}","templated":true}]}}