{"id":2994,"date":"2024-01-30T11:33:18","date_gmt":"2024-01-30T11:33:18","guid":{"rendered":"http:\/\/bbdekorandmore.at\/?post_type=product&#038;p=2994"},"modified":"2026-03-10T19:49:45","modified_gmt":"2026-03-10T19:49:45","slug":"kaninchenfiguren-in-schwarzen-kleid","status":"publish","type":"product","link":"https:\/\/bbdekorandmore.at\/hu\/produkt\/kaninchenfiguren-in-schwarzen-kleid\/","title":{"rendered":"Ny\u00falfigur\u00e1k fekete ruh\u00e1ban"},"content":{"rendered":"<p>\u00c9bressze fel a tavaszt a kiv\u00e1l\u00f3 min\u0151s\u00e9g\u0171 polirezinb\u0151l k\u00e9sz\u00fclt, fekete ruh\u00e1s ny\u00falfigur\u00e1k exkluz\u00edv kollekci\u00f3j\u00e1val. Minden egyes figura egy egyedi m\u0171alkot\u00e1s, amely nemcsak eleganci\u00e1t, hanem vid\u00e1m h\u00fasv\u00e9ti var\u00e1zslatot is hoz otthon\u00e1ba. Az \u00f6t k\u00fcl\u00f6nb\u00f6z\u0151 figura soksz\u00edn\u0171 v\u00e1laszt\u00e9kot k\u00edn\u00e1l h\u00fasv\u00e9ti dekor\u00e1ci\u00f3j\u00e1hoz:<\/p>\n<ol>\n<li><strong>Ny\u00fal f\u00e9rfi k\u00f6nyvvel (7x7x20 cm):<\/strong> Egy eleg\u00e1ns ny\u00fal egy b\u00e1jos fekete ruh\u00e1ban, kez\u00e9ben egy k\u00f6nyvvel. Ez a figura nemcsak dekorat\u00edv, hanem az olvas\u00e1s \u00f6r\u00f6me el\u0151tt is tiszteleg.<\/li>\n<li><strong>Nyuszi n\u0151 toj\u00e1ssal (7x7x20 cm):<\/strong> Egy eleg\u00e1ns nyuszis n\u0151 csinos fekete ruh\u00e1ban, aki egy sz\u00ednes toj\u00e1st mutat. Ez a figura \u00fcnnepi hangulatot k\u00f6lcs\u00f6n\u00f6z a dekor\u00e1ci\u00f3nak.<\/li>\n<li><strong>Nyuszi toj\u00e1szs\u00e1kkal (7x7x20 cm):<\/strong> Egy vonz\u00f3 nyuszi divatos fekete ruh\u00e1ban, kez\u00e9ben egy zs\u00e1k sz\u00ednes toj\u00e1ssal. Ez a figura \u00fcnnepi h\u00fasv\u00e9ti hangulatot teremt.<\/li>\n<li><strong>Nyuszi feh\u00e9r \u00e9s arany toj\u00e1ssal (7x6x20 cm):<\/strong> Egy im\u00e1dnival\u00f3 nyuszi eleg\u00e1ns fekete ruh\u00e1ban, amint egy feh\u00e9r \u00e9s egy arany toj\u00e1st mutat be. Ez a figura luxust \u00e9s st\u00edlust k\u00f6lcs\u00f6n\u00f6z a h\u00fasv\u00e9ti dekor\u00e1ci\u00f3nak.<\/li>\n<li><strong>Nyuszi aranytoj\u00e1ssal (5x5x15 cm):<\/strong> Egy kis nyuszi eleg\u00e1ns fekete ruh\u00e1ban, b\u00fcszk\u00e9n tartja az aranytoj\u00e1st. Ez az apr\u00f3, de elb\u0171v\u00f6l\u0151 figura t\u00f6k\u00e9letesen alkalmas a h\u00fasv\u00e9ti dekor\u00e1ci\u00f3d finom hangs\u00falyoz\u00e1s\u00e1ra.<\/li>\n<\/ol>\n<p>Minden egyes figur\u00e1t apr\u00f3l\u00e9kos r\u00e9szletek \u00e9s kiv\u00e1l\u00f3 min\u0151s\u00e9g\u0171 kivitelez\u00e9s jellemez. Ezek a ny\u00falfigur\u00e1k sokoldal\u00faan felhaszn\u00e1lhat\u00f3ak, \u00e9s ide\u00e1lisak \u00fcnnepi asztali dekor\u00e1ci\u00f3nak, a polcok szemet gy\u00f6ny\u00f6rk\u00f6dtet\u0151 darabjainak vagy a h\u00fasv\u00e9ti kosarak st\u00edlusos d\u00edszek\u00e9nt. Hozza el a h\u00fasv\u00e9t var\u00e1zs\u00e1t otthon\u00e1ba ezzel a b\u00e1jos kollekci\u00f3val. Rendeljen most, \u00e9s tapasztalja meg a h\u00fasv\u00e9t vid\u00e1m \u00e9s st\u00edlusos var\u00e1zs\u00e1t!<\/p>","protected":false},"excerpt":{"rendered":"<p><strong>Ny\u00falfigur\u00e1k fekete ruh\u00e1ban<\/strong> kiv\u00e1l\u00f3 min\u0151s\u00e9g\u0171 polirezinb\u0151l k\u00e9sz\u00fclt. Az egyedi kollekci\u00f3 minden egyes figur\u00e1ja nemcsak st\u00edlust, hanem a tavasz \u00f6r\u00f6m\u00e9t is sug\u00e1rozza. \u00cdme az \u00f6t k\u00fcl\u00f6nb\u00f6z\u0151 figura:<\/p>\n<ol>\n<li>Ny\u00fal f\u00e9rfi k\u00f6nyvvel (7x7x20 cm)<\/li>\n<li>Nyuszi n\u0151 toj\u00e1ssal (7x7x20 cm)<\/li>\n<li>Nyuszi toj\u00e1sos zs\u00e1kkal (7x7x20 cm)<\/li>\n<li>Nyuszi feh\u00e9r \u00e9s arany toj\u00e1ssal (7x6x20 cm)<\/li>\n<li>Nyuszi aranytoj\u00e1ssal (5x5x15 cm)<\/li>\n<\/ol>\n<p>M\u00e1rka: Clayre &amp;Eef <a class=\"continue\" href=\"https:\/\/bbdekorandmore.at\/hu\/produkt\/kaninchenfiguren-in-schwarzen-kleid\/\">Continue Reading<span> Ny\u00falfigur\u00e1k fekete ruh\u00e1ban<\/span><\/a><\/p>","protected":false},"featured_media":2921,"comment_status":"open","ping_status":"closed","template":"","meta":{"site-sidebar-layout":"default","site-content-layout":"","ast-site-content-layout":"default","site-content-style":"default","site-sidebar-style":"default","ast-global-header-display":"","ast-banner-title-visibility":"","ast-main-header-display":"","ast-hfb-above-header-display":"","ast-hfb-below-header-display":"","ast-hfb-mobile-header-display":"","site-post-title":"","ast-breadcrumbs-content":"","ast-featured-img":"","footer-sml-layout":"","ast-disable-related-posts":"","theme-transparent-header-meta":"default","adv-header-id-meta":"","stick-header-meta":"","header-above-stick-meta":"","header-main-stick-meta":"","header-below-stick-meta":"","astra-migrate-meta-layouts":"set","ast-page-background-enabled":"default","ast-page-background-meta":{"desktop":{"background-color":"var(--ast-global-color-4)","background-image":"","background-repeat":"repeat","background-position":"center center","background-size":"auto","background-attachment":"scroll","background-type":"","background-media":"","overlay-type":"","overlay-color":"","overlay-opacity":"","overlay-gradient":""},"tablet":{"background-color":"","background-image":"","background-repeat":"repeat","background-position":"center center","background-size":"auto","background-attachment":"scroll","background-type":"","background-media":"","overlay-type":"","overlay-color":"","overlay-opacity":"","overlay-gradient":""},"mobile":{"background-color":"","background-image":"","background-repeat":"repeat","background-position":"center center","background-size":"auto","background-attachment":"scroll","background-type":"","background-media":"","overlay-type":"","overlay-color":"","overlay-opacity":"","overlay-gradient":""}},"ast-content-background-meta":{"desktop":{"background-color":"var(--ast-global-color-5)","background-image":"","background-repeat":"repeat","background-position":"center center","background-size":"auto","background-attachment":"scroll","background-type":"","background-media":"","overlay-type":"","overlay-color":"","overlay-opacity":"","overlay-gradient":""},"tablet":{"background-color":"var(--ast-global-color-5)","background-image":"","background-repeat":"repeat","background-position":"center center","background-size":"auto","background-attachment":"scroll","background-type":"","background-media":"","overlay-type":"","overlay-color":"","overlay-opacity":"","overlay-gradient":""},"mobile":{"background-color":"var(--ast-global-color-5)","background-image":"","background-repeat":"repeat","background-position":"center center","background-size":"auto","background-attachment":"scroll","background-type":"","background-media":"","overlay-type":"","overlay-color":"","overlay-opacity":"","overlay-gradient":""}}},"product_brand":[],"product_cat":[23,470],"product_tag":[197,458,194,196,459,199],"class_list":{"0":"post-2994","1":"product","2":"type-product","3":"status-publish","4":"has-post-thumbnail","6":"product_cat-ostern","7":"product_cat-figuren-ostern","8":"product_tag-dekoration-ostern","9":"product_tag-hasenfiguren-fur-ostern","10":"product_tag-ostern","11":"product_tag-ostern-deko","12":"product_tag-ostern-hasenfiguren","13":"product_tag-osterndekoration","14":"tm-no-options","15":"desktop-align-left","16":"tablet-align-left","17":"mobile-align-left","19":"first","20":"instock","21":"shipping-taxable","22":"purchasable","23":"product-type-variable"},"_links":{"self":[{"href":"https:\/\/bbdekorandmore.at\/hu\/wp-json\/wp\/v2\/product\/2994","targetHints":{"allow":["GET"]}}],"collection":[{"href":"https:\/\/bbdekorandmore.at\/hu\/wp-json\/wp\/v2\/product"}],"about":[{"href":"https:\/\/bbdekorandmore.at\/hu\/wp-json\/wp\/v2\/types\/product"}],"replies":[{"embeddable":true,"href":"https:\/\/bbdekorandmore.at\/hu\/wp-json\/wp\/v2\/comments?post=2994"}],"wp:featuredmedia":[{"embeddable":true,"href":"https:\/\/bbdekorandmore.at\/hu\/wp-json\/wp\/v2\/media\/2921"}],"wp:attachment":[{"href":"https:\/\/bbdekorandmore.at\/hu\/wp-json\/wp\/v2\/media?parent=2994"}],"wp:term":[{"taxonomy":"product_brand","embeddable":true,"href":"https:\/\/bbdekorandmore.at\/hu\/wp-json\/wp\/v2\/product_brand?post=2994"},{"taxonomy":"product_cat","embeddable":true,"href":"https:\/\/bbdekorandmore.at\/hu\/wp-json\/wp\/v2\/product_cat?post=2994"},{"taxonomy":"product_tag","embeddable":true,"href":"https:\/\/bbdekorandmore.at\/hu\/wp-json\/wp\/v2\/product_tag?post=2994"}],"curies":[{"name":"wp","href":"https:\/\/api.w.org\/{rel}","templated":true}]}}