{"id":3005,"date":"2024-01-30T16:50:01","date_gmt":"2024-01-30T16:50:01","guid":{"rendered":"http:\/\/bbdekorandmore.at\/?post_type=product&#038;p=3005"},"modified":"2024-02-26T21:51:25","modified_gmt":"2024-02-26T21:51:25","slug":"kussende-kaninchenfiguren","status":"publish","type":"product","link":"https:\/\/bbdekorandmore.at\/hu\/produkt\/kussende-kaninchenfiguren\/","title":{"rendered":"Cs\u00f3kol\u00f3z\u00f3 ny\u00fal figur\u00e1k"},"content":{"rendered":"<p>Var\u00e1zsolja otthon\u00e1t romantikus tavaszi hangulatba a kiv\u00e1l\u00f3 min\u0151s\u00e9g\u0171 polirezinb\u0151l k\u00e9sz\u00fclt, elb\u0171v\u00f6l\u0151, cs\u00f3kol\u00f3z\u00f3 ny\u00fal figur\u00e1inkkal. A kompakt, 10x6x10 cm-es m\u00e9retekkel ezek a figur\u00e1k nemcsak elb\u0171v\u00f6l\u0151 szemet gy\u00f6ny\u00f6rk\u00f6dtet\u0151ek, hanem a szerelem \u00e9s a gyeng\u00e9ds\u00e9g szimbolikus kifejez\u0151i is a lak\u00f3t\u00e9rben.<\/p>\n<p>A szeretettel megtervezett ny\u00falfigur\u00e1k egy b\u00e1jos p\u00e1rt \u00e1br\u00e1zolnak, akik gyeng\u00e9d cs\u00f3kot adnak egym\u00e1snak. A kiv\u00e1l\u00f3 min\u0151s\u00e9g\u0171 polirezin anyag hiteles megjelen\u00e9st k\u00f6lcs\u00f6n\u00f6z a figur\u00e1knak, a finom r\u00e9szletek t\u00f6k\u00e9letesen \u00e9rz\u00e9keltetik a romantikus jelenetet.<\/p>\n<p>Ezek a cs\u00f3kol\u00f3z\u00f3 ny\u00fal figur\u00e1k ide\u00e1lisak st\u00edlusos d\u00edsz\u00edt\u00e9sk\u00e9nt a polcon, romantikus elemk\u00e9nt az asztalon vagy j\u00e1t\u00e9kos r\u00e9szletk\u00e9nt a h\u00fasv\u00e9ti kos\u00e1rban. A kompakt m\u00e9retek sokoldal\u00fa elhelyez\u00e9si lehet\u0151s\u00e9geket tesznek lehet\u0151v\u00e9, a romantikus jelenet pedig meleg \u00e9s szeretetteljes hangulatot teremt.<\/p>\n<p>Adj romantikus hangulatot otthonodnak ezekkel az im\u00e1dnival\u00f3, polirezinb\u0151l k\u00e9sz\u00fclt cs\u00f3kol\u00f3z\u00f3 ny\u00fal figur\u00e1kkal. Rendelje meg most, \u00e9s hagyja, hogy ez a kedves kieg\u00e9sz\u00edt\u0151 a h\u00fasv\u00e9t vid\u00e1m hangulat\u00e1ba rep\u00edtse!<\/p>","protected":false},"excerpt":{"rendered":"<p>Elragad\u00f3 <strong>cs\u00f3kol\u00f3z\u00f3 ny\u00fal figur\u00e1k<\/strong> kiv\u00e1l\u00f3 min\u0151s\u00e9g\u0171 polirezinb\u0151l k\u00e9sz\u00fclt. A kompakt <strong>10x6x10 cm-es<\/strong> figur\u00e1k nemcsak elb\u0171v\u00f6l\u0151 l\u00e1tv\u00e1nyt ny\u00fajtanak, hanem a szeretet \u00e9s a gyeng\u00e9ds\u00e9g sz\u00edvmelenget\u0151 szimb\u00f3lumai is a lak\u00f3t\u00e9rben.<\/p>\n<p>M\u00e1rka: Clayre &amp;Eef <a class=\"continue\" href=\"https:\/\/bbdekorandmore.at\/hu\/produkt\/kussende-kaninchenfiguren\/\">Continue Reading<span> Cs\u00f3kol\u00f3z\u00f3 ny\u00fal figur\u00e1k<\/span><\/a><\/p>","protected":false},"featured_media":2933,"comment_status":"open","ping_status":"closed","template":"","meta":{"site-sidebar-layout":"default","site-content-layout":"","ast-site-content-layout":"default","site-content-style":"default","site-sidebar-style":"default","ast-global-header-display":"","ast-banner-title-visibility":"","ast-main-header-display":"","ast-hfb-above-header-display":"","ast-hfb-below-header-display":"","ast-hfb-mobile-header-display":"","site-post-title":"","ast-breadcrumbs-content":"","ast-featured-img":"","footer-sml-layout":"","ast-disable-related-posts":"","theme-transparent-header-meta":"default","adv-header-id-meta":"","stick-header-meta":"","header-above-stick-meta":"","header-main-stick-meta":"","header-below-stick-meta":"","astra-migrate-meta-layouts":"set","ast-page-background-enabled":"default","ast-page-background-meta":{"desktop":{"background-color":"var(--ast-global-color-4)","background-image":"","background-repeat":"repeat","background-position":"center center","background-size":"auto","background-attachment":"scroll","background-type":"","background-media":"","overlay-type":"","overlay-color":"","overlay-opacity":"","overlay-gradient":""},"tablet":{"background-color":"","background-image":"","background-repeat":"repeat","background-position":"center center","background-size":"auto","background-attachment":"scroll","background-type":"","background-media":"","overlay-type":"","overlay-color":"","overlay-opacity":"","overlay-gradient":""},"mobile":{"background-color":"","background-image":"","background-repeat":"repeat","background-position":"center center","background-size":"auto","background-attachment":"scroll","background-type":"","background-media":"","overlay-type":"","overlay-color":"","overlay-opacity":"","overlay-gradient":""}},"ast-content-background-meta":{"desktop":{"background-color":"var(--ast-global-color-5)","background-image":"","background-repeat":"repeat","background-position":"center center","background-size":"auto","background-attachment":"scroll","background-type":"","background-media":"","overlay-type":"","overlay-color":"","overlay-opacity":"","overlay-gradient":""},"tablet":{"background-color":"var(--ast-global-color-5)","background-image":"","background-repeat":"repeat","background-position":"center center","background-size":"auto","background-attachment":"scroll","background-type":"","background-media":"","overlay-type":"","overlay-color":"","overlay-opacity":"","overlay-gradient":""},"mobile":{"background-color":"var(--ast-global-color-5)","background-image":"","background-repeat":"repeat","background-position":"center center","background-size":"auto","background-attachment":"scroll","background-type":"","background-media":"","overlay-type":"","overlay-color":"","overlay-opacity":"","overlay-gradient":""}}},"product_brand":[],"product_cat":[23,470],"product_tag":[197,458,194,196,459,199],"class_list":{"0":"post-3005","1":"product","2":"type-product","3":"status-publish","4":"has-post-thumbnail","6":"product_cat-ostern","7":"product_cat-figuren-ostern","8":"product_tag-dekoration-ostern","9":"product_tag-hasenfiguren-fur-ostern","10":"product_tag-ostern","11":"product_tag-ostern-deko","12":"product_tag-ostern-hasenfiguren","13":"product_tag-osterndekoration","14":"tm-no-options","15":"desktop-align-left","16":"tablet-align-left","17":"mobile-align-left","19":"first","20":"instock","21":"shipping-taxable","22":"purchasable","23":"product-type-simple"},"_links":{"self":[{"href":"https:\/\/bbdekorandmore.at\/hu\/wp-json\/wp\/v2\/product\/3005","targetHints":{"allow":["GET"]}}],"collection":[{"href":"https:\/\/bbdekorandmore.at\/hu\/wp-json\/wp\/v2\/product"}],"about":[{"href":"https:\/\/bbdekorandmore.at\/hu\/wp-json\/wp\/v2\/types\/product"}],"replies":[{"embeddable":true,"href":"https:\/\/bbdekorandmore.at\/hu\/wp-json\/wp\/v2\/comments?post=3005"}],"wp:featuredmedia":[{"embeddable":true,"href":"https:\/\/bbdekorandmore.at\/hu\/wp-json\/wp\/v2\/media\/2933"}],"wp:attachment":[{"href":"https:\/\/bbdekorandmore.at\/hu\/wp-json\/wp\/v2\/media?parent=3005"}],"wp:term":[{"taxonomy":"product_brand","embeddable":true,"href":"https:\/\/bbdekorandmore.at\/hu\/wp-json\/wp\/v2\/product_brand?post=3005"},{"taxonomy":"product_cat","embeddable":true,"href":"https:\/\/bbdekorandmore.at\/hu\/wp-json\/wp\/v2\/product_cat?post=3005"},{"taxonomy":"product_tag","embeddable":true,"href":"https:\/\/bbdekorandmore.at\/hu\/wp-json\/wp\/v2\/product_tag?post=3005"}],"curies":[{"name":"wp","href":"https:\/\/api.w.org\/{rel}","templated":true}]}}