{"id":3007,"date":"2024-01-30T17:02:43","date_gmt":"2024-01-30T17:02:43","guid":{"rendered":"http:\/\/bbdekorandmore.at\/?post_type=product&#038;p=3007"},"modified":"2026-04-16T17:46:12","modified_gmt":"2026-04-16T17:46:12","slug":"hasenfigur-in-der-tasse","status":"publish","type":"product","link":"https:\/\/bbdekorandmore.at\/hu\/produkt\/hasenfigur-in-der-tasse\/","title":{"rendered":"Nyuszi figura cs\u00e9sz\u00e9ben"},"content":{"rendered":"<div class=\"flex-1 overflow-hidden\">\n<div class=\"react-scroll-to-bottom--css-bcuex-79elbk h-full\">\n<div class=\"react-scroll-to-bottom--css-bcuex-1n7m0yu\">\n<div class=\"flex flex-col pb-9 text-sm\">\n<div class=\"w-full text-token-text-primary\" data-testid=\"conversation-turn-119\">\n<div class=\"px-4 py-2 justify-center text-base md:gap-6 m-auto\">\n<div class=\"flex flex-1 text-base mx-auto gap-3 md:px-5 lg:px-1 xl:px-5 md:max-w-3xl lg:max-w-[40rem] xl:max-w-[48rem] group final-completion\">\n<div class=\"relative flex w-full flex-col lg:w-[calc(100%-115px)] agent-turn\">\n<div class=\"flex-col gap-1 md:gap-3\">\n<div class=\"flex flex-grow flex-col max-w-full\">\n<div class=\"min-h-[20px] text-message flex flex-col items-start gap-3 whitespace-pre-wrap break-words [.text-message+&amp;]:mt-5 overflow-x-auto\" data-message-author-role=\"assistant\" data-message-id=\"c5999df8-48bf-4822-8f0b-1168247fdd26\">\n<div class=\"markdown prose w-full break-words dark:prose-invert light\">\n<p>Verleihen Sie Ihrer Osterdekoration eine bezaubernde Note mit unserer entz\u00fcckenden Hasenfigur in der Tasse aus hochwertigem Polyresin. Mit kompakten Ma\u00dfen von 8x7x8 cm wird diese Figur nicht nur zu einem charmanten Blickfang, sondern auch zu einem verspielten Highlight in Ihrem Zuhause.<\/p>\n<p>Die liebevoll gestaltete Hasenfigur zeigt einen niedlichen Hasen, der gem\u00fctlich in einer Tasse sitzt. Das hochwertige Polyresin-Material verleiht der Figur eine authentische Optik mit feinen Details, die die Szene perfekt einfangen.<\/p>\n<p>Platzieren Sie diese Hasenfigur in der Tasse als verspielte Dekoration auf einem Regal, als niedlichen Akzent auf dem Tisch oder als bezauberndes Detail im Osterk\u00f6rbchen. Die kompakten Ma\u00dfe erm\u00f6glichen vielseitige Platzierungsm\u00f6glichkeiten, w\u00e4hrend die charmante Szene eine warme und einladende Atmosph\u00e4re schafft.<\/p>\n<p>Bringen Sie mit dieser entz\u00fcckenden Hasenfigur in der Tasse aus Polyresin eine verspielte Fr\u00f6hlichkeit in Ihr Zuhause. Bestellen Sie jetzt und lassen Sie sich von diesem liebevollen Accessoire in die fr\u00f6hliche Atmosph\u00e4re des Osterfestes entf\u00fchren!<\/p>\n<\/div>\n<\/div>\n<\/div>\n<\/div>\n<\/div>\n<\/div>\n<\/div>\n<\/div>\n<\/div>\n<\/div>\n<\/div>\n<\/div>\n","protected":false},"excerpt":{"rendered":"<p>Im\u00e1dnival\u00f3 <strong>Nyuszi figura cs\u00e9sz\u00e9ben<\/strong> kiv\u00e1l\u00f3 min\u0151s\u00e9g\u0171 polirezinb\u0151l k\u00e9sz\u00fclt. A kompakt <strong>8x7x8 cm-es<\/strong> figura nemcsak b\u00e1jos szemet gy\u00f6ny\u00f6rk\u00f6dtet\u0151, hanem j\u00e1t\u00e9kos sz\u00ednfolt is, amely a tavasz vid\u00e1ms\u00e1g\u00e1t hozza el otthon\u00e1ba.<\/p>\n<p>M\u00e1rka: Clayre &amp;Eef <a class=\"continue\" href=\"https:\/\/bbdekorandmore.at\/hu\/produkt\/hasenfigur-in-der-tasse\/\">Continue Reading<span> Nyuszi figura cs\u00e9sz\u00e9ben<\/span><\/a><\/p>","protected":false},"featured_media":2910,"comment_status":"open","ping_status":"closed","template":"","meta":{"site-sidebar-layout":"default","site-content-layout":"","ast-site-content-layout":"default","site-content-style":"default","site-sidebar-style":"default","ast-global-header-display":"","ast-banner-title-visibility":"","ast-main-header-display":"","ast-hfb-above-header-display":"","ast-hfb-below-header-display":"","ast-hfb-mobile-header-display":"","site-post-title":"","ast-breadcrumbs-content":"","ast-featured-img":"","footer-sml-layout":"","ast-disable-related-posts":"","theme-transparent-header-meta":"default","adv-header-id-meta":"","stick-header-meta":"","header-above-stick-meta":"","header-main-stick-meta":"","header-below-stick-meta":"","astra-migrate-meta-layouts":"set","ast-page-background-enabled":"default","ast-page-background-meta":{"desktop":{"background-color":"var(--ast-global-color-4)","background-image":"","background-repeat":"repeat","background-position":"center center","background-size":"auto","background-attachment":"scroll","background-type":"","background-media":"","overlay-type":"","overlay-color":"","overlay-opacity":"","overlay-gradient":""},"tablet":{"background-color":"","background-image":"","background-repeat":"repeat","background-position":"center center","background-size":"auto","background-attachment":"scroll","background-type":"","background-media":"","overlay-type":"","overlay-color":"","overlay-opacity":"","overlay-gradient":""},"mobile":{"background-color":"","background-image":"","background-repeat":"repeat","background-position":"center center","background-size":"auto","background-attachment":"scroll","background-type":"","background-media":"","overlay-type":"","overlay-color":"","overlay-opacity":"","overlay-gradient":""}},"ast-content-background-meta":{"desktop":{"background-color":"var(--ast-global-color-5)","background-image":"","background-repeat":"repeat","background-position":"center center","background-size":"auto","background-attachment":"scroll","background-type":"","background-media":"","overlay-type":"","overlay-color":"","overlay-opacity":"","overlay-gradient":""},"tablet":{"background-color":"var(--ast-global-color-5)","background-image":"","background-repeat":"repeat","background-position":"center center","background-size":"auto","background-attachment":"scroll","background-type":"","background-media":"","overlay-type":"","overlay-color":"","overlay-opacity":"","overlay-gradient":""},"mobile":{"background-color":"var(--ast-global-color-5)","background-image":"","background-repeat":"repeat","background-position":"center center","background-size":"auto","background-attachment":"scroll","background-type":"","background-media":"","overlay-type":"","overlay-color":"","overlay-opacity":"","overlay-gradient":""}}},"product_brand":[],"product_cat":[23,470],"product_tag":[197,458,194,196,459,199],"class_list":{"0":"post-3007","1":"product","2":"type-product","3":"status-publish","4":"has-post-thumbnail","6":"product_cat-ostern","7":"product_cat-figuren-ostern","8":"product_tag-dekoration-ostern","9":"product_tag-hasenfiguren-fur-ostern","10":"product_tag-ostern","11":"product_tag-ostern-deko","12":"product_tag-ostern-hasenfiguren","13":"product_tag-osterndekoration","14":"tm-no-options","15":"desktop-align-left","16":"tablet-align-left","17":"mobile-align-left","19":"first","20":"instock","21":"shipping-taxable","22":"purchasable","23":"product-type-simple"},"_links":{"self":[{"href":"https:\/\/bbdekorandmore.at\/hu\/wp-json\/wp\/v2\/product\/3007","targetHints":{"allow":["GET"]}}],"collection":[{"href":"https:\/\/bbdekorandmore.at\/hu\/wp-json\/wp\/v2\/product"}],"about":[{"href":"https:\/\/bbdekorandmore.at\/hu\/wp-json\/wp\/v2\/types\/product"}],"replies":[{"embeddable":true,"href":"https:\/\/bbdekorandmore.at\/hu\/wp-json\/wp\/v2\/comments?post=3007"}],"wp:featuredmedia":[{"embeddable":true,"href":"https:\/\/bbdekorandmore.at\/hu\/wp-json\/wp\/v2\/media\/2910"}],"wp:attachment":[{"href":"https:\/\/bbdekorandmore.at\/hu\/wp-json\/wp\/v2\/media?parent=3007"}],"wp:term":[{"taxonomy":"product_brand","embeddable":true,"href":"https:\/\/bbdekorandmore.at\/hu\/wp-json\/wp\/v2\/product_brand?post=3007"},{"taxonomy":"product_cat","embeddable":true,"href":"https:\/\/bbdekorandmore.at\/hu\/wp-json\/wp\/v2\/product_cat?post=3007"},{"taxonomy":"product_tag","embeddable":true,"href":"https:\/\/bbdekorandmore.at\/hu\/wp-json\/wp\/v2\/product_tag?post=3007"}],"curies":[{"name":"wp","href":"https:\/\/api.w.org\/{rel}","templated":true}]}}