{"id":3008,"date":"2024-01-30T17:09:26","date_gmt":"2024-01-30T17:09:26","guid":{"rendered":"http:\/\/bbdekorandmore.at\/?post_type=product&#038;p=3008"},"modified":"2025-01-28T10:04:52","modified_gmt":"2025-01-28T10:04:52","slug":"kaninchen-in-der-schaukel","status":"publish","type":"product","link":"https:\/\/bbdekorandmore.at\/hu\/produkt\/kaninchen-in-der-schaukel\/","title":{"rendered":"Ny\u00fal hint\u00e1ban"},"content":{"rendered":"<p>Adjon otthon\u00e1nak j\u00e1t\u00e9kos hangulatot a kiv\u00e1l\u00f3 min\u0151s\u00e9g\u0171 polirezinb\u0151l k\u00e9sz\u00fclt, elb\u0171v\u00f6l\u0151 ny\u00fal hint\u00e1ban figur\u00e1val. Kompakt, 5x7x10 cm-es m\u00e9reteivel ez a figura nemcsak elb\u0171v\u00f6l\u0151 szemet gy\u00f6ny\u00f6rk\u00f6dtet\u0151, hanem a k\u00f6nnyeds\u00e9g \u00e9s a vid\u00e1ms\u00e1g b\u00e1jos szimb\u00f3luma is a lak\u00f3t\u00e9rben.<\/p>\n<p>A szeretettel megtervezett ny\u00falfigura egy aranyos nyulat \u00e1br\u00e1zol, aki boldogan \u00fcl egy hint\u00e1ban. A kiv\u00e1l\u00f3 min\u0151s\u00e9g\u0171 polirezin anyag hiteles megjelen\u00e9st k\u00f6lcs\u00f6n\u00f6z a figur\u00e1nak, amelynek finom r\u00e9szletei t\u00f6k\u00e9letesen meg\u00f6r\u00f6k\u00edtik a j\u00e1t\u00e9kos jelenetet.<\/p>\n<p>Helyezze ezt a nyulat hint\u00e1ban, mint j\u00e1t\u00e9kos dekor\u00e1ci\u00f3t a polcra, mint aranyos d\u00edszt\u00e1rgyat az asztalra vagy mint var\u00e1zslatos r\u00e9szletet a h\u00fasv\u00e9ti kos\u00e1rba. A kompakt m\u00e9retek sokoldal\u00fa elhelyez\u00e9si lehet\u0151s\u00e9geket tesznek lehet\u0151v\u00e9, m\u00edg a b\u00e1jos jelenet vid\u00e1m \u00e9s \u00e9l\u00e9nk hangulatot teremt.<\/p>\n<p>Hozzon egy kis vid\u00e1ms\u00e1got \u00e9s k\u00f6nnyeds\u00e9get otthon\u00e1ba ezzel az im\u00e1dnival\u00f3 ny\u00fallal egy polirezin hint\u00e1ban. Rendelje meg most, \u00e9s hagyja, hogy ez a kedves kieg\u00e9sz\u00edt\u0151 a h\u00fasv\u00e9t vid\u00e1m hangulat\u00e1ba rep\u00edtse!<\/p>","protected":false},"excerpt":{"rendered":"<p>Im\u00e1dnival\u00f3 <strong>Ny\u00fal hint\u00e1ban<\/strong> kiv\u00e1l\u00f3 min\u0151s\u00e9g\u0171 polirezinb\u0151l k\u00e9sz\u00fclt. A kompakt <strong>5x7x10 cm-es<\/strong> figura nemcsak elb\u0171v\u00f6l\u0151 szemet gy\u00f6ny\u00f6rk\u00f6dtet\u0151, hanem a k\u00f6nnyeds\u00e9g \u00e9s a vid\u00e1ms\u00e1g b\u00e1jos szimb\u00f3luma is a lak\u00f3t\u00e9rben.<\/p>\n<p>M\u00e1rka: Clayre &amp;Eef <a class=\"continue\" href=\"https:\/\/bbdekorandmore.at\/hu\/produkt\/kaninchen-in-der-schaukel\/\">Continue Reading<span> Ny\u00fal hint\u00e1ban<\/span><\/a><\/p>","protected":false},"featured_media":2908,"comment_status":"open","ping_status":"closed","template":"","meta":{"site-sidebar-layout":"default","site-content-layout":"","ast-site-content-layout":"default","site-content-style":"default","site-sidebar-style":"default","ast-global-header-display":"","ast-banner-title-visibility":"","ast-main-header-display":"","ast-hfb-above-header-display":"","ast-hfb-below-header-display":"","ast-hfb-mobile-header-display":"","site-post-title":"","ast-breadcrumbs-content":"","ast-featured-img":"","footer-sml-layout":"","ast-disable-related-posts":"","theme-transparent-header-meta":"default","adv-header-id-meta":"","stick-header-meta":"","header-above-stick-meta":"","header-main-stick-meta":"","header-below-stick-meta":"","astra-migrate-meta-layouts":"set","ast-page-background-enabled":"default","ast-page-background-meta":{"desktop":{"background-color":"var(--ast-global-color-4)","background-image":"","background-repeat":"repeat","background-position":"center center","background-size":"auto","background-attachment":"scroll","background-type":"","background-media":"","overlay-type":"","overlay-color":"","overlay-opacity":"","overlay-gradient":""},"tablet":{"background-color":"","background-image":"","background-repeat":"repeat","background-position":"center center","background-size":"auto","background-attachment":"scroll","background-type":"","background-media":"","overlay-type":"","overlay-color":"","overlay-opacity":"","overlay-gradient":""},"mobile":{"background-color":"","background-image":"","background-repeat":"repeat","background-position":"center center","background-size":"auto","background-attachment":"scroll","background-type":"","background-media":"","overlay-type":"","overlay-color":"","overlay-opacity":"","overlay-gradient":""}},"ast-content-background-meta":{"desktop":{"background-color":"var(--ast-global-color-5)","background-image":"","background-repeat":"repeat","background-position":"center center","background-size":"auto","background-attachment":"scroll","background-type":"","background-media":"","overlay-type":"","overlay-color":"","overlay-opacity":"","overlay-gradient":""},"tablet":{"background-color":"var(--ast-global-color-5)","background-image":"","background-repeat":"repeat","background-position":"center center","background-size":"auto","background-attachment":"scroll","background-type":"","background-media":"","overlay-type":"","overlay-color":"","overlay-opacity":"","overlay-gradient":""},"mobile":{"background-color":"var(--ast-global-color-5)","background-image":"","background-repeat":"repeat","background-position":"center center","background-size":"auto","background-attachment":"scroll","background-type":"","background-media":"","overlay-type":"","overlay-color":"","overlay-opacity":"","overlay-gradient":""}}},"product_brand":[],"product_cat":[23,470],"product_tag":[197,458,194,196,459,199],"class_list":{"0":"post-3008","1":"product","2":"type-product","3":"status-publish","4":"has-post-thumbnail","6":"product_cat-ostern","7":"product_cat-figuren-ostern","8":"product_tag-dekoration-ostern","9":"product_tag-hasenfiguren-fur-ostern","10":"product_tag-ostern","11":"product_tag-ostern-deko","12":"product_tag-ostern-hasenfiguren","13":"product_tag-osterndekoration","14":"tm-no-options","15":"desktop-align-left","16":"tablet-align-left","17":"mobile-align-left","19":"first","20":"instock","21":"shipping-taxable","22":"purchasable","23":"product-type-simple"},"_links":{"self":[{"href":"https:\/\/bbdekorandmore.at\/hu\/wp-json\/wp\/v2\/product\/3008","targetHints":{"allow":["GET"]}}],"collection":[{"href":"https:\/\/bbdekorandmore.at\/hu\/wp-json\/wp\/v2\/product"}],"about":[{"href":"https:\/\/bbdekorandmore.at\/hu\/wp-json\/wp\/v2\/types\/product"}],"replies":[{"embeddable":true,"href":"https:\/\/bbdekorandmore.at\/hu\/wp-json\/wp\/v2\/comments?post=3008"}],"wp:featuredmedia":[{"embeddable":true,"href":"https:\/\/bbdekorandmore.at\/hu\/wp-json\/wp\/v2\/media\/2908"}],"wp:attachment":[{"href":"https:\/\/bbdekorandmore.at\/hu\/wp-json\/wp\/v2\/media?parent=3008"}],"wp:term":[{"taxonomy":"product_brand","embeddable":true,"href":"https:\/\/bbdekorandmore.at\/hu\/wp-json\/wp\/v2\/product_brand?post=3008"},{"taxonomy":"product_cat","embeddable":true,"href":"https:\/\/bbdekorandmore.at\/hu\/wp-json\/wp\/v2\/product_cat?post=3008"},{"taxonomy":"product_tag","embeddable":true,"href":"https:\/\/bbdekorandmore.at\/hu\/wp-json\/wp\/v2\/product_tag?post=3008"}],"curies":[{"name":"wp","href":"https:\/\/api.w.org\/{rel}","templated":true}]}}