{"id":3012,"date":"2024-01-30T17:21:03","date_gmt":"2024-01-30T17:21:03","guid":{"rendered":"http:\/\/bbdekorandmore.at\/?post_type=product&#038;p=3012"},"modified":"2024-02-11T08:53:05","modified_gmt":"2024-02-11T08:53:05","slug":"hahnchenfigur-auf-ei","status":"publish","type":"product","link":"https:\/\/bbdekorandmore.at\/hu\/produkt\/hahnchenfigur-auf-ei\/","title":{"rendered":"Csirke figura toj\u00e1son"},"content":{"rendered":"<p>Adj egy kis vid\u00e9ki \u00e9letet a h\u00fasv\u00e9ti dekor\u00e1ci\u00f3dhoz a kiv\u00e1l\u00f3 min\u0151s\u00e9g\u0171 polirezinb\u0151l k\u00e9sz\u00fclt, aranyos csirkefigur\u00e1val a toj\u00e1son. A 9x7x12 cm-es kompakt m\u00e9reteivel ez a figura nemcsak b\u00e1jos szemet gy\u00f6ny\u00f6rk\u00f6dtet\u0151, hanem a tavasz \u00e9s a hagyom\u00e1nyok szeretetteljes szimb\u00f3luma is otthon\u00e1ban.<\/p>\n<p>A szeretettel megtervezett csirkefigura egy aranyos csirk\u00e9t \u00e1br\u00e1zol, amely sz\u00e9pen \u00fcl egy toj\u00e1son. A kiv\u00e1l\u00f3 min\u0151s\u00e9g\u0171 polirezin anyag hiteles megjelen\u00e9st k\u00f6lcs\u00f6n\u00f6z a figur\u00e1nak, finom r\u00e9szletekkel, amelyek t\u00f6k\u00e9letesen meg\u00f6r\u00f6k\u00edtik a vid\u00e9ki jelenetet.<\/p>\n<p>Helyezze ezt a csirkefigur\u00e1t egy toj\u00e1son, b\u00e1jos d\u00edszk\u00e9nt egy polcra, ablakp\u00e1rk\u00e1nyra vagy egy h\u00fasv\u00e9ti kos\u00e1r j\u00e1t\u00e9kos r\u00e9szletek\u00e9nt. A kompakt m\u00e9retek sokoldal\u00fa elhelyez\u00e9si lehet\u0151s\u00e9geket tesznek lehet\u0151v\u00e9, m\u00edg a hagyom\u00e1nyos jelenet meleg \u00e9s h\u00edvogat\u00f3 hangulatot teremt.<\/p>\n<p>Hozzon egy csipetnyi vid\u00e9ki \u00e9letet \u00e9s tavaszt otthon\u00e1ba ezzel az im\u00e1dnival\u00f3, toj\u00e1son \u00fcl\u0151, polirezinb\u0151l k\u00e9sz\u00fclt csirkefigur\u00e1val. Rendelje meg most, \u00e9s hagyja, hogy ez a kedves kieg\u00e9sz\u00edt\u0151 a h\u00fasv\u00e9t vid\u00e1m hangulat\u00e1ba rep\u00edtse!<\/p>","protected":false},"excerpt":{"rendered":"<p>Aranyos <strong>Csirke figura toj\u00e1son<\/strong> kiv\u00e1l\u00f3 min\u0151s\u00e9g\u0171 polirezinb\u0151l k\u00e9sz\u00fclt. A kompakt<strong> 9x7x12 cm-es<\/strong> figura nemcsak b\u00e1jos szemet gy\u00f6ny\u00f6rk\u00f6dtet\u0151, hanem a hagyom\u00e1ny \u00e9s a tavasz szeretetteljes szimb\u00f3luma is az \u00d6n otthon\u00e1ban.<\/p>\n<p>M\u00e1rka: Clayre &amp;Eef <a class=\"continue\" href=\"https:\/\/bbdekorandmore.at\/hu\/produkt\/hahnchenfigur-auf-ei\/\">Continue Reading<span> Csirke figura toj\u00e1son<\/span><\/a><\/p>","protected":false},"featured_media":2925,"comment_status":"open","ping_status":"closed","template":"","meta":{"site-sidebar-layout":"default","site-content-layout":"","ast-site-content-layout":"default","site-content-style":"default","site-sidebar-style":"default","ast-global-header-display":"","ast-banner-title-visibility":"","ast-main-header-display":"","ast-hfb-above-header-display":"","ast-hfb-below-header-display":"","ast-hfb-mobile-header-display":"","site-post-title":"","ast-breadcrumbs-content":"","ast-featured-img":"","footer-sml-layout":"","ast-disable-related-posts":"","theme-transparent-header-meta":"default","adv-header-id-meta":"","stick-header-meta":"","header-above-stick-meta":"","header-main-stick-meta":"","header-below-stick-meta":"","astra-migrate-meta-layouts":"set","ast-page-background-enabled":"default","ast-page-background-meta":{"desktop":{"background-color":"var(--ast-global-color-4)","background-image":"","background-repeat":"repeat","background-position":"center center","background-size":"auto","background-attachment":"scroll","background-type":"","background-media":"","overlay-type":"","overlay-color":"","overlay-opacity":"","overlay-gradient":""},"tablet":{"background-color":"","background-image":"","background-repeat":"repeat","background-position":"center center","background-size":"auto","background-attachment":"scroll","background-type":"","background-media":"","overlay-type":"","overlay-color":"","overlay-opacity":"","overlay-gradient":""},"mobile":{"background-color":"","background-image":"","background-repeat":"repeat","background-position":"center center","background-size":"auto","background-attachment":"scroll","background-type":"","background-media":"","overlay-type":"","overlay-color":"","overlay-opacity":"","overlay-gradient":""}},"ast-content-background-meta":{"desktop":{"background-color":"var(--ast-global-color-5)","background-image":"","background-repeat":"repeat","background-position":"center center","background-size":"auto","background-attachment":"scroll","background-type":"","background-media":"","overlay-type":"","overlay-color":"","overlay-opacity":"","overlay-gradient":""},"tablet":{"background-color":"var(--ast-global-color-5)","background-image":"","background-repeat":"repeat","background-position":"center center","background-size":"auto","background-attachment":"scroll","background-type":"","background-media":"","overlay-type":"","overlay-color":"","overlay-opacity":"","overlay-gradient":""},"mobile":{"background-color":"var(--ast-global-color-5)","background-image":"","background-repeat":"repeat","background-position":"center center","background-size":"auto","background-attachment":"scroll","background-type":"","background-media":"","overlay-type":"","overlay-color":"","overlay-opacity":"","overlay-gradient":""}}},"product_brand":[],"product_cat":[23,470],"product_tag":[197,194,196,199],"class_list":{"0":"post-3012","1":"product","2":"type-product","3":"status-publish","4":"has-post-thumbnail","6":"product_cat-ostern","7":"product_cat-figuren-ostern","8":"product_tag-dekoration-ostern","9":"product_tag-ostern","10":"product_tag-ostern-deko","11":"product_tag-osterndekoration","12":"tm-no-options","13":"desktop-align-left","14":"tablet-align-left","15":"mobile-align-left","17":"first","18":"instock","19":"shipping-taxable","20":"purchasable","21":"product-type-simple"},"_links":{"self":[{"href":"https:\/\/bbdekorandmore.at\/hu\/wp-json\/wp\/v2\/product\/3012","targetHints":{"allow":["GET"]}}],"collection":[{"href":"https:\/\/bbdekorandmore.at\/hu\/wp-json\/wp\/v2\/product"}],"about":[{"href":"https:\/\/bbdekorandmore.at\/hu\/wp-json\/wp\/v2\/types\/product"}],"replies":[{"embeddable":true,"href":"https:\/\/bbdekorandmore.at\/hu\/wp-json\/wp\/v2\/comments?post=3012"}],"wp:featuredmedia":[{"embeddable":true,"href":"https:\/\/bbdekorandmore.at\/hu\/wp-json\/wp\/v2\/media\/2925"}],"wp:attachment":[{"href":"https:\/\/bbdekorandmore.at\/hu\/wp-json\/wp\/v2\/media?parent=3012"}],"wp:term":[{"taxonomy":"product_brand","embeddable":true,"href":"https:\/\/bbdekorandmore.at\/hu\/wp-json\/wp\/v2\/product_brand?post=3012"},{"taxonomy":"product_cat","embeddable":true,"href":"https:\/\/bbdekorandmore.at\/hu\/wp-json\/wp\/v2\/product_cat?post=3012"},{"taxonomy":"product_tag","embeddable":true,"href":"https:\/\/bbdekorandmore.at\/hu\/wp-json\/wp\/v2\/product_tag?post=3012"}],"curies":[{"name":"wp","href":"https:\/\/api.w.org\/{rel}","templated":true}]}}