{"id":3014,"date":"2024-01-30T17:30:06","date_gmt":"2024-01-30T17:30:06","guid":{"rendered":"http:\/\/bbdekorandmore.at\/?post_type=product&#038;p=3014"},"modified":"2024-01-31T21:49:08","modified_gmt":"2024-01-31T21:49:08","slug":"kaninchenfiguren-mit-ei","status":"publish","type":"product","link":"https:\/\/bbdekorandmore.at\/hu\/produkt\/kaninchenfiguren-mit-ei\/","title":{"rendered":"Nyuszi figur\u00e1k toj\u00e1ssal"},"content":{"rendered":"<p>Var\u00e1zslatos hangulatot k\u00f6lcs\u00f6n\u00f6zhetsz a h\u00fasv\u00e9ti dekor\u00e1ci\u00f3dnak a kiv\u00e1l\u00f3 min\u0151s\u00e9g\u0171 polirezinb\u0151l k\u00e9sz\u00fclt, im\u00e1dnival\u00f3 ny\u00falfigur\u00e1kkal \u00e9s toj\u00e1ssal. A 9x5x10 cm-es kompakt m\u00e9retekkel ezek a figur\u00e1k nemcsak b\u00e1jos szemet gy\u00f6ny\u00f6rk\u00f6dtet\u0151ek, hanem a tavasz \u00e9s az \u00faj kezdet var\u00e1zslatos szimb\u00f3lumai is az otthon\u00e1ban.<\/p>\n<p>A szeretettel megtervezett ny\u00falfigur\u00e1k aranyos nyulakat \u00e1br\u00e1zolnak, akik toj\u00e1st tartanak a mancsukban. A kiv\u00e1l\u00f3 min\u0151s\u00e9g\u0171 polirezin anyag hiteles megjelen\u00e9st k\u00f6lcs\u00f6n\u00f6z a figur\u00e1knak, finom r\u00e9szletekkel, amelyek t\u00f6k\u00e9letesen meg\u00f6r\u00f6k\u00edtik a vid\u00e1m jelenetet.<\/p>\n<p>Helyezze ezeket a toj\u00e1sos ny\u00falfigur\u00e1kat j\u00e1t\u00e9kos dekor\u00e1ci\u00f3k\u00e9nt egy polcra, ablakp\u00e1rk\u00e1nyra vagy egy h\u00fasv\u00e9ti kos\u00e1rba, mint kellemes r\u00e9szletet. A kompakt m\u00e9retek sokoldal\u00fa elhelyez\u00e9si lehet\u0151s\u00e9geket tesznek lehet\u0151v\u00e9, m\u00edg a vid\u00e1m jelenet meleg \u00e9s h\u00edvogat\u00f3 hangulatot teremt.<\/p>\n<p>Hozzon egy csipetnyi tavaszt \u00e9s \u00f6r\u00f6m\u00f6t otthon\u00e1ba ezekkel az im\u00e1dnival\u00f3, polirezinb\u0151l k\u00e9sz\u00fclt toj\u00e1sos ny\u00falfigur\u00e1kkal. Rendelje meg most, \u00e9s hagyja, hogy ez a kedves kieg\u00e9sz\u00edt\u0151 a h\u00fasv\u00e9t vid\u00e1m hangulat\u00e1ba rep\u00edtse!<\/p>","protected":false},"excerpt":{"rendered":"<p>Aranyos <strong>Nyuszi figur\u00e1k toj\u00e1ssal<\/strong> kiv\u00e1l\u00f3 min\u0151s\u00e9g\u0171 polirezinb\u0151l k\u00e9sz\u00fclt. A kompakt <strong>9x5x10 cm-es<\/strong> m\u00e9retekkel\n ezek az aranyos figur\u00e1k nem csak b\u00e1jos szemet gy\u00f6ny\u00f6rk\u00f6dtet\u0151ek, hanem a h\u00fasv\u00e9t \u00e9s a tavasz kellemes szimb\u00f3lumai is. <a class=\"continue\" href=\"https:\/\/bbdekorandmore.at\/hu\/produkt\/kaninchenfiguren-mit-ei\/\">Continue Reading<span> Nyuszi figur\u00e1k toj\u00e1ssal<\/span><\/a><\/p>","protected":false},"featured_media":2942,"comment_status":"open","ping_status":"closed","template":"","meta":{"site-sidebar-layout":"default","site-content-layout":"","ast-site-content-layout":"default","site-content-style":"default","site-sidebar-style":"default","ast-global-header-display":"","ast-banner-title-visibility":"","ast-main-header-display":"","ast-hfb-above-header-display":"","ast-hfb-below-header-display":"","ast-hfb-mobile-header-display":"","site-post-title":"","ast-breadcrumbs-content":"","ast-featured-img":"","footer-sml-layout":"","ast-disable-related-posts":"","theme-transparent-header-meta":"default","adv-header-id-meta":"","stick-header-meta":"","header-above-stick-meta":"","header-main-stick-meta":"","header-below-stick-meta":"","astra-migrate-meta-layouts":"set","ast-page-background-enabled":"default","ast-page-background-meta":{"desktop":{"background-color":"var(--ast-global-color-4)","background-image":"","background-repeat":"repeat","background-position":"center center","background-size":"auto","background-attachment":"scroll","background-type":"","background-media":"","overlay-type":"","overlay-color":"","overlay-opacity":"","overlay-gradient":""},"tablet":{"background-color":"","background-image":"","background-repeat":"repeat","background-position":"center center","background-size":"auto","background-attachment":"scroll","background-type":"","background-media":"","overlay-type":"","overlay-color":"","overlay-opacity":"","overlay-gradient":""},"mobile":{"background-color":"","background-image":"","background-repeat":"repeat","background-position":"center center","background-size":"auto","background-attachment":"scroll","background-type":"","background-media":"","overlay-type":"","overlay-color":"","overlay-opacity":"","overlay-gradient":""}},"ast-content-background-meta":{"desktop":{"background-color":"var(--ast-global-color-5)","background-image":"","background-repeat":"repeat","background-position":"center center","background-size":"auto","background-attachment":"scroll","background-type":"","background-media":"","overlay-type":"","overlay-color":"","overlay-opacity":"","overlay-gradient":""},"tablet":{"background-color":"var(--ast-global-color-5)","background-image":"","background-repeat":"repeat","background-position":"center center","background-size":"auto","background-attachment":"scroll","background-type":"","background-media":"","overlay-type":"","overlay-color":"","overlay-opacity":"","overlay-gradient":""},"mobile":{"background-color":"var(--ast-global-color-5)","background-image":"","background-repeat":"repeat","background-position":"center center","background-size":"auto","background-attachment":"scroll","background-type":"","background-media":"","overlay-type":"","overlay-color":"","overlay-opacity":"","overlay-gradient":""}}},"product_brand":[],"product_cat":[23,470],"product_tag":[197,458,194,196,459,199],"class_list":{"0":"post-3014","1":"product","2":"type-product","3":"status-publish","4":"has-post-thumbnail","6":"product_cat-ostern","7":"product_cat-figuren-ostern","8":"product_tag-dekoration-ostern","9":"product_tag-hasenfiguren-fur-ostern","10":"product_tag-ostern","11":"product_tag-ostern-deko","12":"product_tag-ostern-hasenfiguren","13":"product_tag-osterndekoration","14":"tm-no-options","15":"desktop-align-left","16":"tablet-align-left","17":"mobile-align-left","19":"first","20":"outofstock","21":"shipping-taxable","22":"purchasable","23":"product-type-simple"},"_links":{"self":[{"href":"https:\/\/bbdekorandmore.at\/hu\/wp-json\/wp\/v2\/product\/3014","targetHints":{"allow":["GET"]}}],"collection":[{"href":"https:\/\/bbdekorandmore.at\/hu\/wp-json\/wp\/v2\/product"}],"about":[{"href":"https:\/\/bbdekorandmore.at\/hu\/wp-json\/wp\/v2\/types\/product"}],"replies":[{"embeddable":true,"href":"https:\/\/bbdekorandmore.at\/hu\/wp-json\/wp\/v2\/comments?post=3014"}],"wp:featuredmedia":[{"embeddable":true,"href":"https:\/\/bbdekorandmore.at\/hu\/wp-json\/wp\/v2\/media\/2942"}],"wp:attachment":[{"href":"https:\/\/bbdekorandmore.at\/hu\/wp-json\/wp\/v2\/media?parent=3014"}],"wp:term":[{"taxonomy":"product_brand","embeddable":true,"href":"https:\/\/bbdekorandmore.at\/hu\/wp-json\/wp\/v2\/product_brand?post=3014"},{"taxonomy":"product_cat","embeddable":true,"href":"https:\/\/bbdekorandmore.at\/hu\/wp-json\/wp\/v2\/product_cat?post=3014"},{"taxonomy":"product_tag","embeddable":true,"href":"https:\/\/bbdekorandmore.at\/hu\/wp-json\/wp\/v2\/product_tag?post=3014"}],"curies":[{"name":"wp","href":"https:\/\/api.w.org\/{rel}","templated":true}]}}