{"id":3022,"date":"2024-01-30T19:43:10","date_gmt":"2024-01-30T19:43:10","guid":{"rendered":"http:\/\/bbdekorandmore.at\/?post_type=product&#038;p=3022"},"modified":"2025-04-15T05:37:19","modified_gmt":"2025-04-15T05:37:19","slug":"kaninchenpaar-in-einem-boot","status":"publish","type":"product","link":"https:\/\/bbdekorandmore.at\/hu\/produkt\/kaninchenpaar-in-einem-boot\/","title":{"rendered":"Ny\u00falp\u00e1r egy cs\u00f3nakban"},"content":{"rendered":"<p>Utazzon el egy var\u00e1zslatos jelenetbe a mi aranyos ny\u00falp\u00e1runkkal egy cs\u00f3nakban. Ez a 13x9x10 cm-es, szeretettel megtervezett figura nemcsak b\u00e1jos szemet gy\u00f6ny\u00f6rk\u00f6dtet\u0151, hanem a tavasz \u00e9s a k\u00f6z\u00f6s \u00e9let kalandjainak romantikus szimb\u00f3luma is.<\/p>\n<p>Az aranyos ny\u00falp\u00e1r \u00e9ppen egy haj\u00f3kir\u00e1ndul\u00e1st \u00e9lvez, ami k\u00fcl\u00f6n\u00f6sen meleg hangulatot k\u00f6lcs\u00f6n\u00f6z a jelenetnek. A kiv\u00e1l\u00f3 min\u0151s\u00e9g\u0171 kivitelez\u00e9s \u00e9s a finom r\u00e9szletek t\u00f6k\u00e9letesen visszaadj\u00e1k a j\u00e1t\u00e9kos hangulatot.<\/p>\n<p>Helyezze ezt a cs\u00f3nakban \u00fcl\u0151 ny\u00falp\u00e1rt b\u00e1jos dekor\u00e1ci\u00f3k\u00e9nt egy polcra, asztalra vagy romantikus r\u00e9szletk\u00e9nt egy h\u00fasv\u00e9ti kos\u00e1rba. A kompakt m\u00e9retek sokoldal\u00fa elhelyez\u00e9si lehet\u0151s\u00e9geket tesznek lehet\u0151v\u00e9, m\u00edg a vid\u00e1m jelenet meleg \u00e9s h\u00edvogat\u00f3 hangulatot teremt.<\/p>\n<p>Hozzon egy kis tavaszt \u00e9s szeretetet otthon\u00e1ba ezzel az aranyos ny\u00falp\u00e1rral egy cs\u00f3nakban. Rendelje meg most, \u00e9s hagyja, hogy ez a kedves kieg\u00e9sz\u00edt\u0151 a h\u00fasv\u00e9t vid\u00e1m hangulat\u00e1ba rep\u00edtse!<\/p>","protected":false},"excerpt":{"rendered":"<p>Aranyos <strong>Ny\u00falp\u00e1r egy cs\u00f3nakban<\/strong>. Ez a <strong>13x9x10 cm-es<\/strong> szeretettel megtervezett figura nem csak egy elragad\u00f3 l\u00e1tv\u00e1nyoss\u00e1g, hanem a k\u00f6z\u00f6s kalandok \u00e9s a szeretet romantikus szimb\u00f3luma is az \u00f6r\u00f6mteli h\u00fasv\u00e9ti id\u0151szakban.<\/p>\n<p>M\u00e1rka: Clayre &amp;Eef <a class=\"continue\" href=\"https:\/\/bbdekorandmore.at\/hu\/produkt\/kaninchenpaar-in-einem-boot\/\">Continue Reading<span> Ny\u00falp\u00e1r egy cs\u00f3nakban<\/span><\/a><\/p>","protected":false},"featured_media":2906,"comment_status":"open","ping_status":"closed","template":"","meta":{"site-sidebar-layout":"default","site-content-layout":"","ast-site-content-layout":"default","site-content-style":"default","site-sidebar-style":"default","ast-global-header-display":"","ast-banner-title-visibility":"","ast-main-header-display":"","ast-hfb-above-header-display":"","ast-hfb-below-header-display":"","ast-hfb-mobile-header-display":"","site-post-title":"","ast-breadcrumbs-content":"","ast-featured-img":"","footer-sml-layout":"","ast-disable-related-posts":"","theme-transparent-header-meta":"default","adv-header-id-meta":"","stick-header-meta":"","header-above-stick-meta":"","header-main-stick-meta":"","header-below-stick-meta":"","astra-migrate-meta-layouts":"set","ast-page-background-enabled":"default","ast-page-background-meta":{"desktop":{"background-color":"var(--ast-global-color-4)","background-image":"","background-repeat":"repeat","background-position":"center center","background-size":"auto","background-attachment":"scroll","background-type":"","background-media":"","overlay-type":"","overlay-color":"","overlay-opacity":"","overlay-gradient":""},"tablet":{"background-color":"","background-image":"","background-repeat":"repeat","background-position":"center center","background-size":"auto","background-attachment":"scroll","background-type":"","background-media":"","overlay-type":"","overlay-color":"","overlay-opacity":"","overlay-gradient":""},"mobile":{"background-color":"","background-image":"","background-repeat":"repeat","background-position":"center center","background-size":"auto","background-attachment":"scroll","background-type":"","background-media":"","overlay-type":"","overlay-color":"","overlay-opacity":"","overlay-gradient":""}},"ast-content-background-meta":{"desktop":{"background-color":"var(--ast-global-color-5)","background-image":"","background-repeat":"repeat","background-position":"center center","background-size":"auto","background-attachment":"scroll","background-type":"","background-media":"","overlay-type":"","overlay-color":"","overlay-opacity":"","overlay-gradient":""},"tablet":{"background-color":"var(--ast-global-color-5)","background-image":"","background-repeat":"repeat","background-position":"center center","background-size":"auto","background-attachment":"scroll","background-type":"","background-media":"","overlay-type":"","overlay-color":"","overlay-opacity":"","overlay-gradient":""},"mobile":{"background-color":"var(--ast-global-color-5)","background-image":"","background-repeat":"repeat","background-position":"center center","background-size":"auto","background-attachment":"scroll","background-type":"","background-media":"","overlay-type":"","overlay-color":"","overlay-opacity":"","overlay-gradient":""}}},"product_brand":[],"product_cat":[23,470],"product_tag":[197,458,194,196,459,199],"class_list":{"0":"post-3022","1":"product","2":"type-product","3":"status-publish","4":"has-post-thumbnail","6":"product_cat-ostern","7":"product_cat-figuren-ostern","8":"product_tag-dekoration-ostern","9":"product_tag-hasenfiguren-fur-ostern","10":"product_tag-ostern","11":"product_tag-ostern-deko","12":"product_tag-ostern-hasenfiguren","13":"product_tag-osterndekoration","14":"tm-no-options","15":"desktop-align-left","16":"tablet-align-left","17":"mobile-align-left","19":"first","20":"outofstock","21":"shipping-taxable","22":"purchasable","23":"product-type-simple"},"_links":{"self":[{"href":"https:\/\/bbdekorandmore.at\/hu\/wp-json\/wp\/v2\/product\/3022","targetHints":{"allow":["GET"]}}],"collection":[{"href":"https:\/\/bbdekorandmore.at\/hu\/wp-json\/wp\/v2\/product"}],"about":[{"href":"https:\/\/bbdekorandmore.at\/hu\/wp-json\/wp\/v2\/types\/product"}],"replies":[{"embeddable":true,"href":"https:\/\/bbdekorandmore.at\/hu\/wp-json\/wp\/v2\/comments?post=3022"}],"wp:featuredmedia":[{"embeddable":true,"href":"https:\/\/bbdekorandmore.at\/hu\/wp-json\/wp\/v2\/media\/2906"}],"wp:attachment":[{"href":"https:\/\/bbdekorandmore.at\/hu\/wp-json\/wp\/v2\/media?parent=3022"}],"wp:term":[{"taxonomy":"product_brand","embeddable":true,"href":"https:\/\/bbdekorandmore.at\/hu\/wp-json\/wp\/v2\/product_brand?post=3022"},{"taxonomy":"product_cat","embeddable":true,"href":"https:\/\/bbdekorandmore.at\/hu\/wp-json\/wp\/v2\/product_cat?post=3022"},{"taxonomy":"product_tag","embeddable":true,"href":"https:\/\/bbdekorandmore.at\/hu\/wp-json\/wp\/v2\/product_tag?post=3022"}],"curies":[{"name":"wp","href":"https:\/\/api.w.org\/{rel}","templated":true}]}}