{"id":3144,"date":"2024-02-07T09:39:35","date_gmt":"2024-02-07T09:39:35","guid":{"rendered":"http:\/\/bbdekorandmore.at\/?post_type=product&#038;p=3144"},"modified":"2024-02-11T08:50:20","modified_gmt":"2024-02-11T08:50:20","slug":"elegante-hasenfiguren","status":"publish","type":"product","link":"https:\/\/bbdekorandmore.at\/hu\/produkt\/elegante-hasenfiguren\/","title":{"rendered":"Eleg\u00e1ns ny\u00fal figur\u00e1k"},"content":{"rendered":"<p>Adjon egy csipetnyi eleganci\u00e1t a h\u00fasv\u00e9ti dekor\u00e1ci\u00f3khoz az eleg\u00e1ns polirezin nyuszi figur\u00e1kkal. Ezek a 9x9x30 cm-es, szeretettel megtervezett figur\u00e1k nemcsak st\u00edlusos szemet gy\u00f6ny\u00f6rk\u00f6dtet\u0151k, hanem a tavasz \u00e9s az \u00fcnnepi h\u00fasv\u00e9ti id\u0151szak kifinomult szimb\u00f3lumai is.<\/p>\n<p>A ny\u00falfigur\u00e1k kecses p\u00f3zban mutatkoznak, amit a kiv\u00e1l\u00f3 min\u0151s\u00e9g\u0171 kivitelez\u00e9s \u00e9s a finom r\u00e9szletek is kiemelnek. A polirezin anyag eleg\u00e1ns szerkezetet k\u00f6lcs\u00f6n\u00f6z a figur\u00e1knak, \u00e9s biztos\u00edtja a tart\u00f3ss\u00e1got.<\/p>\n<p>Helyezze ezeket az eleg\u00e1ns ny\u00falfigur\u00e1kat exkluz\u00edv dekor\u00e1ci\u00f3k\u00e9nt egy kom\u00f3dra, egy asztalra vagy egy h\u00fasv\u00e9ti kos\u00e1rba eleg\u00e1ns f\u00e9nypontk\u00e9nt. Az impoz\u00e1ns m\u00e9retek lehet\u0151v\u00e9 teszik a felt\u0171n\u0151 megjelen\u00e9st, m\u00edg az eleg\u00e1ns megjelen\u00e9s meleg \u00e9s vonz\u00f3 hangulatot teremt.<\/p>\n<p>Hozzon egy csipetnyi eleganci\u00e1t \u00e9s \u00f6r\u00f6m\u00f6t otthon\u00e1ba ezekkel a kedves polirezin nyuszi figur\u00e1kkal. Rendeljen most, \u00e9s hagyja, hogy ezek a kifinomult kieg\u00e9sz\u00edt\u0151k elrep\u00edts\u00e9k \u00d6nt a h\u00fasv\u00e9t \u00fcnnepi hangulat\u00e1ba!<\/p>","protected":false},"excerpt":{"rendered":"<p>Eleg\u00e1ns nyuszifigur\u00e1k polirezinb\u0151l. A 9x9x30 cm-es, szeretettel megtervezett st\u00edlusos figur\u00f3k figyelemfelkelt\u0151k \u00e9s a tavasz \u00e9s az \u00fcnnepi h\u00fasv\u00e9ti id\u0151szak kifinomult szimb\u00f3lumai.<\/p>\n<p>M\u00e1rka: Clayre &amp;Eef <a class=\"continue\" href=\"https:\/\/bbdekorandmore.at\/hu\/produkt\/elegante-hasenfiguren\/\">Continue Reading<span> Eleg\u00e1ns ny\u00fal figur\u00e1k<\/span><\/a><\/p>","protected":false},"featured_media":2948,"comment_status":"open","ping_status":"closed","template":"","meta":{"site-sidebar-layout":"default","site-content-layout":"","ast-site-content-layout":"default","site-content-style":"default","site-sidebar-style":"default","ast-global-header-display":"","ast-banner-title-visibility":"","ast-main-header-display":"","ast-hfb-above-header-display":"","ast-hfb-below-header-display":"","ast-hfb-mobile-header-display":"","site-post-title":"","ast-breadcrumbs-content":"","ast-featured-img":"","footer-sml-layout":"","ast-disable-related-posts":"","theme-transparent-header-meta":"default","adv-header-id-meta":"","stick-header-meta":"","header-above-stick-meta":"","header-main-stick-meta":"","header-below-stick-meta":"","astra-migrate-meta-layouts":"set","ast-page-background-enabled":"default","ast-page-background-meta":{"desktop":{"background-color":"var(--ast-global-color-4)","background-image":"","background-repeat":"repeat","background-position":"center center","background-size":"auto","background-attachment":"scroll","background-type":"","background-media":"","overlay-type":"","overlay-color":"","overlay-opacity":"","overlay-gradient":""},"tablet":{"background-color":"","background-image":"","background-repeat":"repeat","background-position":"center center","background-size":"auto","background-attachment":"scroll","background-type":"","background-media":"","overlay-type":"","overlay-color":"","overlay-opacity":"","overlay-gradient":""},"mobile":{"background-color":"","background-image":"","background-repeat":"repeat","background-position":"center center","background-size":"auto","background-attachment":"scroll","background-type":"","background-media":"","overlay-type":"","overlay-color":"","overlay-opacity":"","overlay-gradient":""}},"ast-content-background-meta":{"desktop":{"background-color":"var(--ast-global-color-5)","background-image":"","background-repeat":"repeat","background-position":"center center","background-size":"auto","background-attachment":"scroll","background-type":"","background-media":"","overlay-type":"","overlay-color":"","overlay-opacity":"","overlay-gradient":""},"tablet":{"background-color":"var(--ast-global-color-5)","background-image":"","background-repeat":"repeat","background-position":"center center","background-size":"auto","background-attachment":"scroll","background-type":"","background-media":"","overlay-type":"","overlay-color":"","overlay-opacity":"","overlay-gradient":""},"mobile":{"background-color":"var(--ast-global-color-5)","background-image":"","background-repeat":"repeat","background-position":"center center","background-size":"auto","background-attachment":"scroll","background-type":"","background-media":"","overlay-type":"","overlay-color":"","overlay-opacity":"","overlay-gradient":""}}},"product_brand":[],"product_cat":[23,470],"product_tag":[197,458,194,196,459,199],"class_list":{"0":"post-3144","1":"product","2":"type-product","3":"status-publish","4":"has-post-thumbnail","6":"product_cat-ostern","7":"product_cat-figuren-ostern","8":"product_tag-dekoration-ostern","9":"product_tag-hasenfiguren-fur-ostern","10":"product_tag-ostern","11":"product_tag-ostern-deko","12":"product_tag-ostern-hasenfiguren","13":"product_tag-osterndekoration","14":"tm-no-options","15":"desktop-align-left","16":"tablet-align-left","17":"mobile-align-left","19":"first","20":"instock","21":"shipping-taxable","22":"purchasable","23":"product-type-variable"},"_links":{"self":[{"href":"https:\/\/bbdekorandmore.at\/hu\/wp-json\/wp\/v2\/product\/3144","targetHints":{"allow":["GET"]}}],"collection":[{"href":"https:\/\/bbdekorandmore.at\/hu\/wp-json\/wp\/v2\/product"}],"about":[{"href":"https:\/\/bbdekorandmore.at\/hu\/wp-json\/wp\/v2\/types\/product"}],"replies":[{"embeddable":true,"href":"https:\/\/bbdekorandmore.at\/hu\/wp-json\/wp\/v2\/comments?post=3144"}],"wp:featuredmedia":[{"embeddable":true,"href":"https:\/\/bbdekorandmore.at\/hu\/wp-json\/wp\/v2\/media\/2948"}],"wp:attachment":[{"href":"https:\/\/bbdekorandmore.at\/hu\/wp-json\/wp\/v2\/media?parent=3144"}],"wp:term":[{"taxonomy":"product_brand","embeddable":true,"href":"https:\/\/bbdekorandmore.at\/hu\/wp-json\/wp\/v2\/product_brand?post=3144"},{"taxonomy":"product_cat","embeddable":true,"href":"https:\/\/bbdekorandmore.at\/hu\/wp-json\/wp\/v2\/product_cat?post=3144"},{"taxonomy":"product_tag","embeddable":true,"href":"https:\/\/bbdekorandmore.at\/hu\/wp-json\/wp\/v2\/product_tag?post=3144"}],"curies":[{"name":"wp","href":"https:\/\/api.w.org\/{rel}","templated":true}]}}