{"id":3150,"date":"2024-02-07T10:03:23","date_gmt":"2024-02-07T10:03:23","guid":{"rendered":"http:\/\/bbdekorandmore.at\/?post_type=product&#038;p=3150"},"modified":"2025-02-04T07:51:08","modified_gmt":"2025-02-04T07:51:08","slug":"kaninchen-in-der-tasse-dekoanhanger","status":"publish","type":"product","link":"https:\/\/bbdekorandmore.at\/hu\/produkt\/kaninchen-in-der-tasse-dekoanhanger\/","title":{"rendered":"Ny\u00fal egy cs\u00e9sz\u00e9ben f\u00fcgg\u0151 dekofigura"},"content":{"rendered":"<div class=\"flex-1 overflow-hidden\">\n<div class=\"react-scroll-to-bottom--css-dzrju-79elbk h-full\">\n<div class=\"react-scroll-to-bottom--css-dzrju-1n7m0yu\">\n<div class=\"flex flex-col pb-9 text-sm\">\n<div class=\"w-full text-token-text-primary\" data-testid=\"conversation-turn-199\">\n<div class=\"px-4 py-2 justify-center text-base md:gap-6 m-auto\">\n<div class=\"flex flex-1 text-base mx-auto gap-3 md:px-5 lg:px-1 xl:px-5 md:max-w-3xl lg:max-w-[40rem] xl:max-w-[48rem] group final-completion\">\n<div class=\"relative flex w-full flex-col lg:w-[calc(100%-115px)] agent-turn\">\n<div class=\"flex-col gap-1 md:gap-3\">\n<div class=\"flex flex-grow flex-col max-w-full\">\n<div class=\"min-h-[20px] text-message flex flex-col items-start gap-3 whitespace-pre-wrap break-words [.text-message+&amp;]:mt-5 overflow-x-auto\" data-message-author-role=\"assistant\" data-message-id=\"eda287c5-11d1-4263-b77a-086a3fdadcbd\">\n<div class=\"markdown prose w-full break-words dark:prose-invert light\">\n<p>Versch\u00f6nern Sie Ihre Osterdekoration mit unserem entz\u00fcckenden Kaninchen in der Tasse Dekoanh\u00e4nger aus einer harmonischen Kombination von Porzellan und Polyresin. Mit Ma\u00dfen von 9x7x5 cm wird dieser liebevoll gestaltete Anh\u00e4nger nicht nur zum charmanten Blickfang, sondern auch zum fr\u00f6hlichen Symbol f\u00fcr den Fr\u00fchling und die festliche Osterzeit.<\/p>\n<p>Das Kaninchen sitzt malerisch in einer Tasse, geschaffen aus hochwertigem Porzellan und Polyresin, was dem Anh\u00e4nger eine delikate Struktur verleiht. Die sorgf\u00e4ltige Handwerkskunst und die feinen Details fangen die verspielte Atmosph\u00e4re perfekt ein.<\/p>\n<p>H\u00e4ngen Sie diesen entz\u00fcckenden Kaninchen in der Tasse Dekoanh\u00e4nger an Osterzweige, an einen Osterstrau\u00df oder platzieren Sie ihn als fr\u00f6hliches Detail in Ihrem Zuhause. Die kompakten Ma\u00dfe erm\u00f6glichen vielseitige Dekorationsm\u00f6glichkeiten, w\u00e4hrend das s\u00fc\u00dfe Motiv eine warme und einladende Atmosph\u00e4re schafft.<\/p>\n<p>Bringen Sie mit diesem liebevollen Kaninchen in der Tasse Dekoanh\u00e4nger eine Prise Fr\u00fchling und Freude in Ihr Zuhause. Bestellen Sie jetzt und lassen Sie sich von diesem bezaubernden Accessoire in die festliche Atmosph\u00e4re des Osterfestes entf\u00fchren!<\/p>\n<\/div>\n<\/div>\n<\/div>\n<\/div>\n<\/div>\n<\/div>\n<\/div>\n<\/div>\n<\/div>\n<\/div>\n<\/div>\n<\/div>\n","protected":false},"excerpt":{"rendered":"<p>Im\u00e1dnival\u00f3 ny\u00fal egy cs\u00e9sz\u00e9ben f\u00fcgg\u0151 dekofigura. A 9x7x5 cm-es, szeretettel megtervezett dekofigura a porcel\u00e1n finom eleganci\u00e1j\u00e1t \u00f6tv\u00f6zi a polirezin robusztus szerkezet\u00e9vel. A tavasz \u00e9s az \u00fcnnepi h\u00fasv\u00e9ti id\u0151szak vid\u00e1m szimb\u00f3luma. <a class=\"continue\" href=\"https:\/\/bbdekorandmore.at\/hu\/produkt\/kaninchen-in-der-tasse-dekoanhanger\/\">Continue Reading<span> Ny\u00fal egy cs\u00e9sz\u00e9ben f\u00fcgg\u0151 dekofigura<\/span><\/a><\/p>","protected":false},"featured_media":3151,"comment_status":"open","ping_status":"closed","template":"","meta":{"site-sidebar-layout":"default","site-content-layout":"","ast-site-content-layout":"default","site-content-style":"default","site-sidebar-style":"default","ast-global-header-display":"","ast-banner-title-visibility":"","ast-main-header-display":"","ast-hfb-above-header-display":"","ast-hfb-below-header-display":"","ast-hfb-mobile-header-display":"","site-post-title":"","ast-breadcrumbs-content":"","ast-featured-img":"","footer-sml-layout":"","ast-disable-related-posts":"","theme-transparent-header-meta":"default","adv-header-id-meta":"","stick-header-meta":"","header-above-stick-meta":"","header-main-stick-meta":"","header-below-stick-meta":"","astra-migrate-meta-layouts":"set","ast-page-background-enabled":"default","ast-page-background-meta":{"desktop":{"background-color":"var(--ast-global-color-4)","background-image":"","background-repeat":"repeat","background-position":"center center","background-size":"auto","background-attachment":"scroll","background-type":"","background-media":"","overlay-type":"","overlay-color":"","overlay-opacity":"","overlay-gradient":""},"tablet":{"background-color":"","background-image":"","background-repeat":"repeat","background-position":"center center","background-size":"auto","background-attachment":"scroll","background-type":"","background-media":"","overlay-type":"","overlay-color":"","overlay-opacity":"","overlay-gradient":""},"mobile":{"background-color":"","background-image":"","background-repeat":"repeat","background-position":"center center","background-size":"auto","background-attachment":"scroll","background-type":"","background-media":"","overlay-type":"","overlay-color":"","overlay-opacity":"","overlay-gradient":""}},"ast-content-background-meta":{"desktop":{"background-color":"var(--ast-global-color-5)","background-image":"","background-repeat":"repeat","background-position":"center center","background-size":"auto","background-attachment":"scroll","background-type":"","background-media":"","overlay-type":"","overlay-color":"","overlay-opacity":"","overlay-gradient":""},"tablet":{"background-color":"var(--ast-global-color-5)","background-image":"","background-repeat":"repeat","background-position":"center center","background-size":"auto","background-attachment":"scroll","background-type":"","background-media":"","overlay-type":"","overlay-color":"","overlay-opacity":"","overlay-gradient":""},"mobile":{"background-color":"var(--ast-global-color-5)","background-image":"","background-repeat":"repeat","background-position":"center center","background-size":"auto","background-attachment":"scroll","background-type":"","background-media":"","overlay-type":"","overlay-color":"","overlay-opacity":"","overlay-gradient":""}}},"product_brand":[],"product_cat":[23,470],"product_tag":[197,458,194,196,459,199],"class_list":{"0":"post-3150","1":"product","2":"type-product","3":"status-publish","4":"has-post-thumbnail","6":"product_cat-ostern","7":"product_cat-figuren-ostern","8":"product_tag-dekoration-ostern","9":"product_tag-hasenfiguren-fur-ostern","10":"product_tag-ostern","11":"product_tag-ostern-deko","12":"product_tag-ostern-hasenfiguren","13":"product_tag-osterndekoration","14":"tm-no-options","15":"desktop-align-left","16":"tablet-align-left","17":"mobile-align-left","19":"first","20":"instock","21":"shipping-taxable","22":"purchasable","23":"product-type-simple"},"_links":{"self":[{"href":"https:\/\/bbdekorandmore.at\/hu\/wp-json\/wp\/v2\/product\/3150","targetHints":{"allow":["GET"]}}],"collection":[{"href":"https:\/\/bbdekorandmore.at\/hu\/wp-json\/wp\/v2\/product"}],"about":[{"href":"https:\/\/bbdekorandmore.at\/hu\/wp-json\/wp\/v2\/types\/product"}],"replies":[{"embeddable":true,"href":"https:\/\/bbdekorandmore.at\/hu\/wp-json\/wp\/v2\/comments?post=3150"}],"wp:featuredmedia":[{"embeddable":true,"href":"https:\/\/bbdekorandmore.at\/hu\/wp-json\/wp\/v2\/media\/3151"}],"wp:attachment":[{"href":"https:\/\/bbdekorandmore.at\/hu\/wp-json\/wp\/v2\/media?parent=3150"}],"wp:term":[{"taxonomy":"product_brand","embeddable":true,"href":"https:\/\/bbdekorandmore.at\/hu\/wp-json\/wp\/v2\/product_brand?post=3150"},{"taxonomy":"product_cat","embeddable":true,"href":"https:\/\/bbdekorandmore.at\/hu\/wp-json\/wp\/v2\/product_cat?post=3150"},{"taxonomy":"product_tag","embeddable":true,"href":"https:\/\/bbdekorandmore.at\/hu\/wp-json\/wp\/v2\/product_tag?post=3150"}],"curies":[{"name":"wp","href":"https:\/\/api.w.org\/{rel}","templated":true}]}}