{"id":3153,"date":"2024-02-07T10:25:29","date_gmt":"2024-02-07T10:25:29","guid":{"rendered":"http:\/\/bbdekorandmore.at\/?post_type=product&#038;p=3153"},"modified":"2024-02-11T08:39:15","modified_gmt":"2024-02-11T08:39:15","slug":"polyresin-kaninchenfiguren","status":"publish","type":"product","link":"https:\/\/bbdekorandmore.at\/hu\/produkt\/polyresin-kaninchenfiguren\/","title":{"rendered":"Polirezin nyuszi figur\u00e1k"},"content":{"rendered":"<div class=\"flex-1 overflow-hidden\">\n<div class=\"react-scroll-to-bottom--css-dzrju-79elbk h-full\">\n<div class=\"react-scroll-to-bottom--css-dzrju-1n7m0yu\">\n<div class=\"flex flex-col pb-9 text-sm\">\n<div class=\"w-full text-token-text-primary\" data-testid=\"conversation-turn-207\">\n<div class=\"px-4 py-2 justify-center text-base md:gap-6 m-auto\">\n<div class=\"flex flex-1 text-base mx-auto gap-3 md:px-5 lg:px-1 xl:px-5 md:max-w-3xl lg:max-w-[40rem] xl:max-w-[48rem] group final-completion\">\n<div class=\"relative flex w-full flex-col lg:w-[calc(100%-115px)] agent-turn\">\n<div class=\"flex-col gap-1 md:gap-3\">\n<div class=\"flex flex-grow flex-col max-w-full\">\n<div class=\"min-h-[20px] text-message flex flex-col items-start gap-3 whitespace-pre-wrap break-words [.text-message+&amp;]:mt-5 overflow-x-auto\" data-message-author-role=\"assistant\" data-message-id=\"aeee6ec9-c157-46de-a7f0-d321460bb940\">\n<div class=\"markdown prose w-full break-words dark:prose-invert light\">\n<p>Bereichern Sie Ihre Osterdekoration mit unseren bezaubernden Polyresin-Kaninchenfiguren \u2013 eine liegende und eine stehende Figur, jeweils mit einer Gr\u00f6\u00dfe von 10 cm. Diese liebevoll gestalteten Figuren fangen die Anmut und den Charme des Fr\u00fchlings perfekt ein und verleihen Ihrem Zuhause eine verspielte Note.<\/p>\n<p>Die pr\u00e4zise Verarbeitung und feinen Details der liegenden und stehenden Kaninchenfiguren aus Polyresin machen sie zu charmanten Blickf\u00e4ngen. Platzieren Sie sie auf einem Regal, Tisch oder in einem Osterarrangement, um eine warme und einladende Atmosph\u00e4re zu schaffen.<\/p>\n<p>Bringen Sie mit diesen liebenswerten Kaninchenfiguren aus Polyresin eine Prise Fr\u00fchling und Freude in Ihr Zuhause. Bestellen Sie jetzt und lassen Sie sich von diesen bezaubernden Accessoires in die festliche Atmosph\u00e4re des Osterfestes entf\u00fchren!<\/p>\n<\/div>\n<\/div>\n<\/div>\n<\/div>\n<\/div>\n<\/div>\n<\/div>\n<\/div>\n<\/div>\n<\/div>\n<\/div>\n<\/div>\n","protected":false},"excerpt":{"rendered":"<p>Im\u00e1dnival\u00f3 polirezin ny\u00fal figur\u00e1k. A fekv\u0151 \u00e9s \u00e1ll\u00f3, egyenk\u00e9nt 10 cm magas figur\u00e1k j\u00e1t\u00e9kos hangulatot k\u00f6lcs\u00f6n\u00f6znek a h\u00fasv\u00e9ti dekor\u00e1ci\u00f3nak, \u00e9s t\u00f6k\u00e9letes l\u00e1tv\u00e1nyt ny\u00fajtanak az asztalokon, polcokon vagy h\u00fasv\u00e9ti dekor\u00e1ci\u00f3kban. Hozzon egy csipetnyi tavaszt \u00e9s vid\u00e1ms\u00e1got otthon\u00e1ba ezekkel a var\u00e1zslatos kieg\u00e9sz\u00edt\u0151kkel. <a class=\"continue\" href=\"https:\/\/bbdekorandmore.at\/hu\/produkt\/polyresin-kaninchenfiguren\/\">Continue Reading<span> Polirezin nyuszi figur\u00e1k<\/span><\/a><\/p>","protected":false},"featured_media":2883,"comment_status":"open","ping_status":"closed","template":"","meta":{"site-sidebar-layout":"default","site-content-layout":"","ast-site-content-layout":"default","site-content-style":"default","site-sidebar-style":"default","ast-global-header-display":"","ast-banner-title-visibility":"","ast-main-header-display":"","ast-hfb-above-header-display":"","ast-hfb-below-header-display":"","ast-hfb-mobile-header-display":"","site-post-title":"","ast-breadcrumbs-content":"","ast-featured-img":"","footer-sml-layout":"","ast-disable-related-posts":"","theme-transparent-header-meta":"default","adv-header-id-meta":"","stick-header-meta":"","header-above-stick-meta":"","header-main-stick-meta":"","header-below-stick-meta":"","astra-migrate-meta-layouts":"set","ast-page-background-enabled":"default","ast-page-background-meta":{"desktop":{"background-color":"var(--ast-global-color-4)","background-image":"","background-repeat":"repeat","background-position":"center center","background-size":"auto","background-attachment":"scroll","background-type":"","background-media":"","overlay-type":"","overlay-color":"","overlay-opacity":"","overlay-gradient":""},"tablet":{"background-color":"","background-image":"","background-repeat":"repeat","background-position":"center center","background-size":"auto","background-attachment":"scroll","background-type":"","background-media":"","overlay-type":"","overlay-color":"","overlay-opacity":"","overlay-gradient":""},"mobile":{"background-color":"","background-image":"","background-repeat":"repeat","background-position":"center center","background-size":"auto","background-attachment":"scroll","background-type":"","background-media":"","overlay-type":"","overlay-color":"","overlay-opacity":"","overlay-gradient":""}},"ast-content-background-meta":{"desktop":{"background-color":"var(--ast-global-color-5)","background-image":"","background-repeat":"repeat","background-position":"center center","background-size":"auto","background-attachment":"scroll","background-type":"","background-media":"","overlay-type":"","overlay-color":"","overlay-opacity":"","overlay-gradient":""},"tablet":{"background-color":"var(--ast-global-color-5)","background-image":"","background-repeat":"repeat","background-position":"center center","background-size":"auto","background-attachment":"scroll","background-type":"","background-media":"","overlay-type":"","overlay-color":"","overlay-opacity":"","overlay-gradient":""},"mobile":{"background-color":"var(--ast-global-color-5)","background-image":"","background-repeat":"repeat","background-position":"center center","background-size":"auto","background-attachment":"scroll","background-type":"","background-media":"","overlay-type":"","overlay-color":"","overlay-opacity":"","overlay-gradient":""}}},"product_brand":[],"product_cat":[23,470],"product_tag":[197,458,194,196,459,199],"class_list":{"0":"post-3153","1":"product","2":"type-product","3":"status-publish","4":"has-post-thumbnail","6":"product_cat-ostern","7":"product_cat-figuren-ostern","8":"product_tag-dekoration-ostern","9":"product_tag-hasenfiguren-fur-ostern","10":"product_tag-ostern","11":"product_tag-ostern-deko","12":"product_tag-ostern-hasenfiguren","13":"product_tag-osterndekoration","14":"tm-no-options","15":"desktop-align-left","16":"tablet-align-left","17":"mobile-align-left","19":"first","20":"instock","21":"shipping-taxable","22":"purchasable","23":"product-type-variable"},"_links":{"self":[{"href":"https:\/\/bbdekorandmore.at\/hu\/wp-json\/wp\/v2\/product\/3153","targetHints":{"allow":["GET"]}}],"collection":[{"href":"https:\/\/bbdekorandmore.at\/hu\/wp-json\/wp\/v2\/product"}],"about":[{"href":"https:\/\/bbdekorandmore.at\/hu\/wp-json\/wp\/v2\/types\/product"}],"replies":[{"embeddable":true,"href":"https:\/\/bbdekorandmore.at\/hu\/wp-json\/wp\/v2\/comments?post=3153"}],"wp:featuredmedia":[{"embeddable":true,"href":"https:\/\/bbdekorandmore.at\/hu\/wp-json\/wp\/v2\/media\/2883"}],"wp:attachment":[{"href":"https:\/\/bbdekorandmore.at\/hu\/wp-json\/wp\/v2\/media?parent=3153"}],"wp:term":[{"taxonomy":"product_brand","embeddable":true,"href":"https:\/\/bbdekorandmore.at\/hu\/wp-json\/wp\/v2\/product_brand?post=3153"},{"taxonomy":"product_cat","embeddable":true,"href":"https:\/\/bbdekorandmore.at\/hu\/wp-json\/wp\/v2\/product_cat?post=3153"},{"taxonomy":"product_tag","embeddable":true,"href":"https:\/\/bbdekorandmore.at\/hu\/wp-json\/wp\/v2\/product_tag?post=3153"}],"curies":[{"name":"wp","href":"https:\/\/api.w.org\/{rel}","templated":true}]}}