{"id":3160,"date":"2024-02-07T11:26:55","date_gmt":"2024-02-07T11:26:55","guid":{"rendered":"http:\/\/bbdekorandmore.at\/?post_type=product&#038;p=3160"},"modified":"2024-03-07T15:15:44","modified_gmt":"2024-03-07T15:15:44","slug":"kaninchenfiguren-aus-holz","status":"publish","type":"product","link":"https:\/\/bbdekorandmore.at\/hu\/produkt\/kaninchenfiguren-aus-holz\/","title":{"rendered":"F\u00e1b\u00f3l k\u00e9sz\u00fclt ny\u00fal figur\u00e1k"},"content":{"rendered":"<p>Hozzon rusztikus b\u00e1jt h\u00fasv\u00e9ti dekor\u00e1ci\u00f3j\u00e1hoz im\u00e1dnival\u00f3 f\u00e1b\u00f3l k\u00e9sz\u00fclt ny\u00falfigur\u00e1inkkal. A k\u00e9szlet egy 18,5 cm-es l\u00e1nyt, egy 17 cm-es vir\u00e1gos fi\u00fat \u00e9s egy 18 cm-es toj\u00e1sos fi\u00fat tartalmaz.<\/p>\n<p>Az \u00fcgyesen megmunk\u00e1lt fa figur\u00e1k meleg, term\u00e9szetes hangulatot k\u00f6lcs\u00f6n\u00f6znek otthon\u00e1nak. A kisl\u00e1nyos b\u00e1j \u00e9s a vid\u00e1m r\u00e9szletek, mint p\u00e9ld\u00e1ul a vir\u00e1gok \u00e9s a toj\u00e1s, var\u00e1zslatos szemet gy\u00f6ny\u00f6rk\u00f6dtet\u0151v\u00e9 teszik ezt a k\u00e9szletet.<\/p>\n<p>Helyezze ezeket a kedves f\u00e1b\u00f3l k\u00e9sz\u00fclt ny\u00falfigur\u00e1kat egy asztalra, polcra vagy egy h\u00fasv\u00e9ti \u00f6ssze\u00e1ll\u00edt\u00e1sba, hogy h\u00edvogat\u00f3 tavaszi hangulatot teremtsen. Rendeljen most, \u00e9s hagyja, hogy ez a rusztikus h\u00fasv\u00e9ti egy\u00fcttes a tavasz \u00fcnnepi hangulat\u00e1ba rep\u00edtse!<\/p>","protected":false},"excerpt":{"rendered":"<p>A fa \u00e9s a h\u00fasv\u00e9ti var\u00e1zslat tal\u00e1lkozik a b\u00e1jos ny\u00falfigur\u00e1kkal. A k\u00e9szlet egy l\u00e1nyt (18,5 cm), egy fi\u00fat vir\u00e1ggal (17 cm) \u00e9s egy fi\u00fat toj\u00e1ssal (18 cm) tartalmaz. Ezek az \u00fcgyesen megmunk\u00e1lt f\u00e1b\u00f3l k\u00e9sz\u00fclt figur\u00e1k term\u00e9szetes, rusztikus jelleget k\u00f6lcs\u00f6n\u00f6znek otthon\u00e1nak, \u00e9s vid\u00e1m hangulatot k\u00f6lcs\u00f6n\u00f6znek a h\u00fasv\u00e9ti dekor\u00e1ci\u00f3nak. <a class=\"continue\" href=\"https:\/\/bbdekorandmore.at\/hu\/produkt\/kaninchenfiguren-aus-holz\/\">Continue Reading<span> F\u00e1b\u00f3l k\u00e9sz\u00fclt ny\u00fal figur\u00e1k<\/span><\/a><\/p>","protected":false},"featured_media":2881,"comment_status":"open","ping_status":"closed","template":"","meta":{"site-sidebar-layout":"default","site-content-layout":"","ast-site-content-layout":"default","site-content-style":"default","site-sidebar-style":"default","ast-global-header-display":"","ast-banner-title-visibility":"","ast-main-header-display":"","ast-hfb-above-header-display":"","ast-hfb-below-header-display":"","ast-hfb-mobile-header-display":"","site-post-title":"","ast-breadcrumbs-content":"","ast-featured-img":"","footer-sml-layout":"","ast-disable-related-posts":"","theme-transparent-header-meta":"default","adv-header-id-meta":"","stick-header-meta":"","header-above-stick-meta":"","header-main-stick-meta":"","header-below-stick-meta":"","astra-migrate-meta-layouts":"set","ast-page-background-enabled":"default","ast-page-background-meta":{"desktop":{"background-color":"var(--ast-global-color-4)","background-image":"","background-repeat":"repeat","background-position":"center center","background-size":"auto","background-attachment":"scroll","background-type":"","background-media":"","overlay-type":"","overlay-color":"","overlay-opacity":"","overlay-gradient":""},"tablet":{"background-color":"","background-image":"","background-repeat":"repeat","background-position":"center center","background-size":"auto","background-attachment":"scroll","background-type":"","background-media":"","overlay-type":"","overlay-color":"","overlay-opacity":"","overlay-gradient":""},"mobile":{"background-color":"","background-image":"","background-repeat":"repeat","background-position":"center center","background-size":"auto","background-attachment":"scroll","background-type":"","background-media":"","overlay-type":"","overlay-color":"","overlay-opacity":"","overlay-gradient":""}},"ast-content-background-meta":{"desktop":{"background-color":"var(--ast-global-color-5)","background-image":"","background-repeat":"repeat","background-position":"center center","background-size":"auto","background-attachment":"scroll","background-type":"","background-media":"","overlay-type":"","overlay-color":"","overlay-opacity":"","overlay-gradient":""},"tablet":{"background-color":"var(--ast-global-color-5)","background-image":"","background-repeat":"repeat","background-position":"center center","background-size":"auto","background-attachment":"scroll","background-type":"","background-media":"","overlay-type":"","overlay-color":"","overlay-opacity":"","overlay-gradient":""},"mobile":{"background-color":"var(--ast-global-color-5)","background-image":"","background-repeat":"repeat","background-position":"center center","background-size":"auto","background-attachment":"scroll","background-type":"","background-media":"","overlay-type":"","overlay-color":"","overlay-opacity":"","overlay-gradient":""}}},"product_brand":[],"product_cat":[23,470],"product_tag":[197,458,194,196,459,199],"class_list":{"0":"post-3160","1":"product","2":"type-product","3":"status-publish","4":"has-post-thumbnail","6":"product_cat-ostern","7":"product_cat-figuren-ostern","8":"product_tag-dekoration-ostern","9":"product_tag-hasenfiguren-fur-ostern","10":"product_tag-ostern","11":"product_tag-ostern-deko","12":"product_tag-ostern-hasenfiguren","13":"product_tag-osterndekoration","14":"tm-no-options","15":"desktop-align-left","16":"tablet-align-left","17":"mobile-align-left","19":"first","20":"instock","21":"shipping-taxable","22":"purchasable","23":"product-type-variable"},"_links":{"self":[{"href":"https:\/\/bbdekorandmore.at\/hu\/wp-json\/wp\/v2\/product\/3160","targetHints":{"allow":["GET"]}}],"collection":[{"href":"https:\/\/bbdekorandmore.at\/hu\/wp-json\/wp\/v2\/product"}],"about":[{"href":"https:\/\/bbdekorandmore.at\/hu\/wp-json\/wp\/v2\/types\/product"}],"replies":[{"embeddable":true,"href":"https:\/\/bbdekorandmore.at\/hu\/wp-json\/wp\/v2\/comments?post=3160"}],"wp:featuredmedia":[{"embeddable":true,"href":"https:\/\/bbdekorandmore.at\/hu\/wp-json\/wp\/v2\/media\/2881"}],"wp:attachment":[{"href":"https:\/\/bbdekorandmore.at\/hu\/wp-json\/wp\/v2\/media?parent=3160"}],"wp:term":[{"taxonomy":"product_brand","embeddable":true,"href":"https:\/\/bbdekorandmore.at\/hu\/wp-json\/wp\/v2\/product_brand?post=3160"},{"taxonomy":"product_cat","embeddable":true,"href":"https:\/\/bbdekorandmore.at\/hu\/wp-json\/wp\/v2\/product_cat?post=3160"},{"taxonomy":"product_tag","embeddable":true,"href":"https:\/\/bbdekorandmore.at\/hu\/wp-json\/wp\/v2\/product_tag?post=3160"}],"curies":[{"name":"wp","href":"https:\/\/api.w.org\/{rel}","templated":true}]}}