{"id":3164,"date":"2024-02-07T11:37:01","date_gmt":"2024-02-07T11:37:01","guid":{"rendered":"http:\/\/bbdekorandmore.at\/?post_type=product&#038;p=3164"},"modified":"2024-03-07T15:15:44","modified_gmt":"2024-03-07T15:15:44","slug":"hasenfiguren-aus-holz-mit-federn","status":"publish","type":"product","link":"https:\/\/bbdekorandmore.at\/hu\/produkt\/hasenfiguren-aus-holz-mit-federn\/","title":{"rendered":"F\u00e1b\u00f3l k\u00e9sz\u00fclt ny\u00fal figur\u00e1k tollakkal"},"content":{"rendered":"<p>Var\u00e1zsoljon egy kis term\u00e9szetess\u00e9get \u00e9s eleganci\u00e1t h\u00fasv\u00e9ti dekor\u00e1ci\u00f3j\u00e1hoz a finom tollakkal d\u00edsz\u00edtett, elb\u0171v\u00f6l\u0151 fa nyuszi figur\u00e1inkkal. Mindegyik figura 14 cm-es, \u00e9s t\u00f6k\u00e9letesen megragadja a j\u00e1t\u00e9kos tavaszi hangulatot.<\/p>\n<p>A tollakkal d\u00edsz\u00edtett, \u00fcgyesen megmunk\u00e1lt fa nyuszik rusztikus b\u00e1jt visznek otthon\u00e1ba. Ezek a figur\u00e1k t\u00f6k\u00e9letesen elhelyezhet\u0151k egy asztalon, polcon vagy egy h\u00fasv\u00e9ti \u00f6ssze\u00e1ll\u00edt\u00e1s r\u00e9szek\u00e9nt, meleg \u00e9s h\u00edvogat\u00f3 hangulatot teremtenek.<\/p>\n<p>Adj egy csipetnyi term\u00e9szetess\u00e9get \u00e9s st\u00edlust a h\u00fasv\u00e9ti dekor\u00e1ci\u00f3dhoz ezekkel a kedves, f\u00e1b\u00f3l \u00e9s tollakb\u00f3l k\u00e9sz\u00fclt nyuszifigur\u00e1kkal. Rendelje meg most, \u00e9s hagyja, hogy ez a var\u00e1zslatos kieg\u00e9sz\u00edt\u0151 elrep\u00edtse \u00d6nt a h\u00fasv\u00e9t \u00fcnnepi hangulat\u00e1ba!<\/p>","protected":false},"excerpt":{"rendered":"<p>Im\u00e1dnival\u00f3 fa nyuszifigur\u00e1k, eleg\u00e1nsan d\u00edsz\u00edtve finom tollakkal. Mindegyik 14 cm magas figura j\u00e1t\u00e9kos tavaszi hangulatot \u00e1raszt, \u00e9s rusztikus b\u00e1jt k\u00f6lcs\u00f6n\u00f6z a h\u00fasv\u00e9ti dekor\u00e1ci\u00f3nak. T\u00f6k\u00e9letesen elhelyezhet\u0151 asztalokon vagy polcokon, ezek a m\u0171v\u00e9szi tollas fa nyuszik meleg \u00e9s h\u00edvogat\u00f3 hangulatot teremtenek. <a class=\"continue\" href=\"https:\/\/bbdekorandmore.at\/hu\/produkt\/hasenfiguren-aus-holz-mit-federn\/\">Continue Reading<span> F\u00e1b\u00f3l k\u00e9sz\u00fclt ny\u00fal figur\u00e1k tollakkal<\/span><\/a><\/p>","protected":false},"featured_media":2880,"comment_status":"open","ping_status":"closed","template":"","meta":{"site-sidebar-layout":"default","site-content-layout":"","ast-site-content-layout":"default","site-content-style":"default","site-sidebar-style":"default","ast-global-header-display":"","ast-banner-title-visibility":"","ast-main-header-display":"","ast-hfb-above-header-display":"","ast-hfb-below-header-display":"","ast-hfb-mobile-header-display":"","site-post-title":"","ast-breadcrumbs-content":"","ast-featured-img":"","footer-sml-layout":"","ast-disable-related-posts":"","theme-transparent-header-meta":"default","adv-header-id-meta":"","stick-header-meta":"","header-above-stick-meta":"","header-main-stick-meta":"","header-below-stick-meta":"","astra-migrate-meta-layouts":"set","ast-page-background-enabled":"default","ast-page-background-meta":{"desktop":{"background-color":"var(--ast-global-color-4)","background-image":"","background-repeat":"repeat","background-position":"center center","background-size":"auto","background-attachment":"scroll","background-type":"","background-media":"","overlay-type":"","overlay-color":"","overlay-opacity":"","overlay-gradient":""},"tablet":{"background-color":"","background-image":"","background-repeat":"repeat","background-position":"center center","background-size":"auto","background-attachment":"scroll","background-type":"","background-media":"","overlay-type":"","overlay-color":"","overlay-opacity":"","overlay-gradient":""},"mobile":{"background-color":"","background-image":"","background-repeat":"repeat","background-position":"center center","background-size":"auto","background-attachment":"scroll","background-type":"","background-media":"","overlay-type":"","overlay-color":"","overlay-opacity":"","overlay-gradient":""}},"ast-content-background-meta":{"desktop":{"background-color":"var(--ast-global-color-5)","background-image":"","background-repeat":"repeat","background-position":"center center","background-size":"auto","background-attachment":"scroll","background-type":"","background-media":"","overlay-type":"","overlay-color":"","overlay-opacity":"","overlay-gradient":""},"tablet":{"background-color":"var(--ast-global-color-5)","background-image":"","background-repeat":"repeat","background-position":"center center","background-size":"auto","background-attachment":"scroll","background-type":"","background-media":"","overlay-type":"","overlay-color":"","overlay-opacity":"","overlay-gradient":""},"mobile":{"background-color":"var(--ast-global-color-5)","background-image":"","background-repeat":"repeat","background-position":"center center","background-size":"auto","background-attachment":"scroll","background-type":"","background-media":"","overlay-type":"","overlay-color":"","overlay-opacity":"","overlay-gradient":""}}},"product_brand":[],"product_cat":[23,470],"product_tag":[197,458,194,196,459,199],"class_list":{"0":"post-3164","1":"product","2":"type-product","3":"status-publish","4":"has-post-thumbnail","6":"product_cat-ostern","7":"product_cat-figuren-ostern","8":"product_tag-dekoration-ostern","9":"product_tag-hasenfiguren-fur-ostern","10":"product_tag-ostern","11":"product_tag-ostern-deko","12":"product_tag-ostern-hasenfiguren","13":"product_tag-osterndekoration","14":"tm-no-options","15":"desktop-align-left","16":"tablet-align-left","17":"mobile-align-left","19":"first","20":"instock","21":"shipping-taxable","22":"purchasable","23":"product-type-variable"},"_links":{"self":[{"href":"https:\/\/bbdekorandmore.at\/hu\/wp-json\/wp\/v2\/product\/3164","targetHints":{"allow":["GET"]}}],"collection":[{"href":"https:\/\/bbdekorandmore.at\/hu\/wp-json\/wp\/v2\/product"}],"about":[{"href":"https:\/\/bbdekorandmore.at\/hu\/wp-json\/wp\/v2\/types\/product"}],"replies":[{"embeddable":true,"href":"https:\/\/bbdekorandmore.at\/hu\/wp-json\/wp\/v2\/comments?post=3164"}],"wp:featuredmedia":[{"embeddable":true,"href":"https:\/\/bbdekorandmore.at\/hu\/wp-json\/wp\/v2\/media\/2880"}],"wp:attachment":[{"href":"https:\/\/bbdekorandmore.at\/hu\/wp-json\/wp\/v2\/media?parent=3164"}],"wp:term":[{"taxonomy":"product_brand","embeddable":true,"href":"https:\/\/bbdekorandmore.at\/hu\/wp-json\/wp\/v2\/product_brand?post=3164"},{"taxonomy":"product_cat","embeddable":true,"href":"https:\/\/bbdekorandmore.at\/hu\/wp-json\/wp\/v2\/product_cat?post=3164"},{"taxonomy":"product_tag","embeddable":true,"href":"https:\/\/bbdekorandmore.at\/hu\/wp-json\/wp\/v2\/product_tag?post=3164"}],"curies":[{"name":"wp","href":"https:\/\/api.w.org\/{rel}","templated":true}]}}