{"id":3167,"date":"2024-02-07T11:43:22","date_gmt":"2024-02-07T11:43:22","guid":{"rendered":"http:\/\/bbdekorandmore.at\/?post_type=product&#038;p=3167"},"modified":"2025-02-25T07:28:31","modified_gmt":"2025-02-25T07:28:31","slug":"hase-im-mantel","status":"publish","type":"product","link":"https:\/\/bbdekorandmore.at\/hu\/produkt\/hase-im-mantel\/","title":{"rendered":"Nyuszi kab\u00e1tban"},"content":{"rendered":"<p>Adj egy csipetnyi eleganci\u00e1t a h\u00fasv\u00e9ti dekor\u00e1ci\u00f3hoz a var\u00e1zslatos polirezin nyuszinkkal kab\u00e1tban. Ez a 10 cm magas, szeretettel megtervezett figura melegs\u00e9get \u00e9s st\u00edlust k\u00f6lcs\u00f6n\u00f6z otthon\u00e1nak.<\/p>\n<p>A prec\u00edz kivitelez\u00e9s \u00e9s a szeretetteljes r\u00e9szletek, mint p\u00e9ld\u00e1ul az eleg\u00e1ns bunda, b\u00e1jos szemet gy\u00f6ny\u00f6rk\u00f6dtet\u0151v\u00e9 teszik ezt a nyulat. T\u00f6k\u00e9letesen elhelyezhet\u0151 egy asztalon, egy polcon vagy egy h\u00fasv\u00e9ti \u00f6ssze\u00e1ll\u00edt\u00e1s r\u00e9szek\u00e9nt, ez a figura \u00fcnnepi \u00e9s h\u00edvogat\u00f3 hangulatot teremt.<\/p>\n<p>Hozzon egy csipetnyi tavaszt \u00e9s \u00f6r\u00f6m\u00f6t otthon\u00e1ba ezzel az im\u00e1dnival\u00f3 nyuszival, amely polirezin bund\u00e1ban pomp\u00e1zik. Rendelje meg most, \u00e9s hagyja, hogy ez a st\u00edlusos kieg\u00e9sz\u00edt\u0151 elrep\u00edtse \u00d6nt a h\u00fasv\u00e9t \u00fcnnepi hangulat\u00e1ba!<\/p>","protected":false},"excerpt":{"rendered":"<p>Var\u00e1zslatos nyuszi kab\u00e1rban polirezinb\u0151l. A 10 cm magas figura st\u00edlusos bund\u00e1val \u00e9rkezik, \u00e9s b\u00e1jos hangs\u00falyt ad otthonodnak. T\u00f6k\u00e9letesen elhelyezhet\u0151 egy asztalon vagy polcon, ez a szeretettel megtervezett nyuszi \u00fcnnepi \u00e9s h\u00edvogat\u00f3 hangulatot k\u00f6lcs\u00f6n\u00f6z a h\u00fasv\u00e9ti dekor\u00e1ci\u00f3nak. <a class=\"continue\" href=\"https:\/\/bbdekorandmore.at\/hu\/produkt\/hase-im-mantel\/\">Continue Reading<span> Nyuszi kab\u00e1tban<\/span><\/a><\/p>","protected":false},"featured_media":2877,"comment_status":"open","ping_status":"closed","template":"","meta":{"site-sidebar-layout":"default","site-content-layout":"","ast-site-content-layout":"default","site-content-style":"default","site-sidebar-style":"default","ast-global-header-display":"","ast-banner-title-visibility":"","ast-main-header-display":"","ast-hfb-above-header-display":"","ast-hfb-below-header-display":"","ast-hfb-mobile-header-display":"","site-post-title":"","ast-breadcrumbs-content":"","ast-featured-img":"","footer-sml-layout":"","ast-disable-related-posts":"","theme-transparent-header-meta":"default","adv-header-id-meta":"","stick-header-meta":"","header-above-stick-meta":"","header-main-stick-meta":"","header-below-stick-meta":"","astra-migrate-meta-layouts":"set","ast-page-background-enabled":"default","ast-page-background-meta":{"desktop":{"background-color":"var(--ast-global-color-4)","background-image":"","background-repeat":"repeat","background-position":"center center","background-size":"auto","background-attachment":"scroll","background-type":"","background-media":"","overlay-type":"","overlay-color":"","overlay-opacity":"","overlay-gradient":""},"tablet":{"background-color":"","background-image":"","background-repeat":"repeat","background-position":"center center","background-size":"auto","background-attachment":"scroll","background-type":"","background-media":"","overlay-type":"","overlay-color":"","overlay-opacity":"","overlay-gradient":""},"mobile":{"background-color":"","background-image":"","background-repeat":"repeat","background-position":"center center","background-size":"auto","background-attachment":"scroll","background-type":"","background-media":"","overlay-type":"","overlay-color":"","overlay-opacity":"","overlay-gradient":""}},"ast-content-background-meta":{"desktop":{"background-color":"var(--ast-global-color-5)","background-image":"","background-repeat":"repeat","background-position":"center center","background-size":"auto","background-attachment":"scroll","background-type":"","background-media":"","overlay-type":"","overlay-color":"","overlay-opacity":"","overlay-gradient":""},"tablet":{"background-color":"var(--ast-global-color-5)","background-image":"","background-repeat":"repeat","background-position":"center center","background-size":"auto","background-attachment":"scroll","background-type":"","background-media":"","overlay-type":"","overlay-color":"","overlay-opacity":"","overlay-gradient":""},"mobile":{"background-color":"var(--ast-global-color-5)","background-image":"","background-repeat":"repeat","background-position":"center center","background-size":"auto","background-attachment":"scroll","background-type":"","background-media":"","overlay-type":"","overlay-color":"","overlay-opacity":"","overlay-gradient":""}}},"product_brand":[],"product_cat":[23,470],"product_tag":[197,458,194,196,459,199],"class_list":{"0":"post-3167","1":"product","2":"type-product","3":"status-publish","4":"has-post-thumbnail","6":"product_cat-ostern","7":"product_cat-figuren-ostern","8":"product_tag-dekoration-ostern","9":"product_tag-hasenfiguren-fur-ostern","10":"product_tag-ostern","11":"product_tag-ostern-deko","12":"product_tag-ostern-hasenfiguren","13":"product_tag-osterndekoration","14":"tm-no-options","15":"desktop-align-left","16":"tablet-align-left","17":"mobile-align-left","19":"first","20":"instock","21":"shipping-taxable","22":"purchasable","23":"product-type-simple"},"_links":{"self":[{"href":"https:\/\/bbdekorandmore.at\/hu\/wp-json\/wp\/v2\/product\/3167","targetHints":{"allow":["GET"]}}],"collection":[{"href":"https:\/\/bbdekorandmore.at\/hu\/wp-json\/wp\/v2\/product"}],"about":[{"href":"https:\/\/bbdekorandmore.at\/hu\/wp-json\/wp\/v2\/types\/product"}],"replies":[{"embeddable":true,"href":"https:\/\/bbdekorandmore.at\/hu\/wp-json\/wp\/v2\/comments?post=3167"}],"wp:featuredmedia":[{"embeddable":true,"href":"https:\/\/bbdekorandmore.at\/hu\/wp-json\/wp\/v2\/media\/2877"}],"wp:attachment":[{"href":"https:\/\/bbdekorandmore.at\/hu\/wp-json\/wp\/v2\/media?parent=3167"}],"wp:term":[{"taxonomy":"product_brand","embeddable":true,"href":"https:\/\/bbdekorandmore.at\/hu\/wp-json\/wp\/v2\/product_brand?post=3167"},{"taxonomy":"product_cat","embeddable":true,"href":"https:\/\/bbdekorandmore.at\/hu\/wp-json\/wp\/v2\/product_cat?post=3167"},{"taxonomy":"product_tag","embeddable":true,"href":"https:\/\/bbdekorandmore.at\/hu\/wp-json\/wp\/v2\/product_tag?post=3167"}],"curies":[{"name":"wp","href":"https:\/\/api.w.org\/{rel}","templated":true}]}}