{"id":3169,"date":"2024-02-07T20:38:43","date_gmt":"2024-02-07T20:38:43","guid":{"rendered":"http:\/\/bbdekorandmore.at\/?post_type=product&#038;p=3169"},"modified":"2024-03-12T18:02:24","modified_gmt":"2024-03-12T18:02:24","slug":"ostereier-mit-motiven","status":"publish","type":"product","link":"https:\/\/bbdekorandmore.at\/hu\/produkt\/ostereier-mit-motiven\/","title":{"rendered":"H\u00fasv\u00e9ti toj\u00e1sok mot\u00edvumokkal"},"content":{"rendered":"<div class=\"flex-1 overflow-hidden\">\n<div class=\"react-scroll-to-bottom--css-jzkiw-79elbk h-full\">\n<div class=\"react-scroll-to-bottom--css-jzkiw-1n7m0yu\">\n<div class=\"flex flex-col pb-9 text-sm\">\n<div class=\"w-full text-token-text-primary\" data-testid=\"conversation-turn-237\">\n<div class=\"px-4 py-2 justify-center text-base md:gap-6 m-auto\">\n<div class=\"flex flex-1 text-base mx-auto gap-3 md:px-5 lg:px-1 xl:px-5 md:max-w-3xl lg:max-w-[40rem] xl:max-w-[48rem] group final-completion\">\n<div class=\"relative flex w-full flex-col lg:w-[calc(100%-115px)] agent-turn\">\n<div class=\"flex-col gap-1 md:gap-3\">\n<div class=\"flex flex-grow flex-col max-w-full\">\n<div class=\"min-h-[20px] text-message flex flex-col items-start gap-3 whitespace-pre-wrap break-words [.text-message+&amp;]:mt-5 overflow-x-auto\" data-message-author-role=\"assistant\" data-message-id=\"77e1a970-10bf-45e0-984e-ef6939716486\">\n<div class=\"markdown prose w-full break-words dark:prose-invert light\">\n<p>Verleihen Sie Ihrem Osterdekor eine fr\u00f6hliche Note mit unseren Ostereiern mit Motiven. Die 11 cm gro\u00dfen Eier in den lebendigen Farben Gr\u00fcn, Rosa und Gelb sind kunstvoll mit ansprechenden Motiven verziert, die den Fr\u00fchling perfekt einfangen.<\/p>\n<p>Die pr\u00e4zise Verarbeitung und die verspielten Motive machen diese Ostereier zu bezaubernden Blickf\u00e4ngen. Ob als eigenst\u00e4ndige Dekoration oder als Teil eines Osterarrangements, diese Eier verleihen Ihrem Zuhause eine festliche und einladende Atmosph\u00e4re.<\/p>\n<p>Bringen Sie mit diesen liebevoll gestalteten Ostereiern mit Motiven eine Prise Fr\u00fchling und Freude in Ihr Zuhause. Bestellen Sie jetzt und lassen Sie sich von diesen farbenfrohen Accessoires in die festliche Atmosph\u00e4re des Osterfestes entf\u00fchren!<\/p>\n<\/div>\n<\/div>\n<\/div>\n<\/div>\n<\/div>\n<\/div>\n<\/div>\n<\/div>\n<\/div>\n<\/div>\n<\/div>\n<\/div>\n","protected":false},"excerpt":{"rendered":"<p>H\u00fasv\u00e9ti toj\u00e1sok mot\u00edvumokkal. A m\u0171v\u00e9szien megtervezett 11 cm-es toj\u00e1sok z\u00f6ld, r\u00f3zsasz\u00edn \u00e9s s\u00e1rga sz\u00ednben \u00e9l\u00e9nk hangulatot k\u00f6lcs\u00f6n\u00f6znek otthon\u00e1nak. Ak\u00e1r \u00f6n\u00e1ll\u00f3 dekor\u00e1ci\u00f3k\u00e9nt, ak\u00e1r egy h\u00fasv\u00e9ti \u00f6ssze\u00e1ll\u00edt\u00e1s r\u00e9szek\u00e9nt, ezek a sz\u00ednes toj\u00e1sok vid\u00e1ms\u00e1got \u00e9s tavaszt hoznak az \u00fcnnepi hangulatba. <a class=\"continue\" href=\"https:\/\/bbdekorandmore.at\/hu\/produkt\/ostereier-mit-motiven\/\">Continue Reading<span> H\u00fasv\u00e9ti toj\u00e1sok mot\u00edvumokkal<\/span><\/a><\/p>","protected":false},"featured_media":2934,"comment_status":"open","ping_status":"closed","template":"","meta":{"site-sidebar-layout":"default","site-content-layout":"","ast-site-content-layout":"default","site-content-style":"default","site-sidebar-style":"default","ast-global-header-display":"","ast-banner-title-visibility":"","ast-main-header-display":"","ast-hfb-above-header-display":"","ast-hfb-below-header-display":"","ast-hfb-mobile-header-display":"","site-post-title":"","ast-breadcrumbs-content":"","ast-featured-img":"","footer-sml-layout":"","ast-disable-related-posts":"","theme-transparent-header-meta":"default","adv-header-id-meta":"","stick-header-meta":"","header-above-stick-meta":"","header-main-stick-meta":"","header-below-stick-meta":"","astra-migrate-meta-layouts":"set","ast-page-background-enabled":"default","ast-page-background-meta":{"desktop":{"background-color":"var(--ast-global-color-4)","background-image":"","background-repeat":"repeat","background-position":"center center","background-size":"auto","background-attachment":"scroll","background-type":"","background-media":"","overlay-type":"","overlay-color":"","overlay-opacity":"","overlay-gradient":""},"tablet":{"background-color":"","background-image":"","background-repeat":"repeat","background-position":"center center","background-size":"auto","background-attachment":"scroll","background-type":"","background-media":"","overlay-type":"","overlay-color":"","overlay-opacity":"","overlay-gradient":""},"mobile":{"background-color":"","background-image":"","background-repeat":"repeat","background-position":"center center","background-size":"auto","background-attachment":"scroll","background-type":"","background-media":"","overlay-type":"","overlay-color":"","overlay-opacity":"","overlay-gradient":""}},"ast-content-background-meta":{"desktop":{"background-color":"var(--ast-global-color-5)","background-image":"","background-repeat":"repeat","background-position":"center center","background-size":"auto","background-attachment":"scroll","background-type":"","background-media":"","overlay-type":"","overlay-color":"","overlay-opacity":"","overlay-gradient":""},"tablet":{"background-color":"var(--ast-global-color-5)","background-image":"","background-repeat":"repeat","background-position":"center center","background-size":"auto","background-attachment":"scroll","background-type":"","background-media":"","overlay-type":"","overlay-color":"","overlay-opacity":"","overlay-gradient":""},"mobile":{"background-color":"var(--ast-global-color-5)","background-image":"","background-repeat":"repeat","background-position":"center center","background-size":"auto","background-attachment":"scroll","background-type":"","background-media":"","overlay-type":"","overlay-color":"","overlay-opacity":"","overlay-gradient":""}}},"product_brand":[],"product_cat":[23,470],"product_tag":[197,510,194,196,199],"class_list":{"0":"post-3169","1":"product","2":"type-product","3":"status-publish","4":"has-post-thumbnail","6":"product_cat-ostern","7":"product_cat-figuren-ostern","8":"product_tag-dekoration-ostern","9":"product_tag-osterei-dekoration","10":"product_tag-ostern","11":"product_tag-ostern-deko","12":"product_tag-osterndekoration","13":"tm-no-options","14":"desktop-align-left","15":"tablet-align-left","16":"mobile-align-left","18":"first","19":"instock","20":"shipping-taxable","21":"purchasable","22":"product-type-variable"},"_links":{"self":[{"href":"https:\/\/bbdekorandmore.at\/hu\/wp-json\/wp\/v2\/product\/3169","targetHints":{"allow":["GET"]}}],"collection":[{"href":"https:\/\/bbdekorandmore.at\/hu\/wp-json\/wp\/v2\/product"}],"about":[{"href":"https:\/\/bbdekorandmore.at\/hu\/wp-json\/wp\/v2\/types\/product"}],"replies":[{"embeddable":true,"href":"https:\/\/bbdekorandmore.at\/hu\/wp-json\/wp\/v2\/comments?post=3169"}],"wp:featuredmedia":[{"embeddable":true,"href":"https:\/\/bbdekorandmore.at\/hu\/wp-json\/wp\/v2\/media\/2934"}],"wp:attachment":[{"href":"https:\/\/bbdekorandmore.at\/hu\/wp-json\/wp\/v2\/media?parent=3169"}],"wp:term":[{"taxonomy":"product_brand","embeddable":true,"href":"https:\/\/bbdekorandmore.at\/hu\/wp-json\/wp\/v2\/product_brand?post=3169"},{"taxonomy":"product_cat","embeddable":true,"href":"https:\/\/bbdekorandmore.at\/hu\/wp-json\/wp\/v2\/product_cat?post=3169"},{"taxonomy":"product_tag","embeddable":true,"href":"https:\/\/bbdekorandmore.at\/hu\/wp-json\/wp\/v2\/product_tag?post=3169"}],"curies":[{"name":"wp","href":"https:\/\/api.w.org\/{rel}","templated":true}]}}