{"id":3173,"date":"2024-02-07T20:45:29","date_gmt":"2024-02-07T20:45:29","guid":{"rendered":"http:\/\/bbdekorandmore.at\/?post_type=product&#038;p=3173"},"modified":"2024-02-07T20:45:30","modified_gmt":"2024-02-07T20:45:30","slug":"eier-mit-huhnermotiv","status":"publish","type":"product","link":"https:\/\/bbdekorandmore.at\/hu\/produkt\/eier-mit-huhnermotiv\/","title":{"rendered":"Toj\u00e1s csirke mot\u00edvummal"},"content":{"rendered":"<p>D\u00edsz\u00edtse h\u00fasv\u00e9ti dekor\u00e1ci\u00f3j\u00e1t var\u00e1zslatos, csirke mot\u00edvummal d\u00edsz\u00edtett toj\u00e1sainkkal. A 11 cm-es r\u00f3zsasz\u00edn toj\u00e1sokat \u00fcgyesen d\u00edsz\u00edtik im\u00e1dnival\u00f3 csirke mot\u00edvumokkal, amelyek vid\u00e1m \u00e9s rusztikus hangulatot teremtenek.<\/p>\n<p>Die pr\u00e4zise Verarbeitung und die liebevollen Details machen diese Eier zu charmanten Blickf\u00e4ngen. Egal, ob als eigenst\u00e4ndige Dekoration oder als Teil eines Osterarrangements, diese H\u00fchnermotive verleihen Ihrem Zuhause eine festliche und einladende Stimmung.<\/p>\n<p>Hozzon egy csipetnyi b\u00e1jt \u00e9s tavaszt otthon\u00e1ba ezekkel a csirke mot\u00edvummal d\u00edsz\u00edtett, szeretettel megtervezett toj\u00e1sokkal. Rendeljen most, \u00e9s hagyja, hogy ezek a sz\u00ednes kieg\u00e9sz\u00edt\u0151k elrep\u00edts\u00e9k \u00d6nt a h\u00fasv\u00e9t \u00fcnnepi hangulat\u00e1ba!<\/p>","protected":false},"excerpt":{"rendered":"<p>Im\u00e1dnival\u00f3 toj\u00e1sok csirke mot\u00edvummal. A 11 cm-es r\u00f3zsasz\u00edn toj\u00e1sok b\u00e1jos csirke mot\u00edvumokkal d\u00edsz\u00edtettek, \u00e9s vid\u00e1m, rusztikus hangulatot teremtenek. Ak\u00e1r egyenk\u00e9nt, ak\u00e1r egy h\u00fasv\u00e9ti \u00f6ssze\u00e1ll\u00edt\u00e1s r\u00e9szek\u00e9nt, ezek a szeretettel megtervezett toj\u00e1sok egy csipetnyi b\u00e1jt \u00e9s tavaszt hoznak az \u00fcnnepi hangulatba. <a class=\"continue\" href=\"https:\/\/bbdekorandmore.at\/hu\/produkt\/eier-mit-huhnermotiv\/\">Continue Reading<span> Toj\u00e1s csirke mot\u00edvummal<\/span><\/a><\/p>","protected":false},"featured_media":2937,"comment_status":"open","ping_status":"closed","template":"","meta":{"site-sidebar-layout":"default","site-content-layout":"","ast-site-content-layout":"default","site-content-style":"default","site-sidebar-style":"default","ast-global-header-display":"","ast-banner-title-visibility":"","ast-main-header-display":"","ast-hfb-above-header-display":"","ast-hfb-below-header-display":"","ast-hfb-mobile-header-display":"","site-post-title":"","ast-breadcrumbs-content":"","ast-featured-img":"","footer-sml-layout":"","ast-disable-related-posts":"","theme-transparent-header-meta":"default","adv-header-id-meta":"","stick-header-meta":"","header-above-stick-meta":"","header-main-stick-meta":"","header-below-stick-meta":"","astra-migrate-meta-layouts":"set","ast-page-background-enabled":"default","ast-page-background-meta":{"desktop":{"background-color":"var(--ast-global-color-4)","background-image":"","background-repeat":"repeat","background-position":"center center","background-size":"auto","background-attachment":"scroll","background-type":"","background-media":"","overlay-type":"","overlay-color":"","overlay-opacity":"","overlay-gradient":""},"tablet":{"background-color":"","background-image":"","background-repeat":"repeat","background-position":"center center","background-size":"auto","background-attachment":"scroll","background-type":"","background-media":"","overlay-type":"","overlay-color":"","overlay-opacity":"","overlay-gradient":""},"mobile":{"background-color":"","background-image":"","background-repeat":"repeat","background-position":"center center","background-size":"auto","background-attachment":"scroll","background-type":"","background-media":"","overlay-type":"","overlay-color":"","overlay-opacity":"","overlay-gradient":""}},"ast-content-background-meta":{"desktop":{"background-color":"var(--ast-global-color-5)","background-image":"","background-repeat":"repeat","background-position":"center center","background-size":"auto","background-attachment":"scroll","background-type":"","background-media":"","overlay-type":"","overlay-color":"","overlay-opacity":"","overlay-gradient":""},"tablet":{"background-color":"var(--ast-global-color-5)","background-image":"","background-repeat":"repeat","background-position":"center center","background-size":"auto","background-attachment":"scroll","background-type":"","background-media":"","overlay-type":"","overlay-color":"","overlay-opacity":"","overlay-gradient":""},"mobile":{"background-color":"var(--ast-global-color-5)","background-image":"","background-repeat":"repeat","background-position":"center center","background-size":"auto","background-attachment":"scroll","background-type":"","background-media":"","overlay-type":"","overlay-color":"","overlay-opacity":"","overlay-gradient":""}}},"product_brand":[],"product_cat":[23,470],"product_tag":[197,510,194,196,199],"class_list":{"0":"post-3173","1":"product","2":"type-product","3":"status-publish","4":"has-post-thumbnail","6":"product_cat-ostern","7":"product_cat-figuren-ostern","8":"product_tag-dekoration-ostern","9":"product_tag-osterei-dekoration","10":"product_tag-ostern","11":"product_tag-ostern-deko","12":"product_tag-osterndekoration","13":"tm-no-options","14":"desktop-align-left","15":"tablet-align-left","16":"mobile-align-left","18":"first","19":"instock","20":"shipping-taxable","21":"purchasable","22":"product-type-simple"},"_links":{"self":[{"href":"https:\/\/bbdekorandmore.at\/hu\/wp-json\/wp\/v2\/product\/3173","targetHints":{"allow":["GET"]}}],"collection":[{"href":"https:\/\/bbdekorandmore.at\/hu\/wp-json\/wp\/v2\/product"}],"about":[{"href":"https:\/\/bbdekorandmore.at\/hu\/wp-json\/wp\/v2\/types\/product"}],"replies":[{"embeddable":true,"href":"https:\/\/bbdekorandmore.at\/hu\/wp-json\/wp\/v2\/comments?post=3173"}],"wp:featuredmedia":[{"embeddable":true,"href":"https:\/\/bbdekorandmore.at\/hu\/wp-json\/wp\/v2\/media\/2937"}],"wp:attachment":[{"href":"https:\/\/bbdekorandmore.at\/hu\/wp-json\/wp\/v2\/media?parent=3173"}],"wp:term":[{"taxonomy":"product_brand","embeddable":true,"href":"https:\/\/bbdekorandmore.at\/hu\/wp-json\/wp\/v2\/product_brand?post=3173"},{"taxonomy":"product_cat","embeddable":true,"href":"https:\/\/bbdekorandmore.at\/hu\/wp-json\/wp\/v2\/product_cat?post=3173"},{"taxonomy":"product_tag","embeddable":true,"href":"https:\/\/bbdekorandmore.at\/hu\/wp-json\/wp\/v2\/product_tag?post=3173"}],"curies":[{"name":"wp","href":"https:\/\/api.w.org\/{rel}","templated":true}]}}