{"id":3174,"date":"2024-02-07T21:00:32","date_gmt":"2024-02-07T21:00:32","guid":{"rendered":"http:\/\/bbdekorandmore.at\/?post_type=product&#038;p=3174"},"modified":"2024-02-07T21:00:33","modified_gmt":"2024-02-07T21:00:33","slug":"weisse-eier","status":"publish","type":"product","link":"https:\/\/bbdekorandmore.at\/hu\/produkt\/weisse-eier\/","title":{"rendered":"Feh\u00e9r toj\u00e1sok"},"content":{"rendered":"<p>Adjon st\u00edlusos jelleget a h\u00fasv\u00e9ti dekor\u00e1ci\u00f3nak a k\u00fcl\u00f6nb\u00f6z\u0151 m\u00e9ret\u0171 \u00e9s mint\u00e1j\u00fa feh\u00e9r toj\u00e1sokkal. A nagy, 15 cm magas, f\u00e9nyes feh\u00e9r toj\u00e1s eleg\u00e1ns hangulatot \u00e1raszt.<\/p>\n<p>A 10 cm-es k\u00f6zepes \u00e9s a 9 cm-es kis \u00e9s k\u00f6zepes m\u00e9ret\u0171 toj\u00e1sokat var\u00e1zslatos vir\u00e1gd\u00edszek d\u00edsz\u00edtik, amelyek t\u00f6k\u00e9letesen \u00e9rz\u00e9keltetik a tavaszt. A prec\u00edz kivitelez\u00e9s \u00e9s a tetszet\u0151s mint\u00e1k st\u00edlusos szemet gy\u00f6ny\u00f6rk\u00f6dtet\u0151v\u00e9 teszik ezeket a toj\u00e1sokat.<\/p>\n<p>Ak\u00e1r egyenk\u00e9nt, ak\u00e1r csoportosan, ezek a feh\u00e9r toj\u00e1sok \u00fcnnepi \u00e9s h\u00edvogat\u00f3 hangulatot k\u00f6lcs\u00f6n\u00f6znek otthon\u00e1nak. Rendeljen most, \u00e9s hagyja, hogy ezek a m\u0171v\u00e9szi h\u00fasv\u00e9ti kieg\u00e9sz\u00edt\u0151k a h\u00fasv\u00e9t \u00fcnnepi hangulat\u00e1ba rep\u00edts\u00e9k!<\/p>","protected":false},"excerpt":{"rendered":"<p>Feh\u00e9r toj\u00e1sok k\u00fcl\u00f6nb\u00f6z\u0151 m\u00e9retekben \u00e9s mint\u00e1kban. A f\u00e9nyes feh\u00e9r, impoz\u00e1ns 15 cm-es toj\u00e1s eleganci\u00e1t sug\u00e1roz, m\u00edg a k\u00f6zepes (10 cm) \u00e9s a kis (9 cm) toj\u00e1sok vid\u00e1ms\u00e1got k\u00f6lcs\u00f6n\u00f6znek az elragad\u00f3 vir\u00e1gos d\u00edsz\u00edt\u00e9seknek. Ezek a d\u00edszes toj\u00e1sok egyenk\u00e9nt vagy csoportosan bemutatva \u00fcnnepi \u00e9s bar\u00e1ts\u00e1gos hangulatot k\u00f6lcs\u00f6n\u00f6znek otthon\u00e1nak. <a class=\"continue\" href=\"https:\/\/bbdekorandmore.at\/hu\/produkt\/weisse-eier\/\">Continue Reading<span> Feh\u00e9r toj\u00e1sok<\/span><\/a><\/p>","protected":false},"featured_media":2876,"comment_status":"open","ping_status":"closed","template":"","meta":{"site-sidebar-layout":"default","site-content-layout":"","ast-site-content-layout":"default","site-content-style":"default","site-sidebar-style":"default","ast-global-header-display":"","ast-banner-title-visibility":"","ast-main-header-display":"","ast-hfb-above-header-display":"","ast-hfb-below-header-display":"","ast-hfb-mobile-header-display":"","site-post-title":"","ast-breadcrumbs-content":"","ast-featured-img":"","footer-sml-layout":"","ast-disable-related-posts":"","theme-transparent-header-meta":"default","adv-header-id-meta":"","stick-header-meta":"","header-above-stick-meta":"","header-main-stick-meta":"","header-below-stick-meta":"","astra-migrate-meta-layouts":"set","ast-page-background-enabled":"default","ast-page-background-meta":{"desktop":{"background-color":"var(--ast-global-color-4)","background-image":"","background-repeat":"repeat","background-position":"center center","background-size":"auto","background-attachment":"scroll","background-type":"","background-media":"","overlay-type":"","overlay-color":"","overlay-opacity":"","overlay-gradient":""},"tablet":{"background-color":"","background-image":"","background-repeat":"repeat","background-position":"center center","background-size":"auto","background-attachment":"scroll","background-type":"","background-media":"","overlay-type":"","overlay-color":"","overlay-opacity":"","overlay-gradient":""},"mobile":{"background-color":"","background-image":"","background-repeat":"repeat","background-position":"center center","background-size":"auto","background-attachment":"scroll","background-type":"","background-media":"","overlay-type":"","overlay-color":"","overlay-opacity":"","overlay-gradient":""}},"ast-content-background-meta":{"desktop":{"background-color":"var(--ast-global-color-5)","background-image":"","background-repeat":"repeat","background-position":"center center","background-size":"auto","background-attachment":"scroll","background-type":"","background-media":"","overlay-type":"","overlay-color":"","overlay-opacity":"","overlay-gradient":""},"tablet":{"background-color":"var(--ast-global-color-5)","background-image":"","background-repeat":"repeat","background-position":"center center","background-size":"auto","background-attachment":"scroll","background-type":"","background-media":"","overlay-type":"","overlay-color":"","overlay-opacity":"","overlay-gradient":""},"mobile":{"background-color":"var(--ast-global-color-5)","background-image":"","background-repeat":"repeat","background-position":"center center","background-size":"auto","background-attachment":"scroll","background-type":"","background-media":"","overlay-type":"","overlay-color":"","overlay-opacity":"","overlay-gradient":""}}},"product_brand":[],"product_cat":[23,470,24],"product_tag":[197,510,194,196,199],"class_list":{"0":"post-3174","1":"product","2":"type-product","3":"status-publish","4":"has-post-thumbnail","6":"product_cat-ostern","7":"product_cat-figuren-ostern","8":"product_cat-sommer","9":"product_tag-dekoration-ostern","10":"product_tag-osterei-dekoration","11":"product_tag-ostern","12":"product_tag-ostern-deko","13":"product_tag-osterndekoration","14":"tm-no-options","15":"desktop-align-left","16":"tablet-align-left","17":"mobile-align-left","19":"first","20":"instock","21":"shipping-taxable","22":"purchasable","23":"product-type-variable"},"_links":{"self":[{"href":"https:\/\/bbdekorandmore.at\/hu\/wp-json\/wp\/v2\/product\/3174","targetHints":{"allow":["GET"]}}],"collection":[{"href":"https:\/\/bbdekorandmore.at\/hu\/wp-json\/wp\/v2\/product"}],"about":[{"href":"https:\/\/bbdekorandmore.at\/hu\/wp-json\/wp\/v2\/types\/product"}],"replies":[{"embeddable":true,"href":"https:\/\/bbdekorandmore.at\/hu\/wp-json\/wp\/v2\/comments?post=3174"}],"wp:featuredmedia":[{"embeddable":true,"href":"https:\/\/bbdekorandmore.at\/hu\/wp-json\/wp\/v2\/media\/2876"}],"wp:attachment":[{"href":"https:\/\/bbdekorandmore.at\/hu\/wp-json\/wp\/v2\/media?parent=3174"}],"wp:term":[{"taxonomy":"product_brand","embeddable":true,"href":"https:\/\/bbdekorandmore.at\/hu\/wp-json\/wp\/v2\/product_brand?post=3174"},{"taxonomy":"product_cat","embeddable":true,"href":"https:\/\/bbdekorandmore.at\/hu\/wp-json\/wp\/v2\/product_cat?post=3174"},{"taxonomy":"product_tag","embeddable":true,"href":"https:\/\/bbdekorandmore.at\/hu\/wp-json\/wp\/v2\/product_tag?post=3174"}],"curies":[{"name":"wp","href":"https:\/\/api.w.org\/{rel}","templated":true}]}}