{"id":3192,"date":"2024-02-07T21:31:10","date_gmt":"2024-02-07T21:31:10","guid":{"rendered":"http:\/\/bbdekorandmore.at\/?post_type=product&#038;p=3192"},"modified":"2026-03-30T20:23:49","modified_gmt":"2026-03-30T20:23:49","slug":"gerippte-goldene-eier","status":"publish","type":"product","link":"https:\/\/bbdekorandmore.at\/hu\/produkt\/gerippte-goldene-eier\/","title":{"rendered":"Bord\u00e1zott arany toj\u00e1sok"},"content":{"rendered":"<p>Gazdag\u00edtsa a h\u00fasv\u00e9ti dekor\u00e1ci\u00f3t egy csipetnyi eleganci\u00e1val a k\u00fcl\u00f6nb\u00f6z\u0151 m\u00e9ret\u0171 bord\u00e1zott aranytoj\u00e1sainkkal. A nagy, 14 cm-es bord\u00e1zott toj\u00e1s impoz\u00e1ns hat\u00e1st kelt, m\u00edg a k\u00f6zepes m\u00e9ret\u0171, 12 cm-es toj\u00e1s vonz\u00f3 eleganci\u00e1t sug\u00e1roz. A 9,50 cm-es kis bord\u00e1zott toj\u00e1s st\u00edlusos eleganci\u00e1val teszi teljess\u00e9 az \u00f6ssze\u00e1ll\u00edt\u00e1st.<\/p>\n<p>A prec\u00edz kivitelez\u00e9s \u00e9s a bord\u00e1zott fel\u00fclet m\u0171v\u00e9szi text\u00far\u00e1t k\u00f6lcs\u00f6n\u00f6z ezeknek az aranytoj\u00e1soknak. Ak\u00e1r egyenk\u00e9nt elhelyezve, ak\u00e1r harmonikus csoportba rendezve, ezek a bord\u00e1zott aranytoj\u00e1sok \u00fcnnepi \u00e9s kecses hangulatot teremtenek otthon\u00e1ban.<\/p>\n<p>Adjon egy kis luxust a h\u00fasv\u00e9ti dekor\u00e1ci\u00f3hoz ezekkel az eleg\u00e1ns bord\u00e1zott aranytoj\u00e1sokkal. Rendeljen most, \u00e9s hagyja, hogy ezek az eleg\u00e1ns kieg\u00e9sz\u00edt\u0151k elrep\u00edts\u00e9k \u00d6nt a h\u00fasv\u00e9t \u00fcnnepi hangulat\u00e1ba!<\/p>","protected":false},"excerpt":{"rendered":"<p>Bord\u00e1zott aranytoj\u00e1sok k\u00fcl\u00f6nb\u00f6z\u0151 m\u00e9retekben. Az impoz\u00e1ns, 14 cm-es nagy toj\u00e1s, a vonz\u00f3, 12 cm-es k\u00f6zepes m\u00e9ret\u0171 toj\u00e1s \u00e9s a st\u00edlusos, 9,50 cm-es kis toj\u00e1s mindegyike m\u0171v\u00e9szi bord\u00e1zattal rendelkezik, amely eleg\u00e1ns szerkezetet hoz l\u00e9tre. Ezek az aranytoj\u00e1sok egyenk\u00e9nt vagy harmonikus csoportban \u00fcnnepi \u00e9s m\u00e9lt\u00f3s\u00e1gteljes hangulatot k\u00f6lcs\u00f6n\u00f6znek otthon\u00e1nak. <a class=\"continue\" href=\"https:\/\/bbdekorandmore.at\/hu\/produkt\/gerippte-goldene-eier\/\">Continue Reading<span> Bord\u00e1zott arany toj\u00e1sok<\/span><\/a><\/p>","protected":false},"featured_media":2900,"comment_status":"open","ping_status":"closed","template":"","meta":{"site-sidebar-layout":"default","site-content-layout":"","ast-site-content-layout":"default","site-content-style":"default","site-sidebar-style":"default","ast-global-header-display":"","ast-banner-title-visibility":"","ast-main-header-display":"","ast-hfb-above-header-display":"","ast-hfb-below-header-display":"","ast-hfb-mobile-header-display":"","site-post-title":"","ast-breadcrumbs-content":"","ast-featured-img":"","footer-sml-layout":"","ast-disable-related-posts":"","theme-transparent-header-meta":"default","adv-header-id-meta":"","stick-header-meta":"","header-above-stick-meta":"","header-main-stick-meta":"","header-below-stick-meta":"","astra-migrate-meta-layouts":"set","ast-page-background-enabled":"default","ast-page-background-meta":{"desktop":{"background-color":"var(--ast-global-color-4)","background-image":"","background-repeat":"repeat","background-position":"center center","background-size":"auto","background-attachment":"scroll","background-type":"","background-media":"","overlay-type":"","overlay-color":"","overlay-opacity":"","overlay-gradient":""},"tablet":{"background-color":"","background-image":"","background-repeat":"repeat","background-position":"center center","background-size":"auto","background-attachment":"scroll","background-type":"","background-media":"","overlay-type":"","overlay-color":"","overlay-opacity":"","overlay-gradient":""},"mobile":{"background-color":"","background-image":"","background-repeat":"repeat","background-position":"center center","background-size":"auto","background-attachment":"scroll","background-type":"","background-media":"","overlay-type":"","overlay-color":"","overlay-opacity":"","overlay-gradient":""}},"ast-content-background-meta":{"desktop":{"background-color":"var(--ast-global-color-5)","background-image":"","background-repeat":"repeat","background-position":"center center","background-size":"auto","background-attachment":"scroll","background-type":"","background-media":"","overlay-type":"","overlay-color":"","overlay-opacity":"","overlay-gradient":""},"tablet":{"background-color":"var(--ast-global-color-5)","background-image":"","background-repeat":"repeat","background-position":"center center","background-size":"auto","background-attachment":"scroll","background-type":"","background-media":"","overlay-type":"","overlay-color":"","overlay-opacity":"","overlay-gradient":""},"mobile":{"background-color":"var(--ast-global-color-5)","background-image":"","background-repeat":"repeat","background-position":"center center","background-size":"auto","background-attachment":"scroll","background-type":"","background-media":"","overlay-type":"","overlay-color":"","overlay-opacity":"","overlay-gradient":""}}},"product_brand":[],"product_cat":[23,470],"product_tag":[197,510,194,196,199],"class_list":{"0":"post-3192","1":"product","2":"type-product","3":"status-publish","4":"has-post-thumbnail","6":"product_cat-ostern","7":"product_cat-figuren-ostern","8":"product_tag-dekoration-ostern","9":"product_tag-osterei-dekoration","10":"product_tag-ostern","11":"product_tag-ostern-deko","12":"product_tag-osterndekoration","13":"tm-no-options","14":"desktop-align-left","15":"tablet-align-left","16":"mobile-align-left","18":"first","19":"outofstock","20":"shipping-taxable","21":"purchasable","22":"product-type-variable"},"_links":{"self":[{"href":"https:\/\/bbdekorandmore.at\/hu\/wp-json\/wp\/v2\/product\/3192","targetHints":{"allow":["GET"]}}],"collection":[{"href":"https:\/\/bbdekorandmore.at\/hu\/wp-json\/wp\/v2\/product"}],"about":[{"href":"https:\/\/bbdekorandmore.at\/hu\/wp-json\/wp\/v2\/types\/product"}],"replies":[{"embeddable":true,"href":"https:\/\/bbdekorandmore.at\/hu\/wp-json\/wp\/v2\/comments?post=3192"}],"wp:featuredmedia":[{"embeddable":true,"href":"https:\/\/bbdekorandmore.at\/hu\/wp-json\/wp\/v2\/media\/2900"}],"wp:attachment":[{"href":"https:\/\/bbdekorandmore.at\/hu\/wp-json\/wp\/v2\/media?parent=3192"}],"wp:term":[{"taxonomy":"product_brand","embeddable":true,"href":"https:\/\/bbdekorandmore.at\/hu\/wp-json\/wp\/v2\/product_brand?post=3192"},{"taxonomy":"product_cat","embeddable":true,"href":"https:\/\/bbdekorandmore.at\/hu\/wp-json\/wp\/v2\/product_cat?post=3192"},{"taxonomy":"product_tag","embeddable":true,"href":"https:\/\/bbdekorandmore.at\/hu\/wp-json\/wp\/v2\/product_tag?post=3192"}],"curies":[{"name":"wp","href":"https:\/\/api.w.org\/{rel}","templated":true}]}}