{"id":3215,"date":"2024-02-08T21:27:04","date_gmt":"2024-02-08T21:27:04","guid":{"rendered":"http:\/\/bbdekorandmore.at\/?post_type=product&#038;p=3215"},"modified":"2025-04-18T06:22:09","modified_gmt":"2025-04-18T06:22:09","slug":"voll-mit-blumen-rosa-tischdeko-fur-ostern","status":"publish","type":"product","link":"https:\/\/bbdekorandmore.at\/hu\/produkt\/voll-mit-blumen-rosa-tischdeko-fur-ostern\/","title":{"rendered":"\" Vir\u00e1gokkal teli\" r\u00f3zsasz\u00edn asztali dekor\u00e1ci\u00f3 h\u00fasv\u00e9tra"},"content":{"rendered":"<p>Adjon finom hangulatot h\u00fasv\u00e9ti \u00fcnneps\u00e9g\u00e9nek a \"Vir\u00e1gokkal teli\" asztali dekor\u00e1ci\u00f3val. Ez a 15 cm \u00e1tm\u00e9r\u0151j\u0171 \u00e9s 23 cm magas dekor\u00e1ci\u00f3 r\u00f3zsasz\u00edn ker\u00e1miaed\u00e9nyben ker\u00fcl bemutat\u00e1sra. A gy\u00f6ny\u00f6r\u0171 selyemvir\u00e1gok sokas\u00e1ga \u00e9s a b\u00e1jos ny\u00falfigura \u00fcnnepi \u00e9s tavaszias hangulatot k\u00f6lcs\u00f6n\u00f6z asztal\u00e1nak. \u00c9lje \u00e1t a h\u00fasv\u00e9t var\u00e1zs\u00e1t ezzel a szeretettel megtervezett asztali dekor\u00e1ci\u00f3val.<\/p>","protected":false},"excerpt":{"rendered":"<p>Keltse \u00e9letre a tavaszt a \"Vir\u00e1gokkal teli\" h\u00fasv\u00e9ti asztali dekor\u00e1ci\u00f3nkkal. Ez a 15 cm \u00e1tm\u00e9r\u0151j\u0171 \u00e9s 23 cm magas dekor\u00e1ci\u00f3 r\u00f3zsasz\u00edn ker\u00e1miaed\u00e9nyben ker\u00fcl bemutat\u00e1sra. A rengeteg var\u00e1zslatos selyemvir\u00e1g \u00e9s a b\u00e1jos ny\u00falfigura \u00fcnnepi \u00e9s vid\u00e1m hangulatot teremt az asztalon - t\u00f6k\u00e9letes a h\u00fasv\u00e9t st\u00edlusos fogad\u00e1s\u00e1hoz. <a class=\"continue\" href=\"https:\/\/bbdekorandmore.at\/hu\/produkt\/voll-mit-blumen-rosa-tischdeko-fur-ostern\/\">Continue Reading<span> \" Vir\u00e1gokkal teli\" r\u00f3zsasz\u00edn asztali dekor\u00e1ci\u00f3 h\u00fasv\u00e9tra<\/span><\/a><\/p>","protected":false},"featured_media":3219,"comment_status":"open","ping_status":"closed","template":"","meta":{"site-sidebar-layout":"default","site-content-layout":"","ast-site-content-layout":"default","site-content-style":"default","site-sidebar-style":"default","ast-global-header-display":"","ast-banner-title-visibility":"","ast-main-header-display":"","ast-hfb-above-header-display":"","ast-hfb-below-header-display":"","ast-hfb-mobile-header-display":"","site-post-title":"","ast-breadcrumbs-content":"","ast-featured-img":"","footer-sml-layout":"","ast-disable-related-posts":"","theme-transparent-header-meta":"default","adv-header-id-meta":"","stick-header-meta":"","header-above-stick-meta":"","header-main-stick-meta":"","header-below-stick-meta":"","astra-migrate-meta-layouts":"set","ast-page-background-enabled":"default","ast-page-background-meta":{"desktop":{"background-color":"var(--ast-global-color-4)","background-image":"","background-repeat":"repeat","background-position":"center center","background-size":"auto","background-attachment":"scroll","background-type":"","background-media":"","overlay-type":"","overlay-color":"","overlay-opacity":"","overlay-gradient":""},"tablet":{"background-color":"","background-image":"","background-repeat":"repeat","background-position":"center center","background-size":"auto","background-attachment":"scroll","background-type":"","background-media":"","overlay-type":"","overlay-color":"","overlay-opacity":"","overlay-gradient":""},"mobile":{"background-color":"","background-image":"","background-repeat":"repeat","background-position":"center center","background-size":"auto","background-attachment":"scroll","background-type":"","background-media":"","overlay-type":"","overlay-color":"","overlay-opacity":"","overlay-gradient":""}},"ast-content-background-meta":{"desktop":{"background-color":"var(--ast-global-color-5)","background-image":"","background-repeat":"repeat","background-position":"center center","background-size":"auto","background-attachment":"scroll","background-type":"","background-media":"","overlay-type":"","overlay-color":"","overlay-opacity":"","overlay-gradient":""},"tablet":{"background-color":"var(--ast-global-color-5)","background-image":"","background-repeat":"repeat","background-position":"center center","background-size":"auto","background-attachment":"scroll","background-type":"","background-media":"","overlay-type":"","overlay-color":"","overlay-opacity":"","overlay-gradient":""},"mobile":{"background-color":"var(--ast-global-color-5)","background-image":"","background-repeat":"repeat","background-position":"center center","background-size":"auto","background-attachment":"scroll","background-type":"","background-media":"","overlay-type":"","overlay-color":"","overlay-opacity":"","overlay-gradient":""}}},"product_brand":[],"product_cat":[23,517],"product_tag":[197,194,196,199,520],"class_list":{"0":"post-3215","1":"product","2":"type-product","3":"status-publish","4":"has-post-thumbnail","6":"product_cat-ostern","7":"product_cat-tischdeko","8":"product_tag-dekoration-ostern","9":"product_tag-ostern","10":"product_tag-ostern-deko","11":"product_tag-osterndekoration","12":"product_tag-tischdeko-ostern","13":"tm-no-options","14":"desktop-align-left","15":"tablet-align-left","16":"mobile-align-left","18":"first","19":"outofstock","20":"shipping-taxable","21":"purchasable","22":"product-type-simple"},"_links":{"self":[{"href":"https:\/\/bbdekorandmore.at\/hu\/wp-json\/wp\/v2\/product\/3215","targetHints":{"allow":["GET"]}}],"collection":[{"href":"https:\/\/bbdekorandmore.at\/hu\/wp-json\/wp\/v2\/product"}],"about":[{"href":"https:\/\/bbdekorandmore.at\/hu\/wp-json\/wp\/v2\/types\/product"}],"replies":[{"embeddable":true,"href":"https:\/\/bbdekorandmore.at\/hu\/wp-json\/wp\/v2\/comments?post=3215"}],"wp:featuredmedia":[{"embeddable":true,"href":"https:\/\/bbdekorandmore.at\/hu\/wp-json\/wp\/v2\/media\/3219"}],"wp:attachment":[{"href":"https:\/\/bbdekorandmore.at\/hu\/wp-json\/wp\/v2\/media?parent=3215"}],"wp:term":[{"taxonomy":"product_brand","embeddable":true,"href":"https:\/\/bbdekorandmore.at\/hu\/wp-json\/wp\/v2\/product_brand?post=3215"},{"taxonomy":"product_cat","embeddable":true,"href":"https:\/\/bbdekorandmore.at\/hu\/wp-json\/wp\/v2\/product_cat?post=3215"},{"taxonomy":"product_tag","embeddable":true,"href":"https:\/\/bbdekorandmore.at\/hu\/wp-json\/wp\/v2\/product_tag?post=3215"}],"curies":[{"name":"wp","href":"https:\/\/api.w.org\/{rel}","templated":true}]}}