{"id":3225,"date":"2024-02-09T07:02:10","date_gmt":"2024-02-09T07:02:10","guid":{"rendered":"http:\/\/bbdekorandmore.at\/?post_type=product&#038;p=3225"},"modified":"2024-03-19T11:05:33","modified_gmt":"2024-03-19T11:05:33","slug":"frohe-ostern-turkranz","status":"publish","type":"product","link":"https:\/\/bbdekorandmore.at\/hu\/produkt\/frohe-ostern-turkranz\/","title":{"rendered":"\"Boldog h\u00fasv\u00e9tot\" ajt\u00f3koszor\u00fa"},"content":{"rendered":"<div class=\"flex-1 overflow-hidden\">\n<div class=\"react-scroll-to-bottom--css-ejjzz-79elbk h-full\">\n<div class=\"react-scroll-to-bottom--css-ejjzz-1n7m0yu\">\n<div class=\"flex flex-col pb-9 text-sm\">\n<div class=\"w-full text-token-text-primary\" data-testid=\"conversation-turn-277\">\n<div class=\"px-4 py-2 justify-center text-base md:gap-6 m-auto\">\n<div class=\"flex flex-1 text-base mx-auto gap-3 md:px-5 lg:px-1 xl:px-5 md:max-w-3xl lg:max-w-[40rem] xl:max-w-[48rem] group final-completion\">\n<div class=\"relative flex w-full flex-col lg:w-[calc(100%-115px)] agent-turn\">\n<div class=\"flex-col gap-1 md:gap-3\">\n<div class=\"flex flex-grow flex-col max-w-full\">\n<div class=\"min-h-[20px] text-message flex flex-col items-start gap-3 whitespace-pre-wrap break-words [.text-message+&amp;]:mt-5 overflow-x-auto\" data-message-author-role=\"assistant\" data-message-id=\"869f7036-fc8f-4fab-b297-f583d929489c\">\n<div class=\"markdown prose w-full break-words dark:prose-invert light\">\n<p>Verleihen Sie Ihrer T\u00fcr einen festlichen Touch mit unserem handgefertigten \u201eFrohe Ostern\u201c T\u00fcrkranz. Mit einem Durchmesser von 29 cm pr\u00e4sentiert sich dieser einzigartige Kranz mit einer handgeschriebenen Tafel, getrockneten Ernten und k\u00fcnstlichen Hortensien.<\/p>\n<p>Die bezaubernden t\u00fcrkisgr\u00fcnen Pompons, \u00e4hnlich dem Oberteil des Hasenpapas, verleihen diesem Kranz eine fr\u00f6hliche und einladende Atmosph\u00e4re.<\/p>\n<p>Ein liebevoll gestalteter Blickfang, der Ihr Zuhause festlich schm\u00fcckt und die Osterfreude verbreitet.<\/p>\n<\/div>\n<\/div>\n<\/div>\n<\/div>\n<\/div>\n<\/div>\n<\/div>\n<\/div>\n<\/div>\n<\/div>\n<\/div>\n<\/div>\n","protected":false},"excerpt":{"rendered":"<p>K\u00f6sz\u00f6ntse a h\u00fasv\u00e9tot a k\u00e9zzel k\u00e9sz\u00edtett \"Boldog h\u00fasv\u00e9tot\" ajt\u00f3koszor\u00faval. A 29 cm \u00e1tm\u00e9r\u0151j\u0171, k\u00e9zzel \u00edrt t\u00e1bl\u00e1val, sz\u00e1r\u00edtott term\u00e9sekkel \u00e9s m\u0171hortenzi\u00e1kkal kieg\u00e9sz\u00edtett koszor\u00fa egyedi \u00e9kszerr\u00e9 teszi. A csod\u00e1latos t\u00fcrkiz-z\u00f6ld pomponok, amelyek a nyuszi apuci tetej\u00e9hez hasonl\u00f3an \u00fcnnepi hangulatot k\u00f6lcs\u00f6n\u00f6znek az ajt\u00f3nak, \u00e9s vid\u00e1m hangs\u00falyt adnak otthon\u00e1nak. <a class=\"continue\" href=\"https:\/\/bbdekorandmore.at\/hu\/produkt\/frohe-ostern-turkranz\/\">Continue Reading<span> \"Boldog h\u00fasv\u00e9tot\" ajt\u00f3koszor\u00fa<\/span><\/a><\/p>","protected":false},"featured_media":3242,"comment_status":"open","ping_status":"closed","template":"","meta":{"site-sidebar-layout":"default","site-content-layout":"","ast-site-content-layout":"default","site-content-style":"default","site-sidebar-style":"default","ast-global-header-display":"","ast-banner-title-visibility":"","ast-main-header-display":"","ast-hfb-above-header-display":"","ast-hfb-below-header-display":"","ast-hfb-mobile-header-display":"","site-post-title":"","ast-breadcrumbs-content":"","ast-featured-img":"","footer-sml-layout":"","ast-disable-related-posts":"","theme-transparent-header-meta":"default","adv-header-id-meta":"","stick-header-meta":"","header-above-stick-meta":"","header-main-stick-meta":"","header-below-stick-meta":"","astra-migrate-meta-layouts":"set","ast-page-background-enabled":"default","ast-page-background-meta":{"desktop":{"background-color":"var(--ast-global-color-4)","background-image":"","background-repeat":"repeat","background-position":"center center","background-size":"auto","background-attachment":"scroll","background-type":"","background-media":"","overlay-type":"","overlay-color":"","overlay-opacity":"","overlay-gradient":""},"tablet":{"background-color":"","background-image":"","background-repeat":"repeat","background-position":"center center","background-size":"auto","background-attachment":"scroll","background-type":"","background-media":"","overlay-type":"","overlay-color":"","overlay-opacity":"","overlay-gradient":""},"mobile":{"background-color":"","background-image":"","background-repeat":"repeat","background-position":"center center","background-size":"auto","background-attachment":"scroll","background-type":"","background-media":"","overlay-type":"","overlay-color":"","overlay-opacity":"","overlay-gradient":""}},"ast-content-background-meta":{"desktop":{"background-color":"var(--ast-global-color-5)","background-image":"","background-repeat":"repeat","background-position":"center center","background-size":"auto","background-attachment":"scroll","background-type":"","background-media":"","overlay-type":"","overlay-color":"","overlay-opacity":"","overlay-gradient":""},"tablet":{"background-color":"var(--ast-global-color-5)","background-image":"","background-repeat":"repeat","background-position":"center center","background-size":"auto","background-attachment":"scroll","background-type":"","background-media":"","overlay-type":"","overlay-color":"","overlay-opacity":"","overlay-gradient":""},"mobile":{"background-color":"var(--ast-global-color-5)","background-image":"","background-repeat":"repeat","background-position":"center center","background-size":"auto","background-attachment":"scroll","background-type":"","background-media":"","overlay-type":"","overlay-color":"","overlay-opacity":"","overlay-gradient":""}}},"product_brand":[],"product_cat":[23,516],"product_tag":[197,194,196,199,518],"class_list":{"0":"post-3225","1":"product","2":"type-product","3":"status-publish","4":"has-post-thumbnail","6":"product_cat-ostern","7":"product_cat-turkranz","8":"product_tag-dekoration-ostern","9":"product_tag-ostern","10":"product_tag-ostern-deko","11":"product_tag-osterndekoration","12":"product_tag-turkranz-ostern","13":"tm-no-options","14":"desktop-align-left","15":"tablet-align-left","16":"mobile-align-left","18":"first","19":"outofstock","20":"shipping-taxable","21":"purchasable","22":"product-type-simple"},"_links":{"self":[{"href":"https:\/\/bbdekorandmore.at\/hu\/wp-json\/wp\/v2\/product\/3225","targetHints":{"allow":["GET"]}}],"collection":[{"href":"https:\/\/bbdekorandmore.at\/hu\/wp-json\/wp\/v2\/product"}],"about":[{"href":"https:\/\/bbdekorandmore.at\/hu\/wp-json\/wp\/v2\/types\/product"}],"replies":[{"embeddable":true,"href":"https:\/\/bbdekorandmore.at\/hu\/wp-json\/wp\/v2\/comments?post=3225"}],"wp:featuredmedia":[{"embeddable":true,"href":"https:\/\/bbdekorandmore.at\/hu\/wp-json\/wp\/v2\/media\/3242"}],"wp:attachment":[{"href":"https:\/\/bbdekorandmore.at\/hu\/wp-json\/wp\/v2\/media?parent=3225"}],"wp:term":[{"taxonomy":"product_brand","embeddable":true,"href":"https:\/\/bbdekorandmore.at\/hu\/wp-json\/wp\/v2\/product_brand?post=3225"},{"taxonomy":"product_cat","embeddable":true,"href":"https:\/\/bbdekorandmore.at\/hu\/wp-json\/wp\/v2\/product_cat?post=3225"},{"taxonomy":"product_tag","embeddable":true,"href":"https:\/\/bbdekorandmore.at\/hu\/wp-json\/wp\/v2\/product_tag?post=3225"}],"curies":[{"name":"wp","href":"https:\/\/api.w.org\/{rel}","templated":true}]}}