{"id":3271,"date":"2024-02-09T07:37:19","date_gmt":"2024-02-09T07:37:19","guid":{"rendered":"http:\/\/bbdekorandmore.at\/?post_type=product&#038;p=3271"},"modified":"2024-02-09T07:37:20","modified_gmt":"2024-02-09T07:37:20","slug":"rosenpferd-aus-polyfoam-rosen","status":"publish","type":"product","link":"https:\/\/bbdekorandmore.at\/hu\/produkt\/rosenpferd-aus-polyfoam-rosen\/","title":{"rendered":"R\u00f3zsal\u00f3 polifoam r\u00f3zs\u00e1kb\u00f3l"},"content":{"rendered":"<p>Mer\u00fclj\u00f6n el a k\u00e9zzel k\u00e9sz\u00edtett r\u00f3zsam\u0171v\u00e9szet var\u00e1zslatos vil\u00e1g\u00e1ban a polifoam r\u00f3zs\u00e1kb\u00f3l k\u00e9sz\u00fclt egyedi r\u00f3zsalovunkkal. A leny\u0171g\u00f6z\u0151 feh\u00e9r \u00e9s barna sz\u00ednben pomp\u00e1z\u00f3 m\u0171alkot\u00e1s t\u00f6bb mint 300 gondosan k\u00e9zzel ragasztott polifoam r\u00f3zs\u00e1b\u00f3l \u00e1ll.<\/p>\n<p>Minden egyes darab egyedi sz\u00e9ps\u00e9get sug\u00e1roz, \u00e9s a m\u0171v\u00e9szet \u00e9s a r\u00e9szletes k\u00e9zm\u0171vess\u00e9g ir\u00e1nti szenved\u00e9ly elismer\u00e9se.<\/p>\n<p>K\u00e9nyeztesse mag\u00e1t ezzel a m\u0171v\u00e9szi darabbal, amely b\u00e1j\u00e1val \u00e9s eleganci\u00e1j\u00e1val gazdag\u00edtja k\u00f6rnyezet\u00e9t.<\/p>","protected":false},"excerpt":{"rendered":"<p>Inspir\u00e1l\u00f3djon a k\u00e9zzel k\u00e9sz\u00edtett r\u00f3zsam\u0171v\u00e9szet\u00fcnkb\u0151l - az eleg\u00e1ns feh\u00e9r \u00e9s barna sz\u00edn\u0171 polifoam r\u00f3zs\u00e1kb\u00f3l k\u00e9sz\u00fclt r\u00f3zsal\u00f3. A t\u00f6bb mint 300 gondosan k\u00e9zzel ragasztott r\u00f3zs\u00e1val ez a m\u0171alkot\u00e1s a kreativit\u00e1s \u00e9s a r\u00e9szletekre val\u00f3 odafigyel\u00e9s harmonikus kombin\u00e1ci\u00f3ja. Egy var\u00e1zslatos kieg\u00e9sz\u00edt\u0151, amely egyedi eleganci\u00e1t k\u00f6lcs\u00f6n\u00f6z b\u00e1rmely helyis\u00e9gnek. <a class=\"continue\" href=\"https:\/\/bbdekorandmore.at\/hu\/produkt\/rosenpferd-aus-polyfoam-rosen\/\">Continue Reading<span> R\u00f3zsal\u00f3 polifoam r\u00f3zs\u00e1kb\u00f3l<\/span><\/a><\/p>","protected":false},"featured_media":3240,"comment_status":"open","ping_status":"closed","template":"","meta":{"site-sidebar-layout":"default","site-content-layout":"","ast-site-content-layout":"default","site-content-style":"default","site-sidebar-style":"default","ast-global-header-display":"","ast-banner-title-visibility":"","ast-main-header-display":"","ast-hfb-above-header-display":"","ast-hfb-below-header-display":"","ast-hfb-mobile-header-display":"","site-post-title":"","ast-breadcrumbs-content":"","ast-featured-img":"","footer-sml-layout":"","ast-disable-related-posts":"","theme-transparent-header-meta":"default","adv-header-id-meta":"","stick-header-meta":"","header-above-stick-meta":"","header-main-stick-meta":"","header-below-stick-meta":"","astra-migrate-meta-layouts":"set","ast-page-background-enabled":"default","ast-page-background-meta":{"desktop":{"background-color":"var(--ast-global-color-4)","background-image":"","background-repeat":"repeat","background-position":"center center","background-size":"auto","background-attachment":"scroll","background-type":"","background-media":"","overlay-type":"","overlay-color":"","overlay-opacity":"","overlay-gradient":""},"tablet":{"background-color":"","background-image":"","background-repeat":"repeat","background-position":"center center","background-size":"auto","background-attachment":"scroll","background-type":"","background-media":"","overlay-type":"","overlay-color":"","overlay-opacity":"","overlay-gradient":""},"mobile":{"background-color":"","background-image":"","background-repeat":"repeat","background-position":"center center","background-size":"auto","background-attachment":"scroll","background-type":"","background-media":"","overlay-type":"","overlay-color":"","overlay-opacity":"","overlay-gradient":""}},"ast-content-background-meta":{"desktop":{"background-color":"var(--ast-global-color-5)","background-image":"","background-repeat":"repeat","background-position":"center center","background-size":"auto","background-attachment":"scroll","background-type":"","background-media":"","overlay-type":"","overlay-color":"","overlay-opacity":"","overlay-gradient":""},"tablet":{"background-color":"var(--ast-global-color-5)","background-image":"","background-repeat":"repeat","background-position":"center center","background-size":"auto","background-attachment":"scroll","background-type":"","background-media":"","overlay-type":"","overlay-color":"","overlay-opacity":"","overlay-gradient":""},"mobile":{"background-color":"var(--ast-global-color-5)","background-image":"","background-repeat":"repeat","background-position":"center center","background-size":"auto","background-attachment":"scroll","background-type":"","background-media":"","overlay-type":"","overlay-color":"","overlay-opacity":"","overlay-gradient":""}}},"product_brand":[],"product_cat":[29,494],"product_tag":[119,195,148,142,206,212,202,525,526],"class_list":{"0":"post-3271","1":"product","2":"type-product","3":"status-publish","4":"has-post-thumbnail","6":"product_cat-geschenkideen","7":"product_cat-rosenbaren","8":"product_tag-deko","9":"product_tag-deko-geschenkideen","10":"product_tag-dekofiguren","11":"product_tag-dekoprodukte","12":"product_tag-einzigartige-abschiedsgeschenk","13":"product_tag-einzigartige-geschenkideen","14":"product_tag-einzigartige-muttertagsgeschenk","15":"product_tag-rosenpferd","16":"product_tag-rosenpferd-aus-polyfoam-rosen","17":"tm-no-options","18":"desktop-align-left","19":"tablet-align-left","20":"mobile-align-left","22":"first","23":"instock","24":"shipping-taxable","25":"purchasable","26":"product-type-simple"},"_links":{"self":[{"href":"https:\/\/bbdekorandmore.at\/hu\/wp-json\/wp\/v2\/product\/3271","targetHints":{"allow":["GET"]}}],"collection":[{"href":"https:\/\/bbdekorandmore.at\/hu\/wp-json\/wp\/v2\/product"}],"about":[{"href":"https:\/\/bbdekorandmore.at\/hu\/wp-json\/wp\/v2\/types\/product"}],"replies":[{"embeddable":true,"href":"https:\/\/bbdekorandmore.at\/hu\/wp-json\/wp\/v2\/comments?post=3271"}],"wp:featuredmedia":[{"embeddable":true,"href":"https:\/\/bbdekorandmore.at\/hu\/wp-json\/wp\/v2\/media\/3240"}],"wp:attachment":[{"href":"https:\/\/bbdekorandmore.at\/hu\/wp-json\/wp\/v2\/media?parent=3271"}],"wp:term":[{"taxonomy":"product_brand","embeddable":true,"href":"https:\/\/bbdekorandmore.at\/hu\/wp-json\/wp\/v2\/product_brand?post=3271"},{"taxonomy":"product_cat","embeddable":true,"href":"https:\/\/bbdekorandmore.at\/hu\/wp-json\/wp\/v2\/product_cat?post=3271"},{"taxonomy":"product_tag","embeddable":true,"href":"https:\/\/bbdekorandmore.at\/hu\/wp-json\/wp\/v2\/product_tag?post=3271"}],"curies":[{"name":"wp","href":"https:\/\/api.w.org\/{rel}","templated":true}]}}