{"id":3461,"date":"2024-02-28T21:20:44","date_gmt":"2024-02-28T21:20:44","guid":{"rendered":"http:\/\/bbdekorandmore.at\/?post_type=product&#038;p=3461"},"modified":"2026-03-30T20:22:57","modified_gmt":"2026-03-30T20:22:57","slug":"kaninchen-mit-regenschirm","status":"publish","type":"product","link":"https:\/\/bbdekorandmore.at\/hu\/produkt\/kaninchen-mit-regenschirm\/","title":{"rendered":"Ny\u00fal eserny\u0151vel"},"content":{"rendered":"<p data-sourcepos=\"3:1-3:24\">Term\u00e9kle\u00edr\u00e1s:<\/p>\n<p data-sourcepos=\"5:1-5:299\">A Clayre &amp; Eef var\u00e1zslatos \"Ny\u00fal eserny\u0151vel\" figur\u00e1ja egy b\u00e1jjal \u00e9s k\u00f6nnyeds\u00e9ggel teli mesevil\u00e1gba rep\u00edti \u00d6nt. A r\u00e9szletgazdag polirezinb\u0151l k\u00e9sz\u00fclt vid\u00e1m ny\u00fal sz\u00ednes eserny\u0151j\u00e9vel dacol az es\u0151cseppekkel, \u00e9s szabadj\u00e1ra engedi a fant\u00e1zi\u00e1dat.<\/p>\n<p data-sourcepos=\"15:1-15:23\">K\u00fcl\u00f6nleges jellemz\u0151k:<\/p>\n<ul data-sourcepos=\"17:1-21:0\">\n<li data-sourcepos=\"17:1-17:131\">J\u00e1t\u00e9kos design: Az aranyos ny\u00fal \u00e9s a sz\u00ednes eserny\u0151 mindenki arc\u00e1ra mosolyt csal.<\/li>\n<li data-sourcepos=\"18:1-18:126\">Kiv\u00e1l\u00f3 min\u0151s\u00e9g\u0171 anyagok: A figura robusztus polirezinb\u0151l k\u00e9sz\u00fclt, ez\u00e9rt hossz\u00fa \u00e9lettartamot garant\u00e1l.<\/li>\n<li data-sourcepos=\"19:1-19:153\">Kompakt m\u00e9ret: Kompakt m\u00e9reteinek k\u00f6sz\u00f6nhet\u0151en a figura b\u00e1rhol elhelyezhet\u0151 - ak\u00e1r ablakp\u00e1rk\u00e1nyon, polcon vagy \u00edr\u00f3asztalon.<\/li>\n<li data-sourcepos=\"20:1-21:0\">Ide\u00e1lis aj\u00e1nd\u00e9k: A figura t\u00f6k\u00e9letes aj\u00e1nd\u00e9k fiatal \u00e9s id\u0151s \u00e1llatbar\u00e1toknak, a Clayre &amp; Eef \u00f6sszet\u00e9veszthetetlen st\u00edlus\u00e1nak rajong\u00f3inak \u00e9s mindenkinek, aki szereti a j\u00e1t\u00e9kos dekor\u00e1ci\u00f3s elemeket.<\/li>\n<\/ul>\n<p data-sourcepos=\"22:1-22:25\">Lehets\u00e9ges felhaszn\u00e1l\u00e1si ter\u00fcletek:<\/p>\n<ul data-sourcepos=\"24:1-27:0\">\n<li data-sourcepos=\"24:1-24:106\">Dekor\u00e1ci\u00f3: A figura ide\u00e1lis dekor\u00e1ci\u00f3s elem a nappaliban, gyerekszob\u00e1ban \u00e9s t\u00e9likertben.<\/li>\n<li data-sourcepos=\"25:1-25:139\">Aj\u00e1nd\u00e9k: A figura t\u00f6k\u00e9letes aj\u00e1nd\u00e9k sz\u00fclet\u00e9snapra, h\u00fasv\u00e9tra, kar\u00e1csonyra vagy egyszer\u0171en csak egy kis aj\u00e1nd\u00e9knak.<\/li>\n<li data-sourcepos=\"26:1-27:0\">Gy\u0171jt\u0151i darab: A figura remek gy\u0171jt\u0151i darab a Clayre &amp; Eef rajong\u00f3k sz\u00e1m\u00e1ra.<\/li>\n<\/ul>\n<p data-sourcepos=\"28:1-28:13\"><strong>Megjegyz\u00e9sek:<\/strong><\/p>\n<ul data-sourcepos=\"30:1-32:0\">\n<li data-sourcepos=\"30:1-30:61\">A figura nem alkalmas 3 \u00e9v alatti gyermekek sz\u00e1m\u00e1ra.<\/li>\n<li data-sourcepos=\"31:1-32:0\">Dekor\u00e1ci\u00f3s t\u00e1rgyak - nem j\u00e1t\u00e9kok.<\/li>\n<\/ul>","protected":false},"excerpt":{"rendered":"<p>Ny\u00fal eserny\u0151vel. Mer\u00fclj el Clayre &amp; Eef var\u00e1zslatos vil\u00e1g\u00e1ban, \u00e9s hagyd, hogy ez a var\u00e1zslatos figurak\u00e9szlet mennyei utaz\u00e1sra vigyen!<\/p>\n<p>Tov\u00e1bbi inform\u00e1ci\u00f3k:<\/p>\n<ul data-sourcepos=\"9:1-14:0\">\n<li data-sourcepos=\"9:1-9:29\">M\u00e1rka: Clayre &amp;Eef<\/li>\n<li data-sourcepos=\"10:1-10:25\">Anyag: polirezin<\/li>\n<li data-sourcepos=\"11:1-11:25\">M\u00e9retek: 8 x 6 x 14 cm<\/li>\n<li data-sourcepos=\"12:1-12:17\">Sz\u00edn: Sz\u00ednes<\/li>\n<li data-sourcepos=\"13:1-14:0\">A csomag tartalma: 1x \"Ny\u00fal eserny\u0151vel\" figura<\/li>\n<\/ul>\n<p> <a class=\"continue\" href=\"https:\/\/bbdekorandmore.at\/hu\/produkt\/kaninchen-mit-regenschirm\/\">Continue Reading<span> Ny\u00fal eserny\u0151vel<\/span><\/a><\/p>","protected":false},"featured_media":3394,"comment_status":"open","ping_status":"closed","template":"","meta":{"site-sidebar-layout":"default","site-content-layout":"","ast-site-content-layout":"default","site-content-style":"default","site-sidebar-style":"default","ast-global-header-display":"","ast-banner-title-visibility":"","ast-main-header-display":"","ast-hfb-above-header-display":"","ast-hfb-below-header-display":"","ast-hfb-mobile-header-display":"","site-post-title":"","ast-breadcrumbs-content":"","ast-featured-img":"","footer-sml-layout":"","ast-disable-related-posts":"","theme-transparent-header-meta":"default","adv-header-id-meta":"","stick-header-meta":"","header-above-stick-meta":"","header-main-stick-meta":"","header-below-stick-meta":"","astra-migrate-meta-layouts":"set","ast-page-background-enabled":"default","ast-page-background-meta":{"desktop":{"background-color":"var(--ast-global-color-4)","background-image":"","background-repeat":"repeat","background-position":"center center","background-size":"auto","background-attachment":"scroll","background-type":"","background-media":"","overlay-type":"","overlay-color":"","overlay-opacity":"","overlay-gradient":""},"tablet":{"background-color":"","background-image":"","background-repeat":"repeat","background-position":"center center","background-size":"auto","background-attachment":"scroll","background-type":"","background-media":"","overlay-type":"","overlay-color":"","overlay-opacity":"","overlay-gradient":""},"mobile":{"background-color":"","background-image":"","background-repeat":"repeat","background-position":"center center","background-size":"auto","background-attachment":"scroll","background-type":"","background-media":"","overlay-type":"","overlay-color":"","overlay-opacity":"","overlay-gradient":""}},"ast-content-background-meta":{"desktop":{"background-color":"var(--ast-global-color-5)","background-image":"","background-repeat":"repeat","background-position":"center center","background-size":"auto","background-attachment":"scroll","background-type":"","background-media":"","overlay-type":"","overlay-color":"","overlay-opacity":"","overlay-gradient":""},"tablet":{"background-color":"var(--ast-global-color-5)","background-image":"","background-repeat":"repeat","background-position":"center center","background-size":"auto","background-attachment":"scroll","background-type":"","background-media":"","overlay-type":"","overlay-color":"","overlay-opacity":"","overlay-gradient":""},"mobile":{"background-color":"var(--ast-global-color-5)","background-image":"","background-repeat":"repeat","background-position":"center center","background-size":"auto","background-attachment":"scroll","background-type":"","background-media":"","overlay-type":"","overlay-color":"","overlay-opacity":"","overlay-gradient":""}}},"product_brand":[],"product_cat":[23,470],"product_tag":[552,547,538,119,541,543,544,542,539,545,194,546,551],"class_list":{"0":"post-3461","1":"product","2":"type-product","3":"status-publish","4":"has-post-thumbnail","6":"product_cat-ostern","7":"product_cat-figuren-ostern","8":"product_tag-8x6x14-cm","9":"product_tag-bunt","10":"product_tag-clayre-eef","11":"product_tag-deko","12":"product_tag-figur","13":"product_tag-fruhling","14":"product_tag-geburtstag","15":"product_tag-geschenk","16":"product_tag-kaninchen","17":"product_tag-kinder","18":"product_tag-ostern","19":"product_tag-polyresin","20":"product_tag-regenschirm","21":"tm-no-options","22":"desktop-align-left","23":"tablet-align-left","24":"mobile-align-left","26":"first","27":"instock","28":"shipping-taxable","29":"purchasable","30":"product-type-simple"},"_links":{"self":[{"href":"https:\/\/bbdekorandmore.at\/hu\/wp-json\/wp\/v2\/product\/3461","targetHints":{"allow":["GET"]}}],"collection":[{"href":"https:\/\/bbdekorandmore.at\/hu\/wp-json\/wp\/v2\/product"}],"about":[{"href":"https:\/\/bbdekorandmore.at\/hu\/wp-json\/wp\/v2\/types\/product"}],"replies":[{"embeddable":true,"href":"https:\/\/bbdekorandmore.at\/hu\/wp-json\/wp\/v2\/comments?post=3461"}],"wp:featuredmedia":[{"embeddable":true,"href":"https:\/\/bbdekorandmore.at\/hu\/wp-json\/wp\/v2\/media\/3394"}],"wp:attachment":[{"href":"https:\/\/bbdekorandmore.at\/hu\/wp-json\/wp\/v2\/media?parent=3461"}],"wp:term":[{"taxonomy":"product_brand","embeddable":true,"href":"https:\/\/bbdekorandmore.at\/hu\/wp-json\/wp\/v2\/product_brand?post=3461"},{"taxonomy":"product_cat","embeddable":true,"href":"https:\/\/bbdekorandmore.at\/hu\/wp-json\/wp\/v2\/product_cat?post=3461"},{"taxonomy":"product_tag","embeddable":true,"href":"https:\/\/bbdekorandmore.at\/hu\/wp-json\/wp\/v2\/product_tag?post=3461"}],"curies":[{"name":"wp","href":"https:\/\/api.w.org\/{rel}","templated":true}]}}