{"id":3513,"date":"2024-03-01T21:42:29","date_gmt":"2024-03-01T21:42:29","guid":{"rendered":"http:\/\/bbdekorandmore.at\/?post_type=product&#038;p=3513"},"modified":"2025-04-10T15:53:25","modified_gmt":"2025-04-10T15:53:25","slug":"weise-kaninchenfiguren","status":"publish","type":"product","link":"https:\/\/bbdekorandmore.at\/hu\/produkt\/weise-kaninchenfiguren\/","title":{"rendered":"Feh\u00e9r ny\u00fal figur\u00e1k"},"content":{"rendered":"<p data-sourcepos=\"3:1-3:24\">Term\u00e9kle\u00edr\u00e1s:<\/p>\n<p data-sourcepos=\"5:1-5:348\">Var\u00e1zsolja el otthon\u00e1t a h\u00fasv\u00e9t \u00e9s a tavasz var\u00e1zs\u00e1val a Clayre &amp; Eef m\u00e1rka var\u00e1zslatos \"Feh\u00e9r ny\u00fal figur\u00e1ival\". Egy im\u00e1dnival\u00f3 l\u00e1ny ny\u00fal \u00e9s egy vid\u00e1m fi\u00fa ny\u00fal ragyog\u00f3 feh\u00e9r sz\u00ednben tiszta \u00f6r\u00f6met \u00e9s h\u00fasv\u00e9ti hangulatot var\u00e1zsolnak a dekor\u00e1ci\u00f3dba r\u00e9szletes mint\u00e1ikkal \u00e9s finom r\u00e9szleteikkel.<\/p>\n<p data-sourcepos=\"19:1-19:23\">K\u00fcl\u00f6nleges jellemz\u0151k:<\/p>\n<ul data-sourcepos=\"21:1-26:0\">\n<li data-sourcepos=\"21:1-21:189\">Fr\u00fchlingshaftes Design: Die beiden wei\u00dfen Kaninchenfiguren in M\u00e4dchen- und Jungenoptik verbreiten \u00f6sterliche Freude und Fr\u00fchlingsgef\u00fchle.<\/li>\n<li data-sourcepos=\"22:1-22:104\">Kiv\u00e1l\u00f3 min\u0151s\u00e9g\u0171 anyagok: A polirezin biztos\u00edtja, hogy a figur\u00e1k robusztusak \u00e9s tart\u00f3sak legyenek.<\/li>\n<li data-sourcepos=\"23:1-23:168\">Liebevolle Details: Die detailreiche Gestaltung der Kaninchen und der Accessoires zeugt von der hohen Qualit\u00e4t der Clayre &amp; Eef Produkte.<\/li>\n<li data-sourcepos=\"24:1-24:139\">Tavaszias sz\u00ednek: A figur\u00e1k ragyog\u00f3 feh\u00e9rs\u00e9ge kiemeli a h\u00fasv\u00e9ti jelleget, \u00e9s frissess\u00e9get visz a dekor\u00e1ci\u00f3ba.<\/li>\n<li data-sourcepos=\"25:1-26:0\">Ide\u00e1lis h\u00fasv\u00e9ti dekor\u00e1ci\u00f3: A figur\u00e1k ide\u00e1lisak nappalik, t\u00e9likertek \u00e9s el\u0151szob\u00e1k d\u00edsz\u00edt\u00e9s\u00e9re a h\u00fasv\u00e9ti id\u0151szakban.<\/li>\n<\/ul>\n<p data-sourcepos=\"27:1-27:25\">Lehets\u00e9ges felhaszn\u00e1l\u00e1si ter\u00fcletek:<\/p>\n<ul data-sourcepos=\"29:1-32:0\">\n<li data-sourcepos=\"29:1-29:123\">Dekor\u00e1ci\u00f3: A figur\u00e1k ide\u00e1lisak nappalik, t\u00e9likertek \u00e9s el\u0151szob\u00e1k d\u00edsz\u00edt\u00e9s\u00e9re a h\u00fasv\u00e9ti id\u0151szakban.<\/li>\n<li data-sourcepos=\"30:1-30:94\">Aj\u00e1nd\u00e9k: T\u00f6k\u00e9letes aj\u00e1nd\u00e9k gyerekeknek, \u00e1llatbar\u00e1toknak \u00e9s Clayre &amp; Eef rajong\u00f3knak.<\/li>\n<li data-sourcepos=\"31:1-32:0\">Gy\u0171jt\u0151i darab: A figur\u00e1k remek gy\u0171jt\u0151i darabot jelentenek a j\u00e1t\u00e9kos d\u00edsz\u00edt\u0151elemek kedvel\u0151inek.<\/li>\n<\/ul>\n<p data-sourcepos=\"33:1-33:13\">Megjegyz\u00e9sek:<\/p>\n<ul data-sourcepos=\"35:1-37:0\">\n<li data-sourcepos=\"35:1-35:60\">A figur\u00e1k nem alkalmasak 3 \u00e9v alatti gyermekek sz\u00e1m\u00e1ra.<\/li>\n<li data-sourcepos=\"36:1-37:0\">Dekor\u00e1ci\u00f3s t\u00e1rgyak - nem j\u00e1t\u00e9kok.<\/li>\n<\/ul>","protected":false},"excerpt":{"rendered":"<p>Verleihen Sie Ihrer Osterdekoration einen Hauch von Fr\u00fchling mit den &#8222;Wei\u00dfen Kaninchenfiguren&#8220; von Clayre &amp; Eef. In Set oder einzeln kaufen.<\/p>\n<p>Tov\u00e1bbi inform\u00e1ci\u00f3k:<\/p>\n<ul data-sourcepos=\"9:1-18:0\">\n<li data-sourcepos=\"9:1-9:29\">M\u00e1rka: Clayre &amp;Eef<\/li>\n<li data-sourcepos=\"10:1-10:25\">Anyag: polirezin<\/li>\n<li data-sourcepos=\"11:1-13:26\">Magass\u00e1g:\n<ul data-sourcepos=\"12:5-13:26\">\n<li data-sourcepos=\"12:5-12:29\">L\u00e1ny: 10 x 9 x 32 cm<\/li>\n<li data-sourcepos=\"13:5-13:26\">Fi\u00fa: 6 x 7 x 32 cm<\/li>\n<\/ul>\n<\/li>\n<li data-sourcepos=\"17:1-18:0\">A csomag tartalma: 1x feh\u00e9r ny\u00fal figura (a kiv\u00e1lasztott v\u00e1ltozat szerint)<\/li>\n<\/ul>\n<p> <a class=\"continue\" href=\"https:\/\/bbdekorandmore.at\/hu\/produkt\/weise-kaninchenfiguren\/\">Continue Reading<span> Feh\u00e9r ny\u00fal figur\u00e1k<\/span><\/a><\/p>","protected":false},"featured_media":3476,"comment_status":"open","ping_status":"closed","template":"","meta":{"site-sidebar-layout":"default","site-content-layout":"","ast-site-content-layout":"default","site-content-style":"default","site-sidebar-style":"default","ast-global-header-display":"","ast-banner-title-visibility":"","ast-main-header-display":"","ast-hfb-above-header-display":"","ast-hfb-below-header-display":"","ast-hfb-mobile-header-display":"","site-post-title":"","ast-breadcrumbs-content":"","ast-featured-img":"","footer-sml-layout":"","ast-disable-related-posts":"","theme-transparent-header-meta":"default","adv-header-id-meta":"","stick-header-meta":"","header-above-stick-meta":"","header-main-stick-meta":"","header-below-stick-meta":"","astra-migrate-meta-layouts":"set","ast-page-background-enabled":"default","ast-page-background-meta":{"desktop":{"background-color":"var(--ast-global-color-4)","background-image":"","background-repeat":"repeat","background-position":"center center","background-size":"auto","background-attachment":"scroll","background-type":"","background-media":"","overlay-type":"","overlay-color":"","overlay-opacity":"","overlay-gradient":""},"tablet":{"background-color":"","background-image":"","background-repeat":"repeat","background-position":"center center","background-size":"auto","background-attachment":"scroll","background-type":"","background-media":"","overlay-type":"","overlay-color":"","overlay-opacity":"","overlay-gradient":""},"mobile":{"background-color":"","background-image":"","background-repeat":"repeat","background-position":"center center","background-size":"auto","background-attachment":"scroll","background-type":"","background-media":"","overlay-type":"","overlay-color":"","overlay-opacity":"","overlay-gradient":""}},"ast-content-background-meta":{"desktop":{"background-color":"var(--ast-global-color-5)","background-image":"","background-repeat":"repeat","background-position":"center center","background-size":"auto","background-attachment":"scroll","background-type":"","background-media":"","overlay-type":"","overlay-color":"","overlay-opacity":"","overlay-gradient":""},"tablet":{"background-color":"var(--ast-global-color-5)","background-image":"","background-repeat":"repeat","background-position":"center center","background-size":"auto","background-attachment":"scroll","background-type":"","background-media":"","overlay-type":"","overlay-color":"","overlay-opacity":"","overlay-gradient":""},"mobile":{"background-color":"var(--ast-global-color-5)","background-image":"","background-repeat":"repeat","background-position":"center center","background-size":"auto","background-attachment":"scroll","background-type":"","background-media":"","overlay-type":"","overlay-color":"","overlay-opacity":"","overlay-gradient":""}}},"product_brand":[],"product_cat":[23,470],"product_tag":[538,569,543,542,589,539,588,194,546,561],"class_list":{"0":"post-3513","1":"product","2":"type-product","3":"status-publish","4":"has-post-thumbnail","6":"product_cat-ostern","7":"product_cat-figuren-ostern","8":"product_tag-clayre-eef","9":"product_tag-dekoration","10":"product_tag-fruhling","11":"product_tag-geschenk","12":"product_tag-junge","13":"product_tag-kaninchen","14":"product_tag-madchen","15":"product_tag-ostern","16":"product_tag-polyresin","17":"product_tag-weis","18":"tm-no-options","19":"desktop-align-left","20":"tablet-align-left","21":"mobile-align-left","23":"first","24":"instock","25":"shipping-taxable","26":"purchasable","27":"product-type-variable"},"_links":{"self":[{"href":"https:\/\/bbdekorandmore.at\/hu\/wp-json\/wp\/v2\/product\/3513","targetHints":{"allow":["GET"]}}],"collection":[{"href":"https:\/\/bbdekorandmore.at\/hu\/wp-json\/wp\/v2\/product"}],"about":[{"href":"https:\/\/bbdekorandmore.at\/hu\/wp-json\/wp\/v2\/types\/product"}],"replies":[{"embeddable":true,"href":"https:\/\/bbdekorandmore.at\/hu\/wp-json\/wp\/v2\/comments?post=3513"}],"wp:featuredmedia":[{"embeddable":true,"href":"https:\/\/bbdekorandmore.at\/hu\/wp-json\/wp\/v2\/media\/3476"}],"wp:attachment":[{"href":"https:\/\/bbdekorandmore.at\/hu\/wp-json\/wp\/v2\/media?parent=3513"}],"wp:term":[{"taxonomy":"product_brand","embeddable":true,"href":"https:\/\/bbdekorandmore.at\/hu\/wp-json\/wp\/v2\/product_brand?post=3513"},{"taxonomy":"product_cat","embeddable":true,"href":"https:\/\/bbdekorandmore.at\/hu\/wp-json\/wp\/v2\/product_cat?post=3513"},{"taxonomy":"product_tag","embeddable":true,"href":"https:\/\/bbdekorandmore.at\/hu\/wp-json\/wp\/v2\/product_tag?post=3513"}],"curies":[{"name":"wp","href":"https:\/\/api.w.org\/{rel}","templated":true}]}}